{"id":3624,"date":"2020-10-22T10:00:04","date_gmt":"2020-10-22T10:00:04","guid":{"rendered":"https:\/\/maxvrlist.com\/?page_id=3624"},"modified":"2024-04-14T17:37:19","modified_gmt":"2024-04-14T17:37:19","slug":"rules","status":"publish","type":"page","link":"https:\/\/maxvrlist.com\/de\/rules","title":{"rendered":"Regeln"},"content":{"rendered":"<div data-elementor-type=\"wp-page\" data-elementor-id=\"3624\" class=\"elementor elementor-3624\">\n\t\t\t\t\t\t<section class=\"elementor-section elementor-top-section elementor-element elementor-element-3601660 elementor-section-full_width elementor-section-height-default elementor-section-height-default\" data-id=\"3601660\" data-element_type=\"section\" data-e-type=\"section\" data-settings=\"{&quot;background_background&quot;:&quot;classic&quot;}\">\n\t\t\t\t\t\t<div class=\"elementor-container elementor-column-gap-default\">\n\t\t\t\t\t<div class=\"elementor-column elementor-col-100 elementor-top-column elementor-element elementor-element-cdab821\" data-id=\"cdab821\" data-element_type=\"column\" data-e-type=\"column\">\n\t\t\t<div class=\"elementor-widget-wrap elementor-element-populated\">\n\t\t\t\t\t\t<div class=\"elementor-element elementor-element-136d41d elementor-align-center elementor-widget__width-auto elementor-widget elementor-widget-button\" data-id=\"136d41d\" data-element_type=\"widget\" data-e-type=\"widget\" data-widget_type=\"button.default\">\n\t\t\t\t<div class=\"elementor-widget-container\">\n\t\t\t\t\t\t\t\t\t<div class=\"elementor-button-wrapper\">\n\t\t\t\t\t<a class=\"elementor-button elementor-size-xs\" role=\"button\">\n\t\t\t\t\t\t<span class=\"elementor-button-content-wrapper\">\n\t\t\t\t\t\t\t\t\t<span class=\"elementor-button-text\">Allgemein<\/span>\n\t\t\t\t\t<\/span>\n\t\t\t\t\t<\/a>\n\t\t\t\t<\/div>\n\t\t\t\t\t\t\t\t<\/div>\n\t\t\t\t<\/div>\n\t\t\t\t<div class=\"elementor-element elementor-element-7d71cf4 elementor-align-center elementor-widget__width-auto elementor-widget elementor-widget-button\" data-id=\"7d71cf4\" data-element_type=\"widget\" data-e-type=\"widget\" data-widget_type=\"button.default\">\n\t\t\t\t<div class=\"elementor-widget-container\">\n\t\t\t\t\t\t\t\t\t<div class=\"elementor-button-wrapper\">\n\t\t\t\t\t<a class=\"elementor-button elementor-button-link elementor-size-xs\" href=\"https:\/\/maxvrlist.com\/de\/mk7-rules\/\">\n\t\t\t\t\t\t<span class=\"elementor-button-content-wrapper\">\n\t\t\t\t\t\t\t\t\t<span class=\"elementor-button-text\">MK7<\/span>\n\t\t\t\t\t<\/span>\n\t\t\t\t\t<\/a>\n\t\t\t\t<\/div>\n\t\t\t\t\t\t\t\t<\/div>\n\t\t\t\t<\/div>\n\t\t\t\t\t<\/div>\n\t\t<\/div>\n\t\t\t\t\t<\/div>\n\t\t<\/section>\n\t\t\t\t<section class=\"elementor-section elementor-top-section elementor-element elementor-element-2a24a87 elementor-section-full_width elementor-section-height-default elementor-section-height-default\" data-id=\"2a24a87\" data-element_type=\"section\" data-e-type=\"section\" data-settings=\"{&quot;background_background&quot;:&quot;classic&quot;}\">\n\t\t\t\t\t\t<div class=\"elementor-container elementor-column-gap-default\">\n\t\t\t\t\t<div class=\"elementor-column elementor-col-100 elementor-top-column elementor-element elementor-element-66f0f5b\" data-id=\"66f0f5b\" data-element_type=\"column\" data-e-type=\"column\">\n\t\t\t<div class=\"elementor-widget-wrap elementor-element-populated\">\n\t\t\t\t\t\t<div class=\"elementor-element elementor-element-483b2a0 elementor-widget elementor-widget-heading\" data-id=\"483b2a0\" data-element_type=\"widget\" data-e-type=\"widget\" data-widget_type=\"heading.default\">\n\t\t\t\t<div class=\"elementor-widget-container\">\n\t\t\t\t\t<h2 class=\"elementor-heading-title elementor-size-default\"><u>Anforderungen von Beweisen<\/u><\/h2>\t\t\t\t<\/div>\n\t\t\t\t<\/div>\n\t\t\t\t<div class=\"elementor-element elementor-element-0c73a44 elementor-widget elementor-widget-text-editor\" data-id=\"0c73a44\" data-element_type=\"widget\" data-e-type=\"widget\" data-widget_type=\"text-editor.default\">\n\t\t\t\t<div class=\"elementor-widget-container\">\n\t\t\t\t\t\t\t\t\t\n<p>Das Ziel der Max VR Liste ist es, jedes Max VR und BR Achievement von unterschiedliche Mario Kart Spielen zu sammeln und zu dokumentieren. Wir sammeln Informationen von unterschiedlichen Quellen wie Twitter, YouTube, Twitch, aus Archiven oder von unserem Discord Server. Jedoch kannst du dein eigenes Achievement oder das eines anderen Spielers einreichen. Damit du das machen kannst brauchst du einen Beweis daf\u00fcr.<\/p>\n<ul>\n<li>Hier sind alle m\u00f6glichen Formate, einen Beweis einzureichen. Diese sind sortiert nach Pr\u00e4ferenzen:\n<ul>\n<li><strong>[Alle]<\/strong> Ein Foto vom Renn- oder des Schlachtergebnis, wo du deine max erreicht hast.<\/li>\n<li><strong>[MK8]<\/strong> Ein Foto von MKTV vom Renn- oder des Schlachtergebnis, wo du deine max erreicht hast.<\/li>\n<li><strong>[MK7]<\/strong> Ein Foto direkt nach dem Rennen oder der Schlacht, wo du deine max erreicht hast.<\/li>\n<li><strong>[MK8]<\/strong> Ein Foto vom Renn- oder Schlacht Vorschaufenster, wo du deine max erreicht hast von MKTV. (das beweist nicht ob es VR oder BR ist, ist aber bevorzugt \u00fcber andere Formate da es zeigt, wo du deine max erreicht hast).<\/li>\n<li><b>[MK7\/MK8DX]<\/b> Ein Foto von jedem anderen Online Rennen oder Schlacht welche deine max zeigt.<\/li>\n<li><b>[MK8]<\/b> Ein Foto von jedem  Online Rennen oder Schlacht welche deine max zeigt oder von MKTV.<\/li>\n<li><b>[MK7\/MK8DX]<\/b> Ein Foto von deinen Statistiken (das ist das einzige g\u00fcltige Format f\u00fcr MK7 max 4er Wert und alle anderen verbundenen Achievements).<\/li>\n<li><b>[MK8]<\/b> Ein Foto vom irgendeinem Renn- oder Schlacht Vorschaufenster, welche deine max zeigt oder von MKTV. (das beweist nicht ob es VR oder BR ist.)<\/li>\n<li><b>[MK8]<\/b> Ein Foto von deinen Statistiken (das beweist nicht, dass es deine sind, da dein Mii nicht angezeigt wird).<\/li>\n<\/ul>\n<\/li>\n<li>Videobeweis hilft, aber das was auf der Liste erscheint ist immer ein Bild.<\/li>\n<li>Ein schlechtes Format kann bevorzugt werden wenn das bessere Format eine schlechte Qualit\u00e4t hat oder nicht den ganzen Bildschirm zeigt.<\/li>\n<li>In den meisten F\u00e4llen erkennen wir dich und f\u00fcgen dich direkt auf die Liste hinzu. Andererseits wirst du gefragt ob du mehr Beweise vorlegen kannst, wie deine Statistiken oder deine Spielzeit.<\/li>\n<li>Zus\u00e4tzlich musst du ein Foto von deiner Spielzeit vorlegen wenn du in irgendeiner Spielzeit-basierendem Speedrun Rangliste auftauchen willst.\u00a0<\/li>\n<li>Wenn deine Spielzeit zus\u00e4tzlich noch Zeit aufweist abgesehen vom Speedrun und du denkst deine Zeit m\u00fcsste schneller sein, dann musst du all deine Statistiken einsenden damit diese dann analysiert werden.<\/li>\n<li>Du musst das exakte Datum einreichen (oder die exakte Zeit wenn m\u00f6glich) wann du dein erstes und letztes Rennen\/Schlacht gespielt hast, damit du in irgendeiner Echtzeit basierenden Speedrun Rangliste auftauchst.<\/li>\n<\/ul>\n\t\t\t\t\t\t\t\t<\/div>\n\t\t\t\t<\/div>\n\t\t\t\t<div class=\"elementor-element elementor-element-d7577f2 elementor-widget elementor-widget-heading\" data-id=\"d7577f2\" data-element_type=\"widget\" data-e-type=\"widget\" data-widget_type=\"heading.default\">\n\t\t\t\t<div class=\"elementor-widget-container\">\n\t\t\t\t\t<h2 class=\"elementor-heading-title elementor-size-default\"><u>Allgemeine Regeln<\/u><\/h2>\t\t\t\t<\/div>\n\t\t\t\t<\/div>\n\t\t\t\t<div class=\"elementor-element elementor-element-35cc97d elementor-widget elementor-widget-text-editor\" data-id=\"35cc97d\" data-element_type=\"widget\" data-e-type=\"widget\" data-widget_type=\"text-editor.default\">\n\t\t\t\t<div class=\"elementor-widget-container\">\n\t\t\t\t\t\t\t\t\t<p>All diese Regeln m\u00fcssen befolgt werden damit eine max g\u00fcltig ist f\u00fcr ihre respektive Liste:<\/p>\n<ul>\n<li>Modifikationen am Spiel welche dem Spieler jegliche Art von Vorteil verschafft sind nicht erlaubt. Das beinhaltet, welches nicht beschr\u00e4nkt ist, Speedhacks, Itemhacks, Unverwundbarkeitshacks und Bot fahrende hacks.\u00a0\n<ul>\n<li>Jemand mit Itemhacks kann dir nicht helfen absichtlich andere Spieler zu besiegen.<\/li>\n<li>Kosmetische \u00c4nderungen (Farben, Texturen, Musik, Sound) sind erlaubt, da diese einem keinen Vorteil verschaffen.<\/li>\n<li>Da es f\u00fcr freischaltbares nicht n\u00f6tig ist Online zu spielen, ist es erlaubt, Hacks zu benutzen um diese freischalten zu k\u00f6nnen.<\/li>\n<\/ul>\n<\/li>\n<li>Niemand mit einer gehackten max kann dir mit Absicht helfen.<\/li>\n<li>VR Erweiterter ist ein hack welches 6-Ziffern VR setzen kann. Jede max welches die Hilfe von anderen Spielern mit diesem Erweiterter bekommen hat werden nicht gez\u00e4hlt.<\/li>\n<li>F\u00e4lle mit Spielern welche den Raum zum abst\u00fcrzen bringen werden untersucht. Der Staff hat das Recht jemandes max nicht zu z\u00e4hlen insofern dieser sich einen Vorteil mit dem abst\u00fcrzen von R\u00e4umen verschafft hat.<\/li>\n<li>Seinen Speicherdaten zu sichern ist erlaubt, am besten mit dem Werkzeug zugestellt von Nintendo (Siehe \"Wie sichere ich meine Speicherdaten auf <a href=\"https:\/\/en-americas-support.nintendo.com\/app\/answers\/detail\/a_id\/70\/~\/how-to-back-up-save-data\" target=\"_blank\" rel=\"noopener\">Nintendo 3DS<\/a> (nur f\u00fcr Digitale Spiele) <a href=\"https:\/\/en-americas-support.nintendo.com\/app\/answers\/detail\/a_id\/2865\/~\/how-to-back-up-save-data\" target=\"_blank\" rel=\"noopener\">Wii U<\/a> und <a href=\"https:\/\/en-americas-support.nintendo.com\/app\/answers\/detail\/a_id\/41206\/~\/how-to-back-up-save-data\" target=\"_blank\" rel=\"noopener\">Nintendo Switch<\/a>) oder durch modden (wie z.B Kontrollpunkte f\u00fcr Nintendo 3DS und Nintendo Switch oder SaveMii f\u00fcr Wii U).<br \/>\n<ul>\n<li>Im Falle eines Datenverlusts oder bei korrupten Daten, kannst du entweder deinen letzten Speicherstand wiederherstellen oder deine VR und BR editieren (ebenso die Statistiken f\u00fcr Mario Kart 7) basierend drauf woran du dich erinnerst, was du zuvor hattest. Es ist immer empfehlenswert ein Staff zu kontaktieren im Falle der zweiten Methode.<\/li>\n<\/ul>\n<\/li>\n<li>Seinen Speicherstand zu duplizieren ist nicht erlaubt.<br \/>\n<ul>\n<li>Das inkludiert zus\u00e4tzlich die Methode, den selben Account mehr als einmal in Mario Kart 8 Deluxe zu benutzen indem man diesen auf mehreren Switches als Spieler 2 benutzt.<br \/>\n<ul>\n<li>Eine Ausnahme ist nur, wenn der Account max CR hat um dessen max VR und max BR zu selben Zeit zu benutzen.<\/li>\n<\/ul>\n<\/li>\n<\/ul>\n<\/li>\n<li>Accounts sind individuell. Niemand anderes als der eigentliche Besitzer darf diese benutzen. Egal welche max wo zwei oder mehrere Personen daran beteiligt waren werden nicht gez\u00e4hlt.\n<ul>\n<li>In F\u00e4llen wo andere Spieler versucht haben, f\u00fcr jemand anderes zu spielen, m\u00fcssen konstant Fotos (keine Screenshots) zum Staff verschickt werden (zumindest f\u00fcr alle 1000 VR oder BR welche dazugewonnen wurden), um zu beweisen, dass sie es sind, die spielen damit zuk\u00fcnftige maxes z\u00e4hlen.<\/li>\n<li>Das hei\u00dft das niemand von jemand anderes den max Account benutzen darf um dem eigentlichen Besitzer des Accounts auf einem anderen Account zu helfen.<\/li>\n<\/ul>\n<\/li>\n<li>Du musst deine wahre Nationalit\u00e4t verifizieren. Spieler mit einer Doppelten\/Multiplen Staatsb\u00fcrgerschaft m\u00fcssen Ihr bevorzugtes Land w\u00e4hlen. Jedoch hat der Staff das Recht die Nationalit\u00e4t eines beliebigen Spielers zu wechseln wenn es passt.<\/li>\n<li>Die Regeln hier gelistet k\u00f6nnen jederzeit ge\u00e4ndert werden. Der Staff hat das Recht Spieler hinzuf\u00fcgen oder zu entfernen und\/oder maxes von der Seite mit oder ohne \u00c4nderung der Regeln, mit oder ohne das es jemand merkt, zu entfernen.<\/li>\n<\/ul>\n<!-- \/wp:paragraph -->\t\t\t\t\t\t\t\t<\/div>\n\t\t\t\t<\/div>\n\t\t\t\t<div class=\"elementor-element elementor-element-028857c elementor-widget elementor-widget-heading\" data-id=\"028857c\" data-element_type=\"widget\" data-e-type=\"widget\" data-widget_type=\"heading.default\">\n\t\t\t\t<div class=\"elementor-widget-container\">\n\t\t\t\t\t<h2 class=\"elementor-heading-title elementor-size-default\"><u>Erlaubte Strategien<\/u><\/h2>\t\t\t\t<\/div>\n\t\t\t\t<\/div>\n\t\t\t\t<div class=\"elementor-element elementor-element-a483b2f elementor-widget elementor-widget-text-editor\" data-id=\"a483b2f\" data-element_type=\"widget\" data-e-type=\"widget\" data-widget_type=\"text-editor.default\">\n\t\t\t\t<div class=\"elementor-widget-container\">\n\t\t\t\t\t\t\t\t\t<p>Dies hier sind bekannte Methoden welche das sammeln von VR oder BR schneller machen. Wenn eine neue Strategie gefunden wird, hat der Staff das Recht, diese als g\u00fcltig zu regeln.<\/p>\n<ul>\n<li><strong>Benutzung der derzeitigen Spieler Liste:<\/strong> Das erlaubt uns das Matchmaking zu umgehen und R\u00e4ume mit Spielern zu finden, welche weit aus mehr oder weniger VR\/BR haben.<\/li>\n<li><strong>Naw's Strategie:<\/strong> Diese Strategie beinhalten das benutzen von einem max VR Acoount als Spieler 2 in Mario Kart 8 Deluxe, indem man die Schlausteuerung aktiviert und konstant manuell beschleunigt wird. Normalerwiese wird hierbei der rechte Joycon so hingestellt, dass der Stick automatisch beschleunigt.\n<ul>\n<li>Es kann ebenfalls benutzt werden, um das Matchmaking zu umgehen im Falle das man die oben genannten Methoden nicht benutzen kann, indem man sein niedrigeren\/h\u00f6heren VR Account als Spieler 1 benutzt und seinen Hauptaccount als Spieler 2. Jedoch muss die Spielzeit manuell verfolgt werden im Falle, dass der Spieler f\u00fcr einen Platz in einer Spielzeit-basierenden Rangliste verfolgt.<\/li>\n<li>Da die Schlausteuerung nicht in Mario Kart 8 existiert, w\u00e4re die Methode hier viel zu schwer und zu riskant f\u00fcr den kleinen Vorteil welche diese gibt.<\/li>\n<\/ul>\n<\/li>\n<li><strong>VR\/BR trick:<\/strong> Eine Methode um Bots im Online Multiplayer zu platzieren. (Normalerwiese mit max VR oder BR)\n<ul>\n<li>In Mario Kart 7 macht man dies, indem man den Raum direkt schlie\u00dft, sobald eine Strecke ausgew\u00e4hlt wurde. Die Zeitspanne um den Raum zu schlie\u00dfen ohne VR zu verlieren ist extrem kurz.\u00a0<\/li>\n<li>In Mario Kart 8 und Mario Kart 8 Deluxe wird es so gemacht, dass man keine Strecke ausw\u00e4hlt und den Raum verl\u00e4sst, sobald der B Knopf verschwindet. Im Falle das man nicht sieht wann das passiert, ist der Countdown der beste Indikator daf\u00fcr. Spieler 2 wird normalerweise benutzt.<\/li>\n<\/ul>\n<\/li>\n<li><strong>AFK Schlacht:<\/strong> Dieses Konzept hat seinen Ursprung in Mario Kart 7. Anders als in anderen Spielen, ist es nicht n\u00f6tig, manuell zu beschleunigen, also stehen manche Spieler einfach f\u00fcr Stunden AFK im regul\u00e4ren Raum rum. Es beinhalten exklusiv einen Raum nur mit AFK Spielern (normalerweise mit max VR oder BR), und ein paar Spielern die VR und BR sammeln. Die AFK Accounts sind konstant gesichert im Falle, dass diese gemaxt sind. <strong>Das ist die beste Strategie um Mario Kart 7 VR, Mario Kart 8 BR und Mario Kart 8 Deluxe BR zu sammeln<\/strong>, da es nur wenig Zeit in Anspruch nimmt(man kann w\u00e4hrenddessen fast alles machen) und Spieler k\u00f6nnen zus\u00e4tzlich noch auf mehreren Accounts zur selben Zeit farmen.<\/li>\n<li><b>Bee Mario\u2019s Strategie:<\/b> Die Strategie beinhalten das direkte ausl\u00f6sen des Rennendes da nur eine Konsole \u00fcbrig bleibt. Es muss jemanden geben, der den Raum beobachtet, da sonst ein normaler Verbindungsfehler stattfindet. Ein Minimum von drei Konsolen wird gebraucht, da einer im Raum sein muss und mindestens einer  den Raum beobachten muss und mindestens einer einen VR Trick durchf\u00fchrt. Der eine der im Raum bleibt muss dem Raum als erstes beitreten damit dieser auf der ersten Position startet und somit immer als erster ins Ziel kommt. Diese Methode wird oftmals mit einem Bienen Emoji repr\u00e4sentiert, in Ehren der ersten zwei Spieler welche diese Methode benutzt haben: \u30cf\u30c1\u30de\u30ea\u30aa (Bee Mario) und \u30d1\u30b9\u30c6\u30eb (TwinBee Pastel).\n<ul>\n<li>In Mario Kart 8 und Mario Kart 8 Deluxe, die Konsolen welche den Raum beobachten, f\u00fchren eigentlich einen VR-Trick durch und joinen dem Raum extrem schnell wieder nach, w\u00e4hrendessen auf einem von denen das Spiel sich direkt w\u00e4hrend der Rennvorschau schlie\u00dft. Wenn die letzte Konsole dem Raum beitritt, wiederholt sich der ganze Prozess, au\u00dfer eine andere zuf\u00e4llige Konsole tritt dieser bei. <strong>Das ist die beste Strategie um Mario Kart 8 VR,  und Mario Kart 8 Deluxe VR zu sammeln<\/strong>, da es extrem schnell ist, insbesondere wenn alle Accounts max VR haben. Spieler k\u00f6nnen auf zwei Accounts gleichzeitig und zur selben Zeit farmen indem man den Spieler 2 benutzt.<\/li>\n<li>In Mario Kart 7 muss es bereits eine Konsole geben, die dem Raum beobachtet bevor die andren einen VR-Trick durchf\u00fchren. Das erm\u00f6glicht es einem nicht in Dauerschleifer den VR-Trick durchzuf\u00fchren weshalb es nur geringf\u00fcgig effizient ist.<\/li>\n<li>Manche Adaptionen k\u00f6nnen im Schlachtmodus gemacht werden um ein Unterschieden zu vermeiden aber Grunds\u00e4tzlich ist AFK Schlacht die bessere Methode in diesem Fall, allerdings nicht schneller f\u00fcr Speedruns.<\/li>\n<\/ul>\n<\/li>\n<li><b>Hern\u00e1n&#8217;s strat:<\/b> Strategy for Mario Kart 8 BR that can trigger battle finish instantly when using player 2 on main console. A minimum of two consoles is required, since one is needed to stay in the room and at least one is needed to BR trick. Once every console but main has BR tricked, player 1 has to sideline player 2 to end the battle, meaning it does not allow to gain on two accounts at the same time.<\/li>\n<\/ul>\t\t\t\t\t\t\t\t<\/div>\n\t\t\t\t<\/div>\n\t\t\t\t<div class=\"elementor-element elementor-element-17053c3 elementor-widget elementor-widget-heading\" data-id=\"17053c3\" data-element_type=\"widget\" data-e-type=\"widget\" data-widget_type=\"heading.default\">\n\t\t\t\t<div class=\"elementor-widget-container\">\n\t\t\t\t\t<h2 class=\"elementor-heading-title elementor-size-default\"><u>Mario Kart 7 and Mario Kart 8 after Nintendo Network shutdown<\/u><\/h2>\t\t\t\t<\/div>\n\t\t\t\t<\/div>\n\t\t\t\t<div class=\"elementor-element elementor-element-e69bb00 elementor-widget elementor-widget-text-editor\" data-id=\"e69bb00\" data-element_type=\"widget\" data-e-type=\"widget\" data-widget_type=\"text-editor.default\">\n\t\t\t\t<div class=\"elementor-widget-container\">\n\t\t\t\t\t\t\t\t\t<p><span style=\"font-size: 15px;\">Max VR List staff has voted in favor of Mario Kart 7 and Mario Kart 8 lists being discontinued when Nintendo Network services shut down. This implies:<\/span><\/p>\n<ul>\n<li>Maxes achieved on Pretendo may be added to separate lists.<\/li>\n<li>It is not allowed to transfer data previous to shutdown from Nintendo Network to Pretendo Network. This includes:\n<ul>\n<li>Non-finished accounts to continue on Pretendo.<\/li>\n<li>Maxed accounts to boost a new one.<\/li>\n<\/ul>\n<\/li>\n<li>Maxes achieved on Pretendo will not count towards All Max Ratings or total rating.<\/li>\n<li>Current AMR will still be possible to achieve after shutdown by completing every max from MK7 and MK8 before shutdown and completing MK8DX afterwards.<\/li>\n<li>Mario Kart 7 max 4 value and 5 value will still be possible to achieve but it is not allowed to grind on Pretendo or CTGP-7.<\/li>\n<\/ul>\n<p>Pretendo&#8217;s plans regarding integrated VR leaderboards or allowance of VR grinding strats are currently unknown.<\/p>\t\t\t\t\t\t\t\t<\/div>\n\t\t\t\t<\/div>\n\t\t\t\t\t<\/div>\n\t\t<\/div>\n\t\t\t\t\t<\/div>\n\t\t<\/section>\n\t\t\t\t<\/div>","protected":false},"excerpt":{"rendered":"<p>General MK7 Proof requirements Max VR List&#8217;s objective is gathering every max VR and BR achievement for various Mario Kart games. We collect information from sources such as Twitter, YouTube, Twitch, Archiverse or our Discord server. However, you can submit your own achievement, as well as someone else&#8217;s. In order to do so, you must &hellip;<\/p>\n<p class=\"read-more\"> <a class=\"\" href=\"https:\/\/maxvrlist.com\/de\/rules\"> <span class=\"screen-reader-text\">Regeln<\/span> Weiterlesen &raquo;<\/a><\/p>","protected":false},"author":1,"featured_media":0,"parent":0,"menu_order":0,"comment_status":"closed","ping_status":"closed","template":"elementor_header_footer","meta":{"_monsterinsights_skip_tracking":false,"_monsterinsights_sitenote_active":false,"_monsterinsights_sitenote_note":"","_monsterinsights_sitenote_category":0,"site-sidebar-layout":"no-sidebar","site-content-layout":"page-builder","ast-global-header-display":"","ast-main-header-display":"","ast-hfb-above-header-display":"","ast-hfb-below-header-display":"","ast-hfb-mobile-header-display":"","site-post-title":"disabled","ast-breadcrumbs-content":"","ast-featured-img":"disabled","footer-sml-layout":"","theme-transparent-header-meta":"default","adv-header-id-meta":"","stick-header-meta":"","header-above-stick-meta":"","header-main-stick-meta":"","header-below-stick-meta":"","footnotes":""},"class_list":["post-3624","page","type-page","status-publish","hentry"],"_links":{"self":[{"href":"https:\/\/maxvrlist.com\/de\/wp-json\/wp\/v2\/pages\/3624","targetHints":{"allow":["GET"]}}],"collection":[{"href":"https:\/\/maxvrlist.com\/de\/wp-json\/wp\/v2\/pages"}],"about":[{"href":"https:\/\/maxvrlist.com\/de\/wp-json\/wp\/v2\/types\/page"}],"author":[{"embeddable":true,"href":"https:\/\/maxvrlist.com\/de\/wp-json\/wp\/v2\/users\/1"}],"replies":[{"embeddable":true,"href":"https:\/\/maxvrlist.com\/de\/wp-json\/wp\/v2\/comments?post=3624"}],"version-history":[{"count":9,"href":"https:\/\/maxvrlist.com\/de\/wp-json\/wp\/v2\/pages\/3624\/revisions"}],"predecessor-version":[{"id":23109,"href":"https:\/\/maxvrlist.com\/de\/wp-json\/wp\/v2\/pages\/3624\/revisions\/23109"}],"wp:attachment":[{"href":"https:\/\/maxvrlist.com\/de\/wp-json\/wp\/v2\/media?parent=3624"}],"curies":[{"name":"wp","href":"https:\/\/api.w.org\/{rel}","templated":true}]}}