{"id":859,"date":"2020-08-21T01:10:27","date_gmt":"2020-08-21T01:10:27","guid":{"rendered":"https:\/\/maxvrlist.com\/?page_id=859"},"modified":"2024-12-25T22:26:30","modified_gmt":"2024-12-25T22:26:30","slug":"about","status":"publish","type":"page","link":"https:\/\/maxvrlist.com\/de\/about","title":{"rendered":"\u00dcber uns"},"content":{"rendered":"<div data-elementor-type=\"wp-page\" data-elementor-id=\"859\" class=\"elementor elementor-859\">\n\t\t\t\t\t\t<section class=\"elementor-section elementor-top-section elementor-element elementor-element-2b19635c elementor-section-full_width elementor-section-height-default elementor-section-height-default\" data-id=\"2b19635c\" data-element_type=\"section\" data-e-type=\"section\" data-settings=\"{&quot;background_background&quot;:&quot;classic&quot;}\">\n\t\t\t\t\t\t<div class=\"elementor-container elementor-column-gap-default\">\n\t\t\t\t\t<div class=\"elementor-column elementor-col-100 elementor-top-column elementor-element elementor-element-5947700b\" data-id=\"5947700b\" data-element_type=\"column\" data-e-type=\"column\">\n\t\t\t<div class=\"elementor-widget-wrap elementor-element-populated\">\n\t\t\t\t\t\t<div class=\"elementor-element elementor-element-a0f954d elementor-widget elementor-widget-heading\" data-id=\"a0f954d\" data-element_type=\"widget\" data-e-type=\"widget\" data-widget_type=\"heading.default\">\n\t\t\t\t<div class=\"elementor-widget-container\">\n\t\t\t\t\t<h2 class=\"elementor-heading-title elementor-size-default\"><u>Glossar<\/u><\/h2>\t\t\t\t<\/div>\n\t\t\t\t<\/div>\n\t\t\t\t<div class=\"elementor-element elementor-element-21853b7 elementor-widget elementor-widget-text-editor\" data-id=\"21853b7\" data-element_type=\"widget\" data-e-type=\"widget\" data-widget_type=\"text-editor.default\">\n\t\t\t\t<div class=\"elementor-widget-container\">\n\t\t\t\t\t\t\t\t\t<p>Hier ist eine Liste welche die Slangs und die Terminologie erkl\u00e4rt, welche auf der Seite zu finden sind:<\/p>\n<ul>\n<li><strong>MKDS:<\/strong> Mario Kart DS.<\/li>\n<li><strong>MK7:<\/strong> Mario Kart 7.<\/li>\n<li><strong>MK8:<\/strong> Mario Kart 8.<\/li>\n<li><strong>MK8DX:<\/strong> Mario Kart 8 Deluxe.<\/li>\n<li><strong>VR: <\/strong>Gegen Bewertungen (Englisch: Versus Rating) sind Punkte<span class=\"nounderlines\">,\u2008<\/span>die man bekommt, indem man Online Rennen f\u00e4hrt (VR kann man auch in Schlachten in MK7 bekommen)<\/li>\n<li><strong>BR:<\/strong> Schlacht Bewertungen (Englisch: Battle Rating) sind Punkte<span class=\"nounderlines\">,\u2008<\/span>die man bekommt, indem man Online Schlachten spielt.<\/li>\n<li><strong>Max VR:<\/strong> Die h\u00f6chst m\u00f6gliche erreichbare Anzahl an VR. \nDer Wert ist auf\u00a0<strong>99999<\/strong>\u00a0in MK7, MK8 und MK8DX gesetzt.<\/li>\n<li><strong>Max BR:<\/strong> Die h\u00f6chst m\u00f6gliche erreichbare Anzahl an BR. \nDer Wert ist auf\u00a0<strong>99999<\/strong> in MK8 und MK8DX gesetzt.<\/li>\n<li><strong>Max CR:<\/strong> Max Kombinierte Punkte<span class=\"nounderlines\">,\u2008<\/span>indem man max VR und max BR im selben Spiel hat. Es war zuvor als WVR bekannt bis zum 29.Dezember, 2019.<\/li>\n<li><strong>AMR:<\/strong> Alle max Punkte<span class=\"nounderlines\">,\u2008<\/span>derzeit mit MK7 max VR, MK8 max VR, MK8 max BR, MK8DX max VR und MK8DX max BR.<\/li>\n<li><strong>VR2, VR3, VR4, etc.:<\/strong> Max VR zwei oder mehrmals auf unterschiedlichen Accounts vom selben Spieler erreicht.<\/li>\n<li><strong>BR2, BR3, BR4, etc.:<\/strong> Max BR zwei oder mehrmals auf unterschiedlichen Accounts vom selben Spieler erreicht.<\/li>\n<li><strong>CR2, CR3, CR4, etc.:<\/strong> Max CR zwei oder mehrmals auf unterschiedlichen Accounts vom selben Spieler erreicht.<\/li>\n<li><strong>AMR2, AMR3, AMR4, etc.:<\/strong> AMR zwei oder mehrmals auf unterschiedlichen Accounts vom selben Spieler erreicht.<\/li>\n<li><strong>SVR:<\/strong> Gleichzeitig VR (Englisch: Simultaneous)<span class=\"nounderlines\">,\u2008<\/span>zwei max VR werden im selben Rennen\/Schlacht zur gleichen Zeit erreicht.<\/li>\n<li><strong>SBR:<\/strong> Gleichzeitig BR (Englisch: Simultaneous)<span class=\"nounderlines\">,\u2008<\/span>zwei max BR werden im selben Schlacht zur gleichen Zeit erreicht.<\/li>\n<li><strong>SCR:<\/strong> Gleichzeitig CR (Englisch: Simultaneous)<span class=\"nounderlines\">,\u2008<\/span>zwei max CR werden im selben Rennen\/Schlacht zur gleichen Zeit erreicht.<\/li>\n<li><strong>SAMR:<\/strong> Gleichzeitig AMR (Englisch: Simultaneous)<span class=\"nounderlines\">,\u2008<\/span>zwei AMR werden im selben Rennen\/Schlacht zur gleichen Zeit erreicht.<\/li>\n<li><strong>3\u00d7SVR, 4\u00d7SVR, 5\u00d7SVR, etc.:<\/strong> Dreifach, Vierfach, F\u00fcnffach... SVR<span class=\"nounderlines\">,\u2008<\/span>drei oder mehr max VR werden im selben Rennen\/Schlacht zur gleichen Zeit erreicht. Die h\u00f6chste SVR ist <strong>7\u00d7SVR<\/strong> in MK7 und <strong>6\u00d7SVR<\/strong> in MK8 und MK8DX. Es war zuvor als TSVR, QSVR, und n-Fach SVR f\u00fcr 5\u2264n\u22647 bekannt bis zum 29.Dezember, 2023.<\/li>\n<li><strong>3\u00d7SBR, 4\u00d7SBR, 5\u00d7SBR, etc.:<\/strong> Dreifach, Vierfach, F\u00fcnffach... SBR<span class=\"nounderlines\">,\u2008<\/span>drei oder mehr max BR werden im selben Schlacht zur gleichen Zeit erreicht. Die h\u00f6chste SBR ist <strong>12\u00d7SBR<\/strong> in MK8 und MK8DX. Es war zuvor als TSBR, QSBR, und n-Fach SBR f\u00fcr 5\u2264n\u226412 bekannt bis zum 29.Dezember, 2023.<\/li>\n<li><strong>3\u00d7SCR, 4\u00d7SCR, 5\u00d7SCR, etc.:<\/strong> Dreifach, Vierfach, F\u00fcnffach... SCR<span class=\"nounderlines\">,\u2008<\/span>drei oder mehr max CR werden im selben Rennen\/Schlacht zur gleichen Zeit erreicht. Die h\u00f6chste SCR ist <strong>12\u00d7SCR<\/strong> in MK8 und MK8DX. Es war zuvor als TSCR, QSCR, und n-Fach SCR f\u00fcr 5\u2264n\u226412 bekannt bis zum 29.Dezember, 2023.<\/li>\n<li><strong>3\u00d7SAMR, 4\u00d7SAMR, 5\u00d7SAMR, etc.:<\/strong> Dreifach, Vierfach, F\u00fcnffach... SAMR<span class=\"nounderlines\">,\u2008<\/span>drei oder mehr AMR werden im selben Rennen\/Schlacht zur gleichen Zeit erreicht. Die h\u00f6chste SAMR ist <strong>12\u00d7SAMR.<\/strong><\/li>\n<\/ul>\t\t\t\t\t\t\t\t<\/div>\n\t\t\t\t<\/div>\n\t\t\t\t<div class=\"elementor-element elementor-element-f137a8e elementor-widget elementor-widget-heading\" data-id=\"f137a8e\" data-element_type=\"widget\" data-e-type=\"widget\" data-widget_type=\"heading.default\">\n\t\t\t\t<div class=\"elementor-widget-container\">\n\t\t\t\t\t<h2 class=\"elementor-heading-title elementor-size-default\"><u>Geschichte<\/u><\/h2>\t\t\t\t<\/div>\n\t\t\t\t<\/div>\n\t\t\t\t<div class=\"elementor-element elementor-element-6672f93 elementor-widget elementor-widget-text-editor\" data-id=\"6672f93\" data-element_type=\"widget\" data-e-type=\"widget\" data-widget_type=\"text-editor.default\">\n\t\t\t\t<div class=\"elementor-widget-container\">\n\t\t\t\t\t\t\t\t\t<p><strong>25.Dezember, 2024:<\/strong> Statistiken f\u00fcr Mario Kart 7 max 8er Wert Liste, und Mario Kart 8 Deluxe max VR13 wurden hinzugef\u00fcgt.<strong><br \/>13.Oktober, 2024:<\/strong> Statistiken f\u00fcr die Mario Kart 8 Deluxe max BR4 Liste wurden hinzugef\u00fcgt.<strong><br \/>29.Juli, 2024:<\/strong> Statistiken f\u00fcr die Mario Kart 8 Deluxe max VR12 Liste wurden hinzugef\u00fcgt.<strong><br \/>April 14, 2024:<\/strong> Added stats for All Max Ratings.<strong><br \/><\/strong><strong>April 13, 2024:<\/strong> Replaced Belgian Mario Kart 7 max VR list with Finnish Mario Kart 7 max VR list. Added stats for Mario Kart 7 max VR7 and max VR8.<strong><br \/><\/strong><strong>April 9, 2024:<\/strong> Statistiken f\u00fcr die Mario Kart 8 Deluxe max VR11 Liste wurden hinzugef\u00fcgt.<strong><br \/><\/strong><strong>30.Januar, 2024:<\/strong> Statistiken f\u00fcr die Mario Kart 8 max VR4 Liste wurden hinzugef\u00fcgt.<strong><br \/><\/strong><strong>30.Dezember, 2023:<\/strong> Renamed TS?R to 3\u00d7S?R, QS?R to 4\u00d7S?R and n-way S?R to n\u00d7S?R for 5\u2264n\u226412.<strong><br \/><\/strong><strong>29.Dezember, 2023:<\/strong> Added accounts to all simultaneous lists.<strong><br \/>26.Dezember, 2023:<\/strong> Statistiken f\u00fcr die Mario Kart 7 max VR6 Liste, und Mario Kart 8 Deluxe max VR10 wurden hinzugef\u00fcgt.<strong><br \/>25.Dezember, 2023:<\/strong> Added Mario Kart 8 VR speedrun ranking (in terms of playtime).<strong><br \/>24.Dezember, 2023:<\/strong> Added exact times to Mario Kart 8 Deluxe VR speedrun ranking (in terms of playtime).<strong><br \/>29.Oktober, 2023:<\/strong> Statistiken f\u00fcr die Mario Kart 8 Deluxe max VR9 Liste wurden hinzugef\u00fcgt.<strong><br \/>12.August, 2023:<\/strong> Statistiken f\u00fcr die Mario Kart 8 Deluxe max VR8 Liste wurden hinzugef\u00fcgt.<strong><br \/>April 1, 2023:<\/strong> Added Tencent Mario Kart 8 Deluxe max VR list.<br \/><strong>13.Oktober, 2022:<\/strong> Statistiken f\u00fcr die Mario Kart 8 Deluxe max VR7 Liste wurden hinzugef\u00fcgt.<strong><br \/><\/strong><strong>24.September, 2022:<\/strong> Statistiken f\u00fcr die Mario Kart 8 Deluxe max CR3 Liste wurden hinzugef\u00fcgt.<br \/><strong>12.Februar, 2022:<\/strong> Statistiken f\u00fcr die Mario Kart 8 Deluxe max VR6 Liste wurden hinzugef\u00fcgt.<br \/><strong>6.Januar, 2022:<\/strong> Statistiken f\u00fcr die Mario Kart 8 max VR3 Liste wurden hinzugef\u00fcgt.<br \/><strong>21.November, 2021:<\/strong> Statistiken f\u00fcr die Mario Kart 8 Deluxe max BR3 Liste wurden hinzugef\u00fcgt.<br \/><strong>24.Juli, 2021:<\/strong> Statistiken f\u00fcr die Mario Kart 8 Deluxe max CR2 Liste wurden hinzugef\u00fcgt.<br \/><strong>14.Mai, 2021:<\/strong> Franz\u00f6sische \u00dcbersetzung hinzugef\u00fcgt.<br \/><strong>5.Mai, 2021:<\/strong> Deutsche \u00dcbersetzung hinzugef\u00fcgt.<br \/><strong>1.Mai, 2021:<\/strong> Spanische \u00dcbersetzung hinzugef\u00fcgt.<br \/><strong>18.April, 2021:<\/strong> Punkte Bestenliste hinzugef\u00fcgt.<br \/><strong>1.M\u00e4rz, 2021:<\/strong> Beweise f\u00fcr die Mario Kart 7 max VR Liste wurden hinzugef\u00fcgt. Einige Daten wurden zur Anpassung an die GMT ge\u00e4ndert. Brasilianische Mario Kart 7 max VR liste wurde hinzugef\u00fcgt.<br \/><strong>15.Januar, 2021:<\/strong>\u00a0Statistiken f\u00fcr die Mario Kart 8 Deluxe max VR5 Liste wurden hinzugef\u00fcgt.<br \/><strong>7.Januar, 2021:<\/strong>\u00a0Statistiken f\u00fcr die Mario Kart 7 max VR5 Liste wurden hinzugef\u00fcgt. <strong><br \/>4.Januar, 2021:<\/strong> Beweise f\u00fcr die Mario Kart 8 max VR liste wurden hinzugef\u00fcgt. Mehrere NNIDs wurden korrigiert. Einige Daten wurden zur Anpassung an die GMT ge\u00e4ndert.<br \/><strong>19.Dezember, 2020:<\/strong> Nationale Liste f\u00fcr Mario Kart 7 max VR wurde hinzugef\u00fcgt.<br \/><strong>24.Oktober, 2020:<\/strong> Beweise f\u00fcr die Mario Kart 8 max CR Liste wurden hinzugef\u00fcgt. Mario Kart 8 Deluxe SCR Liste wurde von dem Beweis des gleichzeitigen erreichens zu beide CR Bilder als Beweis ge\u00e4ndert.<br \/><strong>23.Oktober, 2020:<\/strong> Beweise f\u00fcr die Mario Kart 7 max 4er Wert Liste wurden hinzugef\u00fcgt.<br \/><strong>21.Oktober, 2020:<\/strong> Beweise f\u00fcr Mario Kart 7 max 8er Wert, max 5er Wert, Alle max Punkte und Alle max Punkte (2014) Listen wurden hinzugef\u00fcgt.<br \/><strong>19.Oktober, 2020:<\/strong> Japanische Namen benutzen nun ihre urspr\u00fcnglichen Zeichen.<br \/><strong>18.Oktober, 2020:<\/strong> Speedrun Ranglisten f\u00fcr Mario Kart 8, erweitere Mario Kart 8 Deluxe BR Speedrun Rangliste (in Bezug auf Spielzeit) von \u2264720 Stunden bis \u2264750 Stunden wurden hinzugef\u00fcgt.<br \/><strong>10.Oktober, 2020:<\/strong>\u00a0Statistiken f\u00fcr Mario Kart 7 max VR4 und max 4er Wert, Mario Kart 8 max CR, Mario Kart 8 Deluxe max VR3, max VR4, max BR2 und max CR, und Mario Kart DS max Siege wurden hinzugef\u00fcgt.<br \/><strong>30.September, 2020:<\/strong> Ver\u00f6ffentlichung der neuen Seite.<\/p>\n<p><!-- \/wp:paragraph --><\/p>\t\t\t\t\t\t\t\t<\/div>\n\t\t\t\t<\/div>\n\t\t\t\t<div class=\"elementor-element elementor-element-7500fe3 elementor-widget elementor-widget-heading\" data-id=\"7500fe3\" data-element_type=\"widget\" data-e-type=\"widget\" data-widget_type=\"heading.default\">\n\t\t\t\t<div class=\"elementor-widget-container\">\n\t\t\t\t\t<h2 class=\"elementor-heading-title elementor-size-default\"><u>Vorgeschichte<\/u><\/h2>\t\t\t\t<\/div>\n\t\t\t\t<\/div>\n\t\t\t\t<div class=\"elementor-element elementor-element-482861ed elementor-widget elementor-widget-text-editor\" data-id=\"482861ed\" data-element_type=\"widget\" data-e-type=\"widget\" data-widget_type=\"text-editor.default\">\n\t\t\t\t<div class=\"elementor-widget-container\">\n\t\t\t\t\t\t\t\t\t<!-- wp:paragraph -->\n<p><strong>7.August, 2020:<\/strong> Geschichte wurde hinzugef\u00fcgt.<br \/><strong>6.August, 2020:<\/strong> Mario Kart DS max Siege Liste wurde hinzugef\u00fcgt. Schwierigkeitsgrad basierende max Anzahl Rangliste wurde hinzugef\u00fcgt. Ranglisten f\u00fcr Gesamtanzahl an maxes wurde hinzugef\u00fcgt.<br \/><strong>23.M\u00e4rz, 2020:<\/strong> Mario Kart 7 VR speedrun Rangliste von \u226430 Tage  \u226460 Tage wurde erweitert.<br \/><strong>31.Dezember, 2019:<\/strong> Alle max Punkte (AMR) Liste wurde hinzugef\u00fcgt.<br \/><strong>30.Dezember, 2019:<\/strong>\u00a0Neuer Name f\u00fcr max VR + max BR als max CR. Es war vorher als WVR bekannt.<br \/><strong>3.August, 2019<\/strong>\u00a0Mario Kart 8 Deluxe CR2+ Liste wurde hinzugef\u00fcgt.<br \/><strong>24.Juli, 2019:<\/strong>\u00a0Beweise f\u00fcr die Mario Kart 8 max BR Liste wurde hinzugef\u00fcgt.<br \/><strong>13.Juli, 2019:<\/strong>\u00a0Beweise f\u00fcr die Mario Kart 7 max VR2 Liste wurde hinzugef\u00fcgt.<br \/><strong>17.April, 2019:<\/strong> Speedrun Ranglisten f\u00fcr Mario Kart 7 und Mario Kart 8 Deluxe wurden hinzugef\u00fcgt.<br \/><strong>16.April, 2019:<\/strong>\u00a0\"Sonstiges\" wurde reorganisiert und in unterschiedliche Seiten geteilt. Knopf Design wurde ge\u00e4ndert.<br \/><strong>14.April, 2019:<\/strong>\u00a0Mario Kart 7 max 4er Wert Liste wurde hinzugef\u00fcgt.<br \/><strong>1.April, 2019:<\/strong>\u00a0Australische L\u00e4nder Liste wurde hinzugef\u00fcgt.<br \/><strong>26.Februar, 2019:<\/strong>\u00a0Besitzer wurde von Eranium zu Hern\u00e1n gewechselt.<br \/><strong>8.August, 2018:<\/strong>\u00a0Eine 2:3 Flaggen Setzung wurde hinzugef\u00fcgt und alle Flaggen davor wurden entfernt.<br \/><strong>4.August, 2018:<\/strong>\u00a0Beweise f\u00fcr die Mario Kart 7 max VR3+ Liste wurde  hinzugef\u00fcgt.<br \/><strong>23.Mai, 2018:<\/strong>\u00a0Mario Kart 7 zu andere Rekorde hinzugef\u00fcgt worden.<br \/><strong>5.Mai, 2018:<\/strong>\u00a0Mario Kart 8 Deluxe max BR2+ Liste wurde hinzugef\u00fcgt.<br \/><strong>25.M\u00e4rz, 2018:<\/strong>\u00a0Beweise f\u00fcr die Mario Kart 8 max BR2 Liste wurde hinzugef\u00fcgt.<br \/><strong>21.M\u00e4rz, 2018:<\/strong>\u00a0Slang Seite wurde hinzugef\u00fcgt.<br \/><strong>5.M\u00e4rz, 2018:<\/strong>\u00a0Kontakt Seite wurde hinzugef\u00fcgt.<br \/><strong>27.Februar, 2018:<\/strong>\u00a014 L\u00e4nder Listen f\u00fcr Mario Kart 7 max VR, Mario Kart 8 max VR und max BR, und Mario Kart 8 Deluxe max VR und max BR. wurden hinzugef\u00fcgt.<br \/><strong>21.Februar, 2018:<\/strong>\u00a0Subdomain wurde von\u00a0<em>mk8vrlist<\/em>\u00a0zu\u00a0<em>maxvrlist ge\u00e4ndert.<\/em>Statistiken f\u00fcr Mario Kart 7 max VR, max VR2 und max VR3 wurden hinzugef\u00fcgt. Gesamtanzahl an maxes wurde zu \"Sonstiges\" hinzugef\u00fcgt.<br \/><strong>20.Februar, 2018:<\/strong>\u00a0Max VR List Twitter Account wurde erstellt.<br \/><strong>19.Februar, 2018:<\/strong>\u00a0Alle Mario Kart 7 Listen wurden hinzugef\u00fcgt.<br \/><strong>16.Februar, 2018:<\/strong> Andere Rekorde wurde zu \"Sonstiges\" hinzugef\u00fcgt, inklusive einige Speedruns zu Mario Kart 8 und Mario Kart 8 Deluxe.<br \/><strong>11.Februar, 2018:<\/strong>\u00a0Mario Kart 8 Deluxe \"Gleichzeitig\" (Englisch: simultaneous) Liste wurde hinzugef\u00fcgt.<br \/><strong>4.Januar, 2018:<\/strong>\u00a0Mario Kart 8 Deluxe max VR3+ Liste wurde hinzugef\u00fcgt.<br \/><strong>26.Dezember, 2017:<\/strong>\u00a0Mario Kart 8 Deluxe max CR Liste wurde hinzugef\u00fcgt.<br \/><strong>19.Dezember, 2017:<\/strong>\u00a0Statistiken f\u00fcr Mario Kart 8 Deluxe max VR2 und max BR wurden hinzugef\u00fcgt.<br \/><strong>2.Dezember, 2017:<\/strong>\u00a0Mario Kart 8 Deluxe max BR Liste wurde hinzugef\u00fcgt.<br \/><strong>7.November, 2017:<\/strong>\u00a0Beweise f\u00fcr Mario Kart 8 max VR2 und \"Gleichzeitig\" Listen wurden hinzugef\u00fcgt..<br \/><strong>6.November, 2017:<\/strong>\u00a0Beweise f\u00fcr Mario Kart 8 max VR3+ Listen wurden hinzugef\u00fcgt.<br \/><strong>21.Oktober, 2017:<\/strong>\u00a0Mario Kart 8 Deluxe max VR2 Liste wurde hinzugef\u00fcgt.<br \/><strong>19.Oktober, 2017:<\/strong>\u00a0Beweise f\u00fcr Mario Kart 8 Deluxe Listen wurden hinzugef\u00fcgt.<br \/><strong>5.Oktober, 2017:<\/strong>\u00a0Twitter Profile wurden zu Mario Kart 8 Deluxe Listen hinzugef\u00fcgt.<br \/><strong>4.Oktober, 2017:<\/strong>\u00a0Statistiken f\u00fcr Mario Kart 8 max VR2 und max BR wurden hinzugef\u00fcgt.<br \/><strong>26.Juni, 2017:<\/strong>\u00a0Mario Kart 8 Deluxe max VR Liste und Statistiken f\u00fcr max VR wurden hinzugef\u00fcgt.<br \/><strong>13.Mai, 2017:<\/strong>\u00a0Max VR Liste Discord Server wurde erstellt.<br \/><strong>15.April, 2016:<\/strong>\u00a0Ver\u00f6ffentlichung der eigentlichen Seite. Alle Mario Kart 8 Listen, Statistiken f\u00fcr max VR und eine \"Sonstige\" Seite mit allen benutzen Flaggen wurde im folgendem Monat erstellt.<\/p>\n<!-- \/wp:paragraph -->\t\t\t\t\t\t\t\t<\/div>\n\t\t\t\t<\/div>\n\t\t\t\t<div class=\"elementor-element elementor-element-4649483 elementor-widget elementor-widget-text-editor\" data-id=\"4649483\" data-element_type=\"widget\" data-e-type=\"widget\" data-widget_type=\"text-editor.default\">\n\t\t\t\t<div class=\"elementor-widget-container\">\n\t\t\t\t\t\t\t\t\t<p><em>Seite erstellt von Hern\u00e1n.<br>Deutsche \u00dcbersetzung von Alen.<\/em><\/p>\t\t\t\t\t\t\t\t<\/div>\n\t\t\t\t<\/div>\n\t\t\t\t\t<\/div>\n\t\t<\/div>\n\t\t\t\t\t<\/div>\n\t\t<\/section>\n\t\t\t\t<\/div>","protected":false},"excerpt":{"rendered":"<p>Glossary Here&#8217;s a list that explains the slang and terminology that can be found on this site: MKDS: Mario Kart DS. MK7: Mario Kart 7. MK8: Mario Kart 8. MK8DX: Mario Kart 8 Deluxe. VR: Versus Rating\u2014points that can be earned by playing online races (VR can also be earned in battles in MK7). BR: &hellip;<\/p>\n<p class=\"read-more\"> <a class=\"\" href=\"https:\/\/maxvrlist.com\/de\/about\"> <span class=\"screen-reader-text\">\u00dcber uns<\/span> Weiterlesen &raquo;<\/a><\/p>","protected":false},"author":1,"featured_media":0,"parent":0,"menu_order":0,"comment_status":"closed","ping_status":"closed","template":"","meta":{"_monsterinsights_skip_tracking":false,"_monsterinsights_sitenote_active":false,"_monsterinsights_sitenote_note":"","_monsterinsights_sitenote_category":0,"site-sidebar-layout":"no-sidebar","site-content-layout":"page-builder","ast-global-header-display":"","ast-main-header-display":"","ast-hfb-above-header-display":"","ast-hfb-below-header-display":"","ast-hfb-mobile-header-display":"","site-post-title":"disabled","ast-breadcrumbs-content":"","ast-featured-img":"disabled","footer-sml-layout":"","theme-transparent-header-meta":"default","adv-header-id-meta":"","stick-header-meta":"","header-above-stick-meta":"","header-main-stick-meta":"","header-below-stick-meta":"","footnotes":""},"class_list":["post-859","page","type-page","status-publish","hentry"],"_links":{"self":[{"href":"https:\/\/maxvrlist.com\/de\/wp-json\/wp\/v2\/pages\/859","targetHints":{"allow":["GET"]}}],"collection":[{"href":"https:\/\/maxvrlist.com\/de\/wp-json\/wp\/v2\/pages"}],"about":[{"href":"https:\/\/maxvrlist.com\/de\/wp-json\/wp\/v2\/types\/page"}],"author":[{"embeddable":true,"href":"https:\/\/maxvrlist.com\/de\/wp-json\/wp\/v2\/users\/1"}],"replies":[{"embeddable":true,"href":"https:\/\/maxvrlist.com\/de\/wp-json\/wp\/v2\/comments?post=859"}],"version-history":[{"count":126,"href":"https:\/\/maxvrlist.com\/de\/wp-json\/wp\/v2\/pages\/859\/revisions"}],"predecessor-version":[{"id":24305,"href":"https:\/\/maxvrlist.com\/de\/wp-json\/wp\/v2\/pages\/859\/revisions\/24305"}],"wp:attachment":[{"href":"https:\/\/maxvrlist.com\/de\/wp-json\/wp\/v2\/media?parent=859"}],"curies":[{"name":"wp","href":"https:\/\/api.w.org\/{rel}","templated":true}]}}