{"id":8617,"date":"2021-04-01T22:26:16","date_gmt":"2021-04-01T22:26:16","guid":{"rendered":"https:\/\/maxvrlist.com\/?page_id=8617"},"modified":"2022-01-14T21:33:16","modified_gmt":"2022-01-14T21:33:16","slug":"mk7-rules","status":"publish","type":"page","link":"https:\/\/maxvrlist.com\/de\/mk7-rules","title":{"rendered":"MK7 rules"},"content":{"rendered":"<div data-elementor-type=\"wp-page\" data-elementor-id=\"8617\" class=\"elementor elementor-8617\">\n\t\t\t\t\t\t<section class=\"elementor-section elementor-top-section elementor-element elementor-element-b5e321b elementor-section-full_width elementor-section-height-default elementor-section-height-default\" data-id=\"b5e321b\" data-element_type=\"section\" data-e-type=\"section\" data-settings=\"{&quot;background_background&quot;:&quot;classic&quot;}\">\n\t\t\t\t\t\t<div class=\"elementor-container elementor-column-gap-default\">\n\t\t\t\t\t<div class=\"elementor-column elementor-col-100 elementor-top-column elementor-element elementor-element-6475c39\" data-id=\"6475c39\" data-element_type=\"column\" data-e-type=\"column\">\n\t\t\t<div class=\"elementor-widget-wrap elementor-element-populated\">\n\t\t\t\t\t\t<div class=\"elementor-element elementor-element-ae282af elementor-align-center elementor-widget__width-auto elementor-widget elementor-widget-button\" data-id=\"ae282af\" data-element_type=\"widget\" data-e-type=\"widget\" data-widget_type=\"button.default\">\n\t\t\t\t<div class=\"elementor-widget-container\">\n\t\t\t\t\t\t\t\t\t<div class=\"elementor-button-wrapper\">\n\t\t\t\t\t<a class=\"elementor-button elementor-button-link elementor-size-xs\" href=\"https:\/\/maxvrlist.com\/de\/rules\/\">\n\t\t\t\t\t\t<span class=\"elementor-button-content-wrapper\">\n\t\t\t\t\t\t\t\t\t<span class=\"elementor-button-text\">Allgemein<\/span>\n\t\t\t\t\t<\/span>\n\t\t\t\t\t<\/a>\n\t\t\t\t<\/div>\n\t\t\t\t\t\t\t\t<\/div>\n\t\t\t\t<\/div>\n\t\t\t\t<div class=\"elementor-element elementor-element-4cccff0 elementor-align-center elementor-widget__width-auto elementor-widget elementor-widget-button\" data-id=\"4cccff0\" data-element_type=\"widget\" data-e-type=\"widget\" data-widget_type=\"button.default\">\n\t\t\t\t<div class=\"elementor-widget-container\">\n\t\t\t\t\t\t\t\t\t<div class=\"elementor-button-wrapper\">\n\t\t\t\t\t<a class=\"elementor-button elementor-size-xs\" role=\"button\">\n\t\t\t\t\t\t<span class=\"elementor-button-content-wrapper\">\n\t\t\t\t\t\t\t\t\t<span class=\"elementor-button-text\">MK7<\/span>\n\t\t\t\t\t<\/span>\n\t\t\t\t\t<\/a>\n\t\t\t\t<\/div>\n\t\t\t\t\t\t\t\t<\/div>\n\t\t\t\t<\/div>\n\t\t\t\t\t<\/div>\n\t\t<\/div>\n\t\t\t\t\t<\/div>\n\t\t<\/section>\n\t\t\t\t<section class=\"elementor-section elementor-top-section elementor-element elementor-element-2a24a87 elementor-section-full_width elementor-section-height-default elementor-section-height-default\" data-id=\"2a24a87\" data-element_type=\"section\" data-e-type=\"section\" data-settings=\"{&quot;background_background&quot;:&quot;classic&quot;}\">\n\t\t\t\t\t\t<div class=\"elementor-container elementor-column-gap-default\">\n\t\t\t\t\t<div class=\"elementor-column elementor-col-100 elementor-top-column elementor-element elementor-element-66f0f5b\" data-id=\"66f0f5b\" data-element_type=\"column\" data-e-type=\"column\">\n\t\t\t<div class=\"elementor-widget-wrap elementor-element-populated\">\n\t\t\t\t\t\t<div class=\"elementor-element elementor-element-d7577f2 elementor-widget elementor-widget-heading\" data-id=\"d7577f2\" data-element_type=\"widget\" data-e-type=\"widget\" data-widget_type=\"heading.default\">\n\t\t\t\t<div class=\"elementor-widget-container\">\n\t\t\t\t\t<h2 class=\"elementor-heading-title elementor-size-default\"><u>Mario Kart 7 Regeln<\/u><\/h2>\t\t\t\t<\/div>\n\t\t\t\t<\/div>\n\t\t\t\t<div class=\"elementor-element elementor-element-35cc97d elementor-widget elementor-widget-text-editor\" data-id=\"35cc97d\" data-element_type=\"widget\" data-e-type=\"widget\" data-widget_type=\"text-editor.default\">\n\t\t\t\t<div class=\"elementor-widget-container\">\n\t\t\t\t\t\t\t\t\t<p>Alle diese Regeln sind spezifisch f\u00fcr Mario Kart 7 und k\u00f6nnen auch f\u00fcr Mario Kart 8 oder Mario Kart 8 Deluxe angewendet werden insofern in ferner Zukunft \u00e4hnliche Hacks entwickelt werden.<\/p><ul><li>Kein Verbindungsfehler hack ist nicht erlaubt, insbesondere wenn diese f\u00fcr AFK Rennen nachgeholfen wurde. Jede max welches die Hilfe von AFK Spielern im Rennen bekommt werden nicht gez\u00e4hlt.<\/li><li>Jeder Autopilot hack ist nicht erlaubt. Jede max welches die Hilfe von  Spielern mit diesem Autopilot im Rennen bekommen hat werden nicht gez\u00e4hlt.<\/li><li>VR resetten und den Rest der Statistiken behalten ist nicht erlaubt.<\/li><li>Die Regeln hier gelistet k\u00f6nnen jederzeit ge\u00e4ndert werden. Der Staff hat das Recht Spieler hinzuf\u00fcgen oder zu entfernen und\/oder maxes von der Seite mit oder ohne \u00c4nderung der Regeln, mit oder ohne das es jemand merkt, zu entfernen.<\/li><\/ul>\t\t\t\t\t\t\t\t<\/div>\n\t\t\t\t<\/div>\n\t\t\t\t<div class=\"elementor-element elementor-element-af851e6 elementor-widget elementor-widget-heading\" data-id=\"af851e6\" data-element_type=\"widget\" data-e-type=\"widget\" data-widget_type=\"heading.default\">\n\t\t\t\t<div class=\"elementor-widget-container\">\n\t\t\t\t\t<h2 class=\"elementor-heading-title elementor-size-default\"><u>Regeln bez\u00fcglich CTGP-7<\/u><\/h2>\t\t\t\t<\/div>\n\t\t\t\t<\/div>\n\t\t\t\t<div class=\"elementor-element elementor-element-605a7ee elementor-widget elementor-widget-text-editor\" data-id=\"605a7ee\" data-element_type=\"widget\" data-e-type=\"widget\" data-widget_type=\"text-editor.default\">\n\t\t\t\t<div class=\"elementor-widget-container\">\n\t\t\t\t\t\t\t\t\t<p><a href=\"https:\/\/ctgp-7.github.io\/index.html\">CTGP-7<\/a>\u00a0ist ein Modpack f\u00fcr Mario Kart 7 welches neue Features zum Game hinzuf\u00fcgt, wie Benutzerdefinierte Strecken und Charaktere, extra Features und mehr.<\/p><ul><li>Das benutzen von CTGP-7 ist erlaubt, aber muss sich an die folgenden Regeln halten (Vom CTGP-7 Men\u00fc):<ul><li>Gameplay Features &gt; R\u00fcckw\u00e4rts Kamera (Deaktiviert)<\/li><li>Gameplay Features &gt; LED Item Warnung (Deaktiviert)<\/li><\/ul><\/li><li>Das spielen von Benutzerdefinierten Strecken Global (Englisch: Custom Tracks Worldwide) (CTWW) und Countdown ist nicht erlaubt f\u00fcr MK7 max 4er Wert und alle anderen verbundenen Achievements.<ul><li>Das ist das Thema im Falle der Ver\u00e4nderung von Siege und Niederlagen welche im CTWW und Countdown Mode gewonnen wurden sind separiert von Siege und Niederlagen welche im Hauptspiel im Rennen oder Schlacht gewonnen wurden.<\/li><\/ul><\/li><li>Das benutzen von CTGP-7 kann in Zukunft verboten werden zu jeder Zeit wo ein Fehler im Spiel dem Spieler einen Vorteil verschafft, wie der Blitz dodge Bug von \u00e4lteren CTGP-7 Versionen.<\/li><li>CTWW VR und Countdown VR sind von Mario Kart 7 VR separiert. Listen k\u00f6nnen in Zukunft vielleicht gemacht werden wenn jemand Max VR in CTGP-7 erreicht.<ul><li>Weil VR im CTGP-7 Server gespeichert wird und mit der Konsole verbunden ist ist es unm\u00f6glich diese zu sichern. Alle anderen Regeln treffen immernoch zu.<\/li><\/ul><\/li><\/ul>\t\t\t\t\t\t\t\t<\/div>\n\t\t\t\t<\/div>\n\t\t\t\t\t<\/div>\n\t\t<\/div>\n\t\t\t\t\t<\/div>\n\t\t<\/section>\n\t\t\t\t<\/div>","protected":false},"excerpt":{"rendered":"<p>General MK7 Mario Kart 7 rules All these rules are specific for Mario Kart 7, and they may be applied to Mario Kart 8 or Mario Kart 8 Deluxe in the future if similar hacks are developed: No disconnection hack is not allowed, especially if it is used to AFK help in race. Any max &hellip;<\/p>\n<p class=\"read-more\"> <a class=\"\" href=\"https:\/\/maxvrlist.com\/de\/mk7-rules\"> <span class=\"screen-reader-text\">MK7 rules<\/span> Weiterlesen &raquo;<\/a><\/p>","protected":false},"author":1,"featured_media":0,"parent":0,"menu_order":0,"comment_status":"closed","ping_status":"closed","template":"elementor_header_footer","meta":{"_monsterinsights_skip_tracking":false,"_monsterinsights_sitenote_active":false,"_monsterinsights_sitenote_note":"","_monsterinsights_sitenote_category":0,"site-sidebar-layout":"no-sidebar","site-content-layout":"page-builder","ast-global-header-display":"","ast-main-header-display":"","ast-hfb-above-header-display":"","ast-hfb-below-header-display":"","ast-hfb-mobile-header-display":"","site-post-title":"disabled","ast-breadcrumbs-content":"","ast-featured-img":"disabled","footer-sml-layout":"","theme-transparent-header-meta":"default","adv-header-id-meta":"","stick-header-meta":"","header-above-stick-meta":"","header-main-stick-meta":"","header-below-stick-meta":"","footnotes":""},"class_list":["post-8617","page","type-page","status-publish","hentry"],"_links":{"self":[{"href":"https:\/\/maxvrlist.com\/de\/wp-json\/wp\/v2\/pages\/8617","targetHints":{"allow":["GET"]}}],"collection":[{"href":"https:\/\/maxvrlist.com\/de\/wp-json\/wp\/v2\/pages"}],"about":[{"href":"https:\/\/maxvrlist.com\/de\/wp-json\/wp\/v2\/types\/page"}],"author":[{"embeddable":true,"href":"https:\/\/maxvrlist.com\/de\/wp-json\/wp\/v2\/users\/1"}],"replies":[{"embeddable":true,"href":"https:\/\/maxvrlist.com\/de\/wp-json\/wp\/v2\/comments?post=8617"}],"version-history":[{"count":0,"href":"https:\/\/maxvrlist.com\/de\/wp-json\/wp\/v2\/pages\/8617\/revisions"}],"wp:attachment":[{"href":"https:\/\/maxvrlist.com\/de\/wp-json\/wp\/v2\/media?parent=8617"}],"curies":[{"name":"wp","href":"https:\/\/api.w.org\/{rel}","templated":true}]}}