{"id":2686,"date":"2020-09-30T18:01:16","date_gmt":"2020-09-30T18:01:16","guid":{"rendered":"https:\/\/maxvrlist.com\/?page_id=2686"},"modified":"2024-04-14T00:45:22","modified_gmt":"2024-04-14T00:45:22","slug":"svr","status":"publish","type":"page","link":"https:\/\/maxvrlist.com\/es\/mk8\/svr","title":{"rendered":"SVR"},"content":{"rendered":"<div data-elementor-type=\"wp-page\" data-elementor-id=\"2686\" class=\"elementor elementor-2686\">\n\t\t\t\t\t\t<section class=\"elementor-section elementor-top-section elementor-element elementor-element-1fe41521 elementor-section-full_width elementor-section-height-default elementor-section-height-default\" data-id=\"1fe41521\" data-element_type=\"section\" data-e-type=\"section\" data-settings=\"{&quot;background_background&quot;:&quot;classic&quot;}\">\n\t\t\t\t\t\t<div class=\"elementor-container elementor-column-gap-default\">\n\t\t\t\t\t<div class=\"elementor-column elementor-col-100 elementor-top-column elementor-element elementor-element-e42f210\" data-id=\"e42f210\" data-element_type=\"column\" data-e-type=\"column\">\n\t\t\t<div class=\"elementor-widget-wrap elementor-element-populated\">\n\t\t\t\t\t\t<div class=\"elementor-element elementor-element-32f6f279 elementor-align-center elementor-widget__width-auto elementor-widget elementor-widget-button\" data-id=\"32f6f279\" data-element_type=\"widget\" data-e-type=\"widget\" data-widget_type=\"button.default\">\n\t\t\t\t<div class=\"elementor-widget-container\">\n\t\t\t\t\t\t\t\t\t<div class=\"elementor-button-wrapper\">\n\t\t\t\t\t<a class=\"elementor-button elementor-size-xs\" role=\"button\">\n\t\t\t\t\t\t<span class=\"elementor-button-content-wrapper\">\n\t\t\t\t\t\t\t\t\t<span class=\"elementor-button-text\">SVR<\/span>\n\t\t\t\t\t<\/span>\n\t\t\t\t\t<\/a>\n\t\t\t\t<\/div>\n\t\t\t\t\t\t\t\t<\/div>\n\t\t\t\t<\/div>\n\t\t\t\t<div class=\"elementor-element elementor-element-4b4e454 elementor-align-center elementor-widget__width-auto elementor-widget elementor-widget-button\" data-id=\"4b4e454\" data-element_type=\"widget\" data-e-type=\"widget\" data-widget_type=\"button.default\">\n\t\t\t\t<div class=\"elementor-widget-container\">\n\t\t\t\t\t\t\t\t\t<div class=\"elementor-button-wrapper\">\n\t\t\t\t\t<a class=\"elementor-button elementor-button-link elementor-size-xs\" href=\"https:\/\/maxvrlist.com\/es\/mk8\/6svr\/\">\n\t\t\t\t\t\t<span class=\"elementor-button-content-wrapper\">\n\t\t\t\t\t\t\t\t\t<span class=\"elementor-button-text\">6\u00d7SVR<\/span>\n\t\t\t\t\t<\/span>\n\t\t\t\t\t<\/a>\n\t\t\t\t<\/div>\n\t\t\t\t\t\t\t\t<\/div>\n\t\t\t\t<\/div>\n\t\t\t\t<div class=\"elementor-element elementor-element-3ef3ec18 elementor-align-center elementor-widget__width-auto elementor-widget elementor-widget-button\" data-id=\"3ef3ec18\" data-element_type=\"widget\" data-e-type=\"widget\" data-widget_type=\"button.default\">\n\t\t\t\t<div class=\"elementor-widget-container\">\n\t\t\t\t\t\t\t\t\t<div class=\"elementor-button-wrapper\">\n\t\t\t\t\t<a class=\"elementor-button elementor-button-link elementor-size-xs\" href=\"https:\/\/maxvrlist.com\/es\/mk8\/sbr\/\">\n\t\t\t\t\t\t<span class=\"elementor-button-content-wrapper\">\n\t\t\t\t\t\t\t\t\t<span class=\"elementor-button-text\">SBR<\/span>\n\t\t\t\t\t<\/span>\n\t\t\t\t\t<\/a>\n\t\t\t\t<\/div>\n\t\t\t\t\t\t\t\t<\/div>\n\t\t\t\t<\/div>\n\t\t\t\t<div class=\"elementor-element elementor-element-1a2b8a3 elementor-align-center elementor-widget__width-auto elementor-widget elementor-widget-button\" data-id=\"1a2b8a3\" data-element_type=\"widget\" data-e-type=\"widget\" data-widget_type=\"button.default\">\n\t\t\t\t<div class=\"elementor-widget-container\">\n\t\t\t\t\t\t\t\t\t<div class=\"elementor-button-wrapper\">\n\t\t\t\t\t<a class=\"elementor-button elementor-button-link elementor-size-xs\" href=\"https:\/\/maxvrlist.com\/es\/mk8\/9sbr\/\">\n\t\t\t\t\t\t<span class=\"elementor-button-content-wrapper\">\n\t\t\t\t\t\t\t\t\t<span class=\"elementor-button-text\">9\u00d7SBR<\/span>\n\t\t\t\t\t<\/span>\n\t\t\t\t\t<\/a>\n\t\t\t\t<\/div>\n\t\t\t\t\t\t\t\t<\/div>\n\t\t\t\t<\/div>\n\t\t\t\t<div class=\"elementor-element elementor-element-54a88aa elementor-align-center elementor-widget__width-auto elementor-widget elementor-widget-button\" data-id=\"54a88aa\" data-element_type=\"widget\" data-e-type=\"widget\" data-widget_type=\"button.default\">\n\t\t\t\t<div class=\"elementor-widget-container\">\n\t\t\t\t\t\t\t\t\t<div class=\"elementor-button-wrapper\">\n\t\t\t\t\t<a class=\"elementor-button elementor-button-link elementor-size-xs\" href=\"https:\/\/maxvrlist.com\/es\/mk8\/12sbr\/\">\n\t\t\t\t\t\t<span class=\"elementor-button-content-wrapper\">\n\t\t\t\t\t\t\t\t\t<span class=\"elementor-button-text\">12\u00d7SBR<\/span>\n\t\t\t\t\t<\/span>\n\t\t\t\t\t<\/a>\n\t\t\t\t<\/div>\n\t\t\t\t\t\t\t\t<\/div>\n\t\t\t\t<\/div>\n\t\t\t\t<div class=\"elementor-element elementor-element-8a91986 elementor-align-center elementor-widget__width-auto elementor-widget elementor-widget-button\" data-id=\"8a91986\" data-element_type=\"widget\" data-e-type=\"widget\" data-widget_type=\"button.default\">\n\t\t\t\t<div class=\"elementor-widget-container\">\n\t\t\t\t\t\t\t\t\t<div class=\"elementor-button-wrapper\">\n\t\t\t\t\t<a class=\"elementor-button elementor-button-link elementor-size-xs\" href=\"https:\/\/maxvrlist.com\/es\/mk8\/8scr\/\">\n\t\t\t\t\t\t<span class=\"elementor-button-content-wrapper\">\n\t\t\t\t\t\t\t\t\t<span class=\"elementor-button-text\">8\u00d7SCR<\/span>\n\t\t\t\t\t<\/span>\n\t\t\t\t\t<\/a>\n\t\t\t\t<\/div>\n\t\t\t\t\t\t\t\t<\/div>\n\t\t\t\t<\/div>\n\t\t\t\t<div class=\"elementor-element elementor-element-0dc6eb8 elementor-align-center elementor-widget__width-auto elementor-widget elementor-widget-button\" data-id=\"0dc6eb8\" data-element_type=\"widget\" data-e-type=\"widget\" data-widget_type=\"button.default\">\n\t\t\t\t<div class=\"elementor-widget-container\">\n\t\t\t\t\t\t\t\t\t<div class=\"elementor-button-wrapper\">\n\t\t\t\t\t<a class=\"elementor-button elementor-button-link elementor-size-xs\" href=\"https:\/\/maxvrlist.com\/es\/mk8\/12scr\/\">\n\t\t\t\t\t\t<span class=\"elementor-button-content-wrapper\">\n\t\t\t\t\t\t\t\t\t<span class=\"elementor-button-text\">12\u00d7SCR<\/span>\n\t\t\t\t\t<\/span>\n\t\t\t\t\t<\/a>\n\t\t\t\t<\/div>\n\t\t\t\t\t\t\t\t<\/div>\n\t\t\t\t<\/div>\n\t\t\t\t\t<\/div>\n\t\t<\/div>\n\t\t\t\t\t<\/div>\n\t\t<\/section>\n\t\t\t\t<section class=\"elementor-section elementor-top-section elementor-element elementor-element-6176052d elementor-section-full_width elementor-section-content-middle elementor-section-height-default elementor-section-height-default\" data-id=\"6176052d\" data-element_type=\"section\" data-e-type=\"section\" data-settings=\"{&quot;background_background&quot;:&quot;classic&quot;}\">\n\t\t\t\t\t\t<div class=\"elementor-container elementor-column-gap-default\">\n\t\t\t\t\t<div class=\"elementor-column elementor-col-100 elementor-top-column elementor-element elementor-element-a6eec67\" data-id=\"a6eec67\" data-element_type=\"column\" data-e-type=\"column\">\n\t\t\t<div class=\"elementor-widget-wrap elementor-element-populated\">\n\t\t\t\t\t\t<div class=\"elementor-element elementor-element-39345218 elementor-widget elementor-widget-heading\" data-id=\"39345218\" data-element_type=\"widget\" data-e-type=\"widget\" data-widget_type=\"heading.default\">\n\t\t\t\t<div class=\"elementor-widget-container\">\n\t\t\t\t\t<h2 class=\"elementor-heading-title elementor-size-default\">Lista de SVR de Mario Kart 8<\/h2>\t\t\t\t<\/div>\n\t\t\t\t<\/div>\n\t\t\t\t<div class=\"elementor-element elementor-element-32b4ae6c elementor-widget elementor-widget-text-editor\" data-id=\"32b4ae6c\" data-element_type=\"widget\" data-e-type=\"widget\" data-widget_type=\"text-editor.default\">\n\t\t\t\t<div class=\"elementor-widget-container\">\n\t\t\t\t\t\t\t\t\tSVR = VR Simult\u00e1neo = Dos m\u00e1x VR alcanzados simult\u00e1neamente<br>\nNegrita = Primer jugador de un pa\u00eds<br>\nSubrayado = Primer jugador de un continente<br>\n<br>\n<em>Esta lista est\u00e1 descontinuada desde el 9 de abril de 2024, cuando los servidores de Mario Kart 8 fueron cerrados.<\/em>\t\t\t\t\t\t\t\t<\/div>\n\t\t\t\t<\/div>\n\t\t\t\t\t<\/div>\n\t\t<\/div>\n\t\t\t\t\t<\/div>\n\t\t<\/section>\n\t\t\t\t<section class=\"elementor-section elementor-top-section elementor-element elementor-element-7de648a0 elementor-section-full_width elementor-section-content-middle elementor-section-height-default elementor-section-height-default\" data-id=\"7de648a0\" data-element_type=\"section\" data-e-type=\"section\" data-settings=\"{&quot;background_background&quot;:&quot;classic&quot;}\">\n\t\t\t\t\t\t<div class=\"elementor-container elementor-column-gap-default\">\n\t\t\t\t\t<div class=\"elementor-column elementor-col-100 elementor-top-column elementor-element elementor-element-63d3f3a1\" data-id=\"63d3f3a1\" data-element_type=\"column\" data-e-type=\"column\">\n\t\t\t<div class=\"elementor-widget-wrap elementor-element-populated\">\n\t\t\t\t\t\t<div class=\"elementor-element elementor-element-6765ee08 elementor-widget elementor-widget-text-editor\" data-id=\"6765ee08\" data-element_type=\"widget\" data-e-type=\"widget\" data-widget_type=\"text-editor.default\">\n\t\t\t\t<div class=\"elementor-widget-container\">\n\t\t\t\t\t\t\t\t\t<p><div id=\"tablepress-mk8-svr-scroll-wrapper\" class=\"tablepress-scroll-wrapper\">\n\n<table id=\"tablepress-mk8-svr\" class=\"tablepress tablepress-id-mk8-svr tablepress-responsive\">\n<thead>\n<tr class=\"row-1\">\n\t<th class=\"column-1\">Posici\u00f3n<\/th><th class=\"column-2\">Fecha<\/th><th class=\"column-3\">Jugadores<\/th><th class=\"column-4\">Cuentas<\/th><th class=\"column-5\">Pa\u00edses<\/th><th class=\"column-6\">NNIDs<\/th><th class=\"column-7\">Pruebas<\/th>\n<\/tr>\n<\/thead>\n<tbody>\n<tr class=\"row-2\">\n\t<td rowspan=\"2\" class=\"column-1\">1.<\/td><td rowspan=\"2\" class=\"column-2\">25\/05\/2015<\/td><td class=\"column-3\"><b><u>Hypex<\/u><\/b><\/td><td class=\"column-4\">VR<\/td><td class=\"column-5\"><img decoding=\"async\" src=\"https:\/\/maxvrlist.com\/images\/flags\/de.png\" alt=\"\" width=\"30\" height=\"20\" \/><\/td><td class=\"column-6\">hyper_01<\/td><td class=\"column-7\"><a href=\"https:\/\/maxvrlist.com\/images\/mk8\/vr\/29_Hypex_Jut.jpg\"><img decoding=\"async\" src=\"https:\/\/maxvrlist.com\/images\/icons\/image.png\" alt=\"\" width=\"20\" height=\"20\"><\/a><\/td>\n<\/tr>\n<tr class=\"row-3\">\n\t<td class=\"column-3\"><b><u>Jut<\/u><\/b><\/td><td class=\"column-4\">VR<\/td><td class=\"column-5\"><img decoding=\"async\" src=\"https:\/\/maxvrlist.com\/images\/flags\/de.png\" alt=\"\" width=\"30\" height=\"20\" \/><\/td><td class=\"column-6\">Jut-mk<\/td><td class=\"column-7\"><a href=\"https:\/\/maxvrlist.com\/images\/mk8\/vr\/29_Hypex_Jut.jpg\"><img decoding=\"async\" src=\"https:\/\/maxvrlist.com\/images\/icons\/image.png\" alt=\"\" width=\"20\" height=\"20\"><\/a><\/td>\n<\/tr>\n<tr class=\"row-4\">\n\t<td rowspan=\"2\" class=\"column-1\">2.<\/td><td rowspan=\"2\" class=\"column-2\">08\/08\/2018<\/td><td class=\"column-3\"><b><u>Bella<\/u><\/b><\/td><td class=\"column-4\">VR3<\/td><td class=\"column-5\"><img decoding=\"async\" src=\"https:\/\/maxvrlist.com\/images\/flags\/br.png\" alt=\"\" width=\"30\" height=\"20\" \/><\/td><td class=\"column-6\">BellaPeachy1988<\/td><td class=\"column-7\"><a href=\"https:\/\/maxvrlist.com\/images\/mk8\/vr3\/4_Bella.png\"><img decoding=\"async\" src=\"https:\/\/maxvrlist.com\/images\/icons\/image.png\" alt=\"\" width=\"20\" height=\"20\"><\/a><\/td>\n<\/tr>\n<tr class=\"row-5\">\n\t<td class=\"column-3\"><b><u>Jev<\/u><\/b><\/td><td class=\"column-4\">VR2<\/td><td class=\"column-5\"><img loading=\"lazy\" decoding=\"async\" src=\"https:\/\/maxvrlist.com\/images\/flags\/us.png\" alt=\"\" width=\"30\" height=\"20\" \/><\/td><td class=\"column-6\">Mmmmmmmkay<\/td><td class=\"column-7\"><a href=\"https:\/\/maxvrlist.com\/images\/mk8\/vr2\/26_Jev.png\"><img decoding=\"async\" src=\"https:\/\/maxvrlist.com\/images\/icons\/image.png\" alt=\"\" width=\"20\" height=\"20\"><\/a><\/td>\n<\/tr>\n<tr class=\"row-6\">\n\t<td rowspan=\"2\" class=\"column-1\">3.<\/td><td rowspan=\"2\" class=\"column-2\">28\/11\/2018<\/td><td class=\"column-3\">Milla<\/td><td class=\"column-4\">VR2<\/td><td class=\"column-5\"><img loading=\"lazy\" decoding=\"async\" src=\"https:\/\/maxvrlist.com\/images\/flags\/us.png\" alt=\"\" width=\"30\" height=\"20\" \/><\/td><td class=\"column-6\">MsvStar<\/td><td class=\"column-7\"><a href=\"https:\/\/maxvrlist.com\/images\/mk8\/vr2\/28_Milla.jpg\"><img decoding=\"async\" src=\"https:\/\/maxvrlist.com\/images\/icons\/image.png\" alt=\"\" width=\"20\" height=\"20\"><\/a><\/td>\n<\/tr>\n<tr class=\"row-7\">\n\t<td class=\"column-3\"><u><b>Saki<\/b><\/td><td class=\"column-4\">VR2<\/td><td class=\"column-5\"><img loading=\"lazy\" decoding=\"async\" src=\"https:\/\/maxvrlist.com\/images\/flags\/jp.png\" alt=\"\" width=\"30\" height=\"20\" \/><\/td><td class=\"column-6\">saki.no2vr<\/td><td class=\"column-7\"><a href=\"https:\/\/maxvrlist.com\/images\/mk8\/vr2\/28_Saki.jpg\"><img decoding=\"async\" src=\"https:\/\/maxvrlist.com\/images\/icons\/image.png\" alt=\"\" width=\"20\" height=\"20\"><\/a><\/td>\n<\/tr>\n<tr class=\"row-8\">\n\t<td rowspan=\"2\" class=\"column-1\">4.<\/td><td rowspan=\"2\" class=\"column-2\">12\/04\/2020<\/td><td class=\"column-3\"><b>Nitro<\/b><\/td><td class=\"column-4\">VR2<\/td><td class=\"column-5\"><img loading=\"lazy\" decoding=\"async\" src=\"https:\/\/maxvrlist.com\/images\/flags\/cl.png\" alt=\"\" width=\"30\" height=\"20\" \/><\/td><td class=\"column-6\">EpicGamer0393<\/td><td class=\"column-7\"><a href=\"https:\/\/maxvrlist.com\/images\/mk8\/vr2\/31_Nitro.jpg\"><img decoding=\"async\" src=\"https:\/\/maxvrlist.com\/images\/icons\/image.png\" alt=\"\" width=\"20\" height=\"20\"><\/a><\/td>\n<\/tr>\n<tr class=\"row-9\">\n\t<td class=\"column-3\"><b>Ajay<\/b><\/td><td class=\"column-4\">VR2<\/td><td class=\"column-5\"><img loading=\"lazy\" decoding=\"async\" src=\"https:\/\/maxvrlist.com\/images\/flags\/gb.png\" alt=\"\" width=\"30\" height=\"20\" \/><\/td><td class=\"column-6\">AjayBhambraMK8<\/td><td class=\"column-7\"><a href=\"https:\/\/maxvrlist.com\/images\/mk8\/vr2\/31_Ajay.jpg\"><img decoding=\"async\" src=\"https:\/\/maxvrlist.com\/images\/icons\/image.png\" alt=\"\" width=\"20\" height=\"20\"><\/a><\/td>\n<\/tr>\n<tr class=\"row-10\">\n\t<td rowspan=\"2\" class=\"column-1\">5.<\/td><td rowspan=\"2\" class=\"column-2\">10\/10\/2020<\/td><td class=\"column-3\">Ajay<\/td><td class=\"column-4\">VR3<\/td><td class=\"column-5\"><img loading=\"lazy\" decoding=\"async\" src=\"https:\/\/maxvrlist.com\/images\/flags\/gb.png\" alt=\"\" width=\"30\" height=\"20\" \/><\/td><td class=\"column-6\">AjayVR3<\/td><td class=\"column-7\"><a href=\"https:\/\/maxvrlist.com\/images\/mk8\/vr3\/7_Ajay.jpg\"><img decoding=\"async\" src=\"https:\/\/maxvrlist.com\/images\/icons\/image.png\" alt=\"\" width=\"20\" height=\"20\"><\/a><\/td>\n<\/tr>\n<tr class=\"row-11\">\n\t<td class=\"column-3\">Nitro<\/td><td class=\"column-4\">VR4<\/td><td class=\"column-5\"><img loading=\"lazy\" decoding=\"async\" src=\"https:\/\/maxvrlist.com\/images\/flags\/cl.png\" alt=\"\" width=\"30\" height=\"20\" \/><\/td><td class=\"column-6\">NitroVR4<\/td><td class=\"column-7\"><a href=\"https:\/\/maxvrlist.com\/images\/mk8\/vr4\/4_Nitro.jpg\"><img decoding=\"async\" src=\"https:\/\/maxvrlist.com\/images\/icons\/image.png\" alt=\"\" width=\"20\" height=\"20\"><\/a><\/td>\n<\/tr>\n<tr class=\"row-12\">\n\t<td rowspan=\"2\" class=\"column-1\">6.<\/td><td rowspan=\"2\" class=\"column-2\">16\/12\/2020<\/td><td class=\"column-3\"><b>Alen<\/b><\/td><td class=\"column-4\">VR4<\/td><td class=\"column-5\"><img loading=\"lazy\" decoding=\"async\" src=\"https:\/\/maxvrlist.com\/images\/flags\/at.png\" alt=\"\" width=\"30\" height=\"20\" \/><\/td><td class=\"column-6\">wiigamer2.0<\/td><td class=\"column-7\"><a href=\"https:\/\/maxvrlist.com\/images\/mk8\/vr4\/5_Alen.jpg\"><img decoding=\"async\" src=\"https:\/\/maxvrlist.com\/images\/icons\/image.png\" alt=\"\" width=\"20\" height=\"20\"><\/a><\/td>\n<\/tr>\n<tr class=\"row-13\">\n\t<td class=\"column-3\">Luca<\/td><td class=\"column-4\">VR5<\/td><td class=\"column-5\"><img decoding=\"async\" src=\"https:\/\/maxvrlist.com\/images\/flags\/de.png\" alt=\"\" width=\"30\" height=\"20\" \/><\/td><td class=\"column-6\">rebuuuz<\/td><td class=\"column-7\"><a href=\"https:\/\/maxvrlist.com\/images\/mk8\/vr5\/2_Luca.jpg\"><img decoding=\"async\" src=\"https:\/\/maxvrlist.com\/images\/icons\/image.png\" alt=\"\" width=\"20\" height=\"20\"><\/a><\/td>\n<\/tr>\n<tr class=\"row-14\">\n\t<td rowspan=\"2\" class=\"column-1\">7.<\/td><td rowspan=\"2\" class=\"column-2\">11\/12\/2022<\/td><td class=\"column-3\">Maks<\/td><td class=\"column-4\">VR<\/td><td class=\"column-5\"><img decoding=\"async\" src=\"https:\/\/maxvrlist.com\/images\/flags\/de.png\" alt=\"\" width=\"30\" height=\"20\" \/><\/td><td class=\"column-6\">luu-see.uh<\/td><td class=\"column-7\"><a href=\"https:\/\/maxvrlist.com\/images\/mk8\/vr\/349_Maks.jpg\"><img loading=\"lazy\" decoding=\"async\" src=\"https:\/\/maxvrlist.com\/images\/icons\/image.png\" alt=\"\" width=\"20\" height=\"20\" \/><\/a><\/td>\n<\/tr>\n<tr class=\"row-15\">\n\t<td class=\"column-3\">Adon<\/td><td class=\"column-4\">VR<\/td><td class=\"column-5\"><img loading=\"lazy\" decoding=\"async\" src=\"https:\/\/maxvrlist.com\/images\/flags\/us.png\" alt=\"\" width=\"30\" height=\"20\" \/><\/td><td class=\"column-6\">adonamr<\/td><td class=\"column-7\"><a href=\"https:\/\/maxvrlist.com\/images\/mk8\/vr\/349_Adon.jpg\"><img loading=\"lazy\" decoding=\"async\" src=\"https:\/\/maxvrlist.com\/images\/icons\/image.png\" alt=\"\" width=\"20\" height=\"20\" \/><\/a><\/td>\n<\/tr>\n<tr class=\"row-16\">\n\t<td rowspan=\"2\" class=\"column-1\">8.<\/td><td rowspan=\"2\" class=\"column-2\">07\/08\/2023<\/td><td class=\"column-3\">Shelby<\/td><td class=\"column-4\">VR6<\/td><td class=\"column-5\"><img loading=\"lazy\" decoding=\"async\" src=\"https:\/\/maxvrlist.com\/images\/flags\/cl.png\" alt=\"\" width=\"30\" height=\"20\" \/><\/td><td class=\"column-6\">DancingLioness<\/td><td class=\"column-7\"><a href=\"https:\/\/maxvrlist.com\/images\/mk8\/vr6\/2_Shelby.png\"><img loading=\"lazy\" decoding=\"async\" src=\"https:\/\/maxvrlist.com\/images\/icons\/image.png\" alt=\"\" width=\"20\" height=\"20\" \/><\/a><\/td>\n<\/tr>\n<tr class=\"row-17\">\n\t<td class=\"column-3\">Marty<\/td><td class=\"column-4\">VR2<\/td><td class=\"column-5\"><img loading=\"lazy\" decoding=\"async\" src=\"https:\/\/maxvrlist.com\/images\/flags\/us.png\" alt=\"\" width=\"30\" height=\"20\" \/><\/td><td class=\"column-6\">mcramer9653<\/td><td class=\"column-7\"><a href=\"https:\/\/maxvrlist.com\/images\/mk8\/vr2\/49_Marty.png\"><img loading=\"lazy\" decoding=\"async\" src=\"https:\/\/maxvrlist.com\/images\/icons\/image.png\" alt=\"\" width=\"20\" height=\"20\" \/><\/a> <\/td>\n<\/tr>\n<tr class=\"row-18\">\n\t<td rowspan=\"2\" class=\"column-1\">9.<\/td><td rowspan=\"2\" class=\"column-2\">30\/09\/2023<\/td><td class=\"column-3\"><b>Hern\u00e1n<\/b><\/td><td class=\"column-4\">VR5<\/td><td class=\"column-5\"><img loading=\"lazy\" decoding=\"async\" src=\"https:\/\/maxvrlist.com\/images\/flags\/es.png\" alt=\"\" width=\"30\" height=\"20\" \/><\/td><td class=\"column-6\">hernan_mk5<\/td><td class=\"column-7\"><a href=\"https:\/\/maxvrlist.com\/images\/mk8\/vr5\/4_Hernan.png\"><img loading=\"lazy\" decoding=\"async\" src=\"https:\/\/maxvrlist.com\/images\/icons\/image.png\" alt=\"\" width=\"20\" height=\"20\" \/><\/a><\/td>\n<\/tr>\n<tr class=\"row-19\">\n\t<td class=\"column-3\">\u3058\u3089\u3074\u3053<\/td><td class=\"column-4\">VR5<\/td><td class=\"column-5\"><img loading=\"lazy\" decoding=\"async\" src=\"https:\/\/maxvrlist.com\/images\/flags\/jp.png\" alt=\"\" width=\"30\" height=\"20\" \/><\/td><td class=\"column-6\">playerfff1l<\/td><td class=\"column-7\"><a href=\"https:\/\/maxvrlist.com\/images\/mk8\/vr5\/4_\u3058\u3089\u3074\u3053.jpg\"><img loading=\"lazy\" decoding=\"async\" src=\"https:\/\/maxvrlist.com\/images\/icons\/image.png\" alt=\"\" width=\"20\" height=\"20\" \/><\/a><\/td>\n<\/tr>\n<tr class=\"row-20\">\n\t<td rowspan=\"2\" class=\"column-1\">10.<\/td><td rowspan=\"2\" class=\"column-2\">30\/09\/2023<\/td><td class=\"column-3\">Hern\u00e1n<\/td><td class=\"column-4\">VR6<\/td><td class=\"column-5\"><img loading=\"lazy\" decoding=\"async\" src=\"https:\/\/maxvrlist.com\/images\/flags\/es.png\" alt=\"\" width=\"30\" height=\"20\" \/><\/td><td class=\"column-6\">hernan_mk6<\/td><td class=\"column-7\"><a href=\"https:\/\/maxvrlist.com\/images\/mk8\/vr6\/3_Hernan.png\"><img loading=\"lazy\" decoding=\"async\" src=\"https:\/\/maxvrlist.com\/images\/icons\/image.png\" alt=\"\" width=\"20\" height=\"20\" \/><\/a><\/td>\n<\/tr>\n<tr class=\"row-21\">\n\t<td class=\"column-3\">\u3058\u3089\u3074\u3053<\/td><td class=\"column-4\">VR6<\/td><td class=\"column-5\"><img loading=\"lazy\" decoding=\"async\" src=\"https:\/\/maxvrlist.com\/images\/flags\/jp.png\" alt=\"\" width=\"30\" height=\"20\" \/><\/td><td class=\"column-6\">mastars1t<\/td><td class=\"column-7\"><a href=\"https:\/\/maxvrlist.com\/images\/mk8\/vr6\/3_\u3058\u3089\u3074\u3053.jpg\"><img loading=\"lazy\" decoding=\"async\" src=\"https:\/\/maxvrlist.com\/images\/icons\/image.png\" alt=\"\" width=\"20\" height=\"20\" \/><\/a><\/td>\n<\/tr>\n<tr class=\"row-22\">\n\t<td rowspan=\"2\" class=\"column-1\">11.<\/td><td rowspan=\"2\" class=\"column-2\">03\/04\/2024<\/td><td class=\"column-3\">go<\/td><td class=\"column-4\">VR2<\/td><td class=\"column-5\"><img loading=\"lazy\" decoding=\"async\" src=\"https:\/\/maxvrlist.com\/images\/flags\/jp.png\" alt=\"\" width=\"30\" height=\"20\" \/><\/td><td class=\"column-6\">GoNiigata<\/td><td class=\"column-7\"><a href=\"https:\/\/maxvrlist.com\/images\/mk8\/vr2\/54_go.png\"><img loading=\"lazy\" decoding=\"async\" src=\"https:\/\/maxvrlist.com\/images\/icons\/image.png\" alt=\"\" width=\"20\" height=\"20\" \/><\/a> <\/td>\n<\/tr>\n<tr class=\"row-23\">\n\t<td class=\"column-3\">ami<\/td><td class=\"column-4\">VR<\/td><td class=\"column-5\"><img loading=\"lazy\" decoding=\"async\" src=\"https:\/\/maxvrlist.com\/images\/flags\/gb.png\" alt=\"\" width=\"30\" height=\"20\" \/><\/td><td class=\"column-6\">linxed<\/td><td class=\"column-7\"><a href=\"https:\/\/maxvrlist.com\/images\/mk8\/vr\/366_ami.png\"><img loading=\"lazy\" decoding=\"async\" src=\"https:\/\/maxvrlist.com\/images\/icons\/image.png\" alt=\"\" width=\"20\" height=\"20\" \/><\/a><\/td>\n<\/tr>\n<\/tbody>\n<\/table>\n\n<\/div><!-- #tablepress-mk8-svr from cache --><\/p>\t\t\t\t\t\t\t\t<\/div>\n\t\t\t\t<\/div>\n\t\t\t\t\t<\/div>\n\t\t<\/div>\n\t\t\t\t\t<\/div>\n\t\t<\/section>\n\t\t\t\t<\/div>","protected":false},"excerpt":{"rendered":"<p>SVR 6\u00d7SVR SBR 9\u00d7SBR 12\u00d7SBR 8\u00d7SCR 12\u00d7SCR Mario Kart 8 SVR list SVR = Simultaneous VR =\u00a0Two max VR reached simultaneously Bold = A country&#8217;s first player Underline = A continent&#8217;s first player This list is discontinued since April 9, 2024, when Mario Kart 8 servers were closed.<\/p>","protected":false},"author":1,"featured_media":0,"parent":1533,"menu_order":0,"comment_status":"closed","ping_status":"closed","template":"elementor_header_footer","meta":{"_monsterinsights_skip_tracking":false,"_monsterinsights_sitenote_active":false,"_monsterinsights_sitenote_note":"","_monsterinsights_sitenote_category":0,"site-sidebar-layout":"no-sidebar","site-content-layout":"page-builder","ast-global-header-display":"","ast-main-header-display":"","ast-hfb-above-header-display":"","ast-hfb-below-header-display":"","ast-hfb-mobile-header-display":"","site-post-title":"disabled","ast-breadcrumbs-content":"","ast-featured-img":"disabled","footer-sml-layout":"","theme-transparent-header-meta":"default","adv-header-id-meta":"","stick-header-meta":"","header-above-stick-meta":"","header-main-stick-meta":"","header-below-stick-meta":"","footnotes":""},"class_list":["post-2686","page","type-page","status-publish","hentry"],"_links":{"self":[{"href":"https:\/\/maxvrlist.com\/es\/wp-json\/wp\/v2\/pages\/2686","targetHints":{"allow":["GET"]}}],"collection":[{"href":"https:\/\/maxvrlist.com\/es\/wp-json\/wp\/v2\/pages"}],"about":[{"href":"https:\/\/maxvrlist.com\/es\/wp-json\/wp\/v2\/types\/page"}],"author":[{"embeddable":true,"href":"https:\/\/maxvrlist.com\/es\/wp-json\/wp\/v2\/users\/1"}],"replies":[{"embeddable":true,"href":"https:\/\/maxvrlist.com\/es\/wp-json\/wp\/v2\/comments?post=2686"}],"version-history":[{"count":15,"href":"https:\/\/maxvrlist.com\/es\/wp-json\/wp\/v2\/pages\/2686\/revisions"}],"predecessor-version":[{"id":22738,"href":"https:\/\/maxvrlist.com\/es\/wp-json\/wp\/v2\/pages\/2686\/revisions\/22738"}],"up":[{"embeddable":true,"href":"https:\/\/maxvrlist.com\/es\/wp-json\/wp\/v2\/pages\/1533"}],"wp:attachment":[{"href":"https:\/\/maxvrlist.com\/es\/wp-json\/wp\/v2\/media?parent=2686"}],"curies":[{"name":"wp","href":"https:\/\/api.w.org\/{rel}","templated":true}]}}