{"id":2739,"date":"2020-09-30T19:39:24","date_gmt":"2020-09-30T19:39:24","guid":{"rendered":"https:\/\/maxvrlist.com\/?page_id=2739"},"modified":"2024-04-14T16:09:55","modified_gmt":"2024-04-14T16:09:55","slug":"pre-mk8dx-amr","status":"publish","type":"page","link":"https:\/\/maxvrlist.com\/es\/pre-mk8dx-amr","title":{"rendered":"Pre-MK8DX AMR"},"content":{"rendered":"<div data-elementor-type=\"wp-page\" data-elementor-id=\"2739\" class=\"elementor elementor-2739\">\n\t\t\t\t\t\t<section class=\"elementor-section elementor-top-section elementor-element elementor-element-6176052d elementor-section-full_width elementor-section-height-default elementor-section-height-default\" data-id=\"6176052d\" data-element_type=\"section\" data-e-type=\"section\" data-settings=\"{&quot;background_background&quot;:&quot;classic&quot;}\">\n\t\t\t\t\t\t<div class=\"elementor-container elementor-column-gap-default\">\n\t\t\t\t\t<div class=\"elementor-column elementor-col-100 elementor-top-column elementor-element elementor-element-a6eec67\" data-id=\"a6eec67\" data-element_type=\"column\" data-e-type=\"column\">\n\t\t\t<div class=\"elementor-widget-wrap elementor-element-populated\">\n\t\t\t\t\t\t<div class=\"elementor-element elementor-element-39345218 elementor-widget elementor-widget-heading\" data-id=\"39345218\" data-element_type=\"widget\" data-e-type=\"widget\" data-widget_type=\"heading.default\">\n\t\t\t\t<div class=\"elementor-widget-container\">\n\t\t\t\t\t<h2 class=\"elementor-heading-title elementor-size-default\">Lista de Todas las M\u00e1ximas Puntuaciones (AMR) pre-MK8DX<\/h2>\t\t\t\t<\/div>\n\t\t\t\t<\/div>\n\t\t\t\t<div class=\"elementor-element elementor-element-32b4ae6c elementor-widget elementor-widget-text-editor\" data-id=\"32b4ae6c\" data-element_type=\"widget\" data-e-type=\"widget\" data-widget_type=\"text-editor.default\">\n\t\t\t\t<div class=\"elementor-widget-container\">\n\t\t\t\t\t\t\t\t\tAMR pre-MK8DX = Todas las M\u00e1ximas Puntuaciones pre-Mario Kart 8 Deluxe = M\u00e1x VR de MK7 + M\u00e1x VR de MK8 + M\u00e1x BR de MK8<br>\nNegrita = Primer jugador de un pa\u00eds<br>\nSubrayado = Primer jugador de un continente<br>\n<br>\n<em>Esta lista est\u00e1 descontinuada desde el 28 de abril de 2017, cuando el m\u00e1x VR de MK8DX y el m\u00e1x BR de MK8DX se a\u00f1adieron al AMR.<\/em>\t\t\t\t\t\t\t\t<\/div>\n\t\t\t\t<\/div>\n\t\t\t\t\t<\/div>\n\t\t<\/div>\n\t\t\t\t\t<\/div>\n\t\t<\/section>\n\t\t\t\t<section class=\"elementor-section elementor-top-section elementor-element elementor-element-7de648a0 elementor-section-full_width elementor-section-content-middle elementor-section-height-default elementor-section-height-default\" data-id=\"7de648a0\" data-element_type=\"section\" data-e-type=\"section\" data-settings=\"{&quot;background_background&quot;:&quot;classic&quot;}\">\n\t\t\t\t\t\t<div class=\"elementor-container elementor-column-gap-default\">\n\t\t\t\t\t<div class=\"elementor-column elementor-col-100 elementor-top-column elementor-element elementor-element-63d3f3a1\" data-id=\"63d3f3a1\" data-element_type=\"column\" data-e-type=\"column\">\n\t\t\t<div class=\"elementor-widget-wrap elementor-element-populated\">\n\t\t\t\t\t\t<div class=\"elementor-element elementor-element-6765ee08 elementor-widget elementor-widget-text-editor\" data-id=\"6765ee08\" data-element_type=\"widget\" data-e-type=\"widget\" data-widget_type=\"text-editor.default\">\n\t\t\t\t<div class=\"elementor-widget-container\">\n\t\t\t\t\t\t\t\t\t<p><div id=\"tablepress-pre-mk8dx-amr-scroll-wrapper\" class=\"tablepress-scroll-wrapper\">\n\n<table id=\"tablepress-pre-mk8dx-amr\" class=\"tablepress tablepress-id-pre-mk8dx-amr tablepress-responsive\">\n<thead>\n<tr class=\"row-1\">\n\t<th class=\"column-1\">Posici\u00f3n<\/th><th class=\"column-2\">Fecha<\/th><th class=\"column-3\">Jugador<\/th><th class=\"column-4\">Pa\u00eds<\/th><th class=\"column-5\">Prueba<\/th>\n<\/tr>\n<\/thead>\n<tbody>\n<tr class=\"row-2\">\n\t<td class=\"column-1\">1.<\/td><td class=\"column-2\">06\/08\/2015<\/td><td class=\"column-3\"><b><u>\u3058\u3089\u3074\u3053<\/u><\/b><\/td><td class=\"column-4\"><img decoding=\"async\" src=\"https:\/\/maxvrlist.com\/images\/flags\/jp.png\" alt=\"\" width=\"30\" height=\"20\" \/><\/td><td class=\"column-5\"><a href=\"https:\/\/maxvrlist.com\/images\/mk7\/vr\/25_\u3058\u3089\u3074\u3053.jpg\"><img decoding=\"async\" src=\"https:\/\/maxvrlist.com\/images\/icons\/image.png\" alt=\"\" width=\"20\" height=\"20\"><\/a><a href=\"https:\/\/maxvrlist.com\/images\/mk8\/vr\/14_\u3058\u3089\u3074\u3053.png\"><img decoding=\"async\" src=\"https:\/\/maxvrlist.com\/images\/icons\/image.png\" alt=\"\" width=\"20\" height=\"20\"><\/a><a href=\"https:\/\/maxvrlist.com\/images\/mk8\/br\/4_\u3058\u3089\u3074\u3053.png\"><img decoding=\"async\" src=\"https:\/\/maxvrlist.com\/images\/icons\/image.png\" alt=\"\" width=\"20\" height=\"20\"><\/a><\/td>\n<\/tr>\n<tr class=\"row-3\">\n\t<td class=\"column-1\">2.<\/td><td class=\"column-2\">19\/02\/2017<\/td><td class=\"column-3\"><b><u>Tristan<\/u><\/b><\/td><td class=\"column-4\"><img decoding=\"async\" src=\"https:\/\/maxvrlist.com\/images\/flags\/us.png\" alt=\"\" width=\"30\" height=\"20\" \/><\/td><td class=\"column-5\"><a href=\"https:\/\/maxvrlist.com\/images\/mk8\/vr\/54_Tristan.jpg\"><img decoding=\"async\" src=\"https:\/\/maxvrlist.com\/images\/icons\/image.png\" alt=\"\" width=\"20\" height=\"20\"><\/a><a href=\"https:\/\/maxvrlist.com\/images\/mk8\/br\/18_Tristan.jpg\"><img decoding=\"async\" src=\"https:\/\/maxvrlist.com\/images\/icons\/image.png\" alt=\"\" width=\"20\" height=\"20\"><\/a><a href=\"https:\/\/maxvrlist.com\/es\/images\/mk7\/vr\/249_Tristan.jpg\/\"><img decoding=\"async\" src=\"https:\/\/maxvrlist.com\/images\/icons\/image.png\" alt=\"\" width=\"20\" height=\"20\"><\/a><\/td>\n<\/tr>\n<tr class=\"row-4\">\n\t<td class=\"column-1\">3.<\/td><td class=\"column-2\">17\/03\/2017<\/td><td class=\"column-3\">\u305c\u308d<\/td><td class=\"column-4\"><img decoding=\"async\" src=\"https:\/\/maxvrlist.com\/images\/flags\/jp.png\" alt=\"\" width=\"30\" height=\"20\" \/><\/td><td class=\"column-5\"><a href=\"https:\/\/maxvrlist.com\/images\/mk7\/vr\/232_\u305c\u308d.png\"><img decoding=\"async\" src=\"https:\/\/maxvrlist.com\/images\/icons\/image.png\" alt=\"\" width=\"20\" height=\"20\"><\/a><a href=\"https:\/\/maxvrlist.com\/images\/mk8\/vr\/177_\u305c\u308d.png\"><img decoding=\"async\" src=\"https:\/\/maxvrlist.com\/images\/icons\/image.png\" alt=\"\" width=\"20\" height=\"20\"><\/a><a href=\"https:\/\/maxvrlist.com\/images\/mk8\/br\/20_\u305c\u308d.png\"><img decoding=\"async\" src=\"https:\/\/maxvrlist.com\/images\/icons\/image.png\" alt=\"\" width=\"20\" height=\"20\"><\/a><\/td>\n<\/tr>\n<\/tbody>\n<\/table>\n\n<\/div><!-- #tablepress-pre-mk8dx-amr from cache --><\/p>\t\t\t\t\t\t\t\t<\/div>\n\t\t\t\t<\/div>\n\t\t\t\t\t<\/div>\n\t\t<\/div>\n\t\t\t\t\t<\/div>\n\t\t<\/section>\n\t\t\t\t<\/div>","protected":false},"excerpt":{"rendered":"<p>Pre-MK8DX All Max Ratings list Pre-MK8DX AMR = Pre-Mario-Kart-8-Deluxe All Max Ratings = MK7 max VR + MK8 max VR + MK8 max BR Bold = A country&#8217;s first player Underline = A continent&#8217;s first player This list is discontinued since April 28, 2017, when MK8DX max VR and MK8DX max BR were added to &hellip;<\/p>\n<p class=\"read-more\"> <a class=\"\" href=\"https:\/\/maxvrlist.com\/es\/pre-mk8dx-amr\"> <span class=\"screen-reader-text\">Pre-MK8DX AMR<\/span> Leer m\u00e1s &raquo;<\/a><\/p>","protected":false},"author":1,"featured_media":0,"parent":0,"menu_order":0,"comment_status":"closed","ping_status":"closed","template":"elementor_header_footer","meta":{"_monsterinsights_skip_tracking":false,"_monsterinsights_sitenote_active":false,"_monsterinsights_sitenote_note":"","_monsterinsights_sitenote_category":0,"site-sidebar-layout":"no-sidebar","site-content-layout":"page-builder","ast-global-header-display":"","ast-main-header-display":"","ast-hfb-above-header-display":"","ast-hfb-below-header-display":"","ast-hfb-mobile-header-display":"","site-post-title":"disabled","ast-breadcrumbs-content":"","ast-featured-img":"disabled","footer-sml-layout":"","theme-transparent-header-meta":"default","adv-header-id-meta":"","stick-header-meta":"","header-above-stick-meta":"","header-main-stick-meta":"","header-below-stick-meta":"","footnotes":""},"class_list":["post-2739","page","type-page","status-publish","hentry"],"_links":{"self":[{"href":"https:\/\/maxvrlist.com\/es\/wp-json\/wp\/v2\/pages\/2739","targetHints":{"allow":["GET"]}}],"collection":[{"href":"https:\/\/maxvrlist.com\/es\/wp-json\/wp\/v2\/pages"}],"about":[{"href":"https:\/\/maxvrlist.com\/es\/wp-json\/wp\/v2\/types\/page"}],"author":[{"embeddable":true,"href":"https:\/\/maxvrlist.com\/es\/wp-json\/wp\/v2\/users\/1"}],"replies":[{"embeddable":true,"href":"https:\/\/maxvrlist.com\/es\/wp-json\/wp\/v2\/comments?post=2739"}],"version-history":[{"count":14,"href":"https:\/\/maxvrlist.com\/es\/wp-json\/wp\/v2\/pages\/2739\/revisions"}],"predecessor-version":[{"id":22999,"href":"https:\/\/maxvrlist.com\/es\/wp-json\/wp\/v2\/pages\/2739\/revisions\/22999"}],"wp:attachment":[{"href":"https:\/\/maxvrlist.com\/es\/wp-json\/wp\/v2\/media?parent=2739"}],"curies":[{"name":"wp","href":"https:\/\/api.w.org\/{rel}","templated":true}]}}