{"id":3006,"date":"2020-10-09T23:04:41","date_gmt":"2020-10-09T23:04:41","guid":{"rendered":"https:\/\/maxvrlist.com\/?page_id=3006"},"modified":"2024-04-14T15:32:50","modified_gmt":"2024-04-14T15:32:50","slug":"yearly-stats","status":"publish","type":"page","link":"https:\/\/maxvrlist.com\/es\/mk8\/yearly-stats","title":{"rendered":"Estad\u00edsticas anuales"},"content":{"rendered":"<div data-elementor-type=\"wp-page\" data-elementor-id=\"3006\" class=\"elementor elementor-3006\">\n\t\t\t\t\t\t<section class=\"elementor-section elementor-top-section elementor-element elementor-element-1fe41521 elementor-section-full_width elementor-section-height-default elementor-section-height-default\" data-id=\"1fe41521\" data-element_type=\"section\" data-e-type=\"section\" data-settings=\"{&quot;background_background&quot;:&quot;classic&quot;}\">\n\t\t\t\t\t\t<div class=\"elementor-container elementor-column-gap-default\">\n\t\t\t\t\t<div class=\"elementor-column elementor-col-100 elementor-top-column elementor-element elementor-element-e42f210\" data-id=\"e42f210\" data-element_type=\"column\" data-e-type=\"column\">\n\t\t\t<div class=\"elementor-widget-wrap elementor-element-populated\">\n\t\t\t\t\t\t<div class=\"elementor-element elementor-element-32f6f279 elementor-align-center elementor-widget__width-auto elementor-widget elementor-widget-button\" data-id=\"32f6f279\" data-element_type=\"widget\" data-e-type=\"widget\" data-widget_type=\"button.default\">\n\t\t\t\t<div class=\"elementor-widget-container\">\n\t\t\t\t\t\t\t\t\t<div class=\"elementor-button-wrapper\">\n\t\t\t\t\t<a class=\"elementor-button elementor-button-link elementor-size-xs\" href=\"https:\/\/maxvrlist.com\/es\/mk8\/continental-stats\/\">\n\t\t\t\t\t\t<span class=\"elementor-button-content-wrapper\">\n\t\t\t\t\t\t\t\t\t<span class=\"elementor-button-text\">Continentales<\/span>\n\t\t\t\t\t<\/span>\n\t\t\t\t\t<\/a>\n\t\t\t\t<\/div>\n\t\t\t\t\t\t\t\t<\/div>\n\t\t\t\t<\/div>\n\t\t\t\t<div class=\"elementor-element elementor-element-3ef3ec18 elementor-align-center elementor-widget__width-auto elementor-widget elementor-widget-button\" data-id=\"3ef3ec18\" data-element_type=\"widget\" data-e-type=\"widget\" data-widget_type=\"button.default\">\n\t\t\t\t<div class=\"elementor-widget-container\">\n\t\t\t\t\t\t\t\t\t<div class=\"elementor-button-wrapper\">\n\t\t\t\t\t<a class=\"elementor-button elementor-button-link elementor-size-xs\" href=\"https:\/\/maxvrlist.com\/es\/mk8\/national-stats\/\">\n\t\t\t\t\t\t<span class=\"elementor-button-content-wrapper\">\n\t\t\t\t\t\t\t\t\t<span class=\"elementor-button-text\">Nacionales<\/span>\n\t\t\t\t\t<\/span>\n\t\t\t\t\t<\/a>\n\t\t\t\t<\/div>\n\t\t\t\t\t\t\t\t<\/div>\n\t\t\t\t<\/div>\n\t\t\t\t<div class=\"elementor-element elementor-element-c57d4bf elementor-align-center elementor-widget__width-auto elementor-widget elementor-widget-button\" data-id=\"c57d4bf\" data-element_type=\"widget\" data-e-type=\"widget\" data-widget_type=\"button.default\">\n\t\t\t\t<div class=\"elementor-widget-container\">\n\t\t\t\t\t\t\t\t\t<div class=\"elementor-button-wrapper\">\n\t\t\t\t\t<a class=\"elementor-button elementor-size-xs\" role=\"button\">\n\t\t\t\t\t\t<span class=\"elementor-button-content-wrapper\">\n\t\t\t\t\t\t\t\t\t<span class=\"elementor-button-text\">Anuales<\/span>\n\t\t\t\t\t<\/span>\n\t\t\t\t\t<\/a>\n\t\t\t\t<\/div>\n\t\t\t\t\t\t\t\t<\/div>\n\t\t\t\t<\/div>\n\t\t\t\t\t<\/div>\n\t\t<\/div>\n\t\t\t\t\t<\/div>\n\t\t<\/section>\n\t\t\t\t<section class=\"elementor-section elementor-top-section elementor-element elementor-element-6176052d elementor-section-full_width elementor-section-content-middle elementor-section-height-default elementor-section-height-default\" data-id=\"6176052d\" data-element_type=\"section\" data-e-type=\"section\" data-settings=\"{&quot;background_background&quot;:&quot;classic&quot;}\">\n\t\t\t\t\t\t<div class=\"elementor-container elementor-column-gap-default\">\n\t\t\t\t\t<div class=\"elementor-column elementor-col-100 elementor-top-column elementor-element elementor-element-a6eec67\" data-id=\"a6eec67\" data-element_type=\"column\" data-e-type=\"column\">\n\t\t\t<div class=\"elementor-widget-wrap elementor-element-populated\">\n\t\t\t\t\t\t<div class=\"elementor-element elementor-element-39345218 elementor-widget elementor-widget-heading\" data-id=\"39345218\" data-element_type=\"widget\" data-e-type=\"widget\" data-widget_type=\"heading.default\">\n\t\t\t\t<div class=\"elementor-widget-container\">\n\t\t\t\t\t<h2 class=\"elementor-heading-title elementor-size-default\">Estad\u00edsticas anuales de Mario Kart 8<\/h2>\t\t\t\t<\/div>\n\t\t\t\t<\/div>\n\t\t\t\t<div class=\"elementor-element elementor-element-32b4ae6c elementor-widget elementor-widget-text-editor\" data-id=\"32b4ae6c\" data-element_type=\"widget\" data-e-type=\"widget\" data-widget_type=\"text-editor.default\">\n\t\t\t\t<div class=\"elementor-widget-container\">\n\t\t\t\t\t\t\t\t\tAqu\u00ed puedes encontrar la cantidad de jugadores de cada a\u00f1o para diferentes categor\u00edas de m\u00e1x.<br>\nLa cantidad acumulada de jugadores aparece entre par\u00e9ntesis.<br>\n<br>\n<em>Estas estad\u00edsticas est\u00e1n descontinuadas desde el 9 de abril de 2024, cuando los servidores de Mario Kart 8 fueron cerrados.<\/em>\t\t\t\t\t\t\t\t<\/div>\n\t\t\t\t<\/div>\n\t\t\t\t\t<\/div>\n\t\t<\/div>\n\t\t\t\t\t<\/div>\n\t\t<\/section>\n\t\t\t\t<section class=\"elementor-section elementor-top-section elementor-element elementor-element-7de648a0 elementor-section-full_width elementor-section-content-middle elementor-section-height-default elementor-section-height-default\" data-id=\"7de648a0\" data-element_type=\"section\" data-e-type=\"section\" data-settings=\"{&quot;background_background&quot;:&quot;classic&quot;}\">\n\t\t\t\t\t\t<div class=\"elementor-container elementor-column-gap-default\">\n\t\t\t\t\t<div class=\"elementor-column elementor-col-100 elementor-top-column elementor-element elementor-element-63d3f3a1\" data-id=\"63d3f3a1\" data-element_type=\"column\" data-e-type=\"column\">\n\t\t\t<div class=\"elementor-widget-wrap elementor-element-populated\">\n\t\t\t\t\t\t<div class=\"elementor-element elementor-element-6765ee08 elementor-widget elementor-widget-text-editor\" data-id=\"6765ee08\" data-element_type=\"widget\" data-e-type=\"widget\" data-widget_type=\"text-editor.default\">\n\t\t\t\t<div class=\"elementor-widget-container\">\n\t\t\t\t\t\t\t\t\t<p><div id=\"tablepress-mk8-stats-yearly-scroll-wrapper\" class=\"tablepress-scroll-wrapper\">\n\n<table id=\"tablepress-mk8-stats-yearly\" class=\"tablepress tablepress-id-mk8-stats-yearly tablepress-responsive\">\n<thead>\n<tr class=\"row-1\">\n\t<th class=\"column-1\">A\u00f1o<\/th><th class=\"column-2\">VR<\/th><th class=\"column-3\">VR2<\/th><th class=\"column-4\">VR3<\/th><th class=\"column-5\">VR4<\/th><th class=\"column-6\">BR<\/th><th class=\"column-7\">CR<\/th>\n<\/tr>\n<\/thead>\n<tbody>\n<tr class=\"row-2\">\n\t<td class=\"column-1\"><b>2014<\/b><\/td><td class=\"column-2\">4<\/td><td class=\"column-3\">&#8211;<\/td><td class=\"column-4\">&#8211;<\/td><td class=\"column-5\">&#8211;<\/td><td class=\"column-6\">&#8211;<\/td><td class=\"column-7\">&#8211;<\/td>\n<\/tr>\n<tr class=\"row-3\">\n\t<td class=\"column-1\"><b>2015<\/b><\/td><td class=\"column-2\">95 (99)<\/td><td class=\"column-3\">4<\/td><td class=\"column-4\">&#8211;<\/td><td class=\"column-5\">&#8211;<\/td><td class=\"column-6\">9<\/td><td class=\"column-7\">6<\/td>\n<\/tr>\n<tr class=\"row-4\">\n\t<td class=\"column-1\"><b>2016<\/b><\/td><td class=\"column-2\">76 (175)<\/td><td class=\"column-3\">5 (9)<\/td><td class=\"column-4\">2<\/td><td class=\"column-5\">1<\/td><td class=\"column-6\">9 (18)<\/td><td class=\"column-7\">8 (14)<\/td>\n<\/tr>\n<tr class=\"row-5\">\n\t<td class=\"column-1\"><b>2017<\/b><\/td><td class=\"column-2\">79 (254)<\/td><td class=\"column-3\">16 (25)<\/td><td class=\"column-4\">1 (3)<\/td><td class=\"column-5\">0 (1)<\/td><td class=\"column-6\">6 (24)<\/td><td class=\"column-7\">3 (17)<\/td>\n<\/tr>\n<tr class=\"row-6\">\n\t<td class=\"column-1\"><b>2018<\/b><\/td><td class=\"column-2\">22 (276)<\/td><td class=\"column-3\">4 (29)<\/td><td class=\"column-4\">1 (4)<\/td><td class=\"column-5\">0 (1)<\/td><td class=\"column-6\">4 (28)<\/td><td class=\"column-7\">2 (19)<\/td>\n<\/tr>\n<tr class=\"row-7\">\n\t<td class=\"column-1\"><b>2019<\/b><\/td><td class=\"column-2\">26 (302)<\/td><td class=\"column-3\">1 (30)<\/td><td class=\"column-4\">0 (4)<\/td><td class=\"column-5\">0 (1)<\/td><td class=\"column-6\">1 (29)<\/td><td class=\"column-7\">2 (21)<\/td>\n<\/tr>\n<tr class=\"row-8\">\n\t<td class=\"column-1\"><b>2020<\/b><\/td><td class=\"column-2\">25 (327)<\/td><td class=\"column-3\">6 (36)<\/td><td class=\"column-4\">3 (7)<\/td><td class=\"column-5\">4 (5)<\/td><td class=\"column-6\">4 (33)<\/td><td class=\"column-7\">3 (24)<\/td>\n<\/tr>\n<tr class=\"row-9\">\n\t<td class=\"column-1\"><b>2021<\/b><\/td><td class=\"column-2\">10 (337)<\/td><td class=\"column-3\">8 (44)<\/td><td class=\"column-4\">2 (9)<\/td><td class=\"column-5\">2 (7)<\/td><td class=\"column-6\">1 (34)<\/td><td class=\"column-7\">1 (25)<\/td>\n<\/tr>\n<tr class=\"row-10\">\n\t<td class=\"column-1\"><b>2022<\/b><\/td><td class=\"column-2\">15 (352)<\/td><td class=\"column-3\">5 (49)<\/td><td class=\"column-4\">5 (14)<\/td><td class=\"column-5\">0 (7)<\/td><td class=\"column-6\">2 (36)<\/td><td class=\"column-7\">1 (26)<\/td>\n<\/tr>\n<tr class=\"row-11\">\n\t<td class=\"column-1\"><b>2023<\/b><\/td><td class=\"column-2\">16 (368)<\/td><td class=\"column-3\">3 (52)<\/td><td class=\"column-4\">2 (16)<\/td><td class=\"column-5\">2 (9)<\/td><td class=\"column-6\">2 (38)<\/td><td class=\"column-7\">2 (28)<\/td>\n<\/tr>\n<tr class=\"row-12\">\n\t<td class=\"column-1\"><b>2024<\/b><\/td><td class=\"column-2\">6 (374)<\/td><td class=\"column-3\">5 (57)<\/td><td class=\"column-4\">3 (19)<\/td><td class=\"column-5\">3 (12)<\/td><td class=\"column-6\">7 (45)<\/td><td class=\"column-7\">7 (35)<\/td>\n<\/tr>\n<\/tbody>\n<\/table>\n\n<\/div><!-- #tablepress-mk8-stats-yearly from cache --><\/p>\t\t\t\t\t\t\t\t<\/div>\n\t\t\t\t<\/div>\n\t\t\t\t\t<\/div>\n\t\t<\/div>\n\t\t\t\t\t<\/div>\n\t\t<\/section>\n\t\t\t\t<\/div>","protected":false},"excerpt":{"rendered":"<p>Continental National Yearly Mario Kart 8 yearly stats Here, you can find the amount of players from each year for different max categories. Cummulative amount of players appears in brackets. These stats are discontinued since April 9, 2024, when Mario Kart 8 servers were closed.<\/p>","protected":false},"author":1,"featured_media":0,"parent":1533,"menu_order":0,"comment_status":"closed","ping_status":"closed","template":"elementor_header_footer","meta":{"_monsterinsights_skip_tracking":false,"_monsterinsights_sitenote_active":false,"_monsterinsights_sitenote_note":"","_monsterinsights_sitenote_category":0,"site-sidebar-layout":"no-sidebar","site-content-layout":"page-builder","ast-global-header-display":"","ast-main-header-display":"","ast-hfb-above-header-display":"","ast-hfb-below-header-display":"","ast-hfb-mobile-header-display":"","site-post-title":"disabled","ast-breadcrumbs-content":"","ast-featured-img":"disabled","footer-sml-layout":"","theme-transparent-header-meta":"default","adv-header-id-meta":"","stick-header-meta":"","header-above-stick-meta":"","header-main-stick-meta":"","header-below-stick-meta":"","footnotes":""},"class_list":["post-3006","page","type-page","status-publish","hentry"],"_links":{"self":[{"href":"https:\/\/maxvrlist.com\/es\/wp-json\/wp\/v2\/pages\/3006","targetHints":{"allow":["GET"]}}],"collection":[{"href":"https:\/\/maxvrlist.com\/es\/wp-json\/wp\/v2\/pages"}],"about":[{"href":"https:\/\/maxvrlist.com\/es\/wp-json\/wp\/v2\/types\/page"}],"author":[{"embeddable":true,"href":"https:\/\/maxvrlist.com\/es\/wp-json\/wp\/v2\/users\/1"}],"replies":[{"embeddable":true,"href":"https:\/\/maxvrlist.com\/es\/wp-json\/wp\/v2\/comments?post=3006"}],"version-history":[{"count":3,"href":"https:\/\/maxvrlist.com\/es\/wp-json\/wp\/v2\/pages\/3006\/revisions"}],"predecessor-version":[{"id":22975,"href":"https:\/\/maxvrlist.com\/es\/wp-json\/wp\/v2\/pages\/3006\/revisions\/22975"}],"up":[{"embeddable":true,"href":"https:\/\/maxvrlist.com\/es\/wp-json\/wp\/v2\/pages\/1533"}],"wp:attachment":[{"href":"https:\/\/maxvrlist.com\/es\/wp-json\/wp\/v2\/media?parent=3006"}],"curies":[{"name":"wp","href":"https:\/\/api.w.org\/{rel}","templated":true}]}}