{"id":3031,"date":"2020-10-09T23:38:16","date_gmt":"2020-10-09T23:38:16","guid":{"rendered":"https:\/\/maxvrlist.com\/?page_id=3031"},"modified":"2020-12-01T00:45:16","modified_gmt":"2020-12-01T00:45:16","slug":"yearly-stats","status":"publish","type":"page","link":"https:\/\/maxvrlist.com\/es\/mk8dx\/yearly-stats","title":{"rendered":"Estad\u00edsticas anuales"},"content":{"rendered":"<div data-elementor-type=\"wp-page\" data-elementor-id=\"3031\" class=\"elementor elementor-3031\">\n\t\t\t\t\t\t<section class=\"elementor-section elementor-top-section elementor-element elementor-element-1fe41521 elementor-section-full_width elementor-section-height-default elementor-section-height-default\" data-id=\"1fe41521\" data-element_type=\"section\" data-e-type=\"section\" data-settings=\"{&quot;background_background&quot;:&quot;classic&quot;}\">\n\t\t\t\t\t\t<div class=\"elementor-container elementor-column-gap-default\">\n\t\t\t\t\t<div class=\"elementor-column elementor-col-100 elementor-top-column elementor-element elementor-element-e42f210\" data-id=\"e42f210\" data-element_type=\"column\" data-e-type=\"column\">\n\t\t\t<div class=\"elementor-widget-wrap elementor-element-populated\">\n\t\t\t\t\t\t<div class=\"elementor-element elementor-element-32f6f279 elementor-align-center elementor-widget__width-auto elementor-widget elementor-widget-button\" data-id=\"32f6f279\" data-element_type=\"widget\" data-e-type=\"widget\" data-widget_type=\"button.default\">\n\t\t\t\t<div class=\"elementor-widget-container\">\n\t\t\t\t\t\t\t\t\t<div class=\"elementor-button-wrapper\">\n\t\t\t\t\t<a class=\"elementor-button elementor-button-link elementor-size-xs\" href=\"https:\/\/maxvrlist.com\/es\/mk8dx\/continental-stats\/\">\n\t\t\t\t\t\t<span class=\"elementor-button-content-wrapper\">\n\t\t\t\t\t\t\t\t\t<span class=\"elementor-button-text\">Continentales<\/span>\n\t\t\t\t\t<\/span>\n\t\t\t\t\t<\/a>\n\t\t\t\t<\/div>\n\t\t\t\t\t\t\t\t<\/div>\n\t\t\t\t<\/div>\n\t\t\t\t<div class=\"elementor-element elementor-element-3ef3ec18 elementor-align-center elementor-widget__width-auto elementor-widget elementor-widget-button\" data-id=\"3ef3ec18\" data-element_type=\"widget\" data-e-type=\"widget\" data-widget_type=\"button.default\">\n\t\t\t\t<div class=\"elementor-widget-container\">\n\t\t\t\t\t\t\t\t\t<div class=\"elementor-button-wrapper\">\n\t\t\t\t\t<a class=\"elementor-button elementor-button-link elementor-size-xs\" href=\"https:\/\/maxvrlist.com\/es\/mk8dx\/national-stats\/\">\n\t\t\t\t\t\t<span class=\"elementor-button-content-wrapper\">\n\t\t\t\t\t\t\t\t\t<span class=\"elementor-button-text\">Nacionales<\/span>\n\t\t\t\t\t<\/span>\n\t\t\t\t\t<\/a>\n\t\t\t\t<\/div>\n\t\t\t\t\t\t\t\t<\/div>\n\t\t\t\t<\/div>\n\t\t\t\t<div class=\"elementor-element elementor-element-c57d4bf elementor-align-center elementor-widget__width-auto elementor-widget elementor-widget-button\" data-id=\"c57d4bf\" data-element_type=\"widget\" data-e-type=\"widget\" data-widget_type=\"button.default\">\n\t\t\t\t<div class=\"elementor-widget-container\">\n\t\t\t\t\t\t\t\t\t<div class=\"elementor-button-wrapper\">\n\t\t\t\t\t<a class=\"elementor-button elementor-size-xs\" role=\"button\">\n\t\t\t\t\t\t<span class=\"elementor-button-content-wrapper\">\n\t\t\t\t\t\t\t\t\t<span class=\"elementor-button-text\">Anuales<\/span>\n\t\t\t\t\t<\/span>\n\t\t\t\t\t<\/a>\n\t\t\t\t<\/div>\n\t\t\t\t\t\t\t\t<\/div>\n\t\t\t\t<\/div>\n\t\t\t\t\t<\/div>\n\t\t<\/div>\n\t\t\t\t\t<\/div>\n\t\t<\/section>\n\t\t\t\t<section class=\"elementor-section elementor-top-section elementor-element elementor-element-6176052d elementor-section-full_width elementor-section-content-middle elementor-section-height-default elementor-section-height-default\" data-id=\"6176052d\" data-element_type=\"section\" data-e-type=\"section\" data-settings=\"{&quot;background_background&quot;:&quot;classic&quot;}\">\n\t\t\t\t\t\t<div class=\"elementor-container elementor-column-gap-default\">\n\t\t\t\t\t<div class=\"elementor-column elementor-col-100 elementor-top-column elementor-element elementor-element-a6eec67\" data-id=\"a6eec67\" data-element_type=\"column\" data-e-type=\"column\">\n\t\t\t<div class=\"elementor-widget-wrap elementor-element-populated\">\n\t\t\t\t\t\t<div class=\"elementor-element elementor-element-39345218 elementor-widget elementor-widget-heading\" data-id=\"39345218\" data-element_type=\"widget\" data-e-type=\"widget\" data-widget_type=\"heading.default\">\n\t\t\t\t<div class=\"elementor-widget-container\">\n\t\t\t\t\t<h2 class=\"elementor-heading-title elementor-size-default\">Estad\u00edsticas anuales de Mario Kart 8 Deluxe<\/h2>\t\t\t\t<\/div>\n\t\t\t\t<\/div>\n\t\t\t\t<div class=\"elementor-element elementor-element-32b4ae6c elementor-widget elementor-widget-text-editor\" data-id=\"32b4ae6c\" data-element_type=\"widget\" data-e-type=\"widget\" data-widget_type=\"text-editor.default\">\n\t\t\t\t<div class=\"elementor-widget-container\">\n\t\t\t\t\t\t\t\t\tAqu\u00ed puedes encontrar la cantidad de jugadores de cada a\u00f1o para diferentes categor\u00edas de m\u00e1x.<br>\nLa cantidad acumulada de jugadores aparece entre par\u00e9ntesis.\t\t\t\t\t\t\t\t<\/div>\n\t\t\t\t<\/div>\n\t\t\t\t\t<\/div>\n\t\t<\/div>\n\t\t\t\t\t<\/div>\n\t\t<\/section>\n\t\t\t\t<section class=\"elementor-section elementor-top-section elementor-element elementor-element-7de648a0 elementor-section-full_width elementor-section-content-middle elementor-section-height-default elementor-section-height-default\" data-id=\"7de648a0\" data-element_type=\"section\" data-e-type=\"section\" data-settings=\"{&quot;background_background&quot;:&quot;classic&quot;}\">\n\t\t\t\t\t\t<div class=\"elementor-container elementor-column-gap-default\">\n\t\t\t\t\t<div class=\"elementor-column elementor-col-100 elementor-top-column elementor-element elementor-element-63d3f3a1\" data-id=\"63d3f3a1\" data-element_type=\"column\" data-e-type=\"column\">\n\t\t\t<div class=\"elementor-widget-wrap elementor-element-populated\">\n\t\t\t\t\t\t<div class=\"elementor-element elementor-element-6765ee08 elementor-widget elementor-widget-text-editor\" data-id=\"6765ee08\" data-element_type=\"widget\" data-e-type=\"widget\" data-widget_type=\"text-editor.default\">\n\t\t\t\t<div class=\"elementor-widget-container\">\n\t\t\t\t\t\t\t\t\t<p><div id=\"tablepress-mk8dx-stats-yearly-scroll-wrapper\" class=\"tablepress-scroll-wrapper\">\n\n<table id=\"tablepress-mk8dx-stats-yearly\" class=\"tablepress tablepress-id-mk8dx-stats-yearly tablepress-responsive\">\n<thead>\n<tr class=\"row-1\">\n\t<th class=\"column-1\">A\u00f1o<\/th><th class=\"column-2\">VR<\/th><th class=\"column-3\">VR2<\/th><th class=\"column-4\">VR3<\/th><th class=\"column-5\">VR4<\/th><th class=\"column-6\">VR5<\/th><th class=\"column-7\">VR6<\/th><th class=\"column-8\">VR7<\/th><th class=\"column-9\">VR8<\/th><th class=\"column-10\">VR9<\/th><th class=\"column-11\">VR10<\/th><th class=\"column-12\">VR11<\/th><th class=\"column-13\">VR12<\/th><th class=\"column-14\">VR13<\/th><th class=\"column-15\">BR<\/th><th class=\"column-16\">BR2<\/th><th class=\"column-17\">BR3<\/th><th class=\"column-18\">BR4<\/th><th class=\"column-19\">CR<\/th><th class=\"column-20\">CR2<\/th><th class=\"column-21\">CR3<\/th>\n<\/tr>\n<\/thead>\n<tbody>\n<tr class=\"row-2\">\n\t<td class=\"column-1\"><b>2017<\/b><\/td><td class=\"column-2\">58<\/td><td class=\"column-3\">1<\/td><td class=\"column-4\">&#8211;<\/td><td class=\"column-5\">&#8211;<\/td><td class=\"column-6\">&#8211;<\/td><td class=\"column-7\">&#8211;<\/td><td class=\"column-8\">&#8211;<\/td><td class=\"column-9\">&#8211;<\/td><td class=\"column-10\">&#8211;<\/td><td class=\"column-11\">&#8211;<\/td><td class=\"column-12\">&#8211;<\/td><td class=\"column-13\">&#8211;<\/td><td class=\"column-14\">&#8211;<\/td><td class=\"column-15\">6<\/td><td class=\"column-16\">&#8211;<\/td><td class=\"column-17\">&#8211;<\/td><td class=\"column-18\">&#8211;<\/td><td class=\"column-19\">2<\/td><td class=\"column-20\">&#8211;<\/td><td class=\"column-21\">&#8211;<\/td>\n<\/tr>\n<tr class=\"row-3\">\n\t<td class=\"column-1\"><b>2018<\/b><\/td><td class=\"column-2\">115 (173)<\/td><td class=\"column-3\">25 (26)<\/td><td class=\"column-4\">10<\/td><td class=\"column-5\">4<\/td><td class=\"column-6\">1<\/td><td class=\"column-7\">1<\/td><td class=\"column-8\">&#8211;<\/td><td class=\"column-9\">&#8211;<\/td><td class=\"column-10\">&#8211;<\/td><td class=\"column-11\">&#8211;<\/td><td class=\"column-12\">&#8211;<\/td><td class=\"column-13\">&#8211;<\/td><td class=\"column-14\">&#8211;<\/td><td class=\"column-15\">22 (28)<\/td><td class=\"column-16\">5<\/td><td class=\"column-17\">&#8211;<\/td><td class=\"column-18\">&#8211;<\/td><td class=\"column-19\">12 (14)<\/td><td class=\"column-20\">&#8211;<\/td><td class=\"column-21\">&#8211;<\/td>\n<\/tr>\n<tr class=\"row-4\">\n\t<td class=\"column-1\"><b>2019<\/b><\/td><td class=\"column-2\">162 (335)<\/td><td class=\"column-3\">18 (44)<\/td><td class=\"column-4\">7 (17)<\/td><td class=\"column-5\">4 (8)<\/td><td class=\"column-6\">4 (5)<\/td><td class=\"column-7\">3 (4)<\/td><td class=\"column-8\">4<\/td><td class=\"column-9\">2<\/td><td class=\"column-10\">2<\/td><td class=\"column-11\">2<\/td><td class=\"column-12\">1<\/td><td class=\"column-13\">1<\/td><td class=\"column-14\">1<\/td><td class=\"column-15\">20 (48)<\/td><td class=\"column-16\">4 (9)<\/td><td class=\"column-17\">3<\/td><td class=\"column-18\">1<\/td><td class=\"column-19\">9 (23)<\/td><td class=\"column-20\">2<\/td><td class=\"column-21\">&#8211;<\/td>\n<\/tr>\n<tr class=\"row-5\">\n\t<td class=\"column-1\"><b>2020<\/b><\/td><td class=\"column-2\">195 (530)<\/td><td class=\"column-3\">29 (73)<\/td><td class=\"column-4\">10 (27)<\/td><td class=\"column-5\">9 (17)<\/td><td class=\"column-6\">4 (9)<\/td><td class=\"column-7\">1 (5)<\/td><td class=\"column-8\">1 (5)<\/td><td class=\"column-9\">3 (5)<\/td><td class=\"column-10\">2 (4)<\/td><td class=\"column-11\">1 (3)<\/td><td class=\"column-12\">1 (2)<\/td><td class=\"column-13\">1 (2)<\/td><td class=\"column-14\">0 (1)<\/td><td class=\"column-15\">32 (80)<\/td><td class=\"column-16\">6 (15)<\/td><td class=\"column-17\">2 (5)<\/td><td class=\"column-18\">3 (4)<\/td><td class=\"column-19\">12 (35)<\/td><td class=\"column-20\">4 (6)<\/td><td class=\"column-21\">2<\/td>\n<\/tr>\n<tr class=\"row-6\">\n\t<td class=\"column-1\"><b>2021<\/b><\/td><td class=\"column-2\">158 (688)<\/td><td class=\"column-3\">28 (101)<\/td><td class=\"column-4\">14 (41)<\/td><td class=\"column-5\">2 (19)<\/td><td class=\"column-6\">3 (12)<\/td><td class=\"column-7\">3 (8)<\/td><td class=\"column-8\">2 (7)<\/td><td class=\"column-9\">2 (7)<\/td><td class=\"column-10\">1 (5)<\/td><td class=\"column-11\">1 (4)<\/td><td class=\"column-12\">2 (4)<\/td><td class=\"column-13\">2 (4)<\/td><td class=\"column-14\">2 (3)<\/td><td class=\"column-15\">25 (105)<\/td><td class=\"column-16\">10 (25)<\/td><td class=\"column-17\">6 (11)<\/td><td class=\"column-18\">1 (5)<\/td><td class=\"column-19\">6 (41)<\/td><td class=\"column-20\">6 (12)<\/td><td class=\"column-21\">3 (5)<\/td>\n<\/tr>\n<tr class=\"row-7\">\n\t<td class=\"column-1\"><b>2022<\/b><\/td><td class=\"column-2\">247 (935)<\/td><td class=\"column-3\">32 (133)<\/td><td class=\"column-4\">24 (65)<\/td><td class=\"column-5\">15 (34)<\/td><td class=\"column-6\">6 (18)<\/td><td class=\"column-7\">5 (13)<\/td><td class=\"column-8\">2 (9)<\/td><td class=\"column-9\">1 (8)<\/td><td class=\"column-10\">1 (6)<\/td><td class=\"column-11\">2 (6)<\/td><td class=\"column-12\">2 (6)<\/td><td class=\"column-13\">1 (5)<\/td><td class=\"column-14\">2 (5)<\/td><td class=\"column-15\">32 (137)<\/td><td class=\"column-16\">5 (30)<\/td><td class=\"column-17\">3 (14)<\/td><td class=\"column-18\">2 (7)<\/td><td class=\"column-19\">8 (49)<\/td><td class=\"column-20\">3 (15)<\/td><td class=\"column-21\">5 (10)<\/td>\n<\/tr>\n<tr class=\"row-8\">\n\t<td class=\"column-1\"><b>2023<\/b><\/td><td class=\"column-2\">296 (1231)<\/td><td class=\"column-3\">35 (168)<\/td><td class=\"column-4\">14 (79)<\/td><td class=\"column-5\">13 (47)<\/td><td class=\"column-6\">11 (29)<\/td><td class=\"column-7\">10 (23)<\/td><td class=\"column-8\">7 (16)<\/td><td class=\"column-9\">7 (15)<\/td><td class=\"column-10\">4 (10)<\/td><td class=\"column-11\">4 (10)<\/td><td class=\"column-12\">2 (8)<\/td><td class=\"column-13\">1 (6)<\/td><td class=\"column-14\">1 (6)<\/td><td class=\"column-15\">23 (160)<\/td><td class=\"column-16\">4 (34)<\/td><td class=\"column-17\">1 (15)<\/td><td class=\"column-18\">1 (8)<\/td><td class=\"column-19\">11 (60)<\/td><td class=\"column-20\">3 (18)<\/td><td class=\"column-21\">0 (10)<\/td>\n<\/tr>\n<tr class=\"row-9\">\n\t<td class=\"column-1\"><b>2024<\/b><\/td><td class=\"column-2\">320 (1551)<\/td><td class=\"column-3\">25 (193)<\/td><td class=\"column-4\">13 (92)<\/td><td class=\"column-5\">8 (55)<\/td><td class=\"column-6\">7 (36)<\/td><td class=\"column-7\">3 (26)<\/td><td class=\"column-8\">4 (21)<\/td><td class=\"column-9\">0 (15)<\/td><td class=\"column-10\">3 (13)<\/td><td class=\"column-11\">2 (12)<\/td><td class=\"column-12\">4 (12)<\/td><td class=\"column-13\">5 (11)<\/td><td class=\"column-14\">4 (10)<\/td><td class=\"column-15\">32 (192)<\/td><td class=\"column-16\">7 (41)<\/td><td class=\"column-17\">4 (19)<\/td><td class=\"column-18\">2 (10)<\/td><td class=\"column-19\">11 (71)<\/td><td class=\"column-20\">6 (24)<\/td><td class=\"column-21\">3 (13)<\/td>\n<\/tr>\n<tr class=\"row-10\">\n\t<td class=\"column-1\"><b>2025<\/b><\/td><td class=\"column-2\">189 (1740)<\/td><td class=\"column-3\">24 (217)<\/td><td class=\"column-4\">12 (104)<\/td><td class=\"column-5\">7 (62)<\/td><td class=\"column-6\">5 (41)<\/td><td class=\"column-7\">4 (30)<\/td><td class=\"column-8\">1 (22)<\/td><td class=\"column-9\">2 (17)<\/td><td class=\"column-10\">0 (13)<\/td><td class=\"column-11\">1 (13)<\/td><td class=\"column-12\">0 (12)<\/td><td class=\"column-13\">1 (12)<\/td><td class=\"column-14\">1 (11)<\/td><td class=\"column-15\">20 (212)<\/td><td class=\"column-16\">3 (44)<\/td><td class=\"column-17\">3 (22)<\/td><td class=\"column-18\">0 (10)<\/td><td class=\"column-19\">5 (76)<\/td><td class=\"column-20\">1 (25)<\/td><td class=\"column-21\">2 (15)<\/td>\n<\/tr>\n<tr class=\"row-11\">\n\t<td class=\"column-1\"><b>2026<\/b><\/td><td class=\"column-2\">45 (1785)<\/td><td class=\"column-3\">2 (219)<\/td><td class=\"column-4\">4 (108)<\/td><td class=\"column-5\">0 (62)<\/td><td class=\"column-6\">0 (41)<\/td><td class=\"column-7\">0 (30)<\/td><td class=\"column-8\">1 (23)<\/td><td class=\"column-9\">1 (18)<\/td><td class=\"column-10\">0 (13)<\/td><td class=\"column-11\">0 (13)<\/td><td class=\"column-12\">0 (12)<\/td><td class=\"column-13\">0 (12)<\/td><td class=\"column-14\">0 (11)<\/td><td class=\"column-15\">4 (216)<\/td><td class=\"column-16\">1 (45)<\/td><td class=\"column-17\">1 (23)<\/td><td class=\"column-18\">0 (10)<\/td><td class=\"column-19\">1 (77)<\/td><td class=\"column-20\">1 (26)<\/td><td class=\"column-21\">0 (15)<\/td>\n<\/tr>\n<\/tbody>\n<\/table>\n\n<\/div><\/p>\t\t\t\t\t\t\t\t<\/div>\n\t\t\t\t<\/div>\n\t\t\t\t\t<\/div>\n\t\t<\/div>\n\t\t\t\t\t<\/div>\n\t\t<\/section>\n\t\t\t\t<\/div>","protected":false},"excerpt":{"rendered":"<p>Continental National Yearly Mario Kart 8 Deluxe yearly stats Here, you can find the amount of players from each year for different max categories. Cummulative amount of players appears in brackets.<\/p>","protected":false},"author":1,"featured_media":0,"parent":1465,"menu_order":0,"comment_status":"closed","ping_status":"closed","template":"elementor_header_footer","meta":{"_monsterinsights_skip_tracking":false,"_monsterinsights_sitenote_active":false,"_monsterinsights_sitenote_note":"","_monsterinsights_sitenote_category":0,"site-sidebar-layout":"no-sidebar","site-content-layout":"page-builder","ast-global-header-display":"","ast-main-header-display":"","ast-hfb-above-header-display":"","ast-hfb-below-header-display":"","ast-hfb-mobile-header-display":"","site-post-title":"disabled","ast-breadcrumbs-content":"","ast-featured-img":"disabled","footer-sml-layout":"","theme-transparent-header-meta":"default","adv-header-id-meta":"","stick-header-meta":"","header-above-stick-meta":"","header-main-stick-meta":"","header-below-stick-meta":"","footnotes":""},"class_list":["post-3031","page","type-page","status-publish","hentry"],"_links":{"self":[{"href":"https:\/\/maxvrlist.com\/es\/wp-json\/wp\/v2\/pages\/3031","targetHints":{"allow":["GET"]}}],"collection":[{"href":"https:\/\/maxvrlist.com\/es\/wp-json\/wp\/v2\/pages"}],"about":[{"href":"https:\/\/maxvrlist.com\/es\/wp-json\/wp\/v2\/types\/page"}],"author":[{"embeddable":true,"href":"https:\/\/maxvrlist.com\/es\/wp-json\/wp\/v2\/users\/1"}],"replies":[{"embeddable":true,"href":"https:\/\/maxvrlist.com\/es\/wp-json\/wp\/v2\/comments?post=3031"}],"version-history":[{"count":0,"href":"https:\/\/maxvrlist.com\/es\/wp-json\/wp\/v2\/pages\/3031\/revisions"}],"up":[{"embeddable":true,"href":"https:\/\/maxvrlist.com\/es\/wp-json\/wp\/v2\/pages\/1465"}],"wp:attachment":[{"href":"https:\/\/maxvrlist.com\/es\/wp-json\/wp\/v2\/media?parent=3031"}],"curies":[{"name":"wp","href":"https:\/\/api.w.org\/{rel}","templated":true}]}}