{"id":3624,"date":"2020-10-22T10:00:04","date_gmt":"2020-10-22T10:00:04","guid":{"rendered":"https:\/\/maxvrlist.com\/?page_id=3624"},"modified":"2024-04-14T17:37:19","modified_gmt":"2024-04-14T17:37:19","slug":"rules","status":"publish","type":"page","link":"https:\/\/maxvrlist.com\/es\/rules","title":{"rendered":"Reglas"},"content":{"rendered":"<div data-elementor-type=\"wp-page\" data-elementor-id=\"3624\" class=\"elementor elementor-3624\">\n\t\t\t\t\t\t<section class=\"elementor-section elementor-top-section elementor-element elementor-element-3601660 elementor-section-full_width elementor-section-height-default elementor-section-height-default\" data-id=\"3601660\" data-element_type=\"section\" data-e-type=\"section\" data-settings=\"{&quot;background_background&quot;:&quot;classic&quot;}\">\n\t\t\t\t\t\t<div class=\"elementor-container elementor-column-gap-default\">\n\t\t\t\t\t<div class=\"elementor-column elementor-col-100 elementor-top-column elementor-element elementor-element-cdab821\" data-id=\"cdab821\" data-element_type=\"column\" data-e-type=\"column\">\n\t\t\t<div class=\"elementor-widget-wrap elementor-element-populated\">\n\t\t\t\t\t\t<div class=\"elementor-element elementor-element-136d41d elementor-align-center elementor-widget__width-auto elementor-widget elementor-widget-button\" data-id=\"136d41d\" data-element_type=\"widget\" data-e-type=\"widget\" data-widget_type=\"button.default\">\n\t\t\t\t<div class=\"elementor-widget-container\">\n\t\t\t\t\t\t\t\t\t<div class=\"elementor-button-wrapper\">\n\t\t\t\t\t<a class=\"elementor-button elementor-size-xs\" role=\"button\">\n\t\t\t\t\t\t<span class=\"elementor-button-content-wrapper\">\n\t\t\t\t\t\t\t\t\t<span class=\"elementor-button-text\">General<\/span>\n\t\t\t\t\t<\/span>\n\t\t\t\t\t<\/a>\n\t\t\t\t<\/div>\n\t\t\t\t\t\t\t\t<\/div>\n\t\t\t\t<\/div>\n\t\t\t\t<div class=\"elementor-element elementor-element-7d71cf4 elementor-align-center elementor-widget__width-auto elementor-widget elementor-widget-button\" data-id=\"7d71cf4\" data-element_type=\"widget\" data-e-type=\"widget\" data-widget_type=\"button.default\">\n\t\t\t\t<div class=\"elementor-widget-container\">\n\t\t\t\t\t\t\t\t\t<div class=\"elementor-button-wrapper\">\n\t\t\t\t\t<a class=\"elementor-button elementor-button-link elementor-size-xs\" href=\"https:\/\/maxvrlist.com\/es\/mk7-rules\/\">\n\t\t\t\t\t\t<span class=\"elementor-button-content-wrapper\">\n\t\t\t\t\t\t\t\t\t<span class=\"elementor-button-text\">MK7<\/span>\n\t\t\t\t\t<\/span>\n\t\t\t\t\t<\/a>\n\t\t\t\t<\/div>\n\t\t\t\t\t\t\t\t<\/div>\n\t\t\t\t<\/div>\n\t\t\t\t\t<\/div>\n\t\t<\/div>\n\t\t\t\t\t<\/div>\n\t\t<\/section>\n\t\t\t\t<section class=\"elementor-section elementor-top-section elementor-element elementor-element-2a24a87 elementor-section-full_width elementor-section-height-default elementor-section-height-default\" data-id=\"2a24a87\" data-element_type=\"section\" data-e-type=\"section\" data-settings=\"{&quot;background_background&quot;:&quot;classic&quot;}\">\n\t\t\t\t\t\t<div class=\"elementor-container elementor-column-gap-default\">\n\t\t\t\t\t<div class=\"elementor-column elementor-col-100 elementor-top-column elementor-element elementor-element-66f0f5b\" data-id=\"66f0f5b\" data-element_type=\"column\" data-e-type=\"column\">\n\t\t\t<div class=\"elementor-widget-wrap elementor-element-populated\">\n\t\t\t\t\t\t<div class=\"elementor-element elementor-element-483b2a0 elementor-widget elementor-widget-heading\" data-id=\"483b2a0\" data-element_type=\"widget\" data-e-type=\"widget\" data-widget_type=\"heading.default\">\n\t\t\t\t<div class=\"elementor-widget-container\">\n\t\t\t\t\t<h2 class=\"elementor-heading-title elementor-size-default\"><u>Requisitos de las pruebas<\/u><\/h2>\t\t\t\t<\/div>\n\t\t\t\t<\/div>\n\t\t\t\t<div class=\"elementor-element elementor-element-0c73a44 elementor-widget elementor-widget-text-editor\" data-id=\"0c73a44\" data-element_type=\"widget\" data-e-type=\"widget\" data-widget_type=\"text-editor.default\">\n\t\t\t\t<div class=\"elementor-widget-container\">\n\t\t\t\t\t\t\t\t\t\n<p>El objetivo de la Max VR List es reunir todos los logros de m\u00e1x VR y BR para varios juegos de Mario Kart. Obtenemos informaci\u00f3n de varias fuentes como Twitter, YouTube, Twitch, Archiverse o nuestro servidor de Discord. Sin embargo, puedes enviar tu propio logro, as\u00ed como el de alguien m\u00e1s. Para hacerlo, debes proporcionar una prueba.<\/p>\n<ul>\n<li>Estos son todos los formatos posibles de prueba, ordenados por preferencia:\n<ul>\n<li><strong>[Todos]<\/strong> Foto de los resultados de la carrera o de la batalla donde obtuviste el m\u00e1x por primera vez.<\/li>\n<li><strong>[MK8]<\/strong> Foto de los resultados de la carrera o de la batalla donde obtuviste el m\u00e1x por primera vez de MKTV.<\/li>\n<li><strong>[MK7]<\/strong> Foto en sala justo despu\u00e9s de la carrera o la batalla donde obtuviste el m\u00e1x por primera vez.<\/li>\n<li><strong>[MK8]<\/strong> Foto de la previsualizaci\u00f3n de la carrera o de la batalla donde obtuviste el max por primera vez de MKTV (esto no prueba si es VR o BR, pero aun as\u00ed es preferible a otros formatos ya que muestra donde fue ha sido obtenido el m\u00e1x).<\/li>\n<li><b>[MK7\/MK8DX]<\/b> Foto de cualquier otra carrera o batalla online que muestre tu m\u00e1x.<\/li>\n<li><b>[MK8]<\/b> Foto de los resultados de cualquier carrera o batalla online en MKTV que muestre tu m\u00e1x.<\/li>\n<li><b>[MK7\/MK8DX]<\/b> Foto de tus estad\u00edsticas (este es el \u00fanico formato v\u00e1lido para el m\u00e1x 4 valores de MK7 y otros logros relacionados).<\/li>\n<li><b>[MK8]<\/b> Foto de la previsualizaci\u00f3n de cualquier carrera o batalla online en MKTV que muestre tu m\u00e1x (esto no prueba si es VR o BR).<\/li>\n<li><b>[MK8]<\/b> Foto de tus estad\u00edsticas (esto no prueba que sea tuyo porque el Mii no aparece).<\/li>\n<\/ul>\n<\/li>\n<li>Las pruebas en forma de v\u00eddeo ayudan, pero lo que aparecer\u00e1 en la lista siempre ser\u00e1 una foto.<\/li>\n<li>Un formato peor puede ser preferido si la foto de mejor formato tiene mala calidad o no muestra toda la pantalla.<\/li>\n<li>En la mayor\u00eda de los casos te reconoceremos y a\u00f1adiremos directamente a la lista. De lo contrario, se te puede pedir que proporciones pruebas adicionales, como todas tus estad\u00edsticas o tu tiempo jugado.<\/li>\n<li>Adicionalmente, debes proporcionar una foto de tu tiempo jugado para figurar en cualquier clasificaci\u00f3n de speedrun basado en tiempo jugado.\u00a0<\/li>\n<li>Si tu tiempo jugado incluye algo adem\u00e1s del speedrun y crees que tu tiempo deber\u00eda ser m\u00e1s bajo, debes enviar todas tus estad\u00edsticas para que sean analizadas.<\/li>\n<li>Tambi\u00e9n debes proveer las fechas (o las horas exacta si es posible) en las que jugaste tu primer y tu \u00faltima carrera o batalla para figurar en cualquier clasificaci\u00f3n de speedrun basado en tiempo real.<\/li>\n<\/ul>\n\t\t\t\t\t\t\t\t<\/div>\n\t\t\t\t<\/div>\n\t\t\t\t<div class=\"elementor-element elementor-element-d7577f2 elementor-widget elementor-widget-heading\" data-id=\"d7577f2\" data-element_type=\"widget\" data-e-type=\"widget\" data-widget_type=\"heading.default\">\n\t\t\t\t<div class=\"elementor-widget-container\">\n\t\t\t\t\t<h2 class=\"elementor-heading-title elementor-size-default\"><u>Reglas generales<\/u><\/h2>\t\t\t\t<\/div>\n\t\t\t\t<\/div>\n\t\t\t\t<div class=\"elementor-element elementor-element-35cc97d elementor-widget elementor-widget-text-editor\" data-id=\"35cc97d\" data-element_type=\"widget\" data-e-type=\"widget\" data-widget_type=\"text-editor.default\">\n\t\t\t\t<div class=\"elementor-widget-container\">\n\t\t\t\t\t\t\t\t\t<p>Todas estas reglas deben ser seguidas para que un m\u00e1x sea v\u00e1lido para su respectiva lista:<\/p>\n<ul>\n<li>No se permiten modificaciones al juego que se considere que dan alguna ventaja. Esto incluye, pero no se limita a, hacks de velocidad, hacks de objetos, hacks de invencibilidad y hacks de conducci\u00f3n autom\u00e1tica.\u00a0\n<ul>\n<li>Alguien con hacks de objetos no te puede ayudar a ganar a otros jugadores intencionadamente.<\/li>\n<li>Los cambios cosm\u00e9ticos (colores, texturas, m\u00fasica, sonido) est\u00e1n permitidos, ya que no se considera que den ninguna ventaja.<\/li>\n<li>Debido a que ning\u00fan desbloqueable requiere jugar online, est\u00e1 permitido usar hacks para desbloquearlos.<\/li>\n<\/ul>\n<\/li>\n<li>Nadie con un m\u00e1x hackeado puede ayudarte intencionadamente.<\/li>\n<li>El VR extender es un hack que puede poner VR de 6 d\u00edgitos. Cualquier m\u00e1x con ayuda intencionada de jugadores usando VR extender no contar\u00e1.<\/li>\n<li>Los casos de jugadores crasheando salas ser\u00e1n estudiados. El staff se reserva el derecho de no contar el m\u00e1x de alguien si se ha beneficiado de crashear salas.<\/li>\n<li>Hacer copias de seguridad de los datos de guardado est\u00e1 permitido, ya sea con herramientas proporcionadas por Nintendo (vea como hacer copias de seguridad en <a href=\"https:\/\/en-americas-support.nintendo.com\/app\/answers\/detail\/a_id\/70\/~\/how-to-back-up-save-data\" target=\"_blank\" rel=\"noopener\">Nintendo 3DS<\/a> (solo para juegos digitales), <a href=\"https:\/\/en-americas-support.nintendo.com\/app\/answers\/detail\/a_id\/2865\/~\/how-to-back-up-save-data\" target=\"_blank\" rel=\"noopener\">Wii U<\/a> y <a href=\"https:\/\/en-americas-support.nintendo.com\/app\/answers\/detail\/a_id\/41206\/~\/how-to-back-up-save-data\" target=\"_blank\" rel=\"noopener\">Nintendo Switch<\/a>) o por modificaciones (como Checkpoint para Nintendo 3DS y Nintendo Switch o SaveMii para Wii U).<br \/>\n<ul>\n<li>En caso de p\u00e9rdida o corrupci\u00f3n de datos, puedes recuperar tu \u00faltima copia de seguridad o bien editar tu VR y tu BR (as\u00ed como las estad\u00edsticas para Mario Kart 7) en funci\u00f3n de lo que recuerdes que ten\u00edas. Siempre se recomienda contactar al staff en caso de usar el segundo m\u00e9todo.<\/li>\n<\/ul>\n<\/li>\n<li>Duplicar datos de guardado no est\u00e1 permitido.<br \/>\n<ul>\n<li>Esto incluye el m\u00e9todo para usar la misma cuenta m\u00e1s de una vez en Mario Kart 8 Deluxe teni\u00e9ndola en varias Nintendo Switches y seleccion\u00e1ndola como jugador 2.<br \/>\n<ul>\n<li>Se puede hacer una excepci\u00f3n si la cuenta tiene m\u00e1x CR para utilizar su m\u00e1x VR y su m\u00e1x BR al mismo tiempo.<\/li>\n<\/ul>\n<\/li>\n<\/ul>\n<\/li>\n<li>Las cuentas son individuales. Solo el propietario original debe usarla. Cualquier m\u00e1x en el que hayan participado dos o m\u00e1s personas para su finalizaci\u00f3n no contar\u00e1.\n<ul>\n<li>En caso de que otras personas hayan intentado jugar en nombre de alguien, necesitar\u00e1n mandar fotos (no capturas de pantalla) al staff constantemente (al menos una para cada 1000 VR o BR ganados), para probar que son ellos los que realmente est\u00e1n jugando, para hacer que m\u00e1ximos futuros cuenten.<\/li>\n<li>Esto significa que nadie puede usar la cuenta de alguien m\u00e1s con un m\u00e1x para ayudar a su propietario original a ganar en una cuenta diferente.<\/li>\n<\/ul>\n<\/li>\n<li>Debes especificar tu nacionalidad real. Jugadores con doble\/m\u00faltiple nacionalidad pueden elegir su pa\u00eds preferido. Sin embargo, el staff se reserva el derecho de cambiar la nacionalidad de cualquier jugador si lo considera oportuno.<\/li>\n<li>Las reglas aqu\u00ed indicadas est\u00e1n sujetas a cambios. El staff se reserva el derecho de a\u00f1adir o eliminar jugadores y\/o m\u00e1ximos del sitio web con o sin un cambio en el conjunto de reglas, con o sin previo aviso.<\/li>\n<\/ul>\n<!-- \/wp:paragraph -->\t\t\t\t\t\t\t\t<\/div>\n\t\t\t\t<\/div>\n\t\t\t\t<div class=\"elementor-element elementor-element-028857c elementor-widget elementor-widget-heading\" data-id=\"028857c\" data-element_type=\"widget\" data-e-type=\"widget\" data-widget_type=\"heading.default\">\n\t\t\t\t<div class=\"elementor-widget-container\">\n\t\t\t\t\t<h2 class=\"elementor-heading-title elementor-size-default\"><u>Estrategias permitidas<\/u><\/h2>\t\t\t\t<\/div>\n\t\t\t\t<\/div>\n\t\t\t\t<div class=\"elementor-element elementor-element-a483b2f elementor-widget elementor-widget-text-editor\" data-id=\"a483b2f\" data-element_type=\"widget\" data-e-type=\"widget\" data-widget_type=\"text-editor.default\">\n\t\t\t\t<div class=\"elementor-widget-container\">\n\t\t\t\t\t\t\t\t\t<p>Estos son m\u00e9todos conocidos que hacen ganar VR o BR m\u00e1s r\u00e1pido. Si se encuentra una nueva estrategia, el staff se reserva el derecho de declararla inv\u00e1lida.<\/p>\n<ul>\n<li><strong>Uso de la lista de jugadores recientes:<\/strong> Esto permite evadir el matchmaking y encontrar salas con jugadores que tengan VR o BR mucho m\u00e1s alto o bajo. Los jugadores tambi\u00e9n se pueden unir a alguien m\u00e1s o a una consola secundaria para evadir el matchmaking.<\/li>\n<li><strong>Estrategia de Naw:<\/strong> Estrategia que consiste en usar una cuenta con m\u00e1x VR como jugador 2 en carreras de Mario Kart 8 Deluxe, activando el volante inteligente, y acelerando manualmente de forma constante, normalmente dejando el joy con derecho de manera que siempre acelere con el stick.\n<ul>\n<li>Puede ser utilizada tambi\u00e9n para evadir el matchmaking en caso de no poder usar ninguno de los m\u00e9todos de arriba, usando la cuenta de VR m\u00e1s alto o m\u00e1s bajo como jugador 1, y la cuenta principal como jugador 2. Sin embargo, el tiempo jugado tiene que ser supervisado manualmente en caso de aspirar a un espacio en una clasificaci\u00f3n de speedrun.<\/li>\n<li>Debido a que el volante inteligente no existe en Mario Kart 8, algo como esto ser\u00eda demasiado dif\u00edcil y arriesgado para el peque\u00f1o beneficio que da.<\/li>\n<\/ul>\n<\/li>\n<li><strong>VR\/BR trick:<\/strong> M\u00e9todo para poner bots (normalmente con m\u00e1x VR o BR) en el multijugador online.\n<ul>\n<li>En Mario Kart 7, se hace cerrando el juego justo despu\u00e9s de que el circuito haya sido seleccionado. El lapso de tiempo para hacerlo es extremadamente corto.\u00a0<\/li>\n<li>En Mario Kart 8 y Mario Kart 8 Deluxe, se hace no eligiendo un circuito, y saliendo de la sala despu\u00e9s de que el bot\u00f3n B desaparezca en consolas que ya han elegido un circuito. En caso de no poder ver cuando eso sucede, la cuenta atr\u00e1s es el mejor indicador. Normalmente se usa jugador 2.<\/li>\n<\/ul>\n<\/li>\n<li><strong>Batalla AFK:<\/strong> Este concepto tuvo sus or\u00edgenes en Mario Kart 7 ya que, al contrario que en otros juegos, no es necesario acelerar manualmente ni siquiera una vez, as\u00ed que algunos jugadores se quedaban AFK durante horas en salas normales. Consiste en hacer una sala exclusivamente con, mayoritariamente jugadores AFK (normalmente con m\u00e1x VR o BR), y unos pocos jugadores tomando muy pocos puntos y ganando VR o BR. Las cuentas AFK usan copias de seguridad frecuentemente en caso de que tengan el m\u00e1x. <strong>Esta es la mejor estrategia para ganar VR de Mario Kart 7, BR de Mario Kart 8 y BR de Mario Kart 8 Deluxe<\/strong>, debido a que apenas toma tiempo (se puede hacer mientras se hace casi cualquier otra cosa), y los jugadores pueden ganar en varias cuentas al mismo tiempo.<\/li>\n<li><b>Estrategia de Bee Mario:<\/b> Estrategia que consiste en provocar el final de una carrera instant\u00e1neamente porque solo quede una consola en ella. Tiene que haber alguien de espectador en la sala, de lo contrario ocurre una desconexi\u00f3n usual. Se requiere un m\u00ednimo de tres consolas, ya que una debe quedarse en la sala, al menos una debe estar de espectador, y al menos una debe hacer VR trick. La que se queda en la sala tiene que ser la primera que entra en ella, y por tanto acaba en primera posici\u00f3n. Se suele representar con un emoji de una abeja, en honor a los dos primeros jugadores que la utilizaron: \u30cf\u30c1\u30de\u30ea\u30aa (Bee Mario) y \u30d1\u30b9\u30c6\u30eb (TwinBee Pastel).\n<ul>\n<li>En Mario Kart 8 y Mario Kart 8 Deluxe, las consolas utilizadas para estar de espectador en la sala, realmente hacen VR trick y se vuelven a unir extremadamente r\u00e1pido, mientras en una de ellas, el juego es cerrado justo durante la previsualizaci\u00f3n de la carrera. Cuando esta \u00faltima consola entra en la sala, el proceso se repite, a no ser que una persona aleatoria entre. <strong>Esta es la mejor estrategia para ganar VR de Mario Kart 8 y VR de Mario Kart 8 Deluxe<\/strong>, debido a que es extremadamente r\u00e1pida, especialmente si todas las cuentas haciendo VR trick tienen el m\u00e1x VR. Adem\u00e1s, en Mario Kart 8 Deluxe, los jugadores pueden ganar en dos cuentas al mismo tiempo usando jugador 2.<\/li>\n<li>En Mario Kart 7, tiene que haber una consola ya estando de espectador antes de que el resto hagan VR trick, ya que no se pueden volver a unir lo suficientemente r\u00e1pido. Esto tambi\u00e9n hace imposible encadenarla, por lo que apenas es viable.<\/li>\n<li>Se pueden hacer algunas adaptaciones para el modo batalla para evitar terminar en empate, pero en general la batalla AFK es una mejor estrategia en este caso, aunque no m\u00e1s r\u00e1pida para speedruns.<\/li>\n<\/ul>\n<\/li>\n<li><b>Estrategia de Hern\u00e1n:<\/b> Estrategia para BR de Mario Kart 8 que puede provocar el final de una batalla instant\u00e1neamente al usar jugador 2 en la consola principal. Se requiere un m\u00ednimo de dos consolas, ya que una debe quedarse en la sala y al menos una debe hacer BR trick. Una vez todas las consolas menos la principal hayan hecho BR trick, el jugador 1 debe eliminar al jugador 2 para acabar la batalla, por lo que no permite ganar en dos cuentas al mismo tiempo.<\/li>\n<\/ul>\t\t\t\t\t\t\t\t<\/div>\n\t\t\t\t<\/div>\n\t\t\t\t<div class=\"elementor-element elementor-element-17053c3 elementor-widget elementor-widget-heading\" data-id=\"17053c3\" data-element_type=\"widget\" data-e-type=\"widget\" data-widget_type=\"heading.default\">\n\t\t\t\t<div class=\"elementor-widget-container\">\n\t\t\t\t\t<h2 class=\"elementor-heading-title elementor-size-default\"><u>Mario Kart 7 and Mario Kart 8 after Nintendo Network shutdown<\/u><\/h2>\t\t\t\t<\/div>\n\t\t\t\t<\/div>\n\t\t\t\t<div class=\"elementor-element elementor-element-e69bb00 elementor-widget elementor-widget-text-editor\" data-id=\"e69bb00\" data-element_type=\"widget\" data-e-type=\"widget\" data-widget_type=\"text-editor.default\">\n\t\t\t\t<div class=\"elementor-widget-container\">\n\t\t\t\t\t\t\t\t\t<p><span style=\"font-size: 15px;\">Max VR List staff has voted in favor of Mario Kart 7 and Mario Kart 8 lists being discontinued when Nintendo Network services shut down. This implies:<\/span><\/p>\n<ul>\n<li>Maxes achieved on Pretendo may be added to separate lists.<\/li>\n<li>It is not allowed to transfer data previous to shutdown from Nintendo Network to Pretendo Network. This includes:\n<ul>\n<li>Non-finished accounts to continue on Pretendo.<\/li>\n<li>Maxed accounts to boost a new one.<\/li>\n<\/ul>\n<\/li>\n<li>Maxes achieved on Pretendo will not count towards All Max Ratings or total rating.<\/li>\n<li>Current AMR will still be possible to achieve after shutdown by completing every max from MK7 and MK8 before shutdown and completing MK8DX afterwards.<\/li>\n<li>Mario Kart 7 max 4 value and 5 value will still be possible to achieve but it is not allowed to grind on Pretendo or CTGP-7.<\/li>\n<\/ul>\n<p>Pretendo&#8217;s plans regarding integrated VR leaderboards or allowance of VR grinding strats are currently unknown.<\/p>\t\t\t\t\t\t\t\t<\/div>\n\t\t\t\t<\/div>\n\t\t\t\t\t<\/div>\n\t\t<\/div>\n\t\t\t\t\t<\/div>\n\t\t<\/section>\n\t\t\t\t<\/div>","protected":false},"excerpt":{"rendered":"<p>General MK7 Proof requirements Max VR List&#8217;s objective is gathering every max VR and BR achievement for various Mario Kart games. We collect information from sources such as Twitter, YouTube, Twitch, Archiverse or our Discord server. However, you can submit your own achievement, as well as someone else&#8217;s. In order to do so, you must &hellip;<\/p>\n<p class=\"read-more\"> <a class=\"\" href=\"https:\/\/maxvrlist.com\/es\/rules\"> <span class=\"screen-reader-text\">Reglas<\/span> Leer m\u00e1s &raquo;<\/a><\/p>","protected":false},"author":1,"featured_media":0,"parent":0,"menu_order":0,"comment_status":"closed","ping_status":"closed","template":"elementor_header_footer","meta":{"_monsterinsights_skip_tracking":false,"_monsterinsights_sitenote_active":false,"_monsterinsights_sitenote_note":"","_monsterinsights_sitenote_category":0,"site-sidebar-layout":"no-sidebar","site-content-layout":"page-builder","ast-global-header-display":"","ast-main-header-display":"","ast-hfb-above-header-display":"","ast-hfb-below-header-display":"","ast-hfb-mobile-header-display":"","site-post-title":"disabled","ast-breadcrumbs-content":"","ast-featured-img":"disabled","footer-sml-layout":"","theme-transparent-header-meta":"default","adv-header-id-meta":"","stick-header-meta":"","header-above-stick-meta":"","header-main-stick-meta":"","header-below-stick-meta":"","footnotes":""},"class_list":["post-3624","page","type-page","status-publish","hentry"],"_links":{"self":[{"href":"https:\/\/maxvrlist.com\/es\/wp-json\/wp\/v2\/pages\/3624","targetHints":{"allow":["GET"]}}],"collection":[{"href":"https:\/\/maxvrlist.com\/es\/wp-json\/wp\/v2\/pages"}],"about":[{"href":"https:\/\/maxvrlist.com\/es\/wp-json\/wp\/v2\/types\/page"}],"author":[{"embeddable":true,"href":"https:\/\/maxvrlist.com\/es\/wp-json\/wp\/v2\/users\/1"}],"replies":[{"embeddable":true,"href":"https:\/\/maxvrlist.com\/es\/wp-json\/wp\/v2\/comments?post=3624"}],"version-history":[{"count":9,"href":"https:\/\/maxvrlist.com\/es\/wp-json\/wp\/v2\/pages\/3624\/revisions"}],"predecessor-version":[{"id":23109,"href":"https:\/\/maxvrlist.com\/es\/wp-json\/wp\/v2\/pages\/3624\/revisions\/23109"}],"wp:attachment":[{"href":"https:\/\/maxvrlist.com\/es\/wp-json\/wp\/v2\/media?parent=3624"}],"curies":[{"name":"wp","href":"https:\/\/api.w.org\/{rel}","templated":true}]}}