{"id":7643,"date":"2021-03-21T00:35:40","date_gmt":"2021-03-21T00:35:40","guid":{"rendered":"https:\/\/maxvrlist.com\/?page_id=7643"},"modified":"2021-04-30T11:43:32","modified_gmt":"2021-04-30T11:43:32","slug":"donate","status":"publish","type":"page","link":"https:\/\/maxvrlist.com\/es\/donate","title":{"rendered":"Donar"},"content":{"rendered":"<div data-elementor-type=\"wp-page\" data-elementor-id=\"7643\" class=\"elementor elementor-7643\">\n\t\t\t\t\t\t<section class=\"elementor-section elementor-top-section elementor-element elementor-element-2b09605 elementor-section-full_width elementor-section-height-default elementor-section-height-default\" data-id=\"2b09605\" data-element_type=\"section\" data-e-type=\"section\" data-settings=\"{&quot;background_background&quot;:&quot;classic&quot;}\">\n\t\t\t\t\t\t<div class=\"elementor-container elementor-column-gap-default\">\n\t\t\t\t\t<div class=\"elementor-column elementor-col-100 elementor-top-column elementor-element elementor-element-f70bbec\" data-id=\"f70bbec\" data-element_type=\"column\" data-e-type=\"column\">\n\t\t\t<div class=\"elementor-widget-wrap elementor-element-populated\">\n\t\t\t\t\t\t<div class=\"elementor-element elementor-element-f335fc5 elementor-widget elementor-widget-heading\" data-id=\"f335fc5\" data-element_type=\"widget\" data-e-type=\"widget\" data-widget_type=\"heading.default\">\n\t\t\t\t<div class=\"elementor-widget-container\">\n\t\t\t\t\t<h2 class=\"elementor-heading-title elementor-size-default\"><u>Donar<\/u><\/h2>\t\t\t\t<\/div>\n\t\t\t\t<\/div>\n\t\t\t\t<div class=\"elementor-element elementor-element-71834ae elementor-widget elementor-widget-text-editor\" data-id=\"71834ae\" data-element_type=\"widget\" data-e-type=\"widget\" data-widget_type=\"text-editor.default\">\n\t\t\t\t<div class=\"elementor-widget-container\">\n\t\t\t\t\t\t\t\t\t<p>No estamos publicando anuncios en Max VR List para una mejor experiencia de usuario. Sin embargo, mantener este sitio activo y constantemente actualizado requiere tiempo y dinero. Aqu\u00ed puedes hacer una donaci\u00f3n voluntaria a trav\u00e9s de PayPal. Puedes pagar tanto con tu balance de PayPal como con tarjeta de cr\u00e9dito. Para donar, escanea el c\u00f3digo QR de abajo usando la aplicaci\u00f3n de PayPal (recomedado, ya que las tasas son menores), o clica en el bot\u00f3n \"Donar\" de abajo. \u00a1Toda donaci\u00f3n es muy apreciada!<\/p>\t\t\t\t\t\t\t\t<\/div>\n\t\t\t\t<\/div>\n\t\t\t\t<div class=\"elementor-element elementor-element-03270ba elementor-widget elementor-widget-image\" data-id=\"03270ba\" data-element_type=\"widget\" data-e-type=\"widget\" data-widget_type=\"image.default\">\n\t\t\t\t<div class=\"elementor-widget-container\">\n\t\t\t\t\t\t\t\t\t\t\t\t\t\t\t<img decoding=\"async\" width=\"150\" height=\"150\" src=\"https:\/\/maxvrlist.com\/images\/icons\/paypal-150x150.png\" class=\"attachment-thumbnail size-thumbnail wp-image-8607\" alt=\"\" srcset=\"https:\/\/maxvrlist.com\/images\/icons\/paypal-150x150.png 150w, https:\/\/maxvrlist.com\/images\/icons\/paypal-300x300.png 300w, https:\/\/maxvrlist.com\/images\/icons\/paypal.png 360w\" sizes=\"(max-width: 150px) 100vw, 150px\" \/>\t\t\t\t\t\t\t\t\t\t\t\t\t\t\t<\/div>\n\t\t\t\t<\/div>\n\t\t\t\t<div class=\"elementor-element elementor-element-a9cc1f4 elementor-widget elementor-widget-spacer\" data-id=\"a9cc1f4\" data-element_type=\"widget\" data-e-type=\"widget\" data-widget_type=\"spacer.default\">\n\t\t\t\t<div class=\"elementor-widget-container\">\n\t\t\t\t\t\t\t<div class=\"elementor-spacer\">\n\t\t\t<div class=\"elementor-spacer-inner\"><\/div>\n\t\t<\/div>\n\t\t\t\t\t\t<\/div>\n\t\t\t\t<\/div>\n\t\t\t\t<div class=\"elementor-element elementor-element-07de25b elementor-widget elementor-widget-text-editor\" data-id=\"07de25b\" data-element_type=\"widget\" data-e-type=\"widget\" data-widget_type=\"text-editor.default\">\n\t\t\t\t<div class=\"elementor-widget-container\">\n\t\t\t\t\t\t\t\t\t<form action=\"https:\/\/www.paypal.com\/donate\" method=\"post\" target=\"_top\" data-trp-original-action=\"https:\/\/www.paypal.com\/donate\">\n<input type=\"hidden\" name=\"hosted_button_id\" value=\"CNAMKPP6JS47C\" \/>\n<input type=\"image\" src=\"https:\/\/www.paypalobjects.com\/en_US\/ES\/i\/btn\/btn_donateCC_LG.gif\" border=\"0\" name=\"submit\" title=\"PayPal - The safer, easier way to pay online!\" alt=\"Donate with PayPal button\" \/>\n<img decoding=\"async\" alt=\"\" border=\"0\" src=\"https:\/\/www.paypal.com\/en_ES\/i\/scr\/pixel.gif\" width=\"1\" height=\"1\" \/>\n<input type=\"hidden\" name=\"trp-form-language\" value=\"es\"\/><\/form>\n\t\t\t\t\t\t\t\t<\/div>\n\t\t\t\t<\/div>\n\t\t\t\t\t<\/div>\n\t\t<\/div>\n\t\t\t\t\t<\/div>\n\t\t<\/section>\n\t\t\t\t<section class=\"elementor-section elementor-top-section elementor-element elementor-element-4ba56ba elementor-section-boxed elementor-section-height-default elementor-section-height-default\" data-id=\"4ba56ba\" data-element_type=\"section\" data-e-type=\"section\">\n\t\t\t\t\t\t<div class=\"elementor-container elementor-column-gap-default\">\n\t\t\t\t\t<div class=\"elementor-column elementor-col-100 elementor-top-column elementor-element elementor-element-4208506\" data-id=\"4208506\" data-element_type=\"column\" data-e-type=\"column\">\n\t\t\t<div class=\"elementor-widget-wrap elementor-element-populated\">\n\t\t\t\t\t\t\t<\/div>\n\t\t<\/div>\n\t\t\t\t\t<\/div>\n\t\t<\/section>\n\t\t\t\t<\/div>","protected":false},"excerpt":{"rendered":"<p>Donate We aren&#8217;t running ads on Max VR List for better user experience. However, it takes time and money to keep this site up and constantly updated. Here, you can make a voluntary donation below through PayPal. You can pay with either your PayPal balance or credit card. To donate, scan the QR code below &hellip;<\/p>\n<p class=\"read-more\"> <a class=\"\" href=\"https:\/\/maxvrlist.com\/es\/donate\"> <span class=\"screen-reader-text\">Donar<\/span> Leer m\u00e1s &raquo;<\/a><\/p>","protected":false},"author":1,"featured_media":0,"parent":0,"menu_order":0,"comment_status":"closed","ping_status":"closed","template":"","meta":{"_monsterinsights_skip_tracking":false,"_monsterinsights_sitenote_active":false,"_monsterinsights_sitenote_note":"","_monsterinsights_sitenote_category":0,"site-sidebar-layout":"no-sidebar","site-content-layout":"page-builder","ast-global-header-display":"","ast-main-header-display":"","ast-hfb-above-header-display":"","ast-hfb-below-header-display":"","ast-hfb-mobile-header-display":"","site-post-title":"disabled","ast-breadcrumbs-content":"","ast-featured-img":"disabled","footer-sml-layout":"","theme-transparent-header-meta":"default","adv-header-id-meta":"","stick-header-meta":"","header-above-stick-meta":"","header-main-stick-meta":"","header-below-stick-meta":"","footnotes":""},"class_list":["post-7643","page","type-page","status-publish","hentry"],"_links":{"self":[{"href":"https:\/\/maxvrlist.com\/es\/wp-json\/wp\/v2\/pages\/7643","targetHints":{"allow":["GET"]}}],"collection":[{"href":"https:\/\/maxvrlist.com\/es\/wp-json\/wp\/v2\/pages"}],"about":[{"href":"https:\/\/maxvrlist.com\/es\/wp-json\/wp\/v2\/types\/page"}],"author":[{"embeddable":true,"href":"https:\/\/maxvrlist.com\/es\/wp-json\/wp\/v2\/users\/1"}],"replies":[{"embeddable":true,"href":"https:\/\/maxvrlist.com\/es\/wp-json\/wp\/v2\/comments?post=7643"}],"version-history":[{"count":0,"href":"https:\/\/maxvrlist.com\/es\/wp-json\/wp\/v2\/pages\/7643\/revisions"}],"wp:attachment":[{"href":"https:\/\/maxvrlist.com\/es\/wp-json\/wp\/v2\/media?parent=7643"}],"curies":[{"name":"wp","href":"https:\/\/api.w.org\/{rel}","templated":true}]}}