{"id":859,"date":"2020-08-21T01:10:27","date_gmt":"2020-08-21T01:10:27","guid":{"rendered":"https:\/\/maxvrlist.com\/?page_id=859"},"modified":"2026-04-11T19:50:53","modified_gmt":"2026-04-11T19:50:53","slug":"about","status":"publish","type":"page","link":"https:\/\/maxvrlist.com\/es\/about","title":{"rendered":"Acerca de"},"content":{"rendered":"<div data-elementor-type=\"wp-page\" data-elementor-id=\"859\" class=\"elementor elementor-859\">\n\t\t\t\t\t\t<section class=\"elementor-section elementor-top-section elementor-element elementor-element-2b19635c elementor-section-full_width elementor-section-height-default elementor-section-height-default\" data-id=\"2b19635c\" data-element_type=\"section\" data-e-type=\"section\" data-settings=\"{&quot;background_background&quot;:&quot;classic&quot;}\">\n\t\t\t\t\t\t<div class=\"elementor-container elementor-column-gap-default\">\n\t\t\t\t\t<div class=\"elementor-column elementor-col-100 elementor-top-column elementor-element elementor-element-5947700b\" data-id=\"5947700b\" data-element_type=\"column\" data-e-type=\"column\">\n\t\t\t<div class=\"elementor-widget-wrap elementor-element-populated\">\n\t\t\t\t\t\t<div class=\"elementor-element elementor-element-a0f954d elementor-widget elementor-widget-heading\" data-id=\"a0f954d\" data-element_type=\"widget\" data-e-type=\"widget\" data-widget_type=\"heading.default\">\n\t\t\t\t<div class=\"elementor-widget-container\">\n\t\t\t\t\t<h2 class=\"elementor-heading-title elementor-size-default\"><u>Glosario<\/u><\/h2>\t\t\t\t<\/div>\n\t\t\t\t<\/div>\n\t\t\t\t<div class=\"elementor-element elementor-element-21853b7 elementor-widget elementor-widget-text-editor\" data-id=\"21853b7\" data-element_type=\"widget\" data-e-type=\"widget\" data-widget_type=\"text-editor.default\">\n\t\t\t\t<div class=\"elementor-widget-container\">\n\t\t\t\t\t\t\t\t\t<p>Aqu\u00ed hay una lista que explica la jerga y la terminolog\u00eda que se puede encontrar en este sitio:<\/p>\n<ul>\n<li><strong>MKDS:<\/strong> Mario Kart DS.<\/li>\n<li><strong>MK7:<\/strong> Mario Kart 7.<\/li>\n<li><strong>MK8:<\/strong> Mario Kart 8.<\/li>\n<li><strong>MK8DX:<\/strong> Mario Kart 8 Deluxe.<\/li>\n<li><strong>VR: <\/strong>Versus Rating (PC o Puntos de Carrera en espa\u00f1ol)<span class=\"nounderlines\">,\u2008<\/span>puntos que se pueden obtener jugando carreras en l\u00ednea (los VR tambi\u00e9n se pueden obtener en batallas en MK7).<\/li>\n<li><strong>BR:<\/strong> Battle Rating (Puntos de Batalla en espa\u00f1ol)<span class=\"nounderlines\">,\u2008<\/span>puntos que se pueden obtener jugando batallas en l\u00ednea.<\/li>\n<li><strong>M\u00e1x VR:<\/strong> La mayor cantidad posible de VR obtenible. Este valor es\u00a0<strong>99999<\/strong>\u00a0en MK7, MK8 y MK8DX.<\/li>\n<li><strong>M\u00e1x BR:<\/strong> La mayor cantidad posible de BR obtenible. Este valor es\u00a0<strong>99999<\/strong> en MK8 y MK8DX.<\/li>\n<li><strong>M\u00e1x CR:<\/strong> M\u00e1x Combined Rating (M\u00e1xima Puntuaci\u00f3n Combinada en espa\u00f1ol)<span class=\"nounderlines\">,\u2008<\/span>tener m\u00e1x VR y m\u00e1x BR en el mismo juego. Era conocido como WVR hasta el 29 de diciembre de 2019.<\/li>\n<li><strong>AMR:<\/strong> All Max Ratings (Todas las M\u00e1ximas Puntuaciones en espa\u00f1ol)<span class=\"nounderlines\">,\u2008<\/span>actualmente tener el m\u00e1x VR de MK7, el m\u00e1x VR de MK8, el m\u00e1x BR de MK8, el m\u00e1x VR de MK8DX y el m\u00e1x BR de MK8DX.<\/li>\n<li><strong>VR2, VR3, VR4, etc.:<\/strong> El m\u00e1x VR alcanzado dos veces o m\u00e1s en diferentes cuentas por el mismo jugador.<\/li>\n<li><strong>BR2, BR3, BR4, etc.:<\/strong> El m\u00e1x BR alcanzado dos veces o m\u00e1s en diferentes cuentas por el mismo jugador.<\/li>\n<li><strong>CR2, CR3, CR4, etc.:<\/strong> El m\u00e1x CR alcanzado dos veces o m\u00e1s en diferentes cuentas por el mismo jugador.<\/li>\n<li><strong>AMR2, AMR3, AMR4, etc.:<\/strong> El AMR alcanzado dos veces o m\u00e1s en diferentes cuentas por el mismo jugador.<\/li>\n<li><strong>SVR:<\/strong> Simultaneous VR (VR Simult\u00e1neo en espa\u00f1ol)<span class=\"nounderlines\">,\u2008<\/span>dos m\u00e1x VR alcanzados en la misma carrera o batalla.<\/li>\n<li><strong>SBR:<\/strong> Simultaneous BR (BR Simult\u00e1neo en espa\u00f1ol)<span class=\"nounderlines\">,\u2008<\/span>dos m\u00e1x BR alcanzados en la misma batalla.<\/li>\n<li><strong>SCR:<\/strong> Simultaneous CR (CR Simult\u00e1neo en espa\u00f1ol)<span class=\"nounderlines\">,\u2008<\/span>dos m\u00e1x CR alcanzados en la misma carrera o batalla.<\/li>\n<li><strong>SAMR:<\/strong> Simultaneous AMR (AMR Simult\u00e1neo en espa\u00f1ol)<span class=\"nounderlines\">,\u2008<\/span>dos AMR alcanzados en la misma carrera o batalla.<\/li>\n<li><strong>3\u00d7SVR, 4\u00d7SVR, 5\u00d7SVR, etc.:<\/strong> Triple, Cu\u00e1druple, Qu\u00edntuple... SVR<span class=\"nounderlines\">,\u2008<\/span>tres o m\u00e1s m\u00e1x VR alcanzados en la misma carrera o batalla. El SVR m\u00e1s alto es <strong>7\u00d7SVR<\/strong> en MK7 y <strong>6\u00d7SVR<\/strong> en MK8 y MK8DX. Era conocido como TSVR, QSVR, y n-tuple SVR para 5\u2264n\u22647 hasta el 29 de diciembre de 2023.<\/li>\n<li><strong>3\u00d7SBR, 4\u00d7SBR, 5\u00d7SBR, etc.:<\/strong> Triple, Cu\u00e1druple, Qu\u00edntuple... SBR<span class=\"nounderlines\">,\u2008<\/span>tres o m\u00e1s m\u00e1x BR alcanzados en la misma batalla. El SBR m\u00e1s alto es <strong>12\u00d7SBR<\/strong> en MK8 y MK8DX. Era conocido como TSBR, QSBR, y n-tuple SBR para 5\u2264n\u226412 hasta el 29 de diciembre de 2023.<\/li>\n<li><strong>3\u00d7SCR, 4\u00d7SCR, 5\u00d7SCR, etc.:<\/strong> Triple, Cu\u00e1druple, Qu\u00edntuple... SCR<span class=\"nounderlines\">,\u2008<\/span>tres o m\u00e1s m\u00e1x CR alcanzados en la misma carrera o batalla. El SCR m\u00e1s alto es <strong>12\u00d7SCR<\/strong> en MK8 y MK8DX. Era conocido como TSCR, QSCR, y n-tuple SCR para 5\u2264n\u226412 hasta el 29 de diciembre de 2023.<\/li>\n<li><strong>3\u00d7SAMR, 4\u00d7SAMR, 5\u00d7SAMR, etc.:<\/strong> Triple, Cu\u00e1druple, Qu\u00edntuple... SAMR<span class=\"nounderlines\">,\u2008<\/span>tres o m\u00e1s m\u00e1x AMR alcanzados en la misma carrera o batalla. El SAMR m\u00e1s alto es <strong>12\u00d7SAMR.<\/strong><\/li>\n<\/ul>\t\t\t\t\t\t\t\t<\/div>\n\t\t\t\t<\/div>\n\t\t\t\t<div class=\"elementor-element elementor-element-f137a8e elementor-widget elementor-widget-heading\" data-id=\"f137a8e\" data-element_type=\"widget\" data-e-type=\"widget\" data-widget_type=\"heading.default\">\n\t\t\t\t<div class=\"elementor-widget-container\">\n\t\t\t\t\t<h2 class=\"elementor-heading-title elementor-size-default\"><u>Evoluci\u00f3n del sitio<\/u><\/h2>\t\t\t\t<\/div>\n\t\t\t\t<\/div>\n\t\t\t\t<div class=\"elementor-element elementor-element-6672f93 elementor-widget elementor-widget-text-editor\" data-id=\"6672f93\" data-element_type=\"widget\" data-e-type=\"widget\" data-widget_type=\"text-editor.default\">\n\t\t\t\t<div class=\"elementor-widget-container\">\n\t\t\t\t\t\t\t\t\t<p><strong>11 de abril de 2026:<\/strong> Adici\u00f3n de estad\u00edsticas para el m\u00e1x VR14 de Mario Kart 8 Deluxe.<strong><br \/>25 de diciembre de 2024:<\/strong> Adici\u00f3n de estad\u00edsticas para el m\u00e1x 8 valores de Mario Kart 7 y el m\u00e1x VR13 de Mario Kart 8 Deluxe.<strong><br \/>13 de octubre de 2024:<\/strong> Adici\u00f3n de estad\u00edsticas para el m\u00e1x BR4 de Mario Kart 8 Deluxe.<strong><br \/>29 de julio de 2024:<\/strong> Adici\u00f3n de estad\u00edsticas para el m\u00e1x VR12 de Mario Kart 8 Deluxe.<strong><br \/>14 de abril de 2024:<\/strong> Added stats for All Max Ratings.<strong><br \/><\/strong><strong>13 de abril de 2024:<\/strong> Replaced Belgian Mario Kart 7 max VR list with Finnish Mario Kart 7 max VR list. Added stats for Mario Kart 7 max VR7 and max VR8.<strong><br \/><\/strong><strong>9 de abril de 2024:<\/strong> Adici\u00f3n de estad\u00edsticas para el m\u00e1x VR11 de Mario Kart 8 Deluxe.<strong><br \/><\/strong><strong>30 de enero de 2024:<\/strong> Adici\u00f3n de estad\u00edsticas para el m\u00e1x VR4 de Mario Kart 8.<strong><br \/><\/strong><strong>30 de diciembre de 2023:<\/strong> Renombramiento de TS?R a 3\u00d7S?R, QS?R a 4\u00d7S?R y n-tuple S?R a n\u00d7S?R para 5\u2264n\u226412.<strong><br \/><\/strong><strong>29 de diciembre de 2023:<\/strong> Adici\u00f3n de cuentas a todas las listas de simult\u00e1neos.<strong><br \/>26 de diciembre de 2023:<\/strong> Adici\u00f3n de estad\u00edsticas para el m\u00e1x VR6 de Mario Kart 7 y el m\u00e1x VR10 de Mario Kart 8 Deluxe.<strong><br \/>25 de diciembre de 2023:<\/strong> Adici\u00f3n de la clasificaci\u00f3n de speedrun de VR de Mario Kart 8.<strong><br \/>24 de diciembre de 2023:<\/strong> Adici\u00f3n de tiempos exactos a la clasificaci\u00f3n de speedrun de VR de Mario Kart 8 Deluxe (en t\u00e9rminos de tiempo jugado).<strong><br \/>29 de octubre de 2023:<\/strong> Adici\u00f3n de estad\u00edsticas para el m\u00e1x VR9 de Mario Kart 8 Deluxe.<strong><br \/>12 de agosto de 2023:<\/strong> Adici\u00f3n de estad\u00edsticas para el m\u00e1x VR8 de Mario Kart 8 Deluxe.<strong><br \/>April 1, 2023:<\/strong> Added Tencent Mario Kart 8 Deluxe max VR list.<br \/><strong>13 de octubre de 2022:<\/strong> Adici\u00f3n de estad\u00edsticas para el m\u00e1x VR7 de Mario Kart 8 Deluxe.<strong><br \/><\/strong><strong>24 de septiembre de 2022:<\/strong> Adici\u00f3n de estad\u00edsticas para el m\u00e1x CR3 de Mario Kart 8 Deluxe.<br \/><strong>12 de febrero de 2022:<\/strong> Adici\u00f3n de estad\u00edsticas para el m\u00e1x VR6 de Mario Kart 8 Deluxe.<br \/><strong>6 de enero de 2022:<\/strong> Adici\u00f3n de estad\u00edsticas para el m\u00e1x VR3 de Mario Kart 8.<br \/><strong>21 de noviembre de 2021:<\/strong> Adici\u00f3n de estad\u00edsticas para el m\u00e1x BR3 de Mario Kart 8 Deluxe.<br \/><strong>24 de julio de 2021:<\/strong> Adici\u00f3n de estad\u00edsticas para el m\u00e1x CR2 de Mario Kart 8 Deluxe.<br \/><strong>14 de mayo de 2021:<\/strong> Adici\u00f3n de la traducci\u00f3n al franc\u00e9s.<br \/><strong>5 de mayo de 2021:<\/strong> Adici\u00f3n de la traducci\u00f3n al alem\u00e1n.<br \/><strong>1 de mayo de 2021:<\/strong> Adici\u00f3n de la traducci\u00f3n al espa\u00f1ol.<br \/><strong>18 de abril de 2021:<\/strong> Adici\u00f3n de las clasificaciones de puntuaci\u00f3n.<br \/><strong>1 de marzo de 2021:<\/strong> Adici\u00f3n de pruebas en la lista de m\u00e1x VR de Mario Kart 7. Cambio de algunas fechas para seguir el GMT. Adici\u00f3n de la lista brasile\u00f1a de m\u00e1x VR de Mario Kart 7.<br \/><strong>15 de enero de 2021:<\/strong>\u00a0Adici\u00f3n de estad\u00edsticas para el m\u00e1x VR5 de Mario Kart 8 Deluxe.<br \/><strong>7 de enero de 2021:<\/strong>\u00a0Adici\u00f3n de estad\u00edsticas para el m\u00e1x VR5 de Mario Kart 7. <strong><br \/>4 de enero de 2021:<\/strong> Adici\u00f3n de pruebas en la lista de m\u00e1x VR de Mario Kart 8. Correcci\u00f3n de m\u00faltiples NNIDs. Cambio de algunas fechas para seguir el GMT.<br \/><strong>19 de diciembre de 2020:<\/strong> Adici\u00f3n de listas nacionales para el m\u00e1x VR de Mario Kart 7.<br \/><strong>24 de octubre de 2020:<\/strong> Adici\u00f3n de pruebas en la lista de m\u00e1x CR de Mario Kart 8. Cambio de la lista de SCR de Mario Kart 8 Deluxe de solo tener la prueba que demuestra la simultaneidad a tener ambas im\u00e1genes prueba del CR.<br \/><strong>23 de octubre de 2020:<\/strong> Adici\u00f3n de pruebas en la lista de m\u00e1x 4 valores de Mario Kart 7.<br \/><strong>21 de octubre de 2020:<\/strong> Adici\u00f3n de pruebas en las listas de m\u00e1x 8 value y m\u00e1x 5 value de Mario Kart 7, Todas las M\u00e1ximas Puntuaciones y Todas las M\u00e1ximas Puntuaciones (2014).<br \/><strong>19 de octubre de 2020:<\/strong> Los nombres japoneses ahora utilizan sus caracteres originales.<br \/><strong>18 de octubre de 2020:<\/strong> Adici\u00f3n de clasificaciones de speedrun para Mario Kart 8. Extensi\u00f3n de la clasificaci\u00f3n de speedrun de BR de Mario Kart 8 Deluxe (en t\u00e9rminos de tiempo jugado) desde \u2264720 horas hasta \u2264750 horas.<br \/><strong>10 de octubre de 2020:<\/strong>\u00a0Adici\u00f3n de estad\u00edsticas para el m\u00e1x VR4 y el m\u00e1x 4 valores de Mario Kart 7, el m\u00e1x CR de Mario Kart 8, el m\u00e1x VR3, el m\u00e1x VR4, el m\u00e1x BR2 y el m\u00e1x CR de Mario Kart 8 Deluxe, y las m\u00e1ximas victorias de Mario Kart DS.<br \/><strong>30 de septiembre de 2020:<\/strong> Lanzamiento del nuevo sitio.<\/p>\n<p><!-- \/wp:paragraph --><\/p>\t\t\t\t\t\t\t\t<\/div>\n\t\t\t\t<\/div>\n\t\t\t\t<div class=\"elementor-element elementor-element-7500fe3 elementor-widget elementor-widget-heading\" data-id=\"7500fe3\" data-element_type=\"widget\" data-e-type=\"widget\" data-widget_type=\"heading.default\">\n\t\t\t\t<div class=\"elementor-widget-container\">\n\t\t\t\t\t<h2 class=\"elementor-heading-title elementor-size-default\"><u>Evoluci\u00f3n del sitio antiguo<\/u><\/h2>\t\t\t\t<\/div>\n\t\t\t\t<\/div>\n\t\t\t\t<div class=\"elementor-element elementor-element-482861ed elementor-widget elementor-widget-text-editor\" data-id=\"482861ed\" data-element_type=\"widget\" data-e-type=\"widget\" data-widget_type=\"text-editor.default\">\n\t\t\t\t<div class=\"elementor-widget-container\">\n\t\t\t\t\t\t\t\t\t<!-- wp:paragraph -->\n<p><strong>7 de agosto de 2020:<\/strong> Adici\u00f3n de la evoluci\u00f3n del sitio.<br \/><strong>6 de agosto de 2020:<\/strong> Adici\u00f3n de la lista de m\u00e1ximas victorias de Mario Kart DS. Adici\u00f3n de la clasificaci\u00f3n de recuento de m\u00e1ximos basado en su dificultad. Adici\u00f3n de posiciones a la clasificaci\u00f3n de recuento de m\u00e1ximos total.<br \/><strong>23 de marzo de 2020:<\/strong> Extensi\u00f3n de la clasificaci\u00f3n de speedrun de VR de Mario Kart 7 desde \u226430 d\u00edas hasta \u226460 d\u00edas.<br \/><strong>31 de diciembre de 2019:<\/strong> Adici\u00f3n de la lista de Todos las M\u00e1ximas Puntuaciones (AMR).<br \/><strong>30 de diciembre de 2019:<\/strong>\u00a0Elecci\u00f3n de m\u00e1x CR como el nuevo nombre para m\u00e1x VR + m\u00e1x BR. Anteriormente era conocido como WVR.<br \/><strong>3 de agosto de 2019:<\/strong>\u00a0Adici\u00f3n de la lista de CR2+ de Mario Kart 8 Deluxe.<br \/><strong>24 de julio de 2019:<\/strong>\u00a0Adici\u00f3n de pruebas en la lista de m\u00e1x BR de Mario Kart 8.<br \/><strong>13 de julio de 2019:<\/strong>\u00a0Adici\u00f3n de pruebas en la lista de m\u00e1x VR2 de Mario Kart 7.<br \/><strong>17 de abril de 2019:<\/strong> Adici\u00f3n de clasificaciones de speedrun para Mario Kart 7 y Mario Kart 8 Deluxe.<br \/><strong>16 de abril de 2019:<\/strong>\u00a0Reorganizaci\u00f3n y divisi\u00f3n de miscel\u00e1neo en varias p\u00e1ginas. Cambio del dise\u00f1o de los botones.<br \/><strong>14 de abril de 2019:<\/strong>\u00a0Adici\u00f3n de la lista de m\u00e1x 4 valores de Mario Kart 7.<br \/><strong>1 de abril de 2019:<\/strong>\u00a0Adici\u00f3n de la lista nacional de Australia.<br \/><strong>26 de febrero de 2019:<\/strong>\u00a0Transferencia de la propiedad de Eranium a Hern\u00e1n.<br \/><strong>8 de agosto de 2018:<\/strong>\u00a0Adici\u00f3n de un conjunto de banderas 2:3 y eliminaci\u00f3n de todas las banderas antiguas.<br \/><strong>4 de agosto de 2018:<\/strong>\u00a0Adici\u00f3n de pruebas en la lista de m\u00e1x VR3+ de Mario Kart 7.<br \/><strong>23 de mayo de 2018:<\/strong>\u00a0Adici\u00f3n de Mario Kart 7 a otros r\u00e9cords.<br \/><strong>5 de mayo de 2018:<\/strong>\u00a0Adici\u00f3n de la lista de m\u00e1x BR2+ Mario Kart 8 Deluxe<br \/><strong>25 de marzo de 2018:<\/strong>\u00a0Adici\u00f3n de pruebas en la lista de m\u00e1x BR2 de Mario Kart 8.<br \/><strong>21 de marzo de 2018:<\/strong>\u00a0Adici\u00f3n de la p\u00e1gina glosario.<br \/><strong>5 de marzo de 2018:<\/strong>\u00a0Adici\u00f3n de la p\u00e1gina contacto.<br \/><strong>27 de febrero de 2018:<\/strong>\u00a0Adici\u00f3n de 14 listas nacionales para el m\u00e1x VR de Mario Kart 7, el m\u00e1x VR y el m\u00e1x BR de Mario Kart 8, y el m\u00e1x VR y el m\u00e1x BR de Mario Kart 8 Deluxe.<br \/><strong>21 de febrero de 2018:<\/strong>\u00a0Cambio del subdominio de\u00a0<em>mk8vrlist<\/em>\u00a0a\u00a0<em>maxvrlist<\/em>. Adici\u00f3n de estad\u00edsticas para el m\u00e1x VR, el m\u00e1x VR2 y el m\u00e1x VR3 de Mario Kart 7. Adici\u00f3n del recuento de m\u00e1ximos total a miscel\u00e1neo.<br \/><strong>20 de febrero de 2018:<\/strong>\u00a0Creaci\u00f3n de la cuenta de Twitter de la Max VR List.<br \/><strong>19 de febrero de 2018:<\/strong>\u00a0Adici\u00f3n de todas las listas de Mario Kart 7.<br \/><strong>16 de febrero de 2018:<\/strong> Adici\u00f3n de otros r\u00e9cords en miscel\u00e1neo, incluyendo algunos r\u00e9cords de speedrun para Mario Kart 8 y Mario Kart 8 Deluxe.<br \/><strong>11 de febrero de 2018:<\/strong>\u00a0Adici\u00f3n de la lista de simult\u00e1neos de Mario Kart 8 Deluxe.<br \/><strong>4 de enero de 2018:<\/strong>\u00a0Adici\u00f3n de la lista de m\u00e1x VR3+ de Mario Kart 8 Deluxe.<br \/><strong>26 de diciembre de 2017:<\/strong>\u00a0Adici\u00f3n de la lista de m\u00e1x CR de Mario Kart 8 Deluxe.<br \/><strong>19 de diciembre de 2017:<\/strong>\u00a0Adici\u00f3n de estad\u00edsticas para el m\u00e1x VR2 y el m\u00e1x BR de Mario Kart 8 Deluxe.<br \/><strong>2 de diciembre de 2017:<\/strong>\u00a0Adici\u00f3n de la lista de m\u00e1x BR de Mario Kart 8 Deluxe.<br \/><strong>7 de noviembre de 2017:<\/strong>\u00a0Adici\u00f3n de pruebas en las listas de m\u00e1x VR2 y simult\u00e1neos de Mario Kart 8.<br \/><strong>6 de noviembre de 2017:<\/strong>\u00a0Adici\u00f3n de pruebas en la lista de m\u00e1x VR3+ de Mario Kart 8.<br \/><strong>21 de octubre de 2017:<\/strong>\u00a0Adici\u00f3n de la lista de m\u00e1x VR2 de Mario Kart 8 Deluxe.<br \/><strong>19 de octubre de 2017:<\/strong>\u00a0Adici\u00f3n de pruebas en las listas de Mario Kart 8 Deluxe.<br \/><strong>5 de octubre de 2017:<\/strong>\u00a0Adici\u00f3n de perfiles de Twitter en las listas de Mario Kart 8 Deluxe.<br \/><strong>4 de octubre de 2017:<\/strong>\u00a0Adici\u00f3n de estad\u00edsticas para el m\u00e1x VR2 y el m\u00e1x BR de Mario Kart 8,<br \/><strong>26 de junio de 2017:<\/strong>\u00a0Adici\u00f3n de la lista de m\u00e1x VR de Mario Kart 8 Deluxe y estad\u00edsticas para el m\u00e1x VR.<br \/><strong>13 de mayo de 2017:<\/strong>\u00a0Creaci\u00f3n del servidor de Discord de la Max VR List.<br \/><strong>15 de abril de 2016:<\/strong>\u00a0Lanzamiento inicial del sitio web. Todas las listas de Mario Kart 8, estad\u00edsticas para el m\u00e1x VR y una p\u00e1gina de miscel\u00e1neo con todas las banderas utilizadas fueron creadas durante el pr\u00f3ximo mes.<\/p>\n<!-- \/wp:paragraph -->\t\t\t\t\t\t\t\t<\/div>\n\t\t\t\t<\/div>\n\t\t\t\t<div class=\"elementor-element elementor-element-4649483 elementor-widget elementor-widget-text-editor\" data-id=\"4649483\" data-element_type=\"widget\" data-e-type=\"widget\" data-widget_type=\"text-editor.default\">\n\t\t\t\t<div class=\"elementor-widget-container\">\n\t\t\t\t\t\t\t\t\t<p><em>Sitio web creado por Hern\u00e1n.<br>Traducci\u00f3n al espa\u00f1ol por Hern\u00e1n.<\/em><\/p>\t\t\t\t\t\t\t\t<\/div>\n\t\t\t\t<\/div>\n\t\t\t\t\t<\/div>\n\t\t<\/div>\n\t\t\t\t\t<\/div>\n\t\t<\/section>\n\t\t\t\t<\/div>","protected":false},"excerpt":{"rendered":"<p>Glossary Here&#8217;s a list that explains the slang and terminology that can be found on this site: MKDS: Mario Kart DS. MK7: Mario Kart 7. MK8: Mario Kart 8. MK8DX: Mario Kart 8 Deluxe. VR: Versus Rating\u2014points that can be earned by playing online races (VR can also be earned in battles in MK7). BR: &hellip;<\/p>\n<p class=\"read-more\"> <a class=\"\" href=\"https:\/\/maxvrlist.com\/es\/about\"> <span class=\"screen-reader-text\">Acerca de<\/span> Leer m\u00e1s &raquo;<\/a><\/p>","protected":false},"author":1,"featured_media":0,"parent":0,"menu_order":0,"comment_status":"closed","ping_status":"closed","template":"","meta":{"_monsterinsights_skip_tracking":false,"_monsterinsights_sitenote_active":false,"_monsterinsights_sitenote_note":"","_monsterinsights_sitenote_category":0,"site-sidebar-layout":"no-sidebar","site-content-layout":"page-builder","ast-global-header-display":"","ast-main-header-display":"","ast-hfb-above-header-display":"","ast-hfb-below-header-display":"","ast-hfb-mobile-header-display":"","site-post-title":"disabled","ast-breadcrumbs-content":"","ast-featured-img":"disabled","footer-sml-layout":"","theme-transparent-header-meta":"default","adv-header-id-meta":"","stick-header-meta":"","header-above-stick-meta":"","header-main-stick-meta":"","header-below-stick-meta":"","footnotes":""},"class_list":["post-859","page","type-page","status-publish","hentry"],"_links":{"self":[{"href":"https:\/\/maxvrlist.com\/es\/wp-json\/wp\/v2\/pages\/859","targetHints":{"allow":["GET"]}}],"collection":[{"href":"https:\/\/maxvrlist.com\/es\/wp-json\/wp\/v2\/pages"}],"about":[{"href":"https:\/\/maxvrlist.com\/es\/wp-json\/wp\/v2\/types\/page"}],"author":[{"embeddable":true,"href":"https:\/\/maxvrlist.com\/es\/wp-json\/wp\/v2\/users\/1"}],"replies":[{"embeddable":true,"href":"https:\/\/maxvrlist.com\/es\/wp-json\/wp\/v2\/comments?post=859"}],"version-history":[{"count":129,"href":"https:\/\/maxvrlist.com\/es\/wp-json\/wp\/v2\/pages\/859\/revisions"}],"predecessor-version":[{"id":25481,"href":"https:\/\/maxvrlist.com\/es\/wp-json\/wp\/v2\/pages\/859\/revisions\/25481"}],"wp:attachment":[{"href":"https:\/\/maxvrlist.com\/es\/wp-json\/wp\/v2\/media?parent=859"}],"curies":[{"name":"wp","href":"https:\/\/api.w.org\/{rel}","templated":true}]}}