{"id":8617,"date":"2021-04-01T22:26:16","date_gmt":"2021-04-01T22:26:16","guid":{"rendered":"https:\/\/maxvrlist.com\/?page_id=8617"},"modified":"2022-01-14T21:33:16","modified_gmt":"2022-01-14T21:33:16","slug":"mk7-rules","status":"publish","type":"page","link":"https:\/\/maxvrlist.com\/es\/mk7-rules","title":{"rendered":"MK7 rules"},"content":{"rendered":"<div data-elementor-type=\"wp-page\" data-elementor-id=\"8617\" class=\"elementor elementor-8617\">\n\t\t\t\t\t\t<section class=\"elementor-section elementor-top-section elementor-element elementor-element-b5e321b elementor-section-full_width elementor-section-height-default elementor-section-height-default\" data-id=\"b5e321b\" data-element_type=\"section\" data-e-type=\"section\" data-settings=\"{&quot;background_background&quot;:&quot;classic&quot;}\">\n\t\t\t\t\t\t<div class=\"elementor-container elementor-column-gap-default\">\n\t\t\t\t\t<div class=\"elementor-column elementor-col-100 elementor-top-column elementor-element elementor-element-6475c39\" data-id=\"6475c39\" data-element_type=\"column\" data-e-type=\"column\">\n\t\t\t<div class=\"elementor-widget-wrap elementor-element-populated\">\n\t\t\t\t\t\t<div class=\"elementor-element elementor-element-ae282af elementor-align-center elementor-widget__width-auto elementor-widget elementor-widget-button\" data-id=\"ae282af\" data-element_type=\"widget\" data-e-type=\"widget\" data-widget_type=\"button.default\">\n\t\t\t\t<div class=\"elementor-widget-container\">\n\t\t\t\t\t\t\t\t\t<div class=\"elementor-button-wrapper\">\n\t\t\t\t\t<a class=\"elementor-button elementor-button-link elementor-size-xs\" href=\"https:\/\/maxvrlist.com\/es\/rules\/\">\n\t\t\t\t\t\t<span class=\"elementor-button-content-wrapper\">\n\t\t\t\t\t\t\t\t\t<span class=\"elementor-button-text\">General<\/span>\n\t\t\t\t\t<\/span>\n\t\t\t\t\t<\/a>\n\t\t\t\t<\/div>\n\t\t\t\t\t\t\t\t<\/div>\n\t\t\t\t<\/div>\n\t\t\t\t<div class=\"elementor-element elementor-element-4cccff0 elementor-align-center elementor-widget__width-auto elementor-widget elementor-widget-button\" data-id=\"4cccff0\" data-element_type=\"widget\" data-e-type=\"widget\" data-widget_type=\"button.default\">\n\t\t\t\t<div class=\"elementor-widget-container\">\n\t\t\t\t\t\t\t\t\t<div class=\"elementor-button-wrapper\">\n\t\t\t\t\t<a class=\"elementor-button elementor-size-xs\" role=\"button\">\n\t\t\t\t\t\t<span class=\"elementor-button-content-wrapper\">\n\t\t\t\t\t\t\t\t\t<span class=\"elementor-button-text\">MK7<\/span>\n\t\t\t\t\t<\/span>\n\t\t\t\t\t<\/a>\n\t\t\t\t<\/div>\n\t\t\t\t\t\t\t\t<\/div>\n\t\t\t\t<\/div>\n\t\t\t\t\t<\/div>\n\t\t<\/div>\n\t\t\t\t\t<\/div>\n\t\t<\/section>\n\t\t\t\t<section class=\"elementor-section elementor-top-section elementor-element elementor-element-2a24a87 elementor-section-full_width elementor-section-height-default elementor-section-height-default\" data-id=\"2a24a87\" data-element_type=\"section\" data-e-type=\"section\" data-settings=\"{&quot;background_background&quot;:&quot;classic&quot;}\">\n\t\t\t\t\t\t<div class=\"elementor-container elementor-column-gap-default\">\n\t\t\t\t\t<div class=\"elementor-column elementor-col-100 elementor-top-column elementor-element elementor-element-66f0f5b\" data-id=\"66f0f5b\" data-element_type=\"column\" data-e-type=\"column\">\n\t\t\t<div class=\"elementor-widget-wrap elementor-element-populated\">\n\t\t\t\t\t\t<div class=\"elementor-element elementor-element-d7577f2 elementor-widget elementor-widget-heading\" data-id=\"d7577f2\" data-element_type=\"widget\" data-e-type=\"widget\" data-widget_type=\"heading.default\">\n\t\t\t\t<div class=\"elementor-widget-container\">\n\t\t\t\t\t<h2 class=\"elementor-heading-title elementor-size-default\"><u>Reglas para Mario Kart 7<\/u><\/h2>\t\t\t\t<\/div>\n\t\t\t\t<\/div>\n\t\t\t\t<div class=\"elementor-element elementor-element-35cc97d elementor-widget elementor-widget-text-editor\" data-id=\"35cc97d\" data-element_type=\"widget\" data-e-type=\"widget\" data-widget_type=\"text-editor.default\">\n\t\t\t\t<div class=\"elementor-widget-container\">\n\t\t\t\t\t\t\t\t\t<p>Todas estas reglas son espec\u00edficas para Mario Kart 7, y podr\u00edan ser aplicadas a Mario Kart 8 o Mario Kart 8 Deluxe en el futuro si se desarrollan hacks similares.<\/p><ul><li>El hack de no desconexi\u00f3n no est\u00e1 permitido, especialmente si se usa para ayuda AFK en carrera. Cualquier m\u00e1x con ayuda intencionada de jugadores AFK en carrera no contar\u00e1.<\/li><li>Cualquier hack de piloto autom\u00e1tico no est\u00e1 permitido. Cualquier m\u00e1x con ayuda intencionada de jugadores usando piloto autom\u00e1tico en carrera no contar\u00e1.<\/li><li>No est\u00e1 permitido reiniciar los VR manteniendo el resto de las estad\u00edsticas.<\/li><li>Las reglas aqu\u00ed indicadas est\u00e1n sujetas a cambios. El staff se reserva el derecho de a\u00f1adir o eliminar jugadores y\/o m\u00e1ximos del sitio web con o sin un cambio en el conjunto de reglas, con o sin previo aviso.<\/li><\/ul>\t\t\t\t\t\t\t\t<\/div>\n\t\t\t\t<\/div>\n\t\t\t\t<div class=\"elementor-element elementor-element-af851e6 elementor-widget elementor-widget-heading\" data-id=\"af851e6\" data-element_type=\"widget\" data-e-type=\"widget\" data-widget_type=\"heading.default\">\n\t\t\t\t<div class=\"elementor-widget-container\">\n\t\t\t\t\t<h2 class=\"elementor-heading-title elementor-size-default\"><u>Reglas relacionadas con CTGP-7<\/u><\/h2>\t\t\t\t<\/div>\n\t\t\t\t<\/div>\n\t\t\t\t<div class=\"elementor-element elementor-element-605a7ee elementor-widget elementor-widget-text-editor\" data-id=\"605a7ee\" data-element_type=\"widget\" data-e-type=\"widget\" data-widget_type=\"text-editor.default\">\n\t\t\t\t<div class=\"elementor-widget-container\">\n\t\t\t\t\t\t\t\t\t<p><a href=\"https:\/\/ctgp-7.github.io\/index.html\">CTGP-7<\/a>\u00a0es un paquete de modificaciones para Mario Kart 7 que a\u00f1ade cosas nuevas al juego, como circuitos y personajes personalizados, funcionalidades adicionales y m\u00e1s.<\/p><ul><li>El uso de CTGP-7 est\u00e1 permitido, pero debe ajustarse a las siguientes directrices (Desde el men\u00fa de CTGP-7):<ul><li>Gameplay Features &gt; Backwards Camera (Disabled)<\/li><li>Gameplay Features &gt; LED Item Warning (Disabled)<\/li><\/ul><\/li><li>Jugar Custom Tracks Worldwide (CTWW) y Countdown no est\u00e1 permitido para el m\u00e1x 4 valores de MK7 y otros logros relacionados.<ul><li>Esto est\u00e1 sujeto a cambios en el caso de que se separen las victorias y las derrotas conseguidas en CTWW y Countdown sean separadas de las victorias y las derrotadas conseguidas en los modos carrera y batalla originales.<\/li><\/ul><\/li><li>El uso de CTGP-7 puede ser prohibido en cualquier momento si se descubre un error que d\u00e9 alguna ventaja al jugador, como el error de esquivar el rayo de anteriores versiones de CTGP-7.<\/li><li>Los VR de CTWW y Countdown est\u00e1n separados de los VR de Mario Kart 7. Se podr\u00edan hacer listas en el futuro si alguien alcanza el m\u00e1x VR.<ul><li>Debido a que los VR se almacenan en el servidor de CTGP-7 y est\u00e1n vinculados a tu consola, es imposible hacer copias de seguridad. Todas las dem\u00e1s reglas siguen siendo v\u00e1lidas.<\/li><\/ul><\/li><\/ul>\t\t\t\t\t\t\t\t<\/div>\n\t\t\t\t<\/div>\n\t\t\t\t\t<\/div>\n\t\t<\/div>\n\t\t\t\t\t<\/div>\n\t\t<\/section>\n\t\t\t\t<\/div>","protected":false},"excerpt":{"rendered":"<p>General MK7 Mario Kart 7 rules All these rules are specific for Mario Kart 7, and they may be applied to Mario Kart 8 or Mario Kart 8 Deluxe in the future if similar hacks are developed: No disconnection hack is not allowed, especially if it is used to AFK help in race. Any max &hellip;<\/p>\n<p class=\"read-more\"> <a class=\"\" href=\"https:\/\/maxvrlist.com\/es\/mk7-rules\"> <span class=\"screen-reader-text\">MK7 rules<\/span> Leer m\u00e1s &raquo;<\/a><\/p>","protected":false},"author":1,"featured_media":0,"parent":0,"menu_order":0,"comment_status":"closed","ping_status":"closed","template":"elementor_header_footer","meta":{"_monsterinsights_skip_tracking":false,"_monsterinsights_sitenote_active":false,"_monsterinsights_sitenote_note":"","_monsterinsights_sitenote_category":0,"site-sidebar-layout":"no-sidebar","site-content-layout":"page-builder","ast-global-header-display":"","ast-main-header-display":"","ast-hfb-above-header-display":"","ast-hfb-below-header-display":"","ast-hfb-mobile-header-display":"","site-post-title":"disabled","ast-breadcrumbs-content":"","ast-featured-img":"disabled","footer-sml-layout":"","theme-transparent-header-meta":"default","adv-header-id-meta":"","stick-header-meta":"","header-above-stick-meta":"","header-main-stick-meta":"","header-below-stick-meta":"","footnotes":""},"class_list":["post-8617","page","type-page","status-publish","hentry"],"_links":{"self":[{"href":"https:\/\/maxvrlist.com\/es\/wp-json\/wp\/v2\/pages\/8617","targetHints":{"allow":["GET"]}}],"collection":[{"href":"https:\/\/maxvrlist.com\/es\/wp-json\/wp\/v2\/pages"}],"about":[{"href":"https:\/\/maxvrlist.com\/es\/wp-json\/wp\/v2\/types\/page"}],"author":[{"embeddable":true,"href":"https:\/\/maxvrlist.com\/es\/wp-json\/wp\/v2\/users\/1"}],"replies":[{"embeddable":true,"href":"https:\/\/maxvrlist.com\/es\/wp-json\/wp\/v2\/comments?post=8617"}],"version-history":[{"count":0,"href":"https:\/\/maxvrlist.com\/es\/wp-json\/wp\/v2\/pages\/8617\/revisions"}],"wp:attachment":[{"href":"https:\/\/maxvrlist.com\/es\/wp-json\/wp\/v2\/media?parent=8617"}],"curies":[{"name":"wp","href":"https:\/\/api.w.org\/{rel}","templated":true}]}}