{"id":8716,"date":"2021-04-12T10:44:42","date_gmt":"2021-04-12T10:44:42","guid":{"rendered":"https:\/\/maxvrlist.com\/?page_id=8716"},"modified":"2023-04-01T17:24:29","modified_gmt":"2023-04-01T17:24:29","slug":"rating-leaderboards","status":"publish","type":"page","link":"https:\/\/maxvrlist.com\/es\/rating-leaderboards","title":{"rendered":"Clasificaciones de puntuaci\u00f3n"},"content":{"rendered":"<div data-elementor-type=\"wp-page\" data-elementor-id=\"8716\" class=\"elementor elementor-8716\">\n\t\t\t\t\t\t<section class=\"elementor-section elementor-top-section elementor-element elementor-element-365a53d elementor-section-full_width elementor-section-height-default elementor-section-height-default\" data-id=\"365a53d\" data-element_type=\"section\" data-e-type=\"section\" data-settings=\"{&quot;background_background&quot;:&quot;classic&quot;}\">\n\t\t\t\t\t\t<div class=\"elementor-container elementor-column-gap-default\">\n\t\t\t\t\t<div class=\"elementor-column elementor-col-100 elementor-top-column elementor-element elementor-element-8a8caac\" data-id=\"8a8caac\" data-element_type=\"column\" data-e-type=\"column\">\n\t\t\t<div class=\"elementor-widget-wrap elementor-element-populated\">\n\t\t\t\t\t\t<div class=\"elementor-element elementor-element-1696395 elementor-widget elementor-widget-heading\" data-id=\"1696395\" data-element_type=\"widget\" data-e-type=\"widget\" data-widget_type=\"heading.default\">\n\t\t\t\t<div class=\"elementor-widget-container\">\n\t\t\t\t\t<h2 class=\"elementor-heading-title elementor-size-default\"><u>Clasificaciones de puntuaci\u00f3n<\/u><\/h2>\t\t\t\t<\/div>\n\t\t\t\t<\/div>\n\t\t\t\t<div class=\"elementor-element elementor-element-4e798ba elementor-widget elementor-widget-text-editor\" data-id=\"4e798ba\" data-element_type=\"widget\" data-e-type=\"widget\" data-widget_type=\"text-editor.default\">\n\t\t\t\t<div class=\"elementor-widget-container\">\n\t\t\t\t\t\t\t\t\t<p>Aqu\u00ed encontrar\u00e1s algunas clasificaciones de nuestro <a href=\"https:\/\/discord.gg\/Epn3PZj\">servidor de Discord<\/a>. Para cada categor\u00eda, la puntuaci\u00f3n de alguien se define como la suma de todos sus datos con m\u00e1x VR m\u00e1s el m\u00e1s alto que no tenga el m\u00e1x.<\/p><ul><li><strong>#mk7-vr2:<\/strong> Clasificaci\u00f3n desde 101000 hasta 199900 en la categor\u00eda de VR de MK7.<\/li><li><strong>#mk7-vr3\uff0b:<\/strong> Clasificaci\u00f3n desde 201000 hasta el r\u00e9cord mundial en la categor\u00eda de VR de MK7.<\/li><li><strong>#mk8-vr2:<\/strong> Clasificaci\u00f3n desde 101000 hasta 199900 en la categor\u00eda de VR de MK8.<\/li><li><strong>#mk8-vr3\uff0b:<\/strong> Clasificaci\u00f3n desde 201000 hasta el r\u00e9cord mundial en la categor\u00eda de VR de MK8.<\/li><li><strong>#mk8-br:<\/strong> Clasificaci\u00f3n desde 40000 hasta 99900 en la categor\u00eda de BR de MK8.<\/li><li><strong>#mk8-br2\uff0b:<\/strong> Clasificaci\u00f3n desde 101000 hasta el r\u00e9cord mundial en la categor\u00eda de BR de MK8.<\/li><li><strong>#mk8-total-rating:<\/strong> Clasificaci\u00f3n desde 220000 hasta el r\u00e9cord mundial en la suma de las categor\u00edas de VR de MK8 y de BR de MK8.<\/li><li><strong>#mk8dx-vr-list:<\/strong> Lista desde 70000 hasta 99900 en la categor\u00eda de VR de MK8DX. No se pueden encontrar posiciones aqu\u00ed.<\/li><li><strong>#mk8dx-vr2:<\/strong> Clasificaci\u00f3n desde 101000 hasta 199900 en la categor\u00eda de VR de MK8DX.<\/li><li><strong>#mk8dx-vr3\uff0b:<\/strong> Clasificaci\u00f3n desde 201000 hasta el r\u00e9cord mundial en la categor\u00eda de VR de MK8DX.<\/li><li><strong>#mk8dx-br:<\/strong> Clasificaci\u00f3n desde 50000 hasta 99900 en la categor\u00eda de BR de MK8DX.<\/li><li><strong>#mk8dx-br2\uff0b:<\/strong> Clasificaci\u00f3n desde 101000 hasta el r\u00e9cord mundial en la categor\u00eda de BR de MK8DX.<\/li><li><b>#mk8dx-cr:<\/b> Clasificaci\u00f3n desde 120000 hasta el m\u00e1x CR de MK8DX. Cualquier cosa por encima del m\u00e1x VR de MK8DX o del m\u00e1x BR de MK8DX no cuenta.<\/li><li><b>#mk8dx-cr2\uff0b:<\/b><ul><li><strong>CRn, n\u22652, n\u2208<span class=\"Unicode\">\u2115<\/span>:<\/strong> Clasificaci\u00f3n desde (200000(n-1))+2000 hasta el m\u00e1x CRn, Cualquier cosa por encima del m\u00e1x VRn de MK8DX o del m\u00e1x BRn de MK8DX no cuenta.<\/li><\/ul><\/li><li><strong>#mk8dx-total-rating:<\/strong> Clasificaci\u00f3n desde 300000 hasta el r\u00e9cord mundial en la suma de las categor\u00edas de VR de MK8DX y de BR de MK8DX.<\/li><li><strong>#tencent-mk8dx-vr:<\/strong> Leaderboard from 30000 to 99900 on Tencent MK8DX VR category.<\/li><li><strong>#amr:\uff0b<\/strong><ul><li><strong>AMR:<\/strong> Clasificaci\u00f3n desde 350000 hasta el AMR. Cualquier cosa por encima del m\u00e1x VR de MK7, del m\u00e1x VR de MK8, del m\u00e1x BR de MK8, del m\u00e1x VR de MK8DX o del m\u00e1x BR de MK8DX no cuenta.<\/li><li><strong>AMR2:<\/strong> Clasificaci\u00f3n desde 700000 hasta el AMR2. Cualquier cosa por encima del m\u00e1x VR2 de MK7, del m\u00e1x VR2 de MK8, del m\u00e1x BR2 de MK8, del m\u00e1x VR2 de MK8DX o del m\u00e1x BR2 de MK8DX no cuenta.<\/li><li><strong>AMRn, n&gt;2, n\u2208<span class=\"Unicode\">\u2115<\/span>:<\/strong> Clasificaci\u00f3n desde 500000(n-1) hasta el AMRn. Cualquier cosa por encima del m\u00e1x VRn de MK7, del m\u00e1x VRn de MK8, del m\u00e1x BRn de MK8, del m\u00e1x VRn de MK8DX o del m\u00e1x BRn de MK8DX no cuenta.<\/li><\/ul><\/li><li><strong>#total-rating:<\/strong> Clasificaci\u00f3n desde 500000 hasta el r\u00e9cord mundial en la suma de todas las categor\u00edas.<\/li><\/ul>\t\t\t\t\t\t\t\t<\/div>\n\t\t\t\t<\/div>\n\t\t\t\t<div class=\"elementor-element elementor-element-d8e6773 elementor-widget elementor-widget-text-editor\" data-id=\"d8e6773\" data-element_type=\"widget\" data-e-type=\"widget\" data-widget_type=\"text-editor.default\">\n\t\t\t\t<div class=\"elementor-widget-container\">\n\t\t\t\t\t\t\t\t\t<widgetbot\n  server=\"312903731429638144\"\n  channel=\"453908768091275288\"\n  width=\"100%\"\n  height=\"900\"\n><\/widgetbot>\n<script src=\"https:\/\/cdn.jsdelivr.net\/npm\/@widgetbot\/html-embed\"<\/script>\t\t\t\t\t\t\t\t<\/div>\n\t\t\t\t<\/div>\n\t\t\t\t\t<\/div>\n\t\t<\/div>\n\t\t\t\t\t<\/div>\n\t\t<\/section>\n\t\t\t\t<\/div>","protected":false},"excerpt":{"rendered":"<p>Rating leaderboards Here, you&#8217;ll find some leaderboards from our Discord server. For each category, someone&#8217;s rating is defined as the sum of all their maxed datas plus the highest non-maxed one. #mk7-vr2: Leaderboard from 101000 to 199900 on MK7 VR category. #mk7-vr3\uff0b: Leaderboard from 201000 to world record on MK7 VR category. #mk8-vr2: Leaderboard from &hellip;<\/p>\n<p class=\"read-more\"> <a class=\"\" href=\"https:\/\/maxvrlist.com\/es\/rating-leaderboards\"> <span class=\"screen-reader-text\">Clasificaciones de puntuaci\u00f3n<\/span> Leer m\u00e1s &raquo;<\/a><\/p>","protected":false},"author":1,"featured_media":0,"parent":0,"menu_order":0,"comment_status":"closed","ping_status":"closed","template":"","meta":{"_monsterinsights_skip_tracking":false,"_monsterinsights_sitenote_active":false,"_monsterinsights_sitenote_note":"","_monsterinsights_sitenote_category":0,"site-sidebar-layout":"no-sidebar","site-content-layout":"page-builder","ast-global-header-display":"","ast-main-header-display":"","ast-hfb-above-header-display":"","ast-hfb-below-header-display":"","ast-hfb-mobile-header-display":"","site-post-title":"disabled","ast-breadcrumbs-content":"","ast-featured-img":"disabled","footer-sml-layout":"","theme-transparent-header-meta":"default","adv-header-id-meta":"","stick-header-meta":"","header-above-stick-meta":"","header-main-stick-meta":"","header-below-stick-meta":"","footnotes":""},"class_list":["post-8716","page","type-page","status-publish","hentry"],"_links":{"self":[{"href":"https:\/\/maxvrlist.com\/es\/wp-json\/wp\/v2\/pages\/8716","targetHints":{"allow":["GET"]}}],"collection":[{"href":"https:\/\/maxvrlist.com\/es\/wp-json\/wp\/v2\/pages"}],"about":[{"href":"https:\/\/maxvrlist.com\/es\/wp-json\/wp\/v2\/types\/page"}],"author":[{"embeddable":true,"href":"https:\/\/maxvrlist.com\/es\/wp-json\/wp\/v2\/users\/1"}],"replies":[{"embeddable":true,"href":"https:\/\/maxvrlist.com\/es\/wp-json\/wp\/v2\/comments?post=8716"}],"version-history":[{"count":12,"href":"https:\/\/maxvrlist.com\/es\/wp-json\/wp\/v2\/pages\/8716\/revisions"}],"predecessor-version":[{"id":17531,"href":"https:\/\/maxvrlist.com\/es\/wp-json\/wp\/v2\/pages\/8716\/revisions\/17531"}],"wp:attachment":[{"href":"https:\/\/maxvrlist.com\/es\/wp-json\/wp\/v2\/media?parent=8716"}],"curies":[{"name":"wp","href":"https:\/\/api.w.org\/{rel}","templated":true}]}}