{"id":2304,"date":"2020-09-28T19:28:17","date_gmt":"2020-09-28T19:28:17","guid":{"rendered":"https:\/\/maxvrlist.com\/?page_id=2304"},"modified":"2024-04-13T18:05:40","modified_gmt":"2024-04-13T18:05:40","slug":"6svr","status":"publish","type":"page","link":"https:\/\/maxvrlist.com\/fr\/mk7\/6svr","title":{"rendered":"6\u00d7SVR"},"content":{"rendered":"<div data-elementor-type=\"wp-page\" data-elementor-id=\"2304\" class=\"elementor elementor-2304\">\n\t\t\t\t\t\t<section class=\"elementor-section elementor-top-section elementor-element elementor-element-1fe41521 elementor-section-full_width elementor-section-height-default elementor-section-height-default\" data-id=\"1fe41521\" data-element_type=\"section\" data-e-type=\"section\" data-settings=\"{&quot;background_background&quot;:&quot;classic&quot;}\">\n\t\t\t\t\t\t<div class=\"elementor-container elementor-column-gap-default\">\n\t\t\t\t\t<div class=\"elementor-column elementor-col-100 elementor-top-column elementor-element elementor-element-e42f210\" data-id=\"e42f210\" data-element_type=\"column\" data-e-type=\"column\">\n\t\t\t<div class=\"elementor-widget-wrap elementor-element-populated\">\n\t\t\t\t\t\t<div class=\"elementor-element elementor-element-32f6f279 elementor-align-center elementor-widget__width-auto elementor-widget elementor-widget-button\" data-id=\"32f6f279\" data-element_type=\"widget\" data-e-type=\"widget\" data-widget_type=\"button.default\">\n\t\t\t\t<div class=\"elementor-widget-container\">\n\t\t\t\t\t\t\t\t\t<div class=\"elementor-button-wrapper\">\n\t\t\t\t\t<a class=\"elementor-button elementor-button-link elementor-size-xs\" href=\"https:\/\/maxvrlist.com\/fr\/mk7\/svr\/\">\n\t\t\t\t\t\t<span class=\"elementor-button-content-wrapper\">\n\t\t\t\t\t\t\t\t\t<span class=\"elementor-button-text\">SVR<\/span>\n\t\t\t\t\t<\/span>\n\t\t\t\t\t<\/a>\n\t\t\t\t<\/div>\n\t\t\t\t\t\t\t\t<\/div>\n\t\t\t\t<\/div>\n\t\t\t\t<div class=\"elementor-element elementor-element-3ef3ec18 elementor-align-center elementor-widget__width-auto elementor-widget elementor-widget-button\" data-id=\"3ef3ec18\" data-element_type=\"widget\" data-e-type=\"widget\" data-widget_type=\"button.default\">\n\t\t\t\t<div class=\"elementor-widget-container\">\n\t\t\t\t\t\t\t\t\t<div class=\"elementor-button-wrapper\">\n\t\t\t\t\t<a class=\"elementor-button elementor-button-link elementor-size-xs\" href=\"https:\/\/maxvrlist.com\/fr\/mk7\/3svr\/\">\n\t\t\t\t\t\t<span class=\"elementor-button-content-wrapper\">\n\t\t\t\t\t\t\t\t\t<span class=\"elementor-button-text\">3\u00d7SVR<\/span>\n\t\t\t\t\t<\/span>\n\t\t\t\t\t<\/a>\n\t\t\t\t<\/div>\n\t\t\t\t\t\t\t\t<\/div>\n\t\t\t\t<\/div>\n\t\t\t\t<div class=\"elementor-element elementor-element-c57d4bf elementor-align-center elementor-widget__width-auto elementor-widget elementor-widget-button\" data-id=\"c57d4bf\" data-element_type=\"widget\" data-e-type=\"widget\" data-widget_type=\"button.default\">\n\t\t\t\t<div class=\"elementor-widget-container\">\n\t\t\t\t\t\t\t\t\t<div class=\"elementor-button-wrapper\">\n\t\t\t\t\t<a class=\"elementor-button elementor-button-link elementor-size-xs\" href=\"https:\/\/maxvrlist.com\/fr\/mk7\/4svr\/\">\n\t\t\t\t\t\t<span class=\"elementor-button-content-wrapper\">\n\t\t\t\t\t\t\t\t\t<span class=\"elementor-button-text\">4\u00d7SVR<\/span>\n\t\t\t\t\t<\/span>\n\t\t\t\t\t<\/a>\n\t\t\t\t<\/div>\n\t\t\t\t\t\t\t\t<\/div>\n\t\t\t\t<\/div>\n\t\t\t\t<div class=\"elementor-element elementor-element-061ef43 elementor-align-center elementor-widget__width-auto elementor-widget elementor-widget-button\" data-id=\"061ef43\" data-element_type=\"widget\" data-e-type=\"widget\" data-widget_type=\"button.default\">\n\t\t\t\t<div class=\"elementor-widget-container\">\n\t\t\t\t\t\t\t\t\t<div class=\"elementor-button-wrapper\">\n\t\t\t\t\t<a class=\"elementor-button elementor-button-link elementor-size-xs\" href=\"https:\/\/maxvrlist.com\/fr\/mk7\/5svr\/\">\n\t\t\t\t\t\t<span class=\"elementor-button-content-wrapper\">\n\t\t\t\t\t\t\t\t\t<span class=\"elementor-button-text\">5\u00d7SVR<\/span>\n\t\t\t\t\t<\/span>\n\t\t\t\t\t<\/a>\n\t\t\t\t<\/div>\n\t\t\t\t\t\t\t\t<\/div>\n\t\t\t\t<\/div>\n\t\t\t\t<div class=\"elementor-element elementor-element-303cba2 elementor-align-center elementor-widget__width-auto elementor-widget elementor-widget-button\" data-id=\"303cba2\" data-element_type=\"widget\" data-e-type=\"widget\" data-widget_type=\"button.default\">\n\t\t\t\t<div class=\"elementor-widget-container\">\n\t\t\t\t\t\t\t\t\t<div class=\"elementor-button-wrapper\">\n\t\t\t\t\t<a class=\"elementor-button elementor-size-xs\" role=\"button\">\n\t\t\t\t\t\t<span class=\"elementor-button-content-wrapper\">\n\t\t\t\t\t\t\t\t\t<span class=\"elementor-button-text\">6\u00d7SVR<\/span>\n\t\t\t\t\t<\/span>\n\t\t\t\t\t<\/a>\n\t\t\t\t<\/div>\n\t\t\t\t\t\t\t\t<\/div>\n\t\t\t\t<\/div>\n\t\t\t\t<div class=\"elementor-element elementor-element-5574ac6 elementor-align-center elementor-widget__width-auto elementor-widget elementor-widget-button\" data-id=\"5574ac6\" data-element_type=\"widget\" data-e-type=\"widget\" data-widget_type=\"button.default\">\n\t\t\t\t<div class=\"elementor-widget-container\">\n\t\t\t\t\t\t\t\t\t<div class=\"elementor-button-wrapper\">\n\t\t\t\t\t<a class=\"elementor-button elementor-button-link elementor-size-xs\" href=\"https:\/\/maxvrlist.com\/fr\/mk7\/7svr\/\">\n\t\t\t\t\t\t<span class=\"elementor-button-content-wrapper\">\n\t\t\t\t\t\t\t\t\t<span class=\"elementor-button-text\">7\u00d7SVR<\/span>\n\t\t\t\t\t<\/span>\n\t\t\t\t\t<\/a>\n\t\t\t\t<\/div>\n\t\t\t\t\t\t\t\t<\/div>\n\t\t\t\t<\/div>\n\t\t\t\t<div class=\"elementor-element elementor-element-a466a1a elementor-align-center elementor-widget__width-auto elementor-widget elementor-widget-button\" data-id=\"a466a1a\" data-element_type=\"widget\" data-e-type=\"widget\" data-widget_type=\"button.default\">\n\t\t\t\t<div class=\"elementor-widget-container\">\n\t\t\t\t\t\t\t\t\t<div class=\"elementor-button-wrapper\">\n\t\t\t\t\t<a class=\"elementor-button elementor-button-link elementor-size-xs\" href=\"https:\/\/maxvrlist.com\/fr\/mk7\/s4v\/\">\n\t\t\t\t\t\t<span class=\"elementor-button-content-wrapper\">\n\t\t\t\t\t\t\t\t\t<span class=\"elementor-button-text\">S4V<\/span>\n\t\t\t\t\t<\/span>\n\t\t\t\t\t<\/a>\n\t\t\t\t<\/div>\n\t\t\t\t\t\t\t\t<\/div>\n\t\t\t\t<\/div>\n\t\t\t\t<div class=\"elementor-element elementor-element-0d4cf7e elementor-align-center elementor-widget__width-auto elementor-widget elementor-widget-button\" data-id=\"0d4cf7e\" data-element_type=\"widget\" data-e-type=\"widget\" data-widget_type=\"button.default\">\n\t\t\t\t<div class=\"elementor-widget-container\">\n\t\t\t\t\t\t\t\t\t<div class=\"elementor-button-wrapper\">\n\t\t\t\t\t<a class=\"elementor-button elementor-button-link elementor-size-xs\" href=\"https:\/\/maxvrlist.com\/fr\/mk7\/4s4v\/\">\n\t\t\t\t\t\t<span class=\"elementor-button-content-wrapper\">\n\t\t\t\t\t\t\t\t\t<span class=\"elementor-button-text\">4\u00d7S4V<\/span>\n\t\t\t\t\t<\/span>\n\t\t\t\t\t<\/a>\n\t\t\t\t<\/div>\n\t\t\t\t\t\t\t\t<\/div>\n\t\t\t\t<\/div>\n\t\t\t\t\t<\/div>\n\t\t<\/div>\n\t\t\t\t\t<\/div>\n\t\t<\/section>\n\t\t\t\t<section class=\"elementor-section elementor-top-section elementor-element elementor-element-6176052d elementor-section-full_width elementor-section-content-middle elementor-section-height-default elementor-section-height-default\" data-id=\"6176052d\" data-element_type=\"section\" data-e-type=\"section\" data-settings=\"{&quot;background_background&quot;:&quot;classic&quot;}\">\n\t\t\t\t\t\t<div class=\"elementor-container elementor-column-gap-default\">\n\t\t\t\t\t<div class=\"elementor-column elementor-col-100 elementor-top-column elementor-element elementor-element-a6eec67\" data-id=\"a6eec67\" data-element_type=\"column\" data-e-type=\"column\">\n\t\t\t<div class=\"elementor-widget-wrap elementor-element-populated\">\n\t\t\t\t\t\t<div class=\"elementor-element elementor-element-39345218 elementor-widget elementor-widget-heading\" data-id=\"39345218\" data-element_type=\"widget\" data-e-type=\"widget\" data-widget_type=\"heading.default\">\n\t\t\t\t<div class=\"elementor-widget-container\">\n\t\t\t\t\t<h2 class=\"elementor-heading-title elementor-size-default\">Liste des 6\u00d7SVR de Mario Kart 7<\/h2>\t\t\t\t<\/div>\n\t\t\t\t<\/div>\n\t\t\t\t<div class=\"elementor-element elementor-element-32b4ae6c elementor-widget elementor-widget-text-editor\" data-id=\"32b4ae6c\" data-element_type=\"widget\" data-e-type=\"widget\" data-widget_type=\"text-editor.default\">\n\t\t\t\t<div class=\"elementor-widget-container\">\n\t\t\t\t\t\t\t\t\t6\u00d7SVR = Sextuple Simultaneous VR = 6 max VR atteints simultan\u00e9ment.<br>\nGras = Premier joueur max d'un pays<br>\nSoulign\u00e9 = Premier joueur max d'un continent<br>\n<br>\n<em>Cette liste est ferm\u00e9e depuis le 9 avril 2024 suite \u00e0 la fermeture des serveurs de Mario Kart 7.<\/em>\t\t\t\t\t\t\t\t<\/div>\n\t\t\t\t<\/div>\n\t\t\t\t\t<\/div>\n\t\t<\/div>\n\t\t\t\t\t<\/div>\n\t\t<\/section>\n\t\t\t\t<section class=\"elementor-section elementor-top-section elementor-element elementor-element-7de648a0 elementor-section-full_width elementor-section-content-middle elementor-section-height-default elementor-section-height-default\" data-id=\"7de648a0\" data-element_type=\"section\" data-e-type=\"section\" data-settings=\"{&quot;background_background&quot;:&quot;classic&quot;}\">\n\t\t\t\t\t\t<div class=\"elementor-container elementor-column-gap-default\">\n\t\t\t\t\t<div class=\"elementor-column elementor-col-100 elementor-top-column elementor-element elementor-element-63d3f3a1\" data-id=\"63d3f3a1\" data-element_type=\"column\" data-e-type=\"column\">\n\t\t\t<div class=\"elementor-widget-wrap elementor-element-populated\">\n\t\t\t\t\t\t<div class=\"elementor-element elementor-element-6765ee08 elementor-widget elementor-widget-text-editor\" data-id=\"6765ee08\" data-element_type=\"widget\" data-e-type=\"widget\" data-widget_type=\"text-editor.default\">\n\t\t\t\t<div class=\"elementor-widget-container\">\n\t\t\t\t\t\t\t\t\t<p><div id=\"tablepress-mk7-6svr-scroll-wrapper\" class=\"tablepress-scroll-wrapper\">\n\n<table id=\"tablepress-mk7-6svr\" class=\"tablepress tablepress-id-mk7-6svr tablepress-responsive\">\n<thead>\n<tr class=\"row-1\">\n\t<th class=\"column-1\">Rang<\/th><th class=\"column-2\">Date<\/th><th class=\"column-3\">Joueurs<\/th><th class=\"column-4\">Comptes<\/th><th class=\"column-5\">Pays<\/th><th class=\"column-6\">Preuves<\/th>\n<\/tr>\n<\/thead>\n<tbody>\n<tr class=\"row-2\">\n\t<td rowspan=\"6\" class=\"column-1\">1.<\/td><td rowspan=\"6\" class=\"column-2\">18\/06\/2020<\/td><td class=\"column-3\"><b><u>Hern\u00e1n<\/u><\/b><\/td><td class=\"column-4\">VR14<\/td><td class=\"column-5\"><img decoding=\"async\" src=\"https:\/\/maxvrlist.com\/images\/flags\/es.png\" alt=\"\" width=\"30\" height=\"20\"><\/td><td class=\"column-6\"><a href=\"https:\/\/maxvrlist.com\/images\/mk7\/vr14\/2_Hernan.png\"><img decoding=\"async\" src=\"https:\/\/maxvrlist.com\/images\/icons\/image.png\" alt=\"\" width=\"20\" height=\"20\"><\/a><\/td>\n<\/tr>\n<tr class=\"row-3\">\n\t<td class=\"column-3\"><b><u>Sofian<\/u><\/b><\/td><td class=\"column-4\">VR30<\/td><td class=\"column-5\"><img decoding=\"async\" src=\"https:\/\/maxvrlist.com\/images\/flags\/fr.png\" alt=\"\" width=\"30\" height=\"20\"><\/td><td class=\"column-6\"><a href=\"https:\/\/maxvrlist.com\/images\/mk7\/vr30\/1_Sofian.jpg\"><img decoding=\"async\" src=\"https:\/\/maxvrlist.com\/images\/icons\/image.png\" alt=\"\" width=\"20\" height=\"20\"><\/a><\/td>\n<\/tr>\n<tr class=\"row-4\">\n\t<td class=\"column-3\"><b><u>Sofian<\/u><\/b><\/td><td class=\"column-4\">VR31<\/td><td class=\"column-5\"><img decoding=\"async\" src=\"https:\/\/maxvrlist.com\/images\/flags\/fr.png\" alt=\"\" width=\"30\" height=\"20\"><\/td><td class=\"column-6\"><a href=\"https:\/\/maxvrlist.com\/images\/mk7\/vr31\/1_Sofian.jpg\"><img decoding=\"async\" src=\"https:\/\/maxvrlist.com\/images\/icons\/image.png\" alt=\"\" width=\"20\" height=\"20\"><\/a><\/td>\n<\/tr>\n<tr class=\"row-5\">\n\t<td class=\"column-3\"><b><u>Sofian<\/u><\/b><\/td><td class=\"column-4\">VR32<\/td><td class=\"column-5\"><img decoding=\"async\" src=\"https:\/\/maxvrlist.com\/images\/flags\/fr.png\" alt=\"\" width=\"30\" height=\"20\"><\/td><td class=\"column-6\"><a href=\"https:\/\/maxvrlist.com\/images\/mk7\/vr32\/1_Sofian.jpg\"><img decoding=\"async\" src=\"https:\/\/maxvrlist.com\/images\/icons\/image.png\" alt=\"\" width=\"20\" height=\"20\"><\/a><\/td>\n<\/tr>\n<tr class=\"row-6\">\n\t<td class=\"column-3\"><b><u>Sofian<\/u><\/b><\/td><td class=\"column-4\">VR33<\/td><td class=\"column-5\"><img decoding=\"async\" src=\"https:\/\/maxvrlist.com\/images\/flags\/fr.png\" alt=\"\" width=\"30\" height=\"20\"><\/td><td class=\"column-6\"><a href=\"https:\/\/maxvrlist.com\/images\/mk7\/vr33\/1_Sofian.jpg\"><img decoding=\"async\" src=\"https:\/\/maxvrlist.com\/images\/icons\/image.png\" alt=\"\" width=\"20\" height=\"20\"><\/a><\/td>\n<\/tr>\n<tr class=\"row-7\">\n\t<td class=\"column-3\"><b><u>Sofian<\/u><\/b><\/td><td class=\"column-4\">VR34<\/td><td class=\"column-5\"><img decoding=\"async\" src=\"https:\/\/maxvrlist.com\/images\/flags\/fr.png\" alt=\"\" width=\"30\" height=\"20\"><\/td><td class=\"column-6\"><a href=\"https:\/\/maxvrlist.com\/images\/mk7\/vr34\/1_Sofian.jpg\"><img decoding=\"async\" src=\"https:\/\/maxvrlist.com\/images\/icons\/image.png\" alt=\"\" width=\"20\" height=\"20\"><\/a><\/td>\n<\/tr>\n<tr class=\"row-8\">\n\t<td rowspan=\"6\" class=\"column-1\">2.<\/td><td rowspan=\"6\" class=\"column-2\">25\/09\/2020<\/td><td class=\"column-3\">Sofian<\/td><td class=\"column-4\">VR53<\/td><td class=\"column-5\"><img decoding=\"async\" src=\"https:\/\/maxvrlist.com\/images\/flags\/fr.png\" alt=\"\" width=\"30\" height=\"20\"><\/td><td class=\"column-6\"><a href=\"https:\/\/maxvrlist.com\/images\/mk7\/vr53\/1_Sofian.jpeg\"><img decoding=\"async\" src=\"https:\/\/maxvrlist.com\/images\/icons\/image.png\" alt=\"\" width=\"20\" height=\"20\"><\/a><\/td>\n<\/tr>\n<tr class=\"row-9\">\n\t<td class=\"column-3\">Sofian<\/td><td class=\"column-4\">VR54<\/td><td class=\"column-5\"><img decoding=\"async\" src=\"https:\/\/maxvrlist.com\/images\/flags\/fr.png\" alt=\"\" width=\"30\" height=\"20\"><\/td><td class=\"column-6\"><a href=\"https:\/\/maxvrlist.com\/images\/mk7\/vr54\/1_Sofian.jpeg\"><img decoding=\"async\" src=\"https:\/\/maxvrlist.com\/images\/icons\/image.png\" alt=\"\" width=\"20\" height=\"20\"><\/a><\/td>\n<\/tr>\n<tr class=\"row-10\">\n\t<td class=\"column-3\">Sofian<\/td><td class=\"column-4\">VR55<\/td><td class=\"column-5\"><img decoding=\"async\" src=\"https:\/\/maxvrlist.com\/images\/flags\/fr.png\" alt=\"\" width=\"30\" height=\"20\"><\/td><td class=\"column-6\"><a href=\"https:\/\/maxvrlist.com\/images\/mk7\/vr55\/1_Sofian.jpeg\"><img decoding=\"async\" src=\"https:\/\/maxvrlist.com\/images\/icons\/image.png\" alt=\"\" width=\"20\" height=\"20\"><\/a><\/td>\n<\/tr>\n<tr class=\"row-11\">\n\t<td class=\"column-3\">Sofian<\/td><td class=\"column-4\">VR56<\/td><td class=\"column-5\"><img decoding=\"async\" src=\"https:\/\/maxvrlist.com\/images\/flags\/fr.png\" alt=\"\" width=\"30\" height=\"20\"><\/td><td class=\"column-6\"><a href=\"https:\/\/maxvrlist.com\/images\/mk7\/vr56\/1_Sofian.jpeg\"><img decoding=\"async\" src=\"https:\/\/maxvrlist.com\/images\/icons\/image.png\" alt=\"\" width=\"20\" height=\"20\"><\/a><\/td>\n<\/tr>\n<tr class=\"row-12\">\n\t<td class=\"column-3\">Sofian<\/td><td class=\"column-4\">VR57<\/td><td class=\"column-5\"><img decoding=\"async\" src=\"https:\/\/maxvrlist.com\/images\/flags\/fr.png\" alt=\"\" width=\"30\" height=\"20\"><\/td><td class=\"column-6\"><a href=\"https:\/\/maxvrlist.com\/images\/mk7\/vr57\/1_Sofian.jpeg\"><img decoding=\"async\" src=\"https:\/\/maxvrlist.com\/images\/icons\/image.png\" alt=\"\" width=\"20\" height=\"20\"><\/a><\/td>\n<\/tr>\n<tr class=\"row-13\">\n\t<td class=\"column-3\">Malik<\/td><td class=\"column-4\">VR13<\/td><td class=\"column-5\"><img decoding=\"async\" src=\"https:\/\/maxvrlist.com\/images\/flags\/fr.png\" alt=\"\" width=\"30\" height=\"20\"><\/td><td class=\"column-6\"><a href=\"https:\/\/maxvrlist.com\/images\/mk7\/vr13\/3_Malik.jpg\"><img decoding=\"async\" src=\"https:\/\/maxvrlist.com\/images\/icons\/image.png\" alt=\"\" width=\"20\" height=\"20\"><\/a><\/td>\n<\/tr>\n<tr class=\"row-14\">\n\t<td rowspan=\"6\" class=\"column-1\">3.<\/td><td rowspan=\"6\" class=\"column-2\">23\/01\/2022<\/td><td class=\"column-3\">Hern\u00e1n<\/td><td class=\"column-4\">VR45<\/td><td class=\"column-5\"><img decoding=\"async\" src=\"https:\/\/maxvrlist.com\/images\/flags\/es.png\" alt=\"\" width=\"30\" height=\"20\"><\/td><td class=\"column-6\"><a href=\"https:\/\/maxvrlist.com\/images\/mk7\/vr45\/2_Hernan.png\"><img decoding=\"async\" src=\"https:\/\/maxvrlist.com\/images\/icons\/image.png\" alt=\"\" width=\"20\" height=\"20\"><\/a><\/td>\n<\/tr>\n<tr class=\"row-15\">\n\t<td class=\"column-3\">Hern\u00e1n<\/td><td class=\"column-4\">VR46<\/td><td class=\"column-5\"><img decoding=\"async\" src=\"https:\/\/maxvrlist.com\/images\/flags\/es.png\" alt=\"\" width=\"30\" height=\"20\"><\/td><td class=\"column-6\"><a href=\"https:\/\/maxvrlist.com\/images\/mk7\/vr46\/2_Hernan.png\"><img decoding=\"async\" src=\"https:\/\/maxvrlist.com\/images\/icons\/image.png\" alt=\"\" width=\"20\" height=\"20\"><\/a><\/td>\n<\/tr>\n<tr class=\"row-16\">\n\t<td class=\"column-3\">Hern\u00e1n<\/td><td class=\"column-4\">VR47<\/td><td class=\"column-5\"><img decoding=\"async\" src=\"https:\/\/maxvrlist.com\/images\/flags\/es.png\" alt=\"\" width=\"30\" height=\"20\"><\/td><td class=\"column-6\"><a href=\"https:\/\/maxvrlist.com\/images\/mk7\/vr47\/2_Hernan.png\"><img decoding=\"async\" src=\"https:\/\/maxvrlist.com\/images\/icons\/image.png\" alt=\"\" width=\"20\" height=\"20\"><\/a><\/td>\n<\/tr>\n<tr class=\"row-17\">\n\t<td class=\"column-3\">Hern\u00e1n<\/td><td class=\"column-4\">VR48<\/td><td class=\"column-5\"><img decoding=\"async\" src=\"https:\/\/maxvrlist.com\/images\/flags\/es.png\" alt=\"\" width=\"30\" height=\"20\"><\/td><td class=\"column-6\"><a href=\"https:\/\/maxvrlist.com\/images\/mk7\/vr48\/2_Hernan.png\"><img decoding=\"async\" src=\"https:\/\/maxvrlist.com\/images\/icons\/image.png\" alt=\"\" width=\"20\" height=\"20\"><\/a><\/td>\n<\/tr>\n<tr class=\"row-18\">\n\t<td class=\"column-3\">Hern\u00e1n<\/td><td class=\"column-4\">VR49<\/td><td class=\"column-5\"><img decoding=\"async\" src=\"https:\/\/maxvrlist.com\/images\/flags\/es.png\" alt=\"\" width=\"30\" height=\"20\"><\/td><td class=\"column-6\"><a href=\"https:\/\/maxvrlist.com\/images\/mk7\/vr49\/2_Hernan.png\"><img decoding=\"async\" src=\"https:\/\/maxvrlist.com\/images\/icons\/image.png\" alt=\"\" width=\"20\" height=\"20\"><\/a><\/td>\n<\/tr>\n<tr class=\"row-19\">\n\t<td class=\"column-3\">Hern\u00e1n<\/td><td class=\"column-4\">VR50<\/td><td class=\"column-5\"><img decoding=\"async\" src=\"https:\/\/maxvrlist.com\/images\/flags\/es.png\" alt=\"\" width=\"30\" height=\"20\"><\/td><td class=\"column-6\"><a href=\"https:\/\/maxvrlist.com\/images\/mk7\/vr50\/2_Hernan.png\"><img decoding=\"async\" src=\"https:\/\/maxvrlist.com\/images\/icons\/image.png\" alt=\"\" width=\"20\" height=\"20\"><\/a><\/td>\n<\/tr>\n<tr class=\"row-20\">\n\t<td rowspan=\"6\" class=\"column-1\">4.<\/td><td rowspan=\"6\" class=\"column-2\">22\/12\/2023<\/td><td class=\"column-3\"><b><u>\u3058\u3089\u3074\u3053<\/u><\/b><\/td><td class=\"column-4\">VR17<\/td><td class=\"column-5\"><img loading=\"lazy\" decoding=\"async\" src=\"https:\/\/maxvrlist.com\/images\/flags\/jp.png\" alt=\"\" width=\"30\" height=\"20\"><\/td><td class=\"column-6\"><a href=\"https:\/\/maxvrlist.com\/images\/mk7\/vr17\/3_\u3058\u3089\u3074\u3053.jpg\"><img decoding=\"async\" src=\"https:\/\/maxvrlist.com\/images\/icons\/image.png\" alt=\"\" width=\"20\" height=\"20\"><\/a><\/td>\n<\/tr>\n<tr class=\"row-21\">\n\t<td class=\"column-3\"><b><u>\u3058\u3089\u3074\u3053<\/u><\/b><\/td><td class=\"column-4\">VR18<\/td><td class=\"column-5\"><img loading=\"lazy\" decoding=\"async\" src=\"https:\/\/maxvrlist.com\/images\/flags\/jp.png\" alt=\"\" width=\"30\" height=\"20\"><\/td><td class=\"column-6\"><a href=\"https:\/\/maxvrlist.com\/images\/mk7\/vr18\/3_\u3058\u3089\u3074\u3053.jpg\"><img decoding=\"async\" src=\"https:\/\/maxvrlist.com\/images\/icons\/image.png\" alt=\"\" width=\"20\" height=\"20\"><\/a><\/td>\n<\/tr>\n<tr class=\"row-22\">\n\t<td class=\"column-3\"><b><u>\u3058\u3089\u3074\u3053<\/u><\/b><\/td><td class=\"column-4\">VR19<\/td><td class=\"column-5\"><img loading=\"lazy\" decoding=\"async\" src=\"https:\/\/maxvrlist.com\/images\/flags\/jp.png\" alt=\"\" width=\"30\" height=\"20\"><\/td><td class=\"column-6\"><a href=\"https:\/\/maxvrlist.com\/images\/mk7\/vr19\/3_\u3058\u3089\u3074\u3053.jpg\"><img decoding=\"async\" src=\"https:\/\/maxvrlist.com\/images\/icons\/image.png\" alt=\"\" width=\"20\" height=\"20\"><\/a><\/td>\n<\/tr>\n<tr class=\"row-23\">\n\t<td class=\"column-3\"><b><u>\u3058\u3089\u3074\u3053<\/u><\/b><\/td><td class=\"column-4\">VR20<\/td><td class=\"column-5\"><img loading=\"lazy\" decoding=\"async\" src=\"https:\/\/maxvrlist.com\/images\/flags\/jp.png\" alt=\"\" width=\"30\" height=\"20\"><\/td><td class=\"column-6\"><a href=\"https:\/\/maxvrlist.com\/images\/mk7\/vr20\/3_\u3058\u3089\u3074\u3053.jpg\"><img decoding=\"async\" src=\"https:\/\/maxvrlist.com\/images\/icons\/image.png\" alt=\"\" width=\"20\" height=\"20\"><\/a><\/td>\n<\/tr>\n<tr class=\"row-24\">\n\t<td class=\"column-3\"><b><u>\u3058\u3089\u3074\u3053<\/u><\/b><\/td><td class=\"column-4\">VR21<\/td><td class=\"column-5\"><img loading=\"lazy\" decoding=\"async\" src=\"https:\/\/maxvrlist.com\/images\/flags\/jp.png\" alt=\"\" width=\"30\" height=\"20\"><\/td><td class=\"column-6\"><a href=\"https:\/\/maxvrlist.com\/images\/mk7\/vr21\/3_\u3058\u3089\u3074\u3053.jpg\"><img decoding=\"async\" src=\"https:\/\/maxvrlist.com\/images\/icons\/image.png\" alt=\"\" width=\"20\" height=\"20\"><\/a><\/td>\n<\/tr>\n<tr class=\"row-25\">\n\t<td class=\"column-3\"><b><u>\u3058\u3089\u3074\u3053<\/u><\/b><\/td><td class=\"column-4\">VR22<\/td><td class=\"column-5\"><img loading=\"lazy\" decoding=\"async\" src=\"https:\/\/maxvrlist.com\/images\/flags\/jp.png\" alt=\"\" width=\"30\" height=\"20\"><\/td><td class=\"column-6\"><a href=\"https:\/\/maxvrlist.com\/images\/mk7\/vr22\/3_\u3058\u3089\u3074\u3053.jpg\"><img decoding=\"async\" src=\"https:\/\/maxvrlist.com\/images\/icons\/image.png\" alt=\"\" width=\"20\" height=\"20\"><\/a><\/td>\n<\/tr>\n<\/tbody>\n<\/table>\n\n<\/div><!-- #tablepress-mk7-6svr from cache --><\/p>\t\t\t\t\t\t\t\t<\/div>\n\t\t\t\t<\/div>\n\t\t\t\t\t<\/div>\n\t\t<\/div>\n\t\t\t\t\t<\/div>\n\t\t<\/section>\n\t\t\t\t<\/div>","protected":false},"excerpt":{"rendered":"<p>SVR 3\u00d7SVR 4\u00d7SVR 5\u00d7SVR 6\u00d7SVR 7\u00d7SVR S4V 4\u00d7S4V Mario Kart 7 6\u00d7SVR list 6\u00d7SVR = Sixfold Simultaneous VR = Six max VR reached simultaneously Bold = A country&#8217;s first player Underline = A continent&#8217;s first player This list is discontinued since April 9, 2024, when Mario Kart 7 servers were closed.<\/p>","protected":false},"author":1,"featured_media":0,"parent":1319,"menu_order":0,"comment_status":"closed","ping_status":"closed","template":"elementor_header_footer","meta":{"_monsterinsights_skip_tracking":false,"_monsterinsights_sitenote_active":false,"_monsterinsights_sitenote_note":"","_monsterinsights_sitenote_category":0,"site-sidebar-layout":"no-sidebar","site-content-layout":"page-builder","ast-global-header-display":"","ast-main-header-display":"","ast-hfb-above-header-display":"","ast-hfb-below-header-display":"","ast-hfb-mobile-header-display":"","site-post-title":"disabled","ast-breadcrumbs-content":"","ast-featured-img":"disabled","footer-sml-layout":"","theme-transparent-header-meta":"default","adv-header-id-meta":"","stick-header-meta":"","header-above-stick-meta":"","header-main-stick-meta":"","header-below-stick-meta":"","footnotes":""},"class_list":["post-2304","page","type-page","status-publish","hentry"],"_links":{"self":[{"href":"https:\/\/maxvrlist.com\/fr\/wp-json\/wp\/v2\/pages\/2304","targetHints":{"allow":["GET"]}}],"collection":[{"href":"https:\/\/maxvrlist.com\/fr\/wp-json\/wp\/v2\/pages"}],"about":[{"href":"https:\/\/maxvrlist.com\/fr\/wp-json\/wp\/v2\/types\/page"}],"author":[{"embeddable":true,"href":"https:\/\/maxvrlist.com\/fr\/wp-json\/wp\/v2\/users\/1"}],"replies":[{"embeddable":true,"href":"https:\/\/maxvrlist.com\/fr\/wp-json\/wp\/v2\/comments?post=2304"}],"version-history":[{"count":10,"href":"https:\/\/maxvrlist.com\/fr\/wp-json\/wp\/v2\/pages\/2304\/revisions"}],"predecessor-version":[{"id":22182,"href":"https:\/\/maxvrlist.com\/fr\/wp-json\/wp\/v2\/pages\/2304\/revisions\/22182"}],"up":[{"embeddable":true,"href":"https:\/\/maxvrlist.com\/fr\/wp-json\/wp\/v2\/pages\/1319"}],"wp:attachment":[{"href":"https:\/\/maxvrlist.com\/fr\/wp-json\/wp\/v2\/media?parent=2304"}],"curies":[{"name":"wp","href":"https:\/\/api.w.org\/{rel}","templated":true}]}}