{"id":23323,"date":"2024-05-20T13:25:52","date_gmt":"2024-05-20T13:25:52","guid":{"rendered":"https:\/\/maxvrlist.com\/?page_id=23323"},"modified":"2024-05-20T13:26:47","modified_gmt":"2024-05-20T13:26:47","slug":"6scr","status":"publish","type":"page","link":"https:\/\/maxvrlist.com\/fr\/mk8dx\/6scr","title":{"rendered":"6\u00d7SCR"},"content":{"rendered":"<div data-elementor-type=\"wp-page\" data-elementor-id=\"23323\" class=\"elementor elementor-23323\">\n\t\t\t\t\t\t<section class=\"elementor-section elementor-top-section elementor-element elementor-element-2fdb0655 elementor-section-full_width elementor-section-height-default elementor-section-height-default\" data-id=\"2fdb0655\" data-element_type=\"section\" data-e-type=\"section\" data-settings=\"{&quot;background_background&quot;:&quot;classic&quot;}\">\n\t\t\t\t\t\t<div class=\"elementor-container elementor-column-gap-default\">\n\t\t\t\t\t<div class=\"elementor-column elementor-col-100 elementor-top-column elementor-element elementor-element-3366861c\" data-id=\"3366861c\" data-element_type=\"column\" data-e-type=\"column\">\n\t\t\t<div class=\"elementor-widget-wrap elementor-element-populated\">\n\t\t\t\t\t\t<div class=\"elementor-element elementor-element-3b55db5c elementor-align-center elementor-widget__width-auto elementor-widget elementor-widget-button\" data-id=\"3b55db5c\" data-element_type=\"widget\" data-e-type=\"widget\" data-widget_type=\"button.default\">\n\t\t\t\t<div class=\"elementor-widget-container\">\n\t\t\t\t\t\t\t\t\t<div class=\"elementor-button-wrapper\">\n\t\t\t\t\t<a class=\"elementor-button elementor-button-link elementor-size-xs\" href=\"https:\/\/maxvrlist.com\/fr\/mk8dx\/svr\/\">\n\t\t\t\t\t\t<span class=\"elementor-button-content-wrapper\">\n\t\t\t\t\t\t\t\t\t<span class=\"elementor-button-text\">SVR<\/span>\n\t\t\t\t\t<\/span>\n\t\t\t\t\t<\/a>\n\t\t\t\t<\/div>\n\t\t\t\t\t\t\t\t<\/div>\n\t\t\t\t<\/div>\n\t\t\t\t<div class=\"elementor-element elementor-element-1bbe91c5 elementor-align-center elementor-widget__width-auto elementor-widget elementor-widget-button\" data-id=\"1bbe91c5\" data-element_type=\"widget\" data-e-type=\"widget\" data-widget_type=\"button.default\">\n\t\t\t\t<div class=\"elementor-widget-container\">\n\t\t\t\t\t\t\t\t\t<div class=\"elementor-button-wrapper\">\n\t\t\t\t\t<a class=\"elementor-button elementor-button-link elementor-size-xs\" href=\"https:\/\/maxvrlist.com\/fr\/mk8dx\/3svr\/\">\n\t\t\t\t\t\t<span class=\"elementor-button-content-wrapper\">\n\t\t\t\t\t\t\t\t\t<span class=\"elementor-button-text\">3\u00d7SVR<\/span>\n\t\t\t\t\t<\/span>\n\t\t\t\t\t<\/a>\n\t\t\t\t<\/div>\n\t\t\t\t\t\t\t\t<\/div>\n\t\t\t\t<\/div>\n\t\t\t\t<div class=\"elementor-element elementor-element-a6a892f elementor-align-center elementor-widget__width-auto elementor-widget elementor-widget-button\" data-id=\"a6a892f\" data-element_type=\"widget\" data-e-type=\"widget\" data-widget_type=\"button.default\">\n\t\t\t\t<div class=\"elementor-widget-container\">\n\t\t\t\t\t\t\t\t\t<div class=\"elementor-button-wrapper\">\n\t\t\t\t\t<a class=\"elementor-button elementor-button-link elementor-size-xs\" href=\"https:\/\/maxvrlist.com\/fr\/mk8dx\/6svr\/\">\n\t\t\t\t\t\t<span class=\"elementor-button-content-wrapper\">\n\t\t\t\t\t\t\t\t\t<span class=\"elementor-button-text\">6\u00d7SVR<\/span>\n\t\t\t\t\t<\/span>\n\t\t\t\t\t<\/a>\n\t\t\t\t<\/div>\n\t\t\t\t\t\t\t\t<\/div>\n\t\t\t\t<\/div>\n\t\t\t\t<div class=\"elementor-element elementor-element-6ea67eca elementor-align-center elementor-widget__width-auto elementor-widget elementor-widget-button\" data-id=\"6ea67eca\" data-element_type=\"widget\" data-e-type=\"widget\" data-widget_type=\"button.default\">\n\t\t\t\t<div class=\"elementor-widget-container\">\n\t\t\t\t\t\t\t\t\t<div class=\"elementor-button-wrapper\">\n\t\t\t\t\t<a class=\"elementor-button elementor-button-link elementor-size-xs\" href=\"https:\/\/maxvrlist.com\/fr\/mk8dx\/sbr\/\">\n\t\t\t\t\t\t<span class=\"elementor-button-content-wrapper\">\n\t\t\t\t\t\t\t\t\t<span class=\"elementor-button-text\">SBR<\/span>\n\t\t\t\t\t<\/span>\n\t\t\t\t\t<\/a>\n\t\t\t\t<\/div>\n\t\t\t\t\t\t\t\t<\/div>\n\t\t\t\t<\/div>\n\t\t\t\t<div class=\"elementor-element elementor-element-0522133 elementor-align-center elementor-widget__width-auto elementor-widget elementor-widget-button\" data-id=\"0522133\" data-element_type=\"widget\" data-e-type=\"widget\" data-widget_type=\"button.default\">\n\t\t\t\t<div class=\"elementor-widget-container\">\n\t\t\t\t\t\t\t\t\t<div class=\"elementor-button-wrapper\">\n\t\t\t\t\t<a class=\"elementor-button elementor-button-link elementor-size-xs\" href=\"https:\/\/maxvrlist.com\/fr\/mk8dx\/3sbr\/\">\n\t\t\t\t\t\t<span class=\"elementor-button-content-wrapper\">\n\t\t\t\t\t\t\t\t\t<span class=\"elementor-button-text\">3\u00d7SBR<\/span>\n\t\t\t\t\t<\/span>\n\t\t\t\t\t<\/a>\n\t\t\t\t<\/div>\n\t\t\t\t\t\t\t\t<\/div>\n\t\t\t\t<\/div>\n\t\t\t\t<div class=\"elementor-element elementor-element-e07b6db elementor-align-center elementor-widget__width-auto elementor-widget elementor-widget-button\" data-id=\"e07b6db\" data-element_type=\"widget\" data-e-type=\"widget\" data-widget_type=\"button.default\">\n\t\t\t\t<div class=\"elementor-widget-container\">\n\t\t\t\t\t\t\t\t\t<div class=\"elementor-button-wrapper\">\n\t\t\t\t\t<a class=\"elementor-button elementor-button-link elementor-size-xs\" href=\"https:\/\/maxvrlist.com\/fr\/mk8dx\/4sbr\/\">\n\t\t\t\t\t\t<span class=\"elementor-button-content-wrapper\">\n\t\t\t\t\t\t\t\t\t<span class=\"elementor-button-text\">4\u00d7SBR<\/span>\n\t\t\t\t\t<\/span>\n\t\t\t\t\t<\/a>\n\t\t\t\t<\/div>\n\t\t\t\t\t\t\t\t<\/div>\n\t\t\t\t<\/div>\n\t\t\t\t<div class=\"elementor-element elementor-element-45c2d0a elementor-align-center elementor-widget__width-auto elementor-widget elementor-widget-button\" data-id=\"45c2d0a\" data-element_type=\"widget\" data-e-type=\"widget\" data-widget_type=\"button.default\">\n\t\t\t\t<div class=\"elementor-widget-container\">\n\t\t\t\t\t\t\t\t\t<div class=\"elementor-button-wrapper\">\n\t\t\t\t\t<a class=\"elementor-button elementor-button-link elementor-size-xs\" href=\"https:\/\/maxvrlist.com\/fr\/mk8dx\/6sbr\/\">\n\t\t\t\t\t\t<span class=\"elementor-button-content-wrapper\">\n\t\t\t\t\t\t\t\t\t<span class=\"elementor-button-text\">6\u00d7SBR<\/span>\n\t\t\t\t\t<\/span>\n\t\t\t\t\t<\/a>\n\t\t\t\t<\/div>\n\t\t\t\t\t\t\t\t<\/div>\n\t\t\t\t<\/div>\n\t\t\t\t<div class=\"elementor-element elementor-element-34a3a98 elementor-align-center elementor-widget__width-auto elementor-widget elementor-widget-button\" data-id=\"34a3a98\" data-element_type=\"widget\" data-e-type=\"widget\" data-widget_type=\"button.default\">\n\t\t\t\t<div class=\"elementor-widget-container\">\n\t\t\t\t\t\t\t\t\t<div class=\"elementor-button-wrapper\">\n\t\t\t\t\t<a class=\"elementor-button elementor-button-link elementor-size-xs\" href=\"https:\/\/maxvrlist.com\/fr\/mk8dx\/7sbr\/\">\n\t\t\t\t\t\t<span class=\"elementor-button-content-wrapper\">\n\t\t\t\t\t\t\t\t\t<span class=\"elementor-button-text\">7\u00d7SBR<\/span>\n\t\t\t\t\t<\/span>\n\t\t\t\t\t<\/a>\n\t\t\t\t<\/div>\n\t\t\t\t\t\t\t\t<\/div>\n\t\t\t\t<\/div>\n\t\t\t\t<div class=\"elementor-element elementor-element-3f12d55 elementor-align-center elementor-widget__width-auto elementor-widget elementor-widget-button\" data-id=\"3f12d55\" data-element_type=\"widget\" data-e-type=\"widget\" data-widget_type=\"button.default\">\n\t\t\t\t<div class=\"elementor-widget-container\">\n\t\t\t\t\t\t\t\t\t<div class=\"elementor-button-wrapper\">\n\t\t\t\t\t<a class=\"elementor-button elementor-button-link elementor-size-xs\" href=\"https:\/\/maxvrlist.com\/fr\/mk8dx\/12sbr\/\">\n\t\t\t\t\t\t<span class=\"elementor-button-content-wrapper\">\n\t\t\t\t\t\t\t\t\t<span class=\"elementor-button-text\">12\u00d7SBR<\/span>\n\t\t\t\t\t<\/span>\n\t\t\t\t\t<\/a>\n\t\t\t\t<\/div>\n\t\t\t\t\t\t\t\t<\/div>\n\t\t\t\t<\/div>\n\t\t\t\t<div class=\"elementor-element elementor-element-29101367 elementor-align-center elementor-widget__width-auto elementor-widget elementor-widget-button\" data-id=\"29101367\" data-element_type=\"widget\" data-e-type=\"widget\" data-widget_type=\"button.default\">\n\t\t\t\t<div class=\"elementor-widget-container\">\n\t\t\t\t\t\t\t\t\t<div class=\"elementor-button-wrapper\">\n\t\t\t\t\t<a class=\"elementor-button elementor-button-link elementor-size-xs\" href=\"https:\/\/maxvrlist.com\/fr\/mk8dx\/scr\/\">\n\t\t\t\t\t\t<span class=\"elementor-button-content-wrapper\">\n\t\t\t\t\t\t\t\t\t<span class=\"elementor-button-text\">SCR<\/span>\n\t\t\t\t\t<\/span>\n\t\t\t\t\t<\/a>\n\t\t\t\t<\/div>\n\t\t\t\t\t\t\t\t<\/div>\n\t\t\t\t<\/div>\n\t\t\t\t<div class=\"elementor-element elementor-element-d93e64c elementor-align-center elementor-widget__width-auto elementor-widget elementor-widget-button\" data-id=\"d93e64c\" data-element_type=\"widget\" data-e-type=\"widget\" data-widget_type=\"button.default\">\n\t\t\t\t<div class=\"elementor-widget-container\">\n\t\t\t\t\t\t\t\t\t<div class=\"elementor-button-wrapper\">\n\t\t\t\t\t<a class=\"elementor-button elementor-button-link elementor-size-xs\" href=\"https:\/\/maxvrlist.com\/fr\/mk8dx\/5scr\/\">\n\t\t\t\t\t\t<span class=\"elementor-button-content-wrapper\">\n\t\t\t\t\t\t\t\t\t<span class=\"elementor-button-text\">5\u00d7SCR<\/span>\n\t\t\t\t\t<\/span>\n\t\t\t\t\t<\/a>\n\t\t\t\t<\/div>\n\t\t\t\t\t\t\t\t<\/div>\n\t\t\t\t<\/div>\n\t\t\t\t<div class=\"elementor-element elementor-element-8eba197 elementor-align-center elementor-widget__width-auto elementor-widget elementor-widget-button\" data-id=\"8eba197\" data-element_type=\"widget\" data-e-type=\"widget\" data-widget_type=\"button.default\">\n\t\t\t\t<div class=\"elementor-widget-container\">\n\t\t\t\t\t\t\t\t\t<div class=\"elementor-button-wrapper\">\n\t\t\t\t\t<a class=\"elementor-button elementor-size-xs\" role=\"button\">\n\t\t\t\t\t\t<span class=\"elementor-button-content-wrapper\">\n\t\t\t\t\t\t\t\t\t<span class=\"elementor-button-text\">6\u00d7SCR<\/span>\n\t\t\t\t\t<\/span>\n\t\t\t\t\t<\/a>\n\t\t\t\t<\/div>\n\t\t\t\t\t\t\t\t<\/div>\n\t\t\t\t<\/div>\n\t\t\t\t<div class=\"elementor-element elementor-element-c8904ce elementor-align-center elementor-widget__width-auto elementor-widget elementor-widget-button\" data-id=\"c8904ce\" data-element_type=\"widget\" data-e-type=\"widget\" data-widget_type=\"button.default\">\n\t\t\t\t<div class=\"elementor-widget-container\">\n\t\t\t\t\t\t\t\t\t<div class=\"elementor-button-wrapper\">\n\t\t\t\t\t<a class=\"elementor-button elementor-button-link elementor-size-xs\" href=\"https:\/\/maxvrlist.com\/fr\/mk8dx\/7scr\/\">\n\t\t\t\t\t\t<span class=\"elementor-button-content-wrapper\">\n\t\t\t\t\t\t\t\t\t<span class=\"elementor-button-text\">7\u00d7SCR<\/span>\n\t\t\t\t\t<\/span>\n\t\t\t\t\t<\/a>\n\t\t\t\t<\/div>\n\t\t\t\t\t\t\t\t<\/div>\n\t\t\t\t<\/div>\n\t\t\t\t<div class=\"elementor-element elementor-element-63dd4cf elementor-align-center elementor-widget__width-auto elementor-widget elementor-widget-button\" data-id=\"63dd4cf\" data-element_type=\"widget\" data-e-type=\"widget\" data-widget_type=\"button.default\">\n\t\t\t\t<div class=\"elementor-widget-container\">\n\t\t\t\t\t\t\t\t\t<div class=\"elementor-button-wrapper\">\n\t\t\t\t\t<a class=\"elementor-button elementor-button-link elementor-size-xs\" href=\"https:\/\/maxvrlist.com\/fr\/mk8dx\/12scr\/\">\n\t\t\t\t\t\t<span class=\"elementor-button-content-wrapper\">\n\t\t\t\t\t\t\t\t\t<span class=\"elementor-button-text\">12\u00d7SCR<\/span>\n\t\t\t\t\t<\/span>\n\t\t\t\t\t<\/a>\n\t\t\t\t<\/div>\n\t\t\t\t\t\t\t\t<\/div>\n\t\t\t\t<\/div>\n\t\t\t\t\t<\/div>\n\t\t<\/div>\n\t\t\t\t\t<\/div>\n\t\t<\/section>\n\t\t\t\t<section class=\"elementor-section elementor-top-section elementor-element elementor-element-55670557 elementor-section-full_width elementor-section-content-middle elementor-section-height-default elementor-section-height-default\" data-id=\"55670557\" data-element_type=\"section\" data-e-type=\"section\" data-settings=\"{&quot;background_background&quot;:&quot;classic&quot;}\">\n\t\t\t\t\t\t<div class=\"elementor-container elementor-column-gap-default\">\n\t\t\t\t\t<div class=\"elementor-column elementor-col-100 elementor-top-column elementor-element elementor-element-111168df\" data-id=\"111168df\" data-element_type=\"column\" data-e-type=\"column\">\n\t\t\t<div class=\"elementor-widget-wrap elementor-element-populated\">\n\t\t\t\t\t\t<div class=\"elementor-element elementor-element-b5d3974 elementor-widget elementor-widget-heading\" data-id=\"b5d3974\" data-element_type=\"widget\" data-e-type=\"widget\" data-widget_type=\"heading.default\">\n\t\t\t\t<div class=\"elementor-widget-container\">\n\t\t\t\t\t<h2 class=\"elementor-heading-title elementor-size-default\">Liste des 6\u00d7SCR de Mario Kart 8 Deluxe<\/h2>\t\t\t\t<\/div>\n\t\t\t\t<\/div>\n\t\t\t\t<div class=\"elementor-element elementor-element-2093588a elementor-widget elementor-widget-text-editor\" data-id=\"2093588a\" data-element_type=\"widget\" data-e-type=\"widget\" data-widget_type=\"text-editor.default\">\n\t\t\t\t<div class=\"elementor-widget-container\">\n\t\t\t\t\t\t\t\t\t6\u00d7SCR = Sextuple Simultaneous CR = 6 max CR atteints simultan\u00e9ment.<br>\nGras = Premier joueur max d'un pays<br>\nSoulign\u00e9 = Premier joueur max d'un continent\t\t\t\t\t\t\t\t<\/div>\n\t\t\t\t<\/div>\n\t\t\t\t\t<\/div>\n\t\t<\/div>\n\t\t\t\t\t<\/div>\n\t\t<\/section>\n\t\t\t\t<section class=\"elementor-section elementor-top-section elementor-element elementor-element-45aba60b elementor-section-full_width elementor-section-content-middle elementor-section-height-default elementor-section-height-default\" data-id=\"45aba60b\" data-element_type=\"section\" data-e-type=\"section\" data-settings=\"{&quot;background_background&quot;:&quot;classic&quot;}\">\n\t\t\t\t\t\t<div class=\"elementor-container elementor-column-gap-default\">\n\t\t\t\t\t<div class=\"elementor-column elementor-col-100 elementor-top-column elementor-element elementor-element-589bba55\" data-id=\"589bba55\" data-element_type=\"column\" data-e-type=\"column\">\n\t\t\t<div class=\"elementor-widget-wrap elementor-element-populated\">\n\t\t\t\t\t\t<div class=\"elementor-element elementor-element-699bcbe9 elementor-widget elementor-widget-text-editor\" data-id=\"699bcbe9\" data-element_type=\"widget\" data-e-type=\"widget\" data-widget_type=\"text-editor.default\">\n\t\t\t\t<div class=\"elementor-widget-container\">\n\t\t\t\t\t\t\t\t\t<p><div id=\"tablepress-mk8dx-6scr-scroll-wrapper\" class=\"tablepress-scroll-wrapper\">\n\n<table id=\"tablepress-mk8dx-6scr\" class=\"tablepress tablepress-id-mk8dx-6scr tablepress-responsive\">\n<thead>\n<tr class=\"row-1\">\n\t<th class=\"column-1\">Rang<\/th><th class=\"column-2\">Date<\/th><th class=\"column-3\">Joueurs<\/th><th class=\"column-4\">Comptes<\/th><th class=\"column-5\">Pays<\/th><th class=\"column-6\">Tweets<\/th><th class=\"column-7\">Preuves<\/th>\n<\/tr>\n<\/thead>\n<tbody>\n<tr class=\"row-2\">\n\t<td rowspan=\"6\" class=\"column-1\">1.<\/td><td rowspan=\"6\" class=\"column-2\">05\/05\/2024<\/td><td class=\"column-3\"><b><u>\u3058\u3089\u3074\u3053<\/u><\/b><\/td><td class=\"column-4\">CR15<\/td><td class=\"column-5\"><img decoding=\"async\" src=\"https:\/\/maxvrlist.com\/images\/flags\/jp.png\" alt=\"\" width=\"30\" height=\"20\" \/><\/td><td class=\"column-6\"><a href=\"https:\/\/x.com\/Jirapiko\/status\/1787268486466851120\" target=\"_blank\" rel=\"noopener noreferrer\"><img decoding=\"async\" src=\"https:\/\/maxvrlist.com\/images\/icons\/twitter.png\" alt=\"\" width=\"20\" height=\"20\" \/><\/a><\/td><td class=\"column-7\"><a href=\"https:\/\/maxvrlist.com\/images\/mk8dx\/br15\/3_\u3058\u3089\u3074\u3053.jpg\"><img decoding=\"async\" src=\"https:\/\/maxvrlist.com\/images\/icons\/image.png\" alt=\"\" width=\"20\" height=\"20\" \/><\/a><a href=\"https:\/\/maxvrlist.com\/images\/mk8dx\/vr15\/8_\u3058\u3089\u3074\u3053.jpg\"><img decoding=\"async\" src=\"https:\/\/maxvrlist.com\/images\/icons\/image.png\" alt=\"\" width=\"20\" height=\"20\" \/><\/a><\/td>\n<\/tr>\n<tr class=\"row-3\">\n\t<td class=\"column-3\"><b><u>\u3058\u3089\u3074\u3053<\/u><\/b><\/td><td class=\"column-4\">CR16<\/td><td class=\"column-5\"><img decoding=\"async\" src=\"https:\/\/maxvrlist.com\/images\/flags\/jp.png\" alt=\"\" width=\"30\" height=\"20\" \/><\/td><td class=\"column-6\"><a href=\"https:\/\/x.com\/Jirapiko\/status\/1787268486466851120\" target=\"_blank\" rel=\"noopener noreferrer\"><img decoding=\"async\" src=\"https:\/\/maxvrlist.com\/images\/icons\/twitter.png\" alt=\"\" width=\"20\" height=\"20\" \/><\/a><\/td><td class=\"column-7\"><a href=\"https:\/\/maxvrlist.com\/images\/mk8dx\/br16\/3_\u3058\u3089\u3074\u3053.jpg\"><img decoding=\"async\" src=\"https:\/\/maxvrlist.com\/images\/icons\/image.png\" alt=\"\" width=\"20\" height=\"20\" \/><\/a><a href=\"https:\/\/maxvrlist.com\/images\/mk8dx\/vr16\/7_\u3058\u3089\u3074\u3053.jpg\"><img decoding=\"async\" src=\"https:\/\/maxvrlist.com\/images\/icons\/image.png\" alt=\"\" width=\"20\" height=\"20\" \/><\/a><\/td>\n<\/tr>\n<tr class=\"row-4\">\n\t<td class=\"column-3\"><b><u>\u3058\u3089\u3074\u3053<\/u><\/b><\/td><td class=\"column-4\">CR17<\/td><td class=\"column-5\"><img decoding=\"async\" src=\"https:\/\/maxvrlist.com\/images\/flags\/jp.png\" alt=\"\" width=\"30\" height=\"20\" \/><\/td><td class=\"column-6\"><a href=\"https:\/\/x.com\/Jirapiko\/status\/1787268486466851120\" target=\"_blank\" rel=\"noopener noreferrer\"><img decoding=\"async\" src=\"https:\/\/maxvrlist.com\/images\/icons\/twitter.png\" alt=\"\" width=\"20\" height=\"20\" \/><\/a><\/td><td class=\"column-7\"><a href=\"https:\/\/maxvrlist.com\/images\/mk8dx\/br17\/3_\u3058\u3089\u3074\u3053.jpg\"><img decoding=\"async\" src=\"https:\/\/maxvrlist.com\/images\/icons\/image.png\" alt=\"\" width=\"20\" height=\"20\" \/><\/a><a href=\"https:\/\/maxvrlist.com\/images\/mk8dx\/vr17\/7_\u3058\u3089\u3074\u3053.jpg\"><img decoding=\"async\" src=\"https:\/\/maxvrlist.com\/images\/icons\/image.png\" alt=\"\" width=\"20\" height=\"20\" \/><\/a><\/td>\n<\/tr>\n<tr class=\"row-5\">\n\t<td class=\"column-3\"><b><u>\u3058\u3089\u3074\u3053<\/u><\/b><\/td><td class=\"column-4\">CR18<\/td><td class=\"column-5\"><img decoding=\"async\" src=\"https:\/\/maxvrlist.com\/images\/flags\/jp.png\" alt=\"\" width=\"30\" height=\"20\" \/><\/td><td class=\"column-6\"><a href=\"https:\/\/x.com\/Jirapiko\/status\/1787268486466851120\" target=\"_blank\" rel=\"noopener noreferrer\"><img decoding=\"async\" src=\"https:\/\/maxvrlist.com\/images\/icons\/twitter.png\" alt=\"\" width=\"20\" height=\"20\" \/><\/a><\/td><td class=\"column-7\"><a href=\"https:\/\/maxvrlist.com\/images\/mk8dx\/br18\/3_\u3058\u3089\u3074\u3053.jpg\"><img decoding=\"async\" src=\"https:\/\/maxvrlist.com\/images\/icons\/image.png\" alt=\"\" width=\"20\" height=\"20\" \/><\/a><a href=\"https:\/\/maxvrlist.com\/images\/mk8dx\/vr18\/7_\u3058\u3089\u3074\u3053.jpg\"><img decoding=\"async\" src=\"https:\/\/maxvrlist.com\/images\/icons\/image.png\" alt=\"\" width=\"20\" height=\"20\" \/><\/a><\/td>\n<\/tr>\n<tr class=\"row-6\">\n\t<td class=\"column-3\"><b><u>\u3058\u3089\u3074\u3053<\/u><\/b><\/td><td class=\"column-4\">CR19<\/td><td class=\"column-5\"><img decoding=\"async\" src=\"https:\/\/maxvrlist.com\/images\/flags\/jp.png\" alt=\"\" width=\"30\" height=\"20\" \/><\/td><td class=\"column-6\"><a href=\"https:\/\/x.com\/Jirapiko\/status\/1787268486466851120\" target=\"_blank\" rel=\"noopener noreferrer\"><img decoding=\"async\" src=\"https:\/\/maxvrlist.com\/images\/icons\/twitter.png\" alt=\"\" width=\"20\" height=\"20\" \/><\/a><\/td><td class=\"column-7\"><a href=\"https:\/\/maxvrlist.com\/images\/mk8dx\/br19\/3_\u3058\u3089\u3074\u3053.jpg\"><img decoding=\"async\" src=\"https:\/\/maxvrlist.com\/images\/icons\/image.png\" alt=\"\" width=\"20\" height=\"20\" \/><\/a><a href=\"https:\/\/maxvrlist.com\/images\/mk8dx\/vr19\/6_\u3058\u3089\u3074\u3053.jpg\"><img decoding=\"async\" src=\"https:\/\/maxvrlist.com\/images\/icons\/image.png\" alt=\"\" width=\"20\" height=\"20\" \/><\/a><\/td>\n<\/tr>\n<tr class=\"row-7\">\n\t<td class=\"column-3\"><b><u>\u3058\u3089\u3074\u3053<\/u><\/b><\/td><td class=\"column-4\">CR20<\/td><td class=\"column-5\"><img decoding=\"async\" src=\"https:\/\/maxvrlist.com\/images\/flags\/jp.png\" alt=\"\" width=\"30\" height=\"20\" \/><\/td><td class=\"column-6\"><a href=\"https:\/\/x.com\/Jirapiko\/status\/1787268486466851120\" target=\"_blank\" rel=\"noopener noreferrer\"><img decoding=\"async\" src=\"https:\/\/maxvrlist.com\/images\/icons\/twitter.png\" alt=\"\" width=\"20\" height=\"20\" \/><\/a><\/td><td class=\"column-7\"><a href=\"https:\/\/maxvrlist.com\/images\/mk8dx\/br20\/3_\u3058\u3089\u3074\u3053.jpg\"><img decoding=\"async\" src=\"https:\/\/maxvrlist.com\/images\/icons\/image.png\" alt=\"\" width=\"20\" height=\"20\" \/><\/a><a href=\"https:\/\/maxvrlist.com\/images\/mk8dx\/vr20\/6_\u3058\u3089\u3074\u3053.jpg\"><img decoding=\"async\" src=\"https:\/\/maxvrlist.com\/images\/icons\/image.png\" alt=\"\" width=\"20\" height=\"20\" \/><\/a><\/td>\n<\/tr>\n<\/tbody>\n<\/table>\n\n<\/div><!-- #tablepress-mk8dx-6scr from cache --><\/p>\t\t\t\t\t\t\t\t<\/div>\n\t\t\t\t<\/div>\n\t\t\t\t\t<\/div>\n\t\t<\/div>\n\t\t\t\t\t<\/div>\n\t\t<\/section>\n\t\t\t\t<\/div>","protected":false},"excerpt":{"rendered":"<p>SVR 3\u00d7SVR 6\u00d7SVR SBR 3\u00d7SBR 4\u00d7SBR 6\u00d7SBR 7\u00d7SBR 12\u00d7SBR SCR 5\u00d7SCR 6\u00d7SCR 7\u00d7SCR 12\u00d7SCR Mario Kart 8 Deluxe 6\u00d7SCR list 6\u00d7SCR = Sixfold Simultaneous CR = Six max CR reached simultaneously Bold = A country&#8217;s first player Underline = A continent&#8217;s first player<\/p>","protected":false},"author":1,"featured_media":0,"parent":1465,"menu_order":0,"comment_status":"closed","ping_status":"closed","template":"elementor_header_footer","meta":{"_monsterinsights_skip_tracking":false,"_monsterinsights_sitenote_active":false,"_monsterinsights_sitenote_note":"","_monsterinsights_sitenote_category":0,"site-sidebar-layout":"no-sidebar","site-content-layout":"page-builder","ast-global-header-display":"","ast-main-header-display":"","ast-hfb-above-header-display":"","ast-hfb-below-header-display":"","ast-hfb-mobile-header-display":"","site-post-title":"disabled","ast-breadcrumbs-content":"","ast-featured-img":"disabled","footer-sml-layout":"","theme-transparent-header-meta":"default","adv-header-id-meta":"","stick-header-meta":"","header-above-stick-meta":"","header-main-stick-meta":"","header-below-stick-meta":"","footnotes":""},"class_list":["post-23323","page","type-page","status-publish","hentry"],"_links":{"self":[{"href":"https:\/\/maxvrlist.com\/fr\/wp-json\/wp\/v2\/pages\/23323","targetHints":{"allow":["GET"]}}],"collection":[{"href":"https:\/\/maxvrlist.com\/fr\/wp-json\/wp\/v2\/pages"}],"about":[{"href":"https:\/\/maxvrlist.com\/fr\/wp-json\/wp\/v2\/types\/page"}],"author":[{"embeddable":true,"href":"https:\/\/maxvrlist.com\/fr\/wp-json\/wp\/v2\/users\/1"}],"replies":[{"embeddable":true,"href":"https:\/\/maxvrlist.com\/fr\/wp-json\/wp\/v2\/comments?post=23323"}],"version-history":[{"count":4,"href":"https:\/\/maxvrlist.com\/fr\/wp-json\/wp\/v2\/pages\/23323\/revisions"}],"predecessor-version":[{"id":23327,"href":"https:\/\/maxvrlist.com\/fr\/wp-json\/wp\/v2\/pages\/23323\/revisions\/23327"}],"up":[{"embeddable":true,"href":"https:\/\/maxvrlist.com\/fr\/wp-json\/wp\/v2\/pages\/1465"}],"wp:attachment":[{"href":"https:\/\/maxvrlist.com\/fr\/wp-json\/wp\/v2\/media?parent=23323"}],"curies":[{"name":"wp","href":"https:\/\/api.w.org\/{rel}","templated":true}]}}