{"id":2957,"date":"2020-10-09T19:10:00","date_gmt":"2020-10-09T19:10:00","guid":{"rendered":"https:\/\/maxvrlist.com\/?page_id=2957"},"modified":"2020-12-01T00:34:27","modified_gmt":"2020-12-01T00:34:27","slug":"yearly-stats","status":"publish","type":"page","link":"https:\/\/maxvrlist.com\/fr\/mk7\/yearly-stats","title":{"rendered":"Statistiques annuelles"},"content":{"rendered":"<div data-elementor-type=\"wp-page\" data-elementor-id=\"2957\" class=\"elementor elementor-2957\">\n\t\t\t\t\t\t<section class=\"elementor-section elementor-top-section elementor-element elementor-element-1fe41521 elementor-section-full_width elementor-section-height-default elementor-section-height-default\" data-id=\"1fe41521\" data-element_type=\"section\" data-e-type=\"section\" data-settings=\"{&quot;background_background&quot;:&quot;classic&quot;}\">\n\t\t\t\t\t\t<div class=\"elementor-container elementor-column-gap-default\">\n\t\t\t\t\t<div class=\"elementor-column elementor-col-100 elementor-top-column elementor-element elementor-element-e42f210\" data-id=\"e42f210\" data-element_type=\"column\" data-e-type=\"column\">\n\t\t\t<div class=\"elementor-widget-wrap elementor-element-populated\">\n\t\t\t\t\t\t<div class=\"elementor-element elementor-element-32f6f279 elementor-align-center elementor-widget__width-auto elementor-widget elementor-widget-button\" data-id=\"32f6f279\" data-element_type=\"widget\" data-e-type=\"widget\" data-widget_type=\"button.default\">\n\t\t\t\t<div class=\"elementor-widget-container\">\n\t\t\t\t\t\t\t\t\t<div class=\"elementor-button-wrapper\">\n\t\t\t\t\t<a class=\"elementor-button elementor-button-link elementor-size-xs\" href=\"https:\/\/maxvrlist.com\/fr\/mk7\/continental-stats\/\">\n\t\t\t\t\t\t<span class=\"elementor-button-content-wrapper\">\n\t\t\t\t\t\t\t\t\t<span class=\"elementor-button-text\">Continental<\/span>\n\t\t\t\t\t<\/span>\n\t\t\t\t\t<\/a>\n\t\t\t\t<\/div>\n\t\t\t\t\t\t\t\t<\/div>\n\t\t\t\t<\/div>\n\t\t\t\t<div class=\"elementor-element elementor-element-3ef3ec18 elementor-align-center elementor-widget__width-auto elementor-widget elementor-widget-button\" data-id=\"3ef3ec18\" data-element_type=\"widget\" data-e-type=\"widget\" data-widget_type=\"button.default\">\n\t\t\t\t<div class=\"elementor-widget-container\">\n\t\t\t\t\t\t\t\t\t<div class=\"elementor-button-wrapper\">\n\t\t\t\t\t<a class=\"elementor-button elementor-button-link elementor-size-xs\" href=\"https:\/\/maxvrlist.com\/fr\/mk7\/national-stats\/\">\n\t\t\t\t\t\t<span class=\"elementor-button-content-wrapper\">\n\t\t\t\t\t\t\t\t\t<span class=\"elementor-button-text\">National<\/span>\n\t\t\t\t\t<\/span>\n\t\t\t\t\t<\/a>\n\t\t\t\t<\/div>\n\t\t\t\t\t\t\t\t<\/div>\n\t\t\t\t<\/div>\n\t\t\t\t<div class=\"elementor-element elementor-element-c57d4bf elementor-align-center elementor-widget__width-auto elementor-widget elementor-widget-button\" data-id=\"c57d4bf\" data-element_type=\"widget\" data-e-type=\"widget\" data-widget_type=\"button.default\">\n\t\t\t\t<div class=\"elementor-widget-container\">\n\t\t\t\t\t\t\t\t\t<div class=\"elementor-button-wrapper\">\n\t\t\t\t\t<a class=\"elementor-button elementor-size-xs\" role=\"button\">\n\t\t\t\t\t\t<span class=\"elementor-button-content-wrapper\">\n\t\t\t\t\t\t\t\t\t<span class=\"elementor-button-text\">Yearly<\/span>\n\t\t\t\t\t<\/span>\n\t\t\t\t\t<\/a>\n\t\t\t\t<\/div>\n\t\t\t\t\t\t\t\t<\/div>\n\t\t\t\t<\/div>\n\t\t\t\t\t<\/div>\n\t\t<\/div>\n\t\t\t\t\t<\/div>\n\t\t<\/section>\n\t\t\t\t<section class=\"elementor-section elementor-top-section elementor-element elementor-element-6176052d elementor-section-full_width elementor-section-content-middle elementor-section-height-default elementor-section-height-default\" data-id=\"6176052d\" data-element_type=\"section\" data-e-type=\"section\" data-settings=\"{&quot;background_background&quot;:&quot;classic&quot;}\">\n\t\t\t\t\t\t<div class=\"elementor-container elementor-column-gap-default\">\n\t\t\t\t\t<div class=\"elementor-column elementor-col-100 elementor-top-column elementor-element elementor-element-a6eec67\" data-id=\"a6eec67\" data-element_type=\"column\" data-e-type=\"column\">\n\t\t\t<div class=\"elementor-widget-wrap elementor-element-populated\">\n\t\t\t\t\t\t<div class=\"elementor-element elementor-element-39345218 elementor-widget elementor-widget-heading\" data-id=\"39345218\" data-element_type=\"widget\" data-e-type=\"widget\" data-widget_type=\"heading.default\">\n\t\t\t\t<div class=\"elementor-widget-container\">\n\t\t\t\t\t<h2 class=\"elementor-heading-title elementor-size-default\">Statistiques annuelles de Mario Kart 7<\/h2>\t\t\t\t<\/div>\n\t\t\t\t<\/div>\n\t\t\t\t<div class=\"elementor-element elementor-element-32b4ae6c elementor-widget elementor-widget-text-editor\" data-id=\"32b4ae6c\" data-element_type=\"widget\" data-e-type=\"widget\" data-widget_type=\"text-editor.default\">\n\t\t\t\t<div class=\"elementor-widget-container\">\n\t\t\t\t\t\t\t\t\tIci, vous pouvez trouver le nombre de joueurs de chaque ann\u00e9es pour les diff\u00e9rentes cat\u00e9gories de max.<br>\nLe nombre cumulatif de joueurs est indiqu\u00e9 entre parenth\u00e8ses.\t\t\t\t\t\t\t\t<\/div>\n\t\t\t\t<\/div>\n\t\t\t\t\t<\/div>\n\t\t<\/div>\n\t\t\t\t\t<\/div>\n\t\t<\/section>\n\t\t\t\t<section class=\"elementor-section elementor-top-section elementor-element elementor-element-7de648a0 elementor-section-full_width elementor-section-content-middle elementor-section-height-default elementor-section-height-default\" data-id=\"7de648a0\" data-element_type=\"section\" data-e-type=\"section\" data-settings=\"{&quot;background_background&quot;:&quot;classic&quot;}\">\n\t\t\t\t\t\t<div class=\"elementor-container elementor-column-gap-default\">\n\t\t\t\t\t<div class=\"elementor-column elementor-col-100 elementor-top-column elementor-element elementor-element-63d3f3a1\" data-id=\"63d3f3a1\" data-element_type=\"column\" data-e-type=\"column\">\n\t\t\t<div class=\"elementor-widget-wrap elementor-element-populated\">\n\t\t\t\t\t\t<div class=\"elementor-element elementor-element-6765ee08 elementor-widget elementor-widget-text-editor\" data-id=\"6765ee08\" data-element_type=\"widget\" data-e-type=\"widget\" data-widget_type=\"text-editor.default\">\n\t\t\t\t<div class=\"elementor-widget-container\">\n\t\t\t\t\t\t\t\t\t<p><div id=\"tablepress-mk7-stats-yearly-scroll-wrapper\" class=\"tablepress-scroll-wrapper\">\n\n<table id=\"tablepress-mk7-stats-yearly\" class=\"tablepress tablepress-id-mk7-stats-yearly tablepress-responsive\">\n<thead>\n<tr class=\"row-1\">\n\t<th class=\"column-1\">Ann\u00e9e<\/th><th class=\"column-2\">VR<\/th><th class=\"column-3\">VR2<\/th><th class=\"column-4\">VR3<\/th><th class=\"column-5\">VR4<\/th><th class=\"column-6\">VR5<\/th><th class=\"column-7\">VR6<\/th><th class=\"column-8\">VR7<\/th><th class=\"column-9\">VR8<\/th><th class=\"column-10\">4 stats max<\/th><th class=\"column-11\">8 stats max<\/th>\n<\/tr>\n<\/thead>\n<tbody>\n<tr class=\"row-2\">\n\t<td class=\"column-1\"><b>2012<\/b><\/td><td class=\"column-2\">13<\/td><td class=\"column-3\">&#8211;<\/td><td class=\"column-4\">&#8211;<\/td><td class=\"column-5\">&#8211;<\/td><td class=\"column-6\">&#8211;<\/td><td class=\"column-7\">&#8211;<\/td><td class=\"column-8\">&#8211;<\/td><td class=\"column-9\">&#8211;<\/td><td class=\"column-10\">&#8211;<\/td><td class=\"column-11\">&#8211;<\/td>\n<\/tr>\n<tr class=\"row-3\">\n\t<td class=\"column-1\"><b>2013<\/b><\/td><td class=\"column-2\">69 (82)<\/td><td class=\"column-3\">5<\/td><td class=\"column-4\">&#8211;<\/td><td class=\"column-5\">&#8211;<\/td><td class=\"column-6\">&#8211;<\/td><td class=\"column-7\">&#8211;<\/td><td class=\"column-8\">&#8211;<\/td><td class=\"column-9\">&#8211;<\/td><td class=\"column-10\">2<\/td><td class=\"column-11\">&#8211;<\/td>\n<\/tr>\n<tr class=\"row-4\">\n\t<td class=\"column-1\"><b>2014<\/b><\/td><td class=\"column-2\">57 (139)<\/td><td class=\"column-3\">5 (10)<\/td><td class=\"column-4\">2<\/td><td class=\"column-5\">&#8211;<\/td><td class=\"column-6\">&#8211;<\/td><td class=\"column-7\">&#8211;<\/td><td class=\"column-8\">&#8211;<\/td><td class=\"column-9\">&#8211;<\/td><td class=\"column-10\">2 (4)<\/td><td class=\"column-11\">&#8211;<\/td>\n<\/tr>\n<tr class=\"row-5\">\n\t<td class=\"column-1\"><b>2015<\/b><\/td><td class=\"column-2\">55 (194)<\/td><td class=\"column-3\">6 (16)<\/td><td class=\"column-4\">2 (4)<\/td><td class=\"column-5\">&#8211;<\/td><td class=\"column-6\">&#8211;<\/td><td class=\"column-7\">&#8211;<\/td><td class=\"column-8\">&#8211;<\/td><td class=\"column-9\">&#8211;<\/td><td class=\"column-10\">5 (9)<\/td><td class=\"column-11\">&#8211;<\/td>\n<\/tr>\n<tr class=\"row-6\">\n\t<td class=\"column-1\"><b>2016<\/b><\/td><td class=\"column-2\">47 (241)<\/td><td class=\"column-3\">13 (29)<\/td><td class=\"column-4\">2 (6)<\/td><td class=\"column-5\">2<\/td><td class=\"column-6\">1<\/td><td class=\"column-7\">1<\/td><td class=\"column-8\">&#8211;<\/td><td class=\"column-9\">&#8211;<\/td><td class=\"column-10\">8 (17)<\/td><td class=\"column-11\">&#8211;<\/td>\n<\/tr>\n<tr class=\"row-7\">\n\t<td class=\"column-1\"><b>2017<\/b><\/td><td class=\"column-2\">48 (289)<\/td><td class=\"column-3\">3 (32)<\/td><td class=\"column-4\">2 (8)<\/td><td class=\"column-5\">0 (2)<\/td><td class=\"column-6\">0 (1)<\/td><td class=\"column-7\">0 (1)<\/td><td class=\"column-8\">&#8211;<\/td><td class=\"column-9\">&#8211;<\/td><td class=\"column-10\">6 (23)<\/td><td class=\"column-11\">&#8211;<\/td>\n<\/tr>\n<tr class=\"row-8\">\n\t<td class=\"column-1\"><b>2018<\/b><\/td><td class=\"column-2\">54 (343)<\/td><td class=\"column-3\">15 (47)<\/td><td class=\"column-4\">4 (12)<\/td><td class=\"column-5\">2 (4)<\/td><td class=\"column-6\">2 (3)<\/td><td class=\"column-7\">1 (2)<\/td><td class=\"column-8\">2<\/td><td class=\"column-9\">&#8211;<\/td><td class=\"column-10\">3 (26)<\/td><td class=\"column-11\">1<\/td>\n<\/tr>\n<tr class=\"row-9\">\n\t<td class=\"column-1\"><b>2019<\/b><\/td><td class=\"column-2\">68 (411)<\/td><td class=\"column-3\">19 (66)<\/td><td class=\"column-4\">7 (19)<\/td><td class=\"column-5\">6 (10)<\/td><td class=\"column-6\">4 (7)<\/td><td class=\"column-7\">2 (4)<\/td><td class=\"column-8\">1 (3)<\/td><td class=\"column-9\">2<\/td><td class=\"column-10\">11 (37)<\/td><td class=\"column-11\">0 (1)<\/td>\n<\/tr>\n<tr class=\"row-10\">\n\t<td class=\"column-1\"><b>2020<\/b><\/td><td class=\"column-2\">56 (467)<\/td><td class=\"column-3\">28 (94)<\/td><td class=\"column-4\">17 (36)<\/td><td class=\"column-5\">6 (16)<\/td><td class=\"column-6\">2 (9)<\/td><td class=\"column-7\">2 (6)<\/td><td class=\"column-8\">2 (5)<\/td><td class=\"column-9\">2 (4)<\/td><td class=\"column-10\">9 (46)<\/td><td class=\"column-11\">1 (2)<\/td>\n<\/tr>\n<tr class=\"row-11\">\n\t<td class=\"column-1\"><b>2021<\/b><\/td><td class=\"column-2\">56 (523)<\/td><td class=\"column-3\">15 (109)<\/td><td class=\"column-4\">2 (38)<\/td><td class=\"column-5\">6 (22)<\/td><td class=\"column-6\">6 (15)<\/td><td class=\"column-7\">1 (7)<\/td><td class=\"column-8\">0 (5)<\/td><td class=\"column-9\">0 (4)<\/td><td class=\"column-10\">19 (65)<\/td><td class=\"column-11\">1 (3)<\/td>\n<\/tr>\n<tr class=\"row-12\">\n\t<td class=\"column-1\"><b>2022<\/b><\/td><td class=\"column-2\">39 (562)<\/td><td class=\"column-3\">10 (119)<\/td><td class=\"column-4\">5 (43)<\/td><td class=\"column-5\">3 (25)<\/td><td class=\"column-6\">4 (19)<\/td><td class=\"column-7\">2 (9)<\/td><td class=\"column-8\">1 (6)<\/td><td class=\"column-9\">1 (5)<\/td><td class=\"column-10\">6 (71)<\/td><td class=\"column-11\">2 (5)<\/td>\n<\/tr>\n<tr class=\"row-13\">\n\t<td class=\"column-1\"><b>2023<\/b><\/td><td class=\"column-2\">35 (597)<\/td><td class=\"column-3\">14 (133)<\/td><td class=\"column-4\">9 (52)<\/td><td class=\"column-5\">7 (32)<\/td><td class=\"column-6\">5 (24)<\/td><td class=\"column-7\">2 (11)<\/td><td class=\"column-8\">1 (7)<\/td><td class=\"column-9\">0 (5)<\/td><td class=\"column-10\">8 (79)<\/td><td class=\"column-11\">3 (8)<\/td>\n<\/tr>\n<tr class=\"row-14\">\n\t<td class=\"column-1\"><b>2024<\/b><\/td><td class=\"column-2\">19 (616)<\/td><td class=\"column-3\">7 (140)<\/td><td class=\"column-4\">7 (59)<\/td><td class=\"column-5\">1 (33)<\/td><td class=\"column-6\">1 (25)<\/td><td class=\"column-7\">2 (13)<\/td><td class=\"column-8\">5 (12)<\/td><td class=\"column-9\">5 (10)<\/td><td class=\"column-10\">9 (88)<\/td><td class=\"column-11\">3 (11)<\/td>\n<\/tr>\n<\/tbody>\n<\/table>\n\n<\/div><!-- #tablepress-mk7-stats-yearly from cache --><\/p>\t\t\t\t\t\t\t\t<\/div>\n\t\t\t\t<\/div>\n\t\t\t\t\t<\/div>\n\t\t<\/div>\n\t\t\t\t\t<\/div>\n\t\t<\/section>\n\t\t\t\t<\/div>","protected":false},"excerpt":{"rendered":"<p>Continental National Yearly Mario Kart 7 yearly stats Here, you can find the amount of players from each year for different max categories. Cummulative amount of players appears in brackets.<\/p>","protected":false},"author":1,"featured_media":0,"parent":1319,"menu_order":0,"comment_status":"closed","ping_status":"closed","template":"elementor_header_footer","meta":{"_monsterinsights_skip_tracking":false,"_monsterinsights_sitenote_active":false,"_monsterinsights_sitenote_note":"","_monsterinsights_sitenote_category":0,"site-sidebar-layout":"no-sidebar","site-content-layout":"page-builder","ast-global-header-display":"","ast-main-header-display":"","ast-hfb-above-header-display":"","ast-hfb-below-header-display":"","ast-hfb-mobile-header-display":"","site-post-title":"disabled","ast-breadcrumbs-content":"","ast-featured-img":"disabled","footer-sml-layout":"","theme-transparent-header-meta":"default","adv-header-id-meta":"","stick-header-meta":"","header-above-stick-meta":"","header-main-stick-meta":"","header-below-stick-meta":"","footnotes":""},"class_list":["post-2957","page","type-page","status-publish","hentry"],"_links":{"self":[{"href":"https:\/\/maxvrlist.com\/fr\/wp-json\/wp\/v2\/pages\/2957","targetHints":{"allow":["GET"]}}],"collection":[{"href":"https:\/\/maxvrlist.com\/fr\/wp-json\/wp\/v2\/pages"}],"about":[{"href":"https:\/\/maxvrlist.com\/fr\/wp-json\/wp\/v2\/types\/page"}],"author":[{"embeddable":true,"href":"https:\/\/maxvrlist.com\/fr\/wp-json\/wp\/v2\/users\/1"}],"replies":[{"embeddable":true,"href":"https:\/\/maxvrlist.com\/fr\/wp-json\/wp\/v2\/comments?post=2957"}],"version-history":[{"count":0,"href":"https:\/\/maxvrlist.com\/fr\/wp-json\/wp\/v2\/pages\/2957\/revisions"}],"up":[{"embeddable":true,"href":"https:\/\/maxvrlist.com\/fr\/wp-json\/wp\/v2\/pages\/1319"}],"wp:attachment":[{"href":"https:\/\/maxvrlist.com\/fr\/wp-json\/wp\/v2\/media?parent=2957"}],"curies":[{"name":"wp","href":"https:\/\/api.w.org\/{rel}","templated":true}]}}