{"id":3624,"date":"2020-10-22T10:00:04","date_gmt":"2020-10-22T10:00:04","guid":{"rendered":"https:\/\/maxvrlist.com\/?page_id=3624"},"modified":"2024-04-14T17:37:19","modified_gmt":"2024-04-14T17:37:19","slug":"rules","status":"publish","type":"page","link":"https:\/\/maxvrlist.com\/fr\/rules","title":{"rendered":"R\u00e8gles"},"content":{"rendered":"<div data-elementor-type=\"wp-page\" data-elementor-id=\"3624\" class=\"elementor elementor-3624\">\n\t\t\t\t\t\t<section class=\"elementor-section elementor-top-section elementor-element elementor-element-3601660 elementor-section-full_width elementor-section-height-default elementor-section-height-default\" data-id=\"3601660\" data-element_type=\"section\" data-e-type=\"section\" data-settings=\"{&quot;background_background&quot;:&quot;classic&quot;}\">\n\t\t\t\t\t\t<div class=\"elementor-container elementor-column-gap-default\">\n\t\t\t\t\t<div class=\"elementor-column elementor-col-100 elementor-top-column elementor-element elementor-element-cdab821\" data-id=\"cdab821\" data-element_type=\"column\" data-e-type=\"column\">\n\t\t\t<div class=\"elementor-widget-wrap elementor-element-populated\">\n\t\t\t\t\t\t<div class=\"elementor-element elementor-element-136d41d elementor-align-center elementor-widget__width-auto elementor-widget elementor-widget-button\" data-id=\"136d41d\" data-element_type=\"widget\" data-e-type=\"widget\" data-widget_type=\"button.default\">\n\t\t\t\t<div class=\"elementor-widget-container\">\n\t\t\t\t\t\t\t\t\t<div class=\"elementor-button-wrapper\">\n\t\t\t\t\t<a class=\"elementor-button elementor-size-xs\" role=\"button\">\n\t\t\t\t\t\t<span class=\"elementor-button-content-wrapper\">\n\t\t\t\t\t\t\t\t\t<span class=\"elementor-button-text\">G\u00e9n\u00e9ral<\/span>\n\t\t\t\t\t<\/span>\n\t\t\t\t\t<\/a>\n\t\t\t\t<\/div>\n\t\t\t\t\t\t\t\t<\/div>\n\t\t\t\t<\/div>\n\t\t\t\t<div class=\"elementor-element elementor-element-7d71cf4 elementor-align-center elementor-widget__width-auto elementor-widget elementor-widget-button\" data-id=\"7d71cf4\" data-element_type=\"widget\" data-e-type=\"widget\" data-widget_type=\"button.default\">\n\t\t\t\t<div class=\"elementor-widget-container\">\n\t\t\t\t\t\t\t\t\t<div class=\"elementor-button-wrapper\">\n\t\t\t\t\t<a class=\"elementor-button elementor-button-link elementor-size-xs\" href=\"https:\/\/maxvrlist.com\/fr\/mk7-rules\/\">\n\t\t\t\t\t\t<span class=\"elementor-button-content-wrapper\">\n\t\t\t\t\t\t\t\t\t<span class=\"elementor-button-text\">MK7<\/span>\n\t\t\t\t\t<\/span>\n\t\t\t\t\t<\/a>\n\t\t\t\t<\/div>\n\t\t\t\t\t\t\t\t<\/div>\n\t\t\t\t<\/div>\n\t\t\t\t\t<\/div>\n\t\t<\/div>\n\t\t\t\t\t<\/div>\n\t\t<\/section>\n\t\t\t\t<section class=\"elementor-section elementor-top-section elementor-element elementor-element-2a24a87 elementor-section-full_width elementor-section-height-default elementor-section-height-default\" data-id=\"2a24a87\" data-element_type=\"section\" data-e-type=\"section\" data-settings=\"{&quot;background_background&quot;:&quot;classic&quot;}\">\n\t\t\t\t\t\t<div class=\"elementor-container elementor-column-gap-default\">\n\t\t\t\t\t<div class=\"elementor-column elementor-col-100 elementor-top-column elementor-element elementor-element-66f0f5b\" data-id=\"66f0f5b\" data-element_type=\"column\" data-e-type=\"column\">\n\t\t\t<div class=\"elementor-widget-wrap elementor-element-populated\">\n\t\t\t\t\t\t<div class=\"elementor-element elementor-element-483b2a0 elementor-widget elementor-widget-heading\" data-id=\"483b2a0\" data-element_type=\"widget\" data-e-type=\"widget\" data-widget_type=\"heading.default\">\n\t\t\t\t<div class=\"elementor-widget-container\">\n\t\t\t\t\t<h2 class=\"elementor-heading-title elementor-size-default\"><u>Exigences des preuves<\/u><\/h2>\t\t\t\t<\/div>\n\t\t\t\t<\/div>\n\t\t\t\t<div class=\"elementor-element elementor-element-0c73a44 elementor-widget elementor-widget-text-editor\" data-id=\"0c73a44\" data-element_type=\"widget\" data-e-type=\"widget\" data-widget_type=\"text-editor.default\">\n\t\t\t\t<div class=\"elementor-widget-container\">\n\t\t\t\t\t\t\t\t\t\n<p>L'objectif de Max VR List est de rassembler les r\u00e9ussites li\u00e9s aux VR et BR sur les diff\u00e9rents Mario Kart. Nous collectons des informations sur diff\u00e9rentes sources tels que Twitter, YouTube, Twitch, Archiverse ou notre serveur Discord. Cependant, vous pouvez soumettre votre propre r\u00e9ussite, ainsi que celle de quelqu'un d'autre. Pour ce faire, vous devez fournir une preuve.<\/p>\n<ul>\n<li>Voici tous les formats de preuve possibles, class\u00e9s par ordre de pr\u00e9f\u00e9rence :\n<ul>\n<li><strong>[Tous]<\/strong> Photo des r\u00e9sultats de la course ou de la bataille o\u00f9 vous avez obtenu le max pour la premi\u00e8re fois.<\/li>\n<li><strong>[MK8]<\/strong> Photo des r\u00e9sultats de la course ou de la bataille o\u00f9 vous avez obtenu le max pour la premi\u00e8re fois depuis MKTV.<\/li>\n<li><strong>[MK7]<\/strong> Photo de la room juste apr\u00e8s la course ou la bataille o\u00f9 vous avez obtenu le max pour la premi\u00e8re fois.<\/li>\n<li><strong>[MK8]<\/strong> Photo de l'aper\u00e7u de la course ou de la bataille o\u00f9 vous avez obtenu le max pour la premi\u00e8re fois depuis MKTV (Cela ne prouve pas s'il s'agit de VR ou de BR, mais c'est toujours pr\u00e9f\u00e9rable aux autres formats car il montre o\u00f9 le max est atteint.)<\/li>\n<li><b>[MK7\/MK8DX]<\/b> Photo de n'importe quel course ou bataille en ligne qui montre votre max.<\/li>\n<li><b>[MK8]<\/b> Photo de n'importe quel r\u00e9sultat de course ou bataille en ligne depuis MKTV qui montre votre max.<\/li>\n<li><b>[MK7\/MK8DX]<\/b> Photos de vos stats (il s'agit du seul format valide pour MK7 max 4 value et les autres r\u00e9ussites similaires).<\/li>\n<li><b>[MK8]<\/b> Photo de n'importe quel aper\u00e7u de course ou bataille en ligne depuis MKTV qui montre votre max (cela ne prouve pas qu'il s'agit de VR ou de BR).<\/li>\n<li><b>[MK8]<\/b> Photos de vos stats (cela ne prouve pas que ce sont les v\u00f4tres puisque le mii n\u2019appara\u00eet pas).<\/li>\n<\/ul>\n<\/li>\n<li>Des preuves vid\u00e9os peuvent aider mais ce qui appara\u00eetra sur la liste sera toujours une photo.<\/li>\n<li>Un pire format peut \u00eatre pr\u00e9f\u00e9r\u00e9 si la photo du meilleur format est de mauvaise qualit\u00e9 ou ne montre pas l'\u00e9cran entier.<\/li>\n<li>Dans la plupart des cas, nous vous reconna\u00eetrons et vous ajouterons directement \u00e0 la liste. Dans le cas contraire, il vous sera peut-\u00eatre demand\u00e9 de fournir des preuves suppl\u00e9mentaires, telles que toutes vos statistiques ou votre temps de jeu.<\/li>\n<li>De plus, vous devez fournir une photo de votre temps de jeu pour figurer dans un classement de speedrun bas\u00e9 sur le temps de jeu.\u00a0<\/li>\n<li>Si votre temps de jeu comprend autre chose que le speedrun et que vous pensez que votre temps devrait \u00eatre baiss\u00e9, vous devez envoyer toutes vos statistiques pour qu'elles soient analys\u00e9es.<\/li>\n<li>Vous devez \u00e9galement fournir les dates (et l'heure si possible) du moment o\u00f9 vous avez jou\u00e9 votre premi\u00e8re et votre derni\u00e8re course dans le cas du speedrun en temps par jours.<\/li>\n<\/ul>\n\t\t\t\t\t\t\t\t<\/div>\n\t\t\t\t<\/div>\n\t\t\t\t<div class=\"elementor-element elementor-element-d7577f2 elementor-widget elementor-widget-heading\" data-id=\"d7577f2\" data-element_type=\"widget\" data-e-type=\"widget\" data-widget_type=\"heading.default\">\n\t\t\t\t<div class=\"elementor-widget-container\">\n\t\t\t\t\t<h2 class=\"elementor-heading-title elementor-size-default\"><u>R\u00e8gles g\u00e9n\u00e9rales<\/u><\/h2>\t\t\t\t<\/div>\n\t\t\t\t<\/div>\n\t\t\t\t<div class=\"elementor-element elementor-element-35cc97d elementor-widget elementor-widget-text-editor\" data-id=\"35cc97d\" data-element_type=\"widget\" data-e-type=\"widget\" data-widget_type=\"text-editor.default\">\n\t\t\t\t<div class=\"elementor-widget-container\">\n\t\t\t\t\t\t\t\t\t<p>Toutes ces r\u00e8gles doivent \u00eatre respect\u00e9es pour qu'un max soit valable pour sa liste respective :<\/p>\n<ul>\n<li>Les modifications aux jeux qui sont consid\u00e9r\u00e9es comme pouvant donner des avantages ne sont pas autoris\u00e9. Cela inclut, sans s'y limiter, aux hacks de vitesse, hacks d'objets, les hacks d'invincibilit\u00e9 et les hacks d'auto-pilote.\u00a0\n<ul>\n<li>Une personne ayant des hacks d'objets ne peut pas t'aider \u00e0 battre les autres joueurs de mani\u00e8re intentionnelle.<\/li>\n<li>Les changements cosm\u00e9tiques (couleurs, textures, musique, son) sont autoris\u00e9s, car ils ne sont pas consid\u00e9r\u00e9s comme donnant un avantage.<\/li>\n<li>Comme aucun kart ou personnage ne n\u00e9cessite de jouer en ligne pour \u00eatre d\u00e9bloqu\u00e9, il est permis d'utiliser des hacks pour les d\u00e9bloquer.<\/li>\n<\/ul>\n<\/li>\n<li>Personne avec un max hack\u00e9 ne peut vous aider intentionnellement.<\/li>\n<li>VR extender est un hack qui permet de d\u00e9finir son nombre de VR comme ayant une valeur \u00e0 6 chiffres (soit une valeur entre 100000 et 999999), donnant un avantage injuste par rapport aux autres joueurs car les gains de VR caus\u00e9s par ces joueurs sont plus haut. Tout max ayant obtenu de l'aide intentionnelle de joueurs utilisant VR extender ne sera pas comptabilis\u00e9.<\/li>\n<li>Les cas de joueurs qui crashent des rooms seront \u00e9tudi\u00e9s.\nLe staff se r\u00e9serve le droit de ne pas compter un max si celui-ci \u00e0 b\u00e9n\u00e9fici\u00e9 de ces crashs de rooms.<\/li>\n<li>Il est possible de sauvegarder les donn\u00e9es de sauvegarde, soit avec les outils fournis par Nintendo (voir comment sauvegarder les donn\u00e9es de sauvegarde sur <a href=\"https:\/\/en-americas-support.nintendo.com\/app\/answers\/detail\/a_id\/70\/~\/how-to-back-up-save-data\" target=\"_blank\" rel=\"noopener\">Nintendo 3DS<\/a> (seulement pour les jeux digitaux), <a href=\"https:\/\/en-americas-support.nintendo.com\/app\/answers\/detail\/a_id\/2865\/~\/how-to-back-up-save-data\" target=\"_blank\" rel=\"noopener\">Wii U<\/a> et <a href=\"https:\/\/en-americas-support.nintendo.com\/app\/answers\/detail\/a_id\/41206\/~\/how-to-back-up-save-data\" target=\"_blank\" rel=\"noopener\">Nintendo Switch<\/a>) ou en moddant (avec Checkpoint sur 3DS et Nintendo Switch ou SaveMii sur Wii U)<br \/>\n<ul>\n<li>En cas de perte ou de corruption de donn\u00e9es, vous pouvez soit r\u00e9cup\u00e9rer votre derni\u00e8re sauvegarde, soit modifier vos VR et vos BR (ainsi que les statistiques pour Mario Kart 7) en fonction de ce dont vous vous souvenez. Il est toujours recommand\u00e9 de contacter le staff en cas d'utilisation de la deuxi\u00e8me m\u00e9thode.<\/li>\n<\/ul>\n<\/li>\n<li>La duplication de donn\u00e9es de sauvegarde n'est pas autoris\u00e9e.<br \/>\n<ul>\n<li>Cela inclue la m\u00e9thode qui consiste \u00e0 utiliser le m\u00eame compte plusieurs fois sur Mario Kart 8 Deluxe en l'ayant sur plusieurs Nintendo Switches et en le s\u00e9lectionnant comme joueur 2.<br \/>\n<ul>\n<li>Une exception peut \u00eatre faite si le compte a un max CR dans le but d'utiliser son max VR et son max BR en m\u00eame temps.<\/li>\n<\/ul>\n<\/li>\n<\/ul>\n<\/li>\n<li>Les comptes sont individuels. Personne d'autre que son propri\u00e9taire originel n'est cens\u00e9 l'utiliser. Tout max auquel deux personnes ou plus ont particip\u00e9 pour sa r\u00e9alisation ne sera pas comptabilis\u00e9.\n<ul>\n<li>Si d'autres personnes ont essay\u00e9 de jouer au nom de quelqu'un, cette personne devra envoyer des photos (et non des captures d'\u00e9cran) au staff en permanence (au moins une pour chaque 1000 VR ou BR gagn\u00e9s), pour prouver qu'il s'agit bien du joueur en question qui joue r\u00e9ellement, afin de pouvoir faire compter ses prochains max.<\/li>\n<li>Cela signifie que personne ne peut utiliser le compte d'une autre personne avec un max pour aider son propri\u00e9taire initial \u00e0 gagner sur un autre compte.<\/li>\n<\/ul>\n<\/li>\n<li>Vous devez pr\u00e9ciser votre v\u00e9ritable nationalit\u00e9. Les joueurs ayant une double\/multiple nationalit\u00e9 peuvent choisir leur pays pr\u00e9f\u00e9r\u00e9. Cependant, l'\u00e9quipe se r\u00e9serve le droit de changer la nationalit\u00e9 d'un joueur s'il le juge n\u00e9cessaire.<\/li>\n<li>Les r\u00e8gles \u00e9num\u00e9r\u00e9es dans le pr\u00e9sent document sont susceptibles d'\u00eatre modifi\u00e9es. Le staff se r\u00e9serve le droit d'ajouter ou de supprimer des joueurs et\/ou des max du site web avec ou sans modification des r\u00e8gles, avec ou sans pr\u00e9avis.<\/li>\n<\/ul>\n<!-- \/wp:paragraph -->\t\t\t\t\t\t\t\t<\/div>\n\t\t\t\t<\/div>\n\t\t\t\t<div class=\"elementor-element elementor-element-028857c elementor-widget elementor-widget-heading\" data-id=\"028857c\" data-element_type=\"widget\" data-e-type=\"widget\" data-widget_type=\"heading.default\">\n\t\t\t\t<div class=\"elementor-widget-container\">\n\t\t\t\t\t<h2 class=\"elementor-heading-title elementor-size-default\"><u>Strat\u00e9gies autoris\u00e9es<\/u><\/h2>\t\t\t\t<\/div>\n\t\t\t\t<\/div>\n\t\t\t\t<div class=\"elementor-element elementor-element-a483b2f elementor-widget elementor-widget-text-editor\" data-id=\"a483b2f\" data-element_type=\"widget\" data-e-type=\"widget\" data-widget_type=\"text-editor.default\">\n\t\t\t\t<div class=\"elementor-widget-container\">\n\t\t\t\t\t\t\t\t\t<p>Ce sont des m\u00e9thodes connues qui permettent de gagner des VR ou des BR plus rapidement. Si une nouvelle strat\u00e9gie est d\u00e9couverte, l'\u00e9quipe se r\u00e9serve le droit de la d\u00e9clarer invalide.<\/p>\n<ul>\n<li><strong>Usage de la liste des adversaires r\u00e9cents :<\/strong> Cela permet d'\u00e9viter le matchmaking et de trouver des salles avec des joueurs qui ont un VR ou un BR bien sup\u00e9rieur ou inf\u00e9rieur. Les joueurs peuvent \u00e9galement rejoindre une autre personne ou une console secondaire pour \u00e9viter le matchmaking.<\/li>\n<li><strong>Strat de Naw :<\/strong> Strat\u00e9gie consistant \u00e0 utiliser un compte avec max VR en tant que joueur 2 en course en ligne sur Mario Kart 8 Deluxe, en activant la direction intelligente sur celui-ci, et en acc\u00e9l\u00e9rant manuellement de mani\u00e8re constante, normalement en configurant le joy con droit de mani\u00e8re \u00e0 ce qu'il acc\u00e9l\u00e8re toujours avec le stick.\n<ul>\n<li>Il peut \u00e9galement \u00eatre utilis\u00e9 pour \u00e9viter le matchmaking en cas d'impossibilit\u00e9 d'utiliser l'une des m\u00e9thodes ci-dessus, en utilisant le compte VR inf\u00e9rieur\/haut comme joueur 1, et le compte principal comme joueur 2. Cependant, le temps de jeu doit \u00eatre suivi manuellement dans le cas d'un classement de speedrun.<\/li>\n<li>Comme la direction intelligente n'existe pas sur Mario Kart 8, une telle chose serait trop difficile et risqu\u00e9e pour le petit avantage que la strat\u00e9gie procure.<\/li>\n<\/ul>\n<\/li>\n<li><strong>VR\/BR trick:<\/strong> M\u00e9thode pour placer des bots (normalement avec max VR ou BR) en multijoueur en ligne.\n<ul>\n<li>Sur Mario Kart 7, on peut le faire en fermant le jeu juste apr\u00e8s que le circuit ait \u00e9t\u00e9 s\u00e9lectionn\u00e9. Le temps n\u00e9cessaire pour le faire sans perdre de VR est extr\u00eamement court.\u00a0<\/li>\n<li>Dans Mario Kart 8 et Mario Kart 8 Deluxe, il suffit de ne pas choisir de circuit et de quitter la pi\u00e8ce apr\u00e8s la disparition du bouton B sur les consoles qui ont d\u00e9j\u00e0 choisi un circuit. Si vous ne pouvez pas voir quand cela se produit, le compte \u00e0 rebours est le meilleur indicateur. Le joueur 2 est normalement utilis\u00e9.<\/li>\n<\/ul>\n<\/li>\n<li><strong>Bataille AFK:<\/strong> Ce concept trouve son origine dans Mario Kart 7 puisque, contrairement aux autres jeux, il n'est pas n\u00e9cessaire d'acc\u00e9l\u00e9rer manuellement, ne serait-ce qu'une fois, si bien que certains joueurs restaient AFK pendant des heures dans des salles normales. Il consiste \u00e0 cr\u00e9er une salle exclusivement avec, principalement des joueurs AFK (normalement avec max VR ou BR), et quelques joueurs prenant tr\u00e8s peu de points et gagnant VR ou BR. Les comptes AFK sont fr\u00e9quemment sauvegard\u00e9s au cas o\u00f9 ils sont max\u00e9s. <strong>Il s'agit de la meilleure strat\u00e9gie pour gagner des VR sur Mario Kart 7 ou des BR sur Mario Kart 8 et Mario Kart 8 Deluxe<\/strong>, car cela ne prend presque pas de temps (on peut le faire tout en faisant autre chose \u00e0 cot\u00e9), et les joueurs peuvent gagner sur plusieurs comptes en m\u00eame temps.<\/li>\n<li><b>Strat de Bee Mario :<\/b> La strat\u00e9gie consiste \u00e0 d\u00e9clencher l'arriv\u00e9e de la course instantan\u00e9ment car il ne reste qu'une seule console dans la partie. Il faut que quelqu'un soit spectateur de la pi\u00e8ce, sinon une d\u00e9connexion normale se produit. Un minimum de trois consoles est n\u00e9cessaire, puisqu'il en faut une pour rester dans la pi\u00e8ce, au moins une pour \u00eatre spectatrice et au moins une pour r\u00e9aliser le VR trick. Celle qui reste dans la pi\u00e8ce doit \u00eatre la premi\u00e8re \u00e0 y entrer, elle a donc la pole position, et termine donc en 1\u00e8re position. Il est souvent repr\u00e9sent\u00e9 par un emoji abeille, en hommage aux deux premiers joueurs qui l'ont utilis\u00e9 : \u30cf\u30c1\u30de\u30ea\u30aa (Bee Mario) et \u30d1\u30b9\u30c6\u30eb (TwinBee Pastel).\n<ul>\n<li>Sur Mario Kart 8 et Mario Kart 8 Deluxe, les consoles utilis\u00e9es pour observer la salle, font en fait un VR trick et rejoignent extr\u00eamement vite, pendant que sur l'une d'entre elles, le jeu est ferm\u00e9 juste pendant l'aper\u00e7u de la course. Lorsque cette derni\u00e8re console entre dans la salle, le processus se r\u00e9p\u00e8te, \u00e0 moins qu'une personne al\u00e9atoire ne la rejoigne. <strong>Il s'agit de la meilleure strat\u00e9gie pour gagner des VR sur Mario Kart 8 et Mario Kart 8 Deluxe<\/strong>, car il est extr\u00eamement rapide, surtout si tous les comptes qui VR trick ont un max VR, et les joueurs peuvent gagner sur deux comptes en m\u00eame temps en utilisant le joueur 2.<\/li>\n<li>Sur Mario Kart 7, il faut qu'il y ait une console d\u00e9j\u00e0 spectatrice avant que le reste effectue un VR trick, car ils ne peuvent pas se rejoindre assez vite. De plus, il n'est pas possible de l'encha\u00eener, ce qui le rend \u00e0 peine viable.<\/li>\n<li>Certaines adaptations peuvent \u00eatre faites pour le mode bataille afin d'\u00e9viter de se retrouver \u00e0 \u00e9galit\u00e9, mais globalement les batailles AFK restent la meilleure strat\u00e9gie dans ce cas pr\u00e9cis, bien que pas plus rapide pour les speedruns.<\/li>\n<\/ul>\n<\/li>\n<li><b>Strat de Hern\u00e1n<\/b> Strat\u00e9gie pour les BR sur Mario Kart 8 pour d\u00e9clencher la fin de la bataille instantan\u00e9ment en utilisant le joueur 2 sur la console principale. Un minimum de 2 consoles est requis car une d'entre elles se doit de rester dans la room et au moins une d'entre elle doit effectuer un BR trick.\nUne fois que toute les consoles except\u00e9e la principale aient effectu\u00e9s un BR trick, le joueur 1 dois vaincre le joueur 2 pour terminer la bataille, ce qui signifie que l'on ne peut pas gagner de BR sur 2 comptes en m\u00eame temps.<\/li>\n<\/ul>\t\t\t\t\t\t\t\t<\/div>\n\t\t\t\t<\/div>\n\t\t\t\t<div class=\"elementor-element elementor-element-17053c3 elementor-widget elementor-widget-heading\" data-id=\"17053c3\" data-element_type=\"widget\" data-e-type=\"widget\" data-widget_type=\"heading.default\">\n\t\t\t\t<div class=\"elementor-widget-container\">\n\t\t\t\t\t<h2 class=\"elementor-heading-title elementor-size-default\"><u>Mario Kart 7 and Mario Kart 8 after Nintendo Network shutdown<\/u><\/h2>\t\t\t\t<\/div>\n\t\t\t\t<\/div>\n\t\t\t\t<div class=\"elementor-element elementor-element-e69bb00 elementor-widget elementor-widget-text-editor\" data-id=\"e69bb00\" data-element_type=\"widget\" data-e-type=\"widget\" data-widget_type=\"text-editor.default\">\n\t\t\t\t<div class=\"elementor-widget-container\">\n\t\t\t\t\t\t\t\t\t<p><span style=\"font-size: 15px;\">Max VR List staff has voted in favor of Mario Kart 7 and Mario Kart 8 lists being discontinued when Nintendo Network services shut down. This implies:<\/span><\/p>\n<ul>\n<li>Maxes achieved on Pretendo may be added to separate lists.<\/li>\n<li>It is not allowed to transfer data previous to shutdown from Nintendo Network to Pretendo Network. This includes:\n<ul>\n<li>Non-finished accounts to continue on Pretendo.<\/li>\n<li>Maxed accounts to boost a new one.<\/li>\n<\/ul>\n<\/li>\n<li>Maxes achieved on Pretendo will not count towards All Max Ratings or total rating.<\/li>\n<li>Current AMR will still be possible to achieve after shutdown by completing every max from MK7 and MK8 before shutdown and completing MK8DX afterwards.<\/li>\n<li>Mario Kart 7 max 4 value and 5 value will still be possible to achieve but it is not allowed to grind on Pretendo or CTGP-7.<\/li>\n<\/ul>\n<p>Pretendo&#8217;s plans regarding integrated VR leaderboards or allowance of VR grinding strats are currently unknown.<\/p>\t\t\t\t\t\t\t\t<\/div>\n\t\t\t\t<\/div>\n\t\t\t\t\t<\/div>\n\t\t<\/div>\n\t\t\t\t\t<\/div>\n\t\t<\/section>\n\t\t\t\t<\/div>","protected":false},"excerpt":{"rendered":"<p>General MK7 Proof requirements Max VR List&#8217;s objective is gathering every max VR and BR achievement for various Mario Kart games. We collect information from sources such as Twitter, YouTube, Twitch, Archiverse or our Discord server. However, you can submit your own achievement, as well as someone else&#8217;s. In order to do so, you must &hellip;<\/p>\n<p class=\"read-more\"> <a class=\"\" href=\"https:\/\/maxvrlist.com\/fr\/rules\"> <span class=\"screen-reader-text\">R\u00e8gles<\/span> Lire la suite\u00a0\u00bb<\/a><\/p>","protected":false},"author":1,"featured_media":0,"parent":0,"menu_order":0,"comment_status":"closed","ping_status":"closed","template":"elementor_header_footer","meta":{"_monsterinsights_skip_tracking":false,"_monsterinsights_sitenote_active":false,"_monsterinsights_sitenote_note":"","_monsterinsights_sitenote_category":0,"site-sidebar-layout":"no-sidebar","site-content-layout":"page-builder","ast-global-header-display":"","ast-main-header-display":"","ast-hfb-above-header-display":"","ast-hfb-below-header-display":"","ast-hfb-mobile-header-display":"","site-post-title":"disabled","ast-breadcrumbs-content":"","ast-featured-img":"disabled","footer-sml-layout":"","theme-transparent-header-meta":"default","adv-header-id-meta":"","stick-header-meta":"","header-above-stick-meta":"","header-main-stick-meta":"","header-below-stick-meta":"","footnotes":""},"class_list":["post-3624","page","type-page","status-publish","hentry"],"_links":{"self":[{"href":"https:\/\/maxvrlist.com\/fr\/wp-json\/wp\/v2\/pages\/3624","targetHints":{"allow":["GET"]}}],"collection":[{"href":"https:\/\/maxvrlist.com\/fr\/wp-json\/wp\/v2\/pages"}],"about":[{"href":"https:\/\/maxvrlist.com\/fr\/wp-json\/wp\/v2\/types\/page"}],"author":[{"embeddable":true,"href":"https:\/\/maxvrlist.com\/fr\/wp-json\/wp\/v2\/users\/1"}],"replies":[{"embeddable":true,"href":"https:\/\/maxvrlist.com\/fr\/wp-json\/wp\/v2\/comments?post=3624"}],"version-history":[{"count":9,"href":"https:\/\/maxvrlist.com\/fr\/wp-json\/wp\/v2\/pages\/3624\/revisions"}],"predecessor-version":[{"id":23109,"href":"https:\/\/maxvrlist.com\/fr\/wp-json\/wp\/v2\/pages\/3624\/revisions\/23109"}],"wp:attachment":[{"href":"https:\/\/maxvrlist.com\/fr\/wp-json\/wp\/v2\/media?parent=3624"}],"curies":[{"name":"wp","href":"https:\/\/api.w.org\/{rel}","templated":true}]}}