{"id":859,"date":"2020-08-21T01:10:27","date_gmt":"2020-08-21T01:10:27","guid":{"rendered":"https:\/\/maxvrlist.com\/?page_id=859"},"modified":"2024-12-25T22:26:30","modified_gmt":"2024-12-25T22:26:30","slug":"about","status":"publish","type":"page","link":"https:\/\/maxvrlist.com\/fr\/about","title":{"rendered":"\u00c0 propos"},"content":{"rendered":"<div data-elementor-type=\"wp-page\" data-elementor-id=\"859\" class=\"elementor elementor-859\">\n\t\t\t\t\t\t<section class=\"elementor-section elementor-top-section elementor-element elementor-element-2b19635c elementor-section-full_width elementor-section-height-default elementor-section-height-default\" data-id=\"2b19635c\" data-element_type=\"section\" data-e-type=\"section\" data-settings=\"{&quot;background_background&quot;:&quot;classic&quot;}\">\n\t\t\t\t\t\t<div class=\"elementor-container elementor-column-gap-default\">\n\t\t\t\t\t<div class=\"elementor-column elementor-col-100 elementor-top-column elementor-element elementor-element-5947700b\" data-id=\"5947700b\" data-element_type=\"column\" data-e-type=\"column\">\n\t\t\t<div class=\"elementor-widget-wrap elementor-element-populated\">\n\t\t\t\t\t\t<div class=\"elementor-element elementor-element-a0f954d elementor-widget elementor-widget-heading\" data-id=\"a0f954d\" data-element_type=\"widget\" data-e-type=\"widget\" data-widget_type=\"heading.default\">\n\t\t\t\t<div class=\"elementor-widget-container\">\n\t\t\t\t\t<h2 class=\"elementor-heading-title elementor-size-default\"><u>Glossaire<\/u><\/h2>\t\t\t\t<\/div>\n\t\t\t\t<\/div>\n\t\t\t\t<div class=\"elementor-element elementor-element-21853b7 elementor-widget elementor-widget-text-editor\" data-id=\"21853b7\" data-element_type=\"widget\" data-e-type=\"widget\" data-widget_type=\"text-editor.default\">\n\t\t\t\t<div class=\"elementor-widget-container\">\n\t\t\t\t\t\t\t\t\t<p>Voici une liste qui explique les diff\u00e9rents termes que l'on peut trouver sur le site :<\/p>\n<ul>\n<li><strong>MKDS:<\/strong> Mario Kart DS.<\/li>\n<li><strong>MK7:<\/strong> Mario Kart 7.<\/li>\n<li><strong>MK8:<\/strong> Mario Kart 8.<\/li>\n<li><strong>MK8DX:<\/strong> Mario Kart 8 Deluxe.<\/li>\n<li><strong>VR: <\/strong>Versus Rating (en fran\u00e7ais PC pour Points Course)<span class=\"nounderlines\">,\u2008<\/span>points que l'on peut obtenir en jouant en course en ligne (les PC peuvent aussi \u00eatre obtenus en jouant en bataille en ligne sur MK7).<\/li>\n<li><strong>BR:<\/strong> Battle Rating (en fran\u00e7ais Points Bataille)<span class=\"nounderlines\">,\u2008<\/span>points que l'on peut obtenir en jouant en bataille en ligne.<\/li>\n<li><strong>Max VR:<\/strong> La plus grande quantit\u00e9 de VR que l'on peut obtenir. Cette valeur est de\u00a0<strong>99999<\/strong>\u00a0sur MK7, MK8 et MK8DX.<\/li>\n<li><strong>Max BR:<\/strong> La plus grande quantit\u00e9 de BR que l'on peut obtenir. Cette valeur est de\u00a0<strong>99999<\/strong> sur MK8 et MK8DX.<\/li>\n<li><strong>Max CR:<\/strong> Max Combined Rating<span class=\"nounderlines\">,\u2008<\/span>obtenir le max VR et le max BR dans le m\u00eame jeu. \u00c9tait auparavant appel\u00e9 WVR avant le 29 D\u00e9cembre 2019.<\/li>\n<li><strong>AMR:<\/strong> All Max Ratings\u200e<span class=\"nounderlines\">,\u2008<\/span>obtenir tous les max, c'est \u00e0 dire: MK7 max VR, MK8 max VR, MK8 max BR, MK8DX max VR et MK8DX max BR.<\/li>\n<li><strong>VR2, VR3, VR4, etc.:<\/strong> Max VR obtenu 2 fois ou plus sur diff\u00e9rents comptes par un m\u00eame joueur.<\/li>\n<li><strong>BR2, BR3, BR4, etc.:<\/strong> Max BR obtenu 2 fois ou plus sur diff\u00e9rents comptes par un m\u00eame joueur.<\/li>\n<li><strong>CR2, CR3, CR4, etc.:<\/strong> Max CR obtenu 2 fois ou plus sur diff\u00e9rents comptes par un m\u00eame joueur.<\/li>\n<li><strong>AMR2, AMR3, AMR4, etc.:<\/strong> AMR obtenu 2 fois ou plus sur diff\u00e9rents comptes par un m\u00eame joueur.<\/li>\n<li><strong>SVR:<\/strong> Simultaneous VR<span class=\"nounderlines\">,\u2008<\/span>2 max VR atteints simultan\u00e9ment dans la m\u00eame course ou bataille.<\/li>\n<li><strong>SBR:<\/strong> Simultaneous BR<span class=\"nounderlines\">,\u2008<\/span>2 max BR atteints simultan\u00e9ment dans la m\u00eame bataille.<\/li>\n<li><strong>SCR:<\/strong> Simultaneous CR<span class=\"nounderlines\">,\u2008<\/span>2 max CR atteints simultan\u00e9ment dans la m\u00eame course ou bataille.<\/li>\n<li><strong>SAMR:<\/strong> Simultaneous AMR<span class=\"nounderlines\">,\u2008<\/span>2 AMR atteints simultan\u00e9ment dans la m\u00eame course ou bataille.<\/li>\n<li><strong>3\u00d7SVR, 4\u00d7SVR, 5\u00d7SVR, etc.:<\/strong> Triple, Quadruple, Quintuple... SVR<span class=\"nounderlines\">,\u2008<\/span>3 ou plus max VR atteints simultan\u00e9ment dans la m\u00eame course ou bataille. Le SVR le plus \u00e9lev\u00e9 est <strong>7\u00d7SVR<\/strong> sur MK7 et <strong>6\u00d7SVR<\/strong> sur MK8 et MK8DX. \u00c9tait auparavant appel\u00e9 TSVR, QSVR, et n-tuple SVR pour 5\u2264n\u22647 avant le 29 D\u00e9cembre 2023.<\/li>\n<li><strong>3\u00d7SBR, 4\u00d7SBR, 5\u00d7SBR, etc.:<\/strong> Triple, Quadruple, Quintuple... SBR<span class=\"nounderlines\">,\u2008<\/span>3 ou plus max BR atteints simultan\u00e9ment dans la m\u00eame bataille. Le SBR le plus \u00e9lev\u00e9 est <strong>12\u00d7SBR<\/strong> sur MK8 et MK8DX. \u00c9tait auparavant appel\u00e9 TSBR, QSBR, et n-tuple SBR pour 5\u2264n\u226412 avant le 29 D\u00e9cembre 2023.<\/li>\n<li><strong>3\u00d7SCR, 4\u00d7SCR, 5\u00d7SCR, etc.:<\/strong> Triple, Quadruple, Quintuple... SCR<span class=\"nounderlines\">,\u2008<\/span>3 ou plus max CR atteints simultan\u00e9ment dans la m\u00eame course ou bataille. Le SCR le plus \u00e9lev\u00e9 est <strong>12\u00d7SCR<\/strong> sur MK8 et MK8DX. \u00c9tait auparavant appel\u00e9 TSCR, QSCR, et n-tuple SCR pour 5\u2264n\u226412 avant le 29 D\u00e9cembre 2023.<\/li>\n<li><strong>3\u00d7SAMR, 4\u00d7SAMR, 5\u00d7SAMR, etc.:<\/strong> Triple, Quadruple, Quintuple... SAMR<span class=\"nounderlines\">,\u2008<\/span>3 ou plus AMR atteints simultan\u00e9ment dans la m\u00eame course ou bataille. Le SAMR le plus \u00e9lev\u00e9 est <strong>12\u00d7SAMR.<\/strong><\/li>\n<\/ul>\t\t\t\t\t\t\t\t<\/div>\n\t\t\t\t<\/div>\n\t\t\t\t<div class=\"elementor-element elementor-element-f137a8e elementor-widget elementor-widget-heading\" data-id=\"f137a8e\" data-element_type=\"widget\" data-e-type=\"widget\" data-widget_type=\"heading.default\">\n\t\t\t\t<div class=\"elementor-widget-container\">\n\t\t\t\t\t<h2 class=\"elementor-heading-title elementor-size-default\"><u>\u00c9volution du site<\/u><\/h2>\t\t\t\t<\/div>\n\t\t\t\t<\/div>\n\t\t\t\t<div class=\"elementor-element elementor-element-6672f93 elementor-widget elementor-widget-text-editor\" data-id=\"6672f93\" data-element_type=\"widget\" data-e-type=\"widget\" data-widget_type=\"text-editor.default\">\n\t\t\t\t<div class=\"elementor-widget-container\">\n\t\t\t\t\t\t\t\t\t<p><strong>25 decembre 2024:<\/strong> Ajout des stats de max 8 stats de Mario Kart 7, ainsi que max VR13 de Mario Kart 8 Deluxe.<strong><br \/>13 octobre 2024:<\/strong> Ajout des stats des max BR4 de Mario Kart 8 Deluxe.<strong><br \/>29 juillet 2024:<\/strong> Ajout des stats des max VR12 de Mario Kart 8 Deluxe.<strong><br \/>April 14, 2024:<\/strong> Added stats for All Max Ratings.<strong><br \/><\/strong><strong>April 13, 2024:<\/strong> Replaced Belgian Mario Kart 7 max VR list with Finnish Mario Kart 7 max VR list. Added stats for Mario Kart 7 max VR7 and max VR8.<strong><br \/><\/strong><strong>April 9, 2024:<\/strong> Ajout des stats des max VR11 de Mario Kart 8 Deluxe.<strong><br \/><\/strong><strong>30 janvier 2024:<\/strong> Ajout des stats des max VR4 de Mario Kart 8.<strong><br \/><\/strong><strong>30 decembre 2023:<\/strong> Renamed TS?R to 3\u00d7S?R, QS?R to 4\u00d7S?R and n-way S?R to n\u00d7S?R for 5\u2264n\u226412.<strong><br \/><\/strong><strong>29 decembre 2023:<\/strong> Added accounts to all simultaneous lists.<strong><br \/>26 decembre 2023:<\/strong> Ajouts des stats de la liste max VR6 de Mario Kart 7, ainsi que max VR10 de Mario Kart 8 Deluxe.<strong><br \/>25 decembre 2023:<\/strong> Added Mario Kart 8 VR speedrun ranking (in terms of playtime).<strong><br \/>24 decembre 2023:<\/strong> Added exact times to Mario Kart 8 Deluxe VR speedrun ranking (in terms of playtime).<strong><br \/>29 octobre 2023:<\/strong> Ajout des stats des max VR9 de Mario Kart 8 Deluxe.<strong><br \/>12 ao\u00fbt 2023:<\/strong> Ajout des stats des max VR8 de Mario Kart 8 Deluxe.<strong><br \/>April 1, 2023:<\/strong> Added Tencent Mario Kart 8 Deluxe max VR list.<br \/><strong>13 octobre 2022:<\/strong> Ajout des stats des max VR7 de Mario Kart 8 Deluxe.<strong><br \/><\/strong><strong>24 septembre 2022:<\/strong> Ajout des stats des max CR3 de Mario Kart 8 Deluxe.<br \/><strong>12 f\u00e9vrier 2022:<\/strong> Ajout des stats des max VR6 de Mario Kart 8 Deluxe.<br \/><strong>6 janvier 2022:<\/strong> Ajout des stats des max VR3 de Mario Kart 8.<br \/><strong>21 novembre 2021:<\/strong> Ajout des stats des max BR3 de Mario Kart 8 Deluxe.<br \/><strong>24 juillet 2021:<\/strong> Ajout des stats des max CR2 de Mario Kart 8 Deluxe.<br \/><strong>14 mai 2021:<\/strong> Ajout de la traduction fran\u00e7aise.<br \/><strong>5 mai 2021:<\/strong> Ajout de la traduction allemande.<br \/><strong>1 mai 2021:<\/strong> Ajout de la traduction espagnole.<br \/><strong>18 avril 2021:<\/strong> Ajout des classements VR.<br \/><strong>1 mars 2021:<\/strong> Ajout des preuves de la liste max VR de Mario Kart 7. Changements de plusieurs dates pour correspondre au fuseau horaire GMT. Ajout de la liste max VR du Br\u00e9sil de Mario Kart 7.<br \/><strong>15 janvier 2021:<\/strong>\u00a0Ajout des stats des max VR5 de Mario Kart 8 Deluxe.<br \/><strong>7 janvier 2021:<\/strong>\u00a0Ajouts des stats de la liste max VR5 de Mario Kart 7. <strong><br \/>4 janvier 2021:<\/strong> Ajout de preuves sur la liste max VR de Mario Kart 8.\nCorrection de plusieurs IDNN. Changements de plusieurs dates pour correspondre au fuseau horaire GMT.<br \/><strong>19 d\u00e9cembre 2020:<\/strong> Ajouts des listes nationales pour la liste max VR de Mario Kart 7.<br \/><strong>24 octobre 2020:<\/strong> Ajouts des preuves sur la liste max CR de Mario Kart 8. Modification de la liste SCR de Mario Kart 8 Deluxe, qui ne contient plus seulement la preuve de la simultan\u00e9it\u00e9, mais les deux images de preuve CR.<br \/><strong>23 octobre 2020:<\/strong> Ajouts de preuves sur la liste max 4 stats de Mario Kart 7.<br \/><strong>21 octobre 2020:<\/strong> Ajout de preuves sur les listes max 8 stats et 5 stats de Mario Kart 7 et ajouts de preuves pour All Max Ratings et All Max Ratings (2014).<br \/><strong>19 octobre 2020:<\/strong> Remplacement des noms de certains joueurs japonais par leur noms originels en Hiragana\/Katakana.<br \/><strong>18 octobre 2020:<\/strong> Ajout de classements speedrun pour Mario Kart 8.\nExtension du classement speedrun de Mario Kart 8 Deluxe BR (temps de jeu) de \u2264720 heures \u00e0 \u2264750 heures.<br \/><strong>10 octobre 2020:<\/strong>\u00a0Ajout des stats de max VR4 et max 4 stats de Mario Kart 7, max CR de Mario Kart 8, max VR3, max VR4, max BR2 et max CR de Mario Kart 8 Deluxe, ainsi que max wins de Mario Kart DS.<br \/><strong>30 septembre 2020:<\/strong> Lancement du nouveau site.<\/p>\n<p><!-- \/wp:paragraph --><\/p>\t\t\t\t\t\t\t\t<\/div>\n\t\t\t\t<\/div>\n\t\t\t\t<div class=\"elementor-element elementor-element-7500fe3 elementor-widget elementor-widget-heading\" data-id=\"7500fe3\" data-element_type=\"widget\" data-e-type=\"widget\" data-widget_type=\"heading.default\">\n\t\t\t\t<div class=\"elementor-widget-container\">\n\t\t\t\t\t<h2 class=\"elementor-heading-title elementor-size-default\"><u>\u00c9volution de l'ancien site<\/u><\/h2>\t\t\t\t<\/div>\n\t\t\t\t<\/div>\n\t\t\t\t<div class=\"elementor-element elementor-element-482861ed elementor-widget elementor-widget-text-editor\" data-id=\"482861ed\" data-element_type=\"widget\" data-e-type=\"widget\" data-widget_type=\"text-editor.default\">\n\t\t\t\t<div class=\"elementor-widget-container\">\n\t\t\t\t\t\t\t\t\t<!-- wp:paragraph -->\n<p><strong>7 ao\u00fbt 2020:<\/strong> Ajout de la section \u00e9volution du site.<br \/><strong>6 ao\u00fbt 2020:<\/strong> Ajout de la liste max victoires pour Mario Kart DS. Ajout du classement nombre de maxes bas\u00e9 sur la difficult\u00e9. Ajout de classements pour le classement du nombre de maxes total.<br \/><strong>23 mars 2020:<\/strong> Extension du classement speedrun de Mario Kart 7 de \u226430 jours \u00e0 \u226460 jours.<br \/><strong>31 decembre 2019:<\/strong> Ajout de la liste Compl\u00e9tion de tous les max (AMR).<br \/><strong>30 decembre 2019:<\/strong>\u00a0Choix du nom max CR en temps que nouveau nom pour le max VR + max BR. Il \u00e9tait auparavant appel\u00e9 WVR.<br \/><strong>3 ao\u00fbt 2019:<\/strong>\u00a0Ajout de la liste CR2+ pour Mario Kart 8 Deluxe.<br \/><strong>24 juillet 2019:<\/strong>\u00a0Ajout des preuves sur la liste max BR de Mario Kart 8.<br \/><strong>13 juillet 2019:<\/strong>\u00a0Ajout des preuves sur la liste max VR2 de Mario Kart 7.<br \/><strong>17 avril 2019:<\/strong> Ajout des classements speedrun pour Mario Kart 7 et Mario Kart 8 Deluxe.<br \/><strong>16 avril 2019:<\/strong>\u00a0R\u00e9organisation et division de la section divers en plusieurs pages. Changement de l'apparence du bouton.<br \/><strong>14 avril 2019:<\/strong>\u00a0Ajout de la liste 4 stats pour Mario Kart 7.<br \/><strong>1 avril 2019:<\/strong>\u00a0Ajout de de la liste des max VR d'Australie.<br \/><strong>26 f\u00e9vrier 2019:<\/strong>\u00a0Transfert de la propri\u00e9t\u00e9 du site d'Eranium \u00e0 Hern\u00e1n.<br \/><strong>8 ao\u00fbt 2018:<\/strong>\u00a0Ajout d'un set de drapeau en 2:3 et suppression des anciens drapeaux.<br \/><strong>4 ao\u00fbt 2018:<\/strong>\u00a0Ajout des preuves pour les listes max VR3+ de Mario Kart 7.<br \/><strong>23 mai 2018:<\/strong>\u00a0Ajout de Mario Kart 7 vers autres records.<br \/><strong>5 mai 2018:<\/strong>\u00a0Ajout de la liste max BR2+ pour Mario Kart 8 Deluxe.<br \/><strong>25 mars 2018:<\/strong>\u00a0Ajout des preuves sur la liste BR2 de Mario Kart 8.<br \/><strong>21 mars 2018:<\/strong>\u00a0Ajout de la page glossaire.<br \/><strong>5 mars 2018:<\/strong>\u00a0Ajout de la page contacter.<br \/><strong>27 f\u00e9vrier 2018:<\/strong>\u00a0Ajout de 14 listes par pays pour Mario Kart 7 max VR, Mario Kart 8 max VR et max BR ainsi que Mario Kart 8 Deluxe max VR et max BR.<br \/><strong>21 f\u00e9vrier 2018:<\/strong>\u00a0Changement du domaine de\u00a0<em>mk8vrlist<\/em>\u00a0vers\u00a0<em>maxvrlist<\/em>. Ajout de stats de Mario Kart 7 max VR, max VR2 et max VR3. Ajout du montant total des max dans la cat\u00e9gorie divers.<br \/><strong>20 f\u00e9vrier 2018:<\/strong>\u00a0Cr\u00e9ation du compte Twitter de Max VR List.<br \/><strong>19 f\u00e9vrier 2018:<\/strong>\u00a0Ajout de toutes les listes VR pour Mario Kart 7.<br \/><strong>16 f\u00e9vrier 2018:<\/strong> Ajout d'autres records dans divers, incluant des records de speedruns pour Mario Kart 8 et Mario Kart 8 Deluxe.<br \/><strong>11 f\u00e9vrier 2018:<\/strong>\u00a0Ajout de la liste simultaneous pour Mario Kart 8 Deluxe.<br \/><strong>4 janvier 2018:<\/strong>\u00a0Ajout de la liste max VR3+ pour Mario Kart 8 Deluxe.<br \/><strong>26 decembre 2017:<\/strong>\u00a0Ajout de la liste max CR pour Mario Kart 8 Deluxe.<br \/><strong>19 decembre 2017:<\/strong>\u00a0Ajout des stats pour Mario Kart 8 Deluxe max VR2 et max BR.<br \/><strong>2 decembre 2017:<\/strong>\u00a0Ajout de la liste max BR pour Mario Kart 8 Deluxe.<br \/><strong>7 novembre 2017:<\/strong>\u00a0Ajout des preuves pour les listes de Mario Kart 8 max VR2 et simultaneous.<br \/><strong>6 novembre 2017:<\/strong>\u00a0Ajout des preuves sur les listes max VR3+ de Mario Kart 8.<br \/><strong>21 octobre 2017:<\/strong>\u00a0Ajout de la liste max VR2 pour Mario Kart 8 Deluxe.<br \/><strong>19 octobre 2017:<\/strong>\u00a0Ajout des preuves sur les listes de Mario Kart 8 Deluxe.<br \/><strong>5 octobre 2017:<\/strong>\u00a0Ajout des profils Twitter sur les listes de Mario Kart 8 Deluxe.<br \/><strong>4 octobre 2017:<\/strong>\u00a0Ajout des stats pour Mario Kart 8 max VR2 et max BR.<br \/><strong>26 juin 2017:<\/strong>\u00a0Ajout de la liste max VR de Mario Kart 8 Deluxe et des stats des max VR.<br \/><strong>13 mai 2017:<\/strong>\u00a0Cr\u00e9ation du serveur Discord de Max VR List.<br \/><strong>15 avril 2016:<\/strong>\u00a0Lancement initial du site. Toutes les listes de Mario Kart 8, stats des max VR ainsi qu'une page divers contenant tous les drapeaux utilis\u00e9s ont \u00e9t\u00e9 cr\u00e9\u00e9s durant ce mois.<\/p>\n<!-- \/wp:paragraph -->\t\t\t\t\t\t\t\t<\/div>\n\t\t\t\t<\/div>\n\t\t\t\t<div class=\"elementor-element elementor-element-4649483 elementor-widget elementor-widget-text-editor\" data-id=\"4649483\" data-element_type=\"widget\" data-e-type=\"widget\" data-widget_type=\"text-editor.default\">\n\t\t\t\t<div class=\"elementor-widget-container\">\n\t\t\t\t\t\t\t\t\t<p><em>Site web cr\u00e9\u00e9 par Hern\u00e1n.<br>Traduction fran\u00e7aise par Leo.<\/em><\/p>\t\t\t\t\t\t\t\t<\/div>\n\t\t\t\t<\/div>\n\t\t\t\t\t<\/div>\n\t\t<\/div>\n\t\t\t\t\t<\/div>\n\t\t<\/section>\n\t\t\t\t<\/div>","protected":false},"excerpt":{"rendered":"<p>Glossary Here&#8217;s a list that explains the slang and terminology that can be found on this site: MKDS: Mario Kart DS. MK7: Mario Kart 7. MK8: Mario Kart 8. MK8DX: Mario Kart 8 Deluxe. VR: Versus Rating\u2014points that can be earned by playing online races (VR can also be earned in battles in MK7). BR: &hellip;<\/p>\n<p class=\"read-more\"> <a class=\"\" href=\"https:\/\/maxvrlist.com\/fr\/about\"> <span class=\"screen-reader-text\">\u00c0 propos<\/span> Lire la suite\u00a0\u00bb<\/a><\/p>","protected":false},"author":1,"featured_media":0,"parent":0,"menu_order":0,"comment_status":"closed","ping_status":"closed","template":"","meta":{"_monsterinsights_skip_tracking":false,"_monsterinsights_sitenote_active":false,"_monsterinsights_sitenote_note":"","_monsterinsights_sitenote_category":0,"site-sidebar-layout":"no-sidebar","site-content-layout":"page-builder","ast-global-header-display":"","ast-main-header-display":"","ast-hfb-above-header-display":"","ast-hfb-below-header-display":"","ast-hfb-mobile-header-display":"","site-post-title":"disabled","ast-breadcrumbs-content":"","ast-featured-img":"disabled","footer-sml-layout":"","theme-transparent-header-meta":"default","adv-header-id-meta":"","stick-header-meta":"","header-above-stick-meta":"","header-main-stick-meta":"","header-below-stick-meta":"","footnotes":""},"class_list":["post-859","page","type-page","status-publish","hentry"],"_links":{"self":[{"href":"https:\/\/maxvrlist.com\/fr\/wp-json\/wp\/v2\/pages\/859","targetHints":{"allow":["GET"]}}],"collection":[{"href":"https:\/\/maxvrlist.com\/fr\/wp-json\/wp\/v2\/pages"}],"about":[{"href":"https:\/\/maxvrlist.com\/fr\/wp-json\/wp\/v2\/types\/page"}],"author":[{"embeddable":true,"href":"https:\/\/maxvrlist.com\/fr\/wp-json\/wp\/v2\/users\/1"}],"replies":[{"embeddable":true,"href":"https:\/\/maxvrlist.com\/fr\/wp-json\/wp\/v2\/comments?post=859"}],"version-history":[{"count":126,"href":"https:\/\/maxvrlist.com\/fr\/wp-json\/wp\/v2\/pages\/859\/revisions"}],"predecessor-version":[{"id":24305,"href":"https:\/\/maxvrlist.com\/fr\/wp-json\/wp\/v2\/pages\/859\/revisions\/24305"}],"wp:attachment":[{"href":"https:\/\/maxvrlist.com\/fr\/wp-json\/wp\/v2\/media?parent=859"}],"curies":[{"name":"wp","href":"https:\/\/api.w.org\/{rel}","templated":true}]}}