{"id":8617,"date":"2021-04-01T22:26:16","date_gmt":"2021-04-01T22:26:16","guid":{"rendered":"https:\/\/maxvrlist.com\/?page_id=8617"},"modified":"2022-01-14T21:33:16","modified_gmt":"2022-01-14T21:33:16","slug":"mk7-rules","status":"publish","type":"page","link":"https:\/\/maxvrlist.com\/fr\/mk7-rules","title":{"rendered":"MK7 rules"},"content":{"rendered":"<div data-elementor-type=\"wp-page\" data-elementor-id=\"8617\" class=\"elementor elementor-8617\">\n\t\t\t\t\t\t<section class=\"elementor-section elementor-top-section elementor-element elementor-element-b5e321b elementor-section-full_width elementor-section-height-default elementor-section-height-default\" data-id=\"b5e321b\" data-element_type=\"section\" data-e-type=\"section\" data-settings=\"{&quot;background_background&quot;:&quot;classic&quot;}\">\n\t\t\t\t\t\t<div class=\"elementor-container elementor-column-gap-default\">\n\t\t\t\t\t<div class=\"elementor-column elementor-col-100 elementor-top-column elementor-element elementor-element-6475c39\" data-id=\"6475c39\" data-element_type=\"column\" data-e-type=\"column\">\n\t\t\t<div class=\"elementor-widget-wrap elementor-element-populated\">\n\t\t\t\t\t\t<div class=\"elementor-element elementor-element-ae282af elementor-align-center elementor-widget__width-auto elementor-widget elementor-widget-button\" data-id=\"ae282af\" data-element_type=\"widget\" data-e-type=\"widget\" data-widget_type=\"button.default\">\n\t\t\t\t<div class=\"elementor-widget-container\">\n\t\t\t\t\t\t\t\t\t<div class=\"elementor-button-wrapper\">\n\t\t\t\t\t<a class=\"elementor-button elementor-button-link elementor-size-xs\" href=\"https:\/\/maxvrlist.com\/fr\/rules\/\">\n\t\t\t\t\t\t<span class=\"elementor-button-content-wrapper\">\n\t\t\t\t\t\t\t\t\t<span class=\"elementor-button-text\">G\u00e9n\u00e9ral<\/span>\n\t\t\t\t\t<\/span>\n\t\t\t\t\t<\/a>\n\t\t\t\t<\/div>\n\t\t\t\t\t\t\t\t<\/div>\n\t\t\t\t<\/div>\n\t\t\t\t<div class=\"elementor-element elementor-element-4cccff0 elementor-align-center elementor-widget__width-auto elementor-widget elementor-widget-button\" data-id=\"4cccff0\" data-element_type=\"widget\" data-e-type=\"widget\" data-widget_type=\"button.default\">\n\t\t\t\t<div class=\"elementor-widget-container\">\n\t\t\t\t\t\t\t\t\t<div class=\"elementor-button-wrapper\">\n\t\t\t\t\t<a class=\"elementor-button elementor-size-xs\" role=\"button\">\n\t\t\t\t\t\t<span class=\"elementor-button-content-wrapper\">\n\t\t\t\t\t\t\t\t\t<span class=\"elementor-button-text\">MK7<\/span>\n\t\t\t\t\t<\/span>\n\t\t\t\t\t<\/a>\n\t\t\t\t<\/div>\n\t\t\t\t\t\t\t\t<\/div>\n\t\t\t\t<\/div>\n\t\t\t\t\t<\/div>\n\t\t<\/div>\n\t\t\t\t\t<\/div>\n\t\t<\/section>\n\t\t\t\t<section class=\"elementor-section elementor-top-section elementor-element elementor-element-2a24a87 elementor-section-full_width elementor-section-height-default elementor-section-height-default\" data-id=\"2a24a87\" data-element_type=\"section\" data-e-type=\"section\" data-settings=\"{&quot;background_background&quot;:&quot;classic&quot;}\">\n\t\t\t\t\t\t<div class=\"elementor-container elementor-column-gap-default\">\n\t\t\t\t\t<div class=\"elementor-column elementor-col-100 elementor-top-column elementor-element elementor-element-66f0f5b\" data-id=\"66f0f5b\" data-element_type=\"column\" data-e-type=\"column\">\n\t\t\t<div class=\"elementor-widget-wrap elementor-element-populated\">\n\t\t\t\t\t\t<div class=\"elementor-element elementor-element-d7577f2 elementor-widget elementor-widget-heading\" data-id=\"d7577f2\" data-element_type=\"widget\" data-e-type=\"widget\" data-widget_type=\"heading.default\">\n\t\t\t\t<div class=\"elementor-widget-container\">\n\t\t\t\t\t<h2 class=\"elementor-heading-title elementor-size-default\"><u>R\u00e8gles pour Mario Kart 7<\/u><\/h2>\t\t\t\t<\/div>\n\t\t\t\t<\/div>\n\t\t\t\t<div class=\"elementor-element elementor-element-35cc97d elementor-widget elementor-widget-text-editor\" data-id=\"35cc97d\" data-element_type=\"widget\" data-e-type=\"widget\" data-widget_type=\"text-editor.default\">\n\t\t\t\t<div class=\"elementor-widget-container\">\n\t\t\t\t\t\t\t\t\t<p>Toutes ces r\u00e8gles sont sp\u00e9cifiques \u00e0 Mario Kart 7 et pourront \u00eatre appliqu\u00e9s \u00e0 Mario Kart 8 ou Mario Kart 8 Deluxe dans le futur si des hacks similaires sont d\u00e9velopp\u00e9s.<\/p><ul><li>No disconnection hack n'es pas autoris\u00e9, surtout dans le cas o\u00f9 il est utilis\u00e9 pour aider en afk en course. Tout max ayant obtenu de l'aide intentionnelle de joueurs utilisant no disconnection hack ne sera pas comptabilis\u00e9.<\/li><li>N'importe quel hack d\u2019auto-pilote n'es pas autoris\u00e9. Tout max ayant obtenu de l'aide intentionnelle de joueurs utilisant un hack d'auto-pilote ne sera pas comptabilis\u00e9.<\/li><li>R\u00e9initialiser les VR tout en gardant le reste des stats n'es pas autoris\u00e9.<\/li><li>Les r\u00e8gles \u00e9num\u00e9r\u00e9es dans le pr\u00e9sent document sont susceptibles d'\u00eatre modifi\u00e9es. Le staff se r\u00e9serve le droit d'ajouter ou de supprimer des joueurs et\/ou des max du site web avec ou sans modification des r\u00e8gles, avec ou sans pr\u00e9avis.<\/li><\/ul>\t\t\t\t\t\t\t\t<\/div>\n\t\t\t\t<\/div>\n\t\t\t\t<div class=\"elementor-element elementor-element-af851e6 elementor-widget elementor-widget-heading\" data-id=\"af851e6\" data-element_type=\"widget\" data-e-type=\"widget\" data-widget_type=\"heading.default\">\n\t\t\t\t<div class=\"elementor-widget-container\">\n\t\t\t\t\t<h2 class=\"elementor-heading-title elementor-size-default\"><u>R\u00e8gles concernant CTGP-7<\/u><\/h2>\t\t\t\t<\/div>\n\t\t\t\t<\/div>\n\t\t\t\t<div class=\"elementor-element elementor-element-605a7ee elementor-widget elementor-widget-text-editor\" data-id=\"605a7ee\" data-element_type=\"widget\" data-e-type=\"widget\" data-widget_type=\"text-editor.default\">\n\t\t\t\t<div class=\"elementor-widget-container\">\n\t\t\t\t\t\t\t\t\t<p><a href=\"https:\/\/ctgp-7.github.io\/index.html\">CTGP-7<\/a>\u00a0est un modpack pour Mario Kart 7 qui ajoute des nouvelles choses au jeu, tels que des custom tracks, des personnages, des nouvelles fonctionnalit\u00e9s, etc...<\/p><ul><li>L'utilisation de CTGP-7 est autoris\u00e9 mais dois adh\u00e9rer aux r\u00e8gles suivantes (depuis le menu de CTGP-7) :<ul><li>Gameplay Features &gt; Backwards Camera (Disabled)<\/li><li>Gameplay Features &gt; LED Item Warning (Disabled)<\/li><\/ul><\/li><li>Jouer \u00e0 des Custom Tracks Worldwide (CTWW) ou Countdown n'est pas autoris\u00e9 pour MK7 max 4 value et les autres r\u00e9ussites similaires.<ul><li>Ceci est sujet \u00e0 des changements dans le cas o\u00f9 les victoires et les d\u00e9faites gagn\u00e9s en CTWW et en countdown sont s\u00e9par\u00e9s des victoires et des d\u00e9faites gagn\u00e9s dans le mode course ou bataille en ligne originel.<\/li><\/ul><\/li><li>L'usage de CTGP-7 pourrait devenir interdit \u00e0 tout moment dans le cas o\u00f9 un bug qui pourrait donner un avantage au joueur soit d\u00e9couvert, comme \u00e7a a pu \u00eatre le cas avec le bug du shock dodge sur d'anciennes versions de CTGP-7.<\/li><li>Les VR de CTWW et du mode Countdown sont s\u00e9par\u00e9s des VR de Mario Kart 7. Des listes pourraient \u00eatre cr\u00e9\u00e9es dans le futur si une personne atteint le max VR sur CTGP-7.<ul><li>Comme les VR sont stock\u00e9s sur les serveurs de CTGP-7 et sont li\u00e9s \u00e0 votre console, il est impossible de les r\u00e9cup\u00e9rer \u00e0 l'aide d'un backup. Toutes les autres r\u00e8gles restent applicables.<\/li><\/ul><\/li><\/ul>\t\t\t\t\t\t\t\t<\/div>\n\t\t\t\t<\/div>\n\t\t\t\t\t<\/div>\n\t\t<\/div>\n\t\t\t\t\t<\/div>\n\t\t<\/section>\n\t\t\t\t<\/div>","protected":false},"excerpt":{"rendered":"<p>General MK7 Mario Kart 7 rules All these rules are specific for Mario Kart 7, and they may be applied to Mario Kart 8 or Mario Kart 8 Deluxe in the future if similar hacks are developed: No disconnection hack is not allowed, especially if it is used to AFK help in race. Any max &hellip;<\/p>\n<p class=\"read-more\"> <a class=\"\" href=\"https:\/\/maxvrlist.com\/fr\/mk7-rules\"> <span class=\"screen-reader-text\">MK7 rules<\/span> Lire la suite\u00a0\u00bb<\/a><\/p>","protected":false},"author":1,"featured_media":0,"parent":0,"menu_order":0,"comment_status":"closed","ping_status":"closed","template":"elementor_header_footer","meta":{"_monsterinsights_skip_tracking":false,"_monsterinsights_sitenote_active":false,"_monsterinsights_sitenote_note":"","_monsterinsights_sitenote_category":0,"site-sidebar-layout":"no-sidebar","site-content-layout":"page-builder","ast-global-header-display":"","ast-main-header-display":"","ast-hfb-above-header-display":"","ast-hfb-below-header-display":"","ast-hfb-mobile-header-display":"","site-post-title":"disabled","ast-breadcrumbs-content":"","ast-featured-img":"disabled","footer-sml-layout":"","theme-transparent-header-meta":"default","adv-header-id-meta":"","stick-header-meta":"","header-above-stick-meta":"","header-main-stick-meta":"","header-below-stick-meta":"","footnotes":""},"class_list":["post-8617","page","type-page","status-publish","hentry"],"_links":{"self":[{"href":"https:\/\/maxvrlist.com\/fr\/wp-json\/wp\/v2\/pages\/8617","targetHints":{"allow":["GET"]}}],"collection":[{"href":"https:\/\/maxvrlist.com\/fr\/wp-json\/wp\/v2\/pages"}],"about":[{"href":"https:\/\/maxvrlist.com\/fr\/wp-json\/wp\/v2\/types\/page"}],"author":[{"embeddable":true,"href":"https:\/\/maxvrlist.com\/fr\/wp-json\/wp\/v2\/users\/1"}],"replies":[{"embeddable":true,"href":"https:\/\/maxvrlist.com\/fr\/wp-json\/wp\/v2\/comments?post=8617"}],"version-history":[{"count":0,"href":"https:\/\/maxvrlist.com\/fr\/wp-json\/wp\/v2\/pages\/8617\/revisions"}],"wp:attachment":[{"href":"https:\/\/maxvrlist.com\/fr\/wp-json\/wp\/v2\/media?parent=8617"}],"curies":[{"name":"wp","href":"https:\/\/api.w.org\/{rel}","templated":true}]}}