{"id":8716,"date":"2021-04-12T10:44:42","date_gmt":"2021-04-12T10:44:42","guid":{"rendered":"https:\/\/maxvrlist.com\/?page_id=8716"},"modified":"2023-04-01T17:24:29","modified_gmt":"2023-04-01T17:24:29","slug":"rating-leaderboards","status":"publish","type":"page","link":"https:\/\/maxvrlist.com\/fr\/rating-leaderboards","title":{"rendered":"Classements points"},"content":{"rendered":"<div data-elementor-type=\"wp-page\" data-elementor-id=\"8716\" class=\"elementor elementor-8716\">\n\t\t\t\t\t\t<section class=\"elementor-section elementor-top-section elementor-element elementor-element-365a53d elementor-section-full_width elementor-section-height-default elementor-section-height-default\" data-id=\"365a53d\" data-element_type=\"section\" data-e-type=\"section\" data-settings=\"{&quot;background_background&quot;:&quot;classic&quot;}\">\n\t\t\t\t\t\t<div class=\"elementor-container elementor-column-gap-default\">\n\t\t\t\t\t<div class=\"elementor-column elementor-col-100 elementor-top-column elementor-element elementor-element-8a8caac\" data-id=\"8a8caac\" data-element_type=\"column\" data-e-type=\"column\">\n\t\t\t<div class=\"elementor-widget-wrap elementor-element-populated\">\n\t\t\t\t\t\t<div class=\"elementor-element elementor-element-1696395 elementor-widget elementor-widget-heading\" data-id=\"1696395\" data-element_type=\"widget\" data-e-type=\"widget\" data-widget_type=\"heading.default\">\n\t\t\t\t<div class=\"elementor-widget-container\">\n\t\t\t\t\t<h2 class=\"elementor-heading-title elementor-size-default\"><u>Classements points<\/u><\/h2>\t\t\t\t<\/div>\n\t\t\t\t<\/div>\n\t\t\t\t<div class=\"elementor-element elementor-element-4e798ba elementor-widget elementor-widget-text-editor\" data-id=\"4e798ba\" data-element_type=\"widget\" data-e-type=\"widget\" data-widget_type=\"text-editor.default\">\n\t\t\t\t<div class=\"elementor-widget-container\">\n\t\t\t\t\t\t\t\t\t<p>Vous trouverez ici les classements de notre <a href=\"https:\/\/discord.gg\/Epn3PZj\">serveur Discord<\/a>. Pour chaque cat\u00e9gories, le nombre de points est d\u00e9fini par la somme des comptes max\u00e9s + la plus haute donn\u00e9e non-max\u00e9.<\/p><ul><li><strong>#mk7-vr2:<\/strong> Classement allant de 101000 \u00e0 199900 pour la cat\u00e9gorie MK7 VR.<\/li><li><strong>#mk7-vr3\uff0b:<\/strong> Classement allant de 201000 VR jusqu'au record du monde pour la cat\u00e9gorie MK7 VR.<\/li><li><strong>#mk8-vr2:<\/strong> Classement allant de 101000 \u00e0 199900 pour la cat\u00e9gorie MK8 VR.<\/li><li><strong>#mk8-vr3\uff0b:<\/strong> Classement allant de 201000 VR jusqu'au record du monde pour la cat\u00e9gorie MK8 VR.<\/li><li><strong>#mk8-br:<\/strong> Classement allant de 40000 \u00e0 99900 pour la cat\u00e9gorie MK8 BR.<\/li><li><strong>#mk8-br2\uff0b:<\/strong> Classement allant de 101000 BR jusqu'au record du monde pour la cat\u00e9gorie MK8 BR.<\/li><li><strong>#mk8-total-rating:<\/strong> Classement allant de 220000 jusqu'au record du monde pour la somme de la cat\u00e9gorie MK8 VR et MK8 BR.<\/li><li><strong>#mk8dx-vr-list:<\/strong> Liste allant de 70000 \u00e0 99000 pour la cat\u00e9gorie MK8DX VR. Aucun rang ne peut \u00eatre trouv\u00e9 ici.<\/li><li><strong>#mk8dx-vr2:<\/strong> Classement allant de 101000 \u00e0 199900 pour la cat\u00e9gorie MK8DX VR.<\/li><li><strong>#mk8dx-vr3\uff0b:<\/strong> Classement allant de 201000 VR jusqu'au record du monde sur la cat\u00e9gorie MK8DX VR.<\/li><li><strong>#mk8dx-br:<\/strong> Classement allant de 50000 \u00e0 99900 pour la cat\u00e9gorie MK8DX BR.<\/li><li><strong>#mk8dx-br2\uff0b:<\/strong> Classement allant de 101000 BR jusqu'au record du monde pour la cat\u00e9gorie MK8DX BR.<\/li><li><b>#mk8dx-cr:<\/b> Classement allant de 120000 CR jusqu'au max pour la cat\u00e9gorie MK8DX max CR.  Toute valeur au dessus du max de la cat\u00e9gorie MK8DX max VR ou MK8DX max BR ne compte pas.<\/li><li><b>#mk8dx-cr2\uff0b:<\/b><ul><li><strong>CRn, n\u22652, n\u2208<span class=\"Unicode\">\u2115<\/span>:<\/strong> Classement allant de (200000(n-1))+2000 jusqu'au max CRn. Toute valeur au dessus du max pour les cat\u00e9gories MK8DX VRn ou MK8DX max BRn ne compte pas.<\/li><\/ul><\/li><li><strong>#mk8dx-total-rating:<\/strong> Classement allant de 300000 jusqu'au record du monde pour la somme de la cat\u00e9gorie MK8DX VR et MK8DX BR.<\/li><li><strong>#tencent-mk8dx-vr:<\/strong> Leaderboard from 30000 to 99900 on Tencent MK8DX VR category.<\/li><li><strong>#amr:\uff0b<\/strong><ul><li><strong>AMR:<\/strong> Classement allant de 350000 jusqu'\u00e0 l'AMR. Toute valeur au dessus du max de la cat\u00e9gorie MK7 VR, MK8 VR, MK8 BR, MK8DX VR ou MK8DX BR ne compte pas.<\/li><li><strong>AMR2:<\/strong> Classement allant de 700000 jusqu'\u00e0 l'AMR2. Toute valeur au dessus du max de la cat\u00e9gorie MK7 VR2, MK8 VR2, MK8 BR2, MK8DX VR2 ou MK8DX BR2 ne compte pas.<\/li><li><strong>AMRn, n&gt;2, n\u2208<span class=\"Unicode\">\u2115<\/span>:<\/strong> Classement allant de 500000(n-1) jusqu'\u00e0 l'AMRn.\nToute valeur au dessus du max sur les cat\u00e9gories MK7 VRn, MK8 VRn, MK8 BRn, MK8DX VRn ou MK8DX BRn ne compte pas.<\/li><\/ul><\/li><li><strong>#total-rating:<\/strong> Classement allant de 500000 jusqu'au record du monde pour la somme de toutes les cat\u00e9gories.<\/li><\/ul>\t\t\t\t\t\t\t\t<\/div>\n\t\t\t\t<\/div>\n\t\t\t\t<div class=\"elementor-element elementor-element-d8e6773 elementor-widget elementor-widget-text-editor\" data-id=\"d8e6773\" data-element_type=\"widget\" data-e-type=\"widget\" data-widget_type=\"text-editor.default\">\n\t\t\t\t<div class=\"elementor-widget-container\">\n\t\t\t\t\t\t\t\t\t<widgetbot\n  server=\"312903731429638144\"\n  channel=\"453908768091275288\"\n  width=\"100%\"\n  height=\"900\"\n><\/widgetbot>\n<script src=\"https:\/\/cdn.jsdelivr.net\/npm\/@widgetbot\/html-embed\"<\/script>\t\t\t\t\t\t\t\t<\/div>\n\t\t\t\t<\/div>\n\t\t\t\t\t<\/div>\n\t\t<\/div>\n\t\t\t\t\t<\/div>\n\t\t<\/section>\n\t\t\t\t<\/div>","protected":false},"excerpt":{"rendered":"<p>Rating leaderboards Here, you&#8217;ll find some leaderboards from our Discord server. For each category, someone&#8217;s rating is defined as the sum of all their maxed datas plus the highest non-maxed one. #mk7-vr2: Leaderboard from 101000 to 199900 on MK7 VR category. #mk7-vr3\uff0b: Leaderboard from 201000 to world record on MK7 VR category. #mk8-vr2: Leaderboard from &hellip;<\/p>\n<p class=\"read-more\"> <a class=\"\" href=\"https:\/\/maxvrlist.com\/fr\/rating-leaderboards\"> <span class=\"screen-reader-text\">Classements points<\/span> Lire la suite\u00a0\u00bb<\/a><\/p>","protected":false},"author":1,"featured_media":0,"parent":0,"menu_order":0,"comment_status":"closed","ping_status":"closed","template":"","meta":{"_monsterinsights_skip_tracking":false,"_monsterinsights_sitenote_active":false,"_monsterinsights_sitenote_note":"","_monsterinsights_sitenote_category":0,"site-sidebar-layout":"no-sidebar","site-content-layout":"page-builder","ast-global-header-display":"","ast-main-header-display":"","ast-hfb-above-header-display":"","ast-hfb-below-header-display":"","ast-hfb-mobile-header-display":"","site-post-title":"disabled","ast-breadcrumbs-content":"","ast-featured-img":"disabled","footer-sml-layout":"","theme-transparent-header-meta":"default","adv-header-id-meta":"","stick-header-meta":"","header-above-stick-meta":"","header-main-stick-meta":"","header-below-stick-meta":"","footnotes":""},"class_list":["post-8716","page","type-page","status-publish","hentry"],"_links":{"self":[{"href":"https:\/\/maxvrlist.com\/fr\/wp-json\/wp\/v2\/pages\/8716","targetHints":{"allow":["GET"]}}],"collection":[{"href":"https:\/\/maxvrlist.com\/fr\/wp-json\/wp\/v2\/pages"}],"about":[{"href":"https:\/\/maxvrlist.com\/fr\/wp-json\/wp\/v2\/types\/page"}],"author":[{"embeddable":true,"href":"https:\/\/maxvrlist.com\/fr\/wp-json\/wp\/v2\/users\/1"}],"replies":[{"embeddable":true,"href":"https:\/\/maxvrlist.com\/fr\/wp-json\/wp\/v2\/comments?post=8716"}],"version-history":[{"count":12,"href":"https:\/\/maxvrlist.com\/fr\/wp-json\/wp\/v2\/pages\/8716\/revisions"}],"predecessor-version":[{"id":17531,"href":"https:\/\/maxvrlist.com\/fr\/wp-json\/wp\/v2\/pages\/8716\/revisions\/17531"}],"wp:attachment":[{"href":"https:\/\/maxvrlist.com\/fr\/wp-json\/wp\/v2\/media?parent=8716"}],"curies":[{"name":"wp","href":"https:\/\/api.w.org\/{rel}","templated":true}]}}