{"id":22721,"date":"2024-04-14T00:42:06","date_gmt":"2024-04-14T00:42:06","guid":{"rendered":"https:\/\/maxvrlist.com\/?page_id=22721"},"modified":"2024-04-14T00:45:57","modified_gmt":"2024-04-14T00:45:57","slug":"9sbr","status":"publish","type":"page","link":"https:\/\/maxvrlist.com\/it\/mk8\/9sbr","title":{"rendered":"9\u00d7SBR"},"content":{"rendered":"<div data-elementor-type=\"wp-page\" data-elementor-id=\"22721\" class=\"elementor elementor-22721\">\n\t\t\t\t\t\t<section class=\"elementor-section elementor-top-section elementor-element elementor-element-1fe41521 elementor-section-full_width elementor-section-height-default elementor-section-height-default\" data-id=\"1fe41521\" data-element_type=\"section\" data-e-type=\"section\" data-settings=\"{&quot;background_background&quot;:&quot;classic&quot;}\">\n\t\t\t\t\t\t<div class=\"elementor-container elementor-column-gap-default\">\n\t\t\t\t\t<div class=\"elementor-column elementor-col-100 elementor-top-column elementor-element elementor-element-e42f210\" data-id=\"e42f210\" data-element_type=\"column\" data-e-type=\"column\">\n\t\t\t<div class=\"elementor-widget-wrap elementor-element-populated\">\n\t\t\t\t\t\t<div class=\"elementor-element elementor-element-32f6f279 elementor-align-center elementor-widget__width-auto elementor-widget elementor-widget-button\" data-id=\"32f6f279\" data-element_type=\"widget\" data-e-type=\"widget\" data-widget_type=\"button.default\">\n\t\t\t\t<div class=\"elementor-widget-container\">\n\t\t\t\t\t\t\t\t\t<div class=\"elementor-button-wrapper\">\n\t\t\t\t\t<a class=\"elementor-button elementor-button-link elementor-size-xs\" href=\"https:\/\/maxvrlist.com\/it\/mk8\/svr\/\">\n\t\t\t\t\t\t<span class=\"elementor-button-content-wrapper\">\n\t\t\t\t\t\t\t\t\t<span class=\"elementor-button-text\">SVR<\/span>\n\t\t\t\t\t<\/span>\n\t\t\t\t\t<\/a>\n\t\t\t\t<\/div>\n\t\t\t\t\t\t\t\t<\/div>\n\t\t\t\t<\/div>\n\t\t\t\t<div class=\"elementor-element elementor-element-e3599ac elementor-align-center elementor-widget__width-auto elementor-widget elementor-widget-button\" data-id=\"e3599ac\" data-element_type=\"widget\" data-e-type=\"widget\" data-widget_type=\"button.default\">\n\t\t\t\t<div class=\"elementor-widget-container\">\n\t\t\t\t\t\t\t\t\t<div class=\"elementor-button-wrapper\">\n\t\t\t\t\t<a class=\"elementor-button elementor-button-link elementor-size-xs\" href=\"https:\/\/maxvrlist.com\/it\/mk8\/6svr\/\">\n\t\t\t\t\t\t<span class=\"elementor-button-content-wrapper\">\n\t\t\t\t\t\t\t\t\t<span class=\"elementor-button-text\">6\u00d7SVR<\/span>\n\t\t\t\t\t<\/span>\n\t\t\t\t\t<\/a>\n\t\t\t\t<\/div>\n\t\t\t\t\t\t\t\t<\/div>\n\t\t\t\t<\/div>\n\t\t\t\t<div class=\"elementor-element elementor-element-3ef3ec18 elementor-align-center elementor-widget__width-auto elementor-widget elementor-widget-button\" data-id=\"3ef3ec18\" data-element_type=\"widget\" data-e-type=\"widget\" data-widget_type=\"button.default\">\n\t\t\t\t<div class=\"elementor-widget-container\">\n\t\t\t\t\t\t\t\t\t<div class=\"elementor-button-wrapper\">\n\t\t\t\t\t<a class=\"elementor-button elementor-button-link elementor-size-xs\" href=\"https:\/\/maxvrlist.com\/it\/mk8\/sbr\/\">\n\t\t\t\t\t\t<span class=\"elementor-button-content-wrapper\">\n\t\t\t\t\t\t\t\t\t<span class=\"elementor-button-text\">SBR<\/span>\n\t\t\t\t\t<\/span>\n\t\t\t\t\t<\/a>\n\t\t\t\t<\/div>\n\t\t\t\t\t\t\t\t<\/div>\n\t\t\t\t<\/div>\n\t\t\t\t<div class=\"elementor-element elementor-element-0e93b51 elementor-align-center elementor-widget__width-auto elementor-widget elementor-widget-button\" data-id=\"0e93b51\" data-element_type=\"widget\" data-e-type=\"widget\" data-widget_type=\"button.default\">\n\t\t\t\t<div class=\"elementor-widget-container\">\n\t\t\t\t\t\t\t\t\t<div class=\"elementor-button-wrapper\">\n\t\t\t\t\t<a class=\"elementor-button elementor-size-xs\" role=\"button\">\n\t\t\t\t\t\t<span class=\"elementor-button-content-wrapper\">\n\t\t\t\t\t\t\t\t\t<span class=\"elementor-button-text\">9\u00d7SBR<\/span>\n\t\t\t\t\t<\/span>\n\t\t\t\t\t<\/a>\n\t\t\t\t<\/div>\n\t\t\t\t\t\t\t\t<\/div>\n\t\t\t\t<\/div>\n\t\t\t\t<div class=\"elementor-element elementor-element-2606681 elementor-align-center elementor-widget__width-auto elementor-widget elementor-widget-button\" data-id=\"2606681\" data-element_type=\"widget\" data-e-type=\"widget\" data-widget_type=\"button.default\">\n\t\t\t\t<div class=\"elementor-widget-container\">\n\t\t\t\t\t\t\t\t\t<div class=\"elementor-button-wrapper\">\n\t\t\t\t\t<a class=\"elementor-button elementor-button-link elementor-size-xs\" href=\"https:\/\/maxvrlist.com\/it\/mk8\/12sbr\/\">\n\t\t\t\t\t\t<span class=\"elementor-button-content-wrapper\">\n\t\t\t\t\t\t\t\t\t<span class=\"elementor-button-text\">12\u00d7SBR<\/span>\n\t\t\t\t\t<\/span>\n\t\t\t\t\t<\/a>\n\t\t\t\t<\/div>\n\t\t\t\t\t\t\t\t<\/div>\n\t\t\t\t<\/div>\n\t\t\t\t<div class=\"elementor-element elementor-element-6eb9572 elementor-align-center elementor-widget__width-auto elementor-widget elementor-widget-button\" data-id=\"6eb9572\" data-element_type=\"widget\" data-e-type=\"widget\" data-widget_type=\"button.default\">\n\t\t\t\t<div class=\"elementor-widget-container\">\n\t\t\t\t\t\t\t\t\t<div class=\"elementor-button-wrapper\">\n\t\t\t\t\t<a class=\"elementor-button elementor-button-link elementor-size-xs\" href=\"https:\/\/maxvrlist.com\/it\/mk8\/8scr\/\">\n\t\t\t\t\t\t<span class=\"elementor-button-content-wrapper\">\n\t\t\t\t\t\t\t\t\t<span class=\"elementor-button-text\">8\u00d7SCR<\/span>\n\t\t\t\t\t<\/span>\n\t\t\t\t\t<\/a>\n\t\t\t\t<\/div>\n\t\t\t\t\t\t\t\t<\/div>\n\t\t\t\t<\/div>\n\t\t\t\t<div class=\"elementor-element elementor-element-0cd2663 elementor-align-center elementor-widget__width-auto elementor-widget elementor-widget-button\" data-id=\"0cd2663\" data-element_type=\"widget\" data-e-type=\"widget\" data-widget_type=\"button.default\">\n\t\t\t\t<div class=\"elementor-widget-container\">\n\t\t\t\t\t\t\t\t\t<div class=\"elementor-button-wrapper\">\n\t\t\t\t\t<a class=\"elementor-button elementor-button-link elementor-size-xs\" href=\"https:\/\/maxvrlist.com\/it\/mk8\/12scr\/\">\n\t\t\t\t\t\t<span class=\"elementor-button-content-wrapper\">\n\t\t\t\t\t\t\t\t\t<span class=\"elementor-button-text\">12\u00d7SCR<\/span>\n\t\t\t\t\t<\/span>\n\t\t\t\t\t<\/a>\n\t\t\t\t<\/div>\n\t\t\t\t\t\t\t\t<\/div>\n\t\t\t\t<\/div>\n\t\t\t\t\t<\/div>\n\t\t<\/div>\n\t\t\t\t\t<\/div>\n\t\t<\/section>\n\t\t\t\t<section class=\"elementor-section elementor-top-section elementor-element elementor-element-6176052d elementor-section-full_width elementor-section-content-middle elementor-section-height-default elementor-section-height-default\" data-id=\"6176052d\" data-element_type=\"section\" data-e-type=\"section\" data-settings=\"{&quot;background_background&quot;:&quot;classic&quot;}\">\n\t\t\t\t\t\t<div class=\"elementor-container elementor-column-gap-default\">\n\t\t\t\t\t<div class=\"elementor-column elementor-col-100 elementor-top-column elementor-element elementor-element-a6eec67\" data-id=\"a6eec67\" data-element_type=\"column\" data-e-type=\"column\">\n\t\t\t<div class=\"elementor-widget-wrap elementor-element-populated\">\n\t\t\t\t\t\t<div class=\"elementor-element elementor-element-39345218 elementor-widget elementor-widget-heading\" data-id=\"39345218\" data-element_type=\"widget\" data-e-type=\"widget\" data-widget_type=\"heading.default\">\n\t\t\t\t<div class=\"elementor-widget-container\">\n\t\t\t\t\t<h2 class=\"elementor-heading-title elementor-size-default\">Lista dei 9\u00d7SBR di Mario Kart 8<\/h2>\t\t\t\t<\/div>\n\t\t\t\t<\/div>\n\t\t\t\t<div class=\"elementor-element elementor-element-32b4ae6c elementor-widget elementor-widget-text-editor\" data-id=\"32b4ae6c\" data-element_type=\"widget\" data-e-type=\"widget\" data-widget_type=\"text-editor.default\">\n\t\t\t\t<div class=\"elementor-widget-container\">\n\t\t\t\t\t\t\t\t\t9\u00d7SBR = Nonupli BR Simultanei =\u00a0Nove max BR raggiunti simultaneamente<br>\nGrassetto = Primo giocatore nazionale<br>\nSottolineato = Primo giocatore continentale<br>\n<br>\n<em>Questa lista \u00e8 stata interrotta il 9 aprile 2024, quando i server di Mario Kart 8 sono stati chiusi.<\/em>\t\t\t\t\t\t\t\t<\/div>\n\t\t\t\t<\/div>\n\t\t\t\t\t<\/div>\n\t\t<\/div>\n\t\t\t\t\t<\/div>\n\t\t<\/section>\n\t\t\t\t<section class=\"elementor-section elementor-top-section elementor-element elementor-element-7de648a0 elementor-section-full_width elementor-section-content-middle elementor-section-height-default elementor-section-height-default\" data-id=\"7de648a0\" data-element_type=\"section\" data-e-type=\"section\" data-settings=\"{&quot;background_background&quot;:&quot;classic&quot;}\">\n\t\t\t\t\t\t<div class=\"elementor-container elementor-column-gap-default\">\n\t\t\t\t\t<div class=\"elementor-column elementor-col-100 elementor-top-column elementor-element elementor-element-63d3f3a1\" data-id=\"63d3f3a1\" data-element_type=\"column\" data-e-type=\"column\">\n\t\t\t<div class=\"elementor-widget-wrap elementor-element-populated\">\n\t\t\t\t\t\t<div class=\"elementor-element elementor-element-6765ee08 elementor-widget elementor-widget-text-editor\" data-id=\"6765ee08\" data-element_type=\"widget\" data-e-type=\"widget\" data-widget_type=\"text-editor.default\">\n\t\t\t\t<div class=\"elementor-widget-container\">\n\t\t\t\t\t\t\t\t\t<p><div id=\"tablepress-mk8-9sbr-scroll-wrapper\" class=\"tablepress-scroll-wrapper\">\n\n<table id=\"tablepress-mk8-9sbr\" class=\"tablepress tablepress-id-mk8-9sbr tablepress-responsive\">\n<thead>\n<tr class=\"row-1\">\n\t<th class=\"column-1\">Posizione<\/th><th class=\"column-2\">Data<\/th><th class=\"column-3\">Giocatori<\/th><th class=\"column-4\">Accounts<\/th><th class=\"column-5\">Nazioni<\/th><th class=\"column-6\">NNIDs<\/th><th class=\"column-7\">Prove<\/th>\n<\/tr>\n<\/thead>\n<tbody>\n<tr class=\"row-2\">\n\t<td rowspan=\"9\" class=\"column-1\">1.<\/td><td rowspan=\"9\" class=\"column-2\">26\/03\/2024<\/td><td class=\"column-3\"><b><u>Hern\u00e1n<\/u><\/b><\/td><td class=\"column-4\">BR5<\/td><td class=\"column-5\"><img decoding=\"async\" src=\"https:\/\/maxvrlist.com\/images\/flags\/es.png\" alt=\"\" width=\"30\" height=\"20\" \/><\/td><td class=\"column-6\">hernan_mk5<\/td><td class=\"column-7\"><a href=\"https:\/\/maxvrlist.com\/images\/mk8\/br5\/2_Hernan.png\"><img decoding=\"async\" src=\"https:\/\/maxvrlist.com\/images\/icons\/image.png\" alt=\"\" width=\"20\" height=\"20\" \/><\/a><\/td>\n<\/tr>\n<tr class=\"row-3\">\n\t<td class=\"column-3\"><b><u>Hern\u00e1n<\/u><\/b><\/td><td class=\"column-4\">BR6<\/td><td class=\"column-5\"><img decoding=\"async\" src=\"https:\/\/maxvrlist.com\/images\/flags\/es.png\" alt=\"\" width=\"30\" height=\"20\" \/><\/td><td class=\"column-6\">hernan_mk6<\/td><td class=\"column-7\"><a href=\"https:\/\/maxvrlist.com\/images\/mk8\/br6\/2_Hernan.png\"><img decoding=\"async\" src=\"https:\/\/maxvrlist.com\/images\/icons\/image.png\" alt=\"\" width=\"20\" height=\"20\" \/><\/a><\/td>\n<\/tr>\n<tr class=\"row-4\">\n\t<td class=\"column-3\"><b><u>Vision<\/u><\/b><\/td><td class=\"column-4\">BR2<\/td><td class=\"column-5\"><img decoding=\"async\" src=\"https:\/\/maxvrlist.com\/images\/flags\/de.png\" alt=\"\" width=\"30\" height=\"20\" \/><\/td><td class=\"column-6\">VISlON<\/td><td class=\"column-7\"><a href=\"https:\/\/maxvrlist.com\/images\/mk8\/br2\/8_Vision.png\"><img decoding=\"async\" src=\"https:\/\/maxvrlist.com\/images\/icons\/image.png\" alt=\"\" width=\"20\" height=\"20\" \/><\/a><\/td>\n<\/tr>\n<tr class=\"row-5\">\n\t<td class=\"column-3\"><b><u>\u3058\u3089\u3074\u3053<\/u><\/b><\/td><td class=\"column-4\">BR5<\/td><td class=\"column-5\"><img loading=\"lazy\" decoding=\"async\" src=\"https:\/\/maxvrlist.com\/images\/flags\/jp.png\" alt=\"\" width=\"30\" height=\"20\" \/><\/td><td class=\"column-6\">JirapikoAMR5<\/td><td class=\"column-7\"><a href=\"https:\/\/maxvrlist.com\/images\/mk8\/br5\/2_\u3058\u3089\u3074\u3053.jpg\"><img decoding=\"async\" src=\"https:\/\/maxvrlist.com\/images\/icons\/image.png\" alt=\"\" width=\"20\" height=\"20\" \/><\/a><\/td>\n<\/tr>\n<tr class=\"row-6\">\n\t<td class=\"column-3\"><b><u>\u3058\u3089\u3074\u3053<\/u><\/b><\/td><td class=\"column-4\">BR6<\/td><td class=\"column-5\"><img loading=\"lazy\" decoding=\"async\" src=\"https:\/\/maxvrlist.com\/images\/flags\/jp.png\" alt=\"\" width=\"30\" height=\"20\" \/><\/td><td class=\"column-6\">JirapikoAMR6<\/td><td class=\"column-7\"><a href=\"https:\/\/maxvrlist.com\/images\/mk8\/br6\/2_\u3058\u3089\u3074\u3053.jpg\"><img decoding=\"async\" src=\"https:\/\/maxvrlist.com\/images\/icons\/image.png\" alt=\"\" width=\"20\" height=\"20\" \/><\/a><\/td>\n<\/tr>\n<tr class=\"row-7\">\n\t<td class=\"column-3\"><b><u>\u3058\u3089\u3074\u3053<\/u><\/b><\/td><td class=\"column-4\">BR7<\/td><td class=\"column-5\"><img loading=\"lazy\" decoding=\"async\" src=\"https:\/\/maxvrlist.com\/images\/flags\/jp.png\" alt=\"\" width=\"30\" height=\"20\" \/><\/td><td class=\"column-6\">Jirapiko7thac<\/td><td class=\"column-7\"><a href=\"https:\/\/maxvrlist.com\/images\/mk8\/br7\/2_\u3058\u3089\u3074\u3053.jpg\"><img decoding=\"async\" src=\"https:\/\/maxvrlist.com\/images\/icons\/image.png\" alt=\"\" width=\"20\" height=\"20\" \/><\/a><\/td>\n<\/tr>\n<tr class=\"row-8\">\n\t<td class=\"column-3\"><b><u>\u3058\u3089\u3074\u3053<\/u><\/b><\/td><td class=\"column-4\">BR8<\/td><td class=\"column-5\"><img loading=\"lazy\" decoding=\"async\" src=\"https:\/\/maxvrlist.com\/images\/flags\/jp.png\" alt=\"\" width=\"30\" height=\"20\" \/><\/td><td class=\"column-6\">Jirapiko8thac<\/td><td class=\"column-7\"><a href=\"https:\/\/maxvrlist.com\/images\/mk8\/br8\/1_\u3058\u3089\u3074\u3053.jpg\"><img decoding=\"async\" src=\"https:\/\/maxvrlist.com\/images\/icons\/image.png\" alt=\"\" width=\"20\" height=\"20\" \/><\/a><\/td>\n<\/tr>\n<tr class=\"row-9\">\n\t<td class=\"column-3\"><b><u>\u3058\u3089\u3074\u3053<\/u><\/b><\/td><td class=\"column-4\">BR9<\/td><td class=\"column-5\"><img loading=\"lazy\" decoding=\"async\" src=\"https:\/\/maxvrlist.com\/images\/flags\/jp.png\" alt=\"\" width=\"30\" height=\"20\" \/><\/td><td class=\"column-6\">Jirapiko9thacc<\/td><td class=\"column-7\"><a href=\"https:\/\/maxvrlist.com\/images\/mk8\/br9\/1_\u3058\u3089\u3074\u3053.jpg\"><img decoding=\"async\" src=\"https:\/\/maxvrlist.com\/images\/icons\/image.png\" alt=\"\" width=\"20\" height=\"20\" \/><\/a><\/td>\n<\/tr>\n<tr class=\"row-10\">\n\t<td class=\"column-3\"><b><u>\u3058\u3089\u3074\u3053<\/u><\/b><\/td><td class=\"column-4\">BR10<\/td><td class=\"column-5\"><img loading=\"lazy\" decoding=\"async\" src=\"https:\/\/maxvrlist.com\/images\/flags\/jp.png\" alt=\"\" width=\"30\" height=\"20\" \/><\/td><td class=\"column-6\">Jirapiko10thacc<\/td><td class=\"column-7\"><a href=\"https:\/\/maxvrlist.com\/images\/mk8\/br10\/1_\u3058\u3089\u3074\u3053.jpg\"><img decoding=\"async\" src=\"https:\/\/maxvrlist.com\/images\/icons\/image.png\" alt=\"\" width=\"20\" height=\"20\" \/><\/a><\/td>\n<\/tr>\n<\/tbody>\n<\/table>\n\n<\/div><!-- #tablepress-mk8-9sbr from cache --><\/p>\t\t\t\t\t\t\t\t<\/div>\n\t\t\t\t<\/div>\n\t\t\t\t\t<\/div>\n\t\t<\/div>\n\t\t\t\t\t<\/div>\n\t\t<\/section>\n\t\t\t\t<\/div>","protected":false},"excerpt":{"rendered":"<p>SVR 6\u00d7SVR SBR 9\u00d7SBR 12\u00d7SBR 8\u00d7SCR 12\u00d7SCR Mario Kart 8 9\u00d7SBR list 9\u00d7SBR = Ninefold Simultaneous BR = Nine max BR reached simultaneously Bold = A country&#8217;s first player Underline = A continent&#8217;s first player This list is discontinued since April 9, 2024, when Mario Kart 8 servers were closed.<\/p>","protected":false},"author":1,"featured_media":0,"parent":1533,"menu_order":0,"comment_status":"closed","ping_status":"closed","template":"elementor_header_footer","meta":{"_monsterinsights_skip_tracking":false,"_monsterinsights_sitenote_active":false,"_monsterinsights_sitenote_note":"","_monsterinsights_sitenote_category":0,"site-sidebar-layout":"no-sidebar","site-content-layout":"page-builder","ast-global-header-display":"","ast-main-header-display":"","ast-hfb-above-header-display":"","ast-hfb-below-header-display":"","ast-hfb-mobile-header-display":"","site-post-title":"disabled","ast-breadcrumbs-content":"","ast-featured-img":"disabled","footer-sml-layout":"","theme-transparent-header-meta":"default","adv-header-id-meta":"","stick-header-meta":"","header-above-stick-meta":"","header-main-stick-meta":"","header-below-stick-meta":"","footnotes":""},"class_list":["post-22721","page","type-page","status-publish","hentry"],"_links":{"self":[{"href":"https:\/\/maxvrlist.com\/it\/wp-json\/wp\/v2\/pages\/22721","targetHints":{"allow":["GET"]}}],"collection":[{"href":"https:\/\/maxvrlist.com\/it\/wp-json\/wp\/v2\/pages"}],"about":[{"href":"https:\/\/maxvrlist.com\/it\/wp-json\/wp\/v2\/types\/page"}],"author":[{"embeddable":true,"href":"https:\/\/maxvrlist.com\/it\/wp-json\/wp\/v2\/users\/1"}],"replies":[{"embeddable":true,"href":"https:\/\/maxvrlist.com\/it\/wp-json\/wp\/v2\/comments?post=22721"}],"version-history":[{"count":4,"href":"https:\/\/maxvrlist.com\/it\/wp-json\/wp\/v2\/pages\/22721\/revisions"}],"predecessor-version":[{"id":22744,"href":"https:\/\/maxvrlist.com\/it\/wp-json\/wp\/v2\/pages\/22721\/revisions\/22744"}],"up":[{"embeddable":true,"href":"https:\/\/maxvrlist.com\/it\/wp-json\/wp\/v2\/pages\/1533"}],"wp:attachment":[{"href":"https:\/\/maxvrlist.com\/it\/wp-json\/wp\/v2\/media?parent=22721"}],"curies":[{"name":"wp","href":"https:\/\/api.w.org\/{rel}","templated":true}]}}