{"id":859,"date":"2020-08-21T01:10:27","date_gmt":"2020-08-21T01:10:27","guid":{"rendered":"https:\/\/maxvrlist.com\/?page_id=859"},"modified":"2026-04-11T19:50:53","modified_gmt":"2026-04-11T19:50:53","slug":"about","status":"publish","type":"page","link":"https:\/\/maxvrlist.com\/it\/about","title":{"rendered":"Riguardo il Sito"},"content":{"rendered":"<div data-elementor-type=\"wp-page\" data-elementor-id=\"859\" class=\"elementor elementor-859\">\n\t\t\t\t\t\t<section class=\"elementor-section elementor-top-section elementor-element elementor-element-2b19635c elementor-section-full_width elementor-section-height-default elementor-section-height-default\" data-id=\"2b19635c\" data-element_type=\"section\" data-e-type=\"section\" data-settings=\"{&quot;background_background&quot;:&quot;classic&quot;}\">\n\t\t\t\t\t\t<div class=\"elementor-container elementor-column-gap-default\">\n\t\t\t\t\t<div class=\"elementor-column elementor-col-100 elementor-top-column elementor-element elementor-element-5947700b\" data-id=\"5947700b\" data-element_type=\"column\" data-e-type=\"column\">\n\t\t\t<div class=\"elementor-widget-wrap elementor-element-populated\">\n\t\t\t\t\t\t<div class=\"elementor-element elementor-element-a0f954d elementor-widget elementor-widget-heading\" data-id=\"a0f954d\" data-element_type=\"widget\" data-e-type=\"widget\" data-widget_type=\"heading.default\">\n\t\t\t\t<div class=\"elementor-widget-container\">\n\t\t\t\t\t<h2 class=\"elementor-heading-title elementor-size-default\"><u>Glossario<\/u><\/h2>\t\t\t\t<\/div>\n\t\t\t\t<\/div>\n\t\t\t\t<div class=\"elementor-element elementor-element-21853b7 elementor-widget elementor-widget-text-editor\" data-id=\"21853b7\" data-element_type=\"widget\" data-e-type=\"widget\" data-widget_type=\"text-editor.default\">\n\t\t\t\t<div class=\"elementor-widget-container\">\n\t\t\t\t\t\t\t\t\t<p>Qui c'\u00e8 una lista che spiega gli slang e la terminologia che pu\u00f2 essere trovata su questo sito:<\/p>\n<ul>\n<li><strong>MKDS:<\/strong> Mario Kart DS.<\/li>\n<li><strong>MK7:<\/strong> Mario Kart 7.<\/li>\n<li><strong>MK8:<\/strong> Mario Kart 8.<\/li>\n<li><strong>MK8DX:<\/strong> Mario Kart 8 Deluxe.<\/li>\n<li><strong>VR: <\/strong>\"Versus Rating\"<span class=\"nounderlines\">,\u2008<\/span>punti che possono essere guadagnati giocando delle gare online (i VR possono anche essere ottenuti con le battaglie su MK7).<\/li>\n<li><strong>BR:<\/strong> \"Battle Rating\"<span class=\"nounderlines\">,\u2008<\/span>punti che possono essere guadagnati giocando delle battaglie online.<\/li>\n<li><strong>Max VR:<\/strong> La quantit\u00e0 pi\u00f9 alta di VR possibile ottenibile. Questo valore \u00e8 impostato a\u00a0<strong>99999<\/strong>\u00a0su MK7, MK8 e MK8DX.<\/li>\n<li><strong>Max BR:<\/strong> La quantit\u00e0 pi\u00f9 alta di BR possibile ottenibile. Questo valore \u00e8 impostato a\u00a0<strong>99999<\/strong> su MK8 e MK8DX.<\/li>\n<li><strong>Max CR:<\/strong> Max \"Combined Rating\"<span class=\"nounderlines\">,\u2008<\/span>avere max VR e max BR nello stesso gioco. Era detto WVR prima del 29 dicembre 2019.<\/li>\n<li><strong>AMR:<\/strong> \"All Max Ratings\"<span class=\"nounderlines\">,\u2008<\/span>avere attualmente max VR su MK7, max VR su MK8, max BR su MK8, max VR su MK8DX e max BR su MK8DX.<\/li>\n<li><strong>VR2, VR3, VR4, ecc.:<\/strong> Max VR raggiunti due o pi\u00f9 volte su profili diversi dallo stesso giocatore.<\/li>\n<li><strong>BR2,\u00a0BR3, BR4, ecc.:<\/strong> Max BR raggiunti due o pi\u00f9 volte su profili diversi dallo stesso giocatore.<\/li>\n<li><strong>CR2,\u00a0CR3, CR4, ecc.:<\/strong> Max CR raggiunti due o pi\u00f9 volte su profili diversi dallo stesso giocatore.<\/li>\n<li><strong>AMR2, AMR3, AMR4, ecc.:<\/strong> AMR raggiunti due o pi\u00f9 volte su profili diversi dallo stesso giocatore.<\/li>\n<li><strong>SVR:<\/strong> VR Simultanei<span class=\"nounderlines\">,\u2008<\/span>raggiungere due max VR nella stessa identica gara o battaglia.<\/li>\n<li><strong>SBR:<\/strong> BR Simultanei<span class=\"nounderlines\">,\u2008<\/span>raggiungere due max BR nella stessa identica battaglia.<\/li>\n<li><strong>SCR:<\/strong> CR Simultanei<span class=\"nounderlines\">,\u2008<\/span>raggiungere due max CR nella stessa identica gara o battaglia.<\/li>\n<li><strong>SAMR:<\/strong> AMR Simultanei<span class=\"nounderlines\">,\u2008<\/span>raggiungere due AMR nella stessa identica gara o battaglia.<\/li>\n<li><strong>3\u00d7SVR, 4\u00d7SVR, 5\u00d7SVR, ecc.:<\/strong> Tripli, Quadrupli, Quintupli... SVR<span class=\"nounderlines\">,\u2008<\/span>tre o pi\u00f9 max VR nella stessa identica gara o battaglia. L'SVR pi\u00f9 alto \u00e8 <strong>7\u00d7SVR<\/strong> su MK7 e <strong>6\u00d7SVR<\/strong> su MK8 e MK8DX. Era detto TSVR, QSVR, e n-tupli SVR per 5\u2264n\u22647 prima del 29 dicembre 2023.<\/li>\n<li><strong>3\u00d7SBR, 4\u00d7SBR, 5\u00d7SBR, ecc.:<\/strong> Tripli, Quadrupli, Quintupli... SBR<span class=\"nounderlines\">,\u2008<\/span>tre o pi\u00f9 max BR nella stessa identica battaglia. L'SBR pi\u00f9 alto \u00e8 <strong>12\u00d7SBR<\/strong> su MK8 e MK8DX. Era detto TSBR, QSBR, e n-tupli SBR per 5\u2264n\u226412 prima del 29 dicembre 2023.<\/li>\n<li><strong>3\u00d7SCR, 4\u00d7SCR, 5\u00d7SCR, ecc.:<\/strong> Tripli, Quadrupli, Quintupli... SCR<span class=\"nounderlines\">,\u2008<\/span>tre o pi\u00f9 max CR nella stessa identica gara o battaglia. L'SCR pi\u00f9 alto \u00e8 <strong>12\u00d7SCR<\/strong> su MK8 e MK8DX. Era detto TSCR, QSCR, e n-tupli SCR per 5\u2264n\u226412 prima del 29 dicembre 2023.<\/li>\n<li><strong>3\u00d7SAMR, 4\u00d7SAMR, 5\u00d7SAMR, ecc.:<\/strong> Tripli, Quadrupli, Quintupli... SAMR<span class=\"nounderlines\">,\u2008<\/span>tre o pi\u00f9 AMR nella stessa identica gara o battaglia. L'SAMR pi\u00f9 alto \u00e8 <strong>12\u00d7SAMR.<\/strong><\/li>\n<\/ul>\t\t\t\t\t\t\t\t<\/div>\n\t\t\t\t<\/div>\n\t\t\t\t<div class=\"elementor-element elementor-element-f137a8e elementor-widget elementor-widget-heading\" data-id=\"f137a8e\" data-element_type=\"widget\" data-e-type=\"widget\" data-widget_type=\"heading.default\">\n\t\t\t\t<div class=\"elementor-widget-container\">\n\t\t\t\t\t<h2 class=\"elementor-heading-title elementor-size-default\"><u>Storia del Sito<\/u><\/h2>\t\t\t\t<\/div>\n\t\t\t\t<\/div>\n\t\t\t\t<div class=\"elementor-element elementor-element-6672f93 elementor-widget elementor-widget-text-editor\" data-id=\"6672f93\" data-element_type=\"widget\" data-e-type=\"widget\" data-widget_type=\"text-editor.default\">\n\t\t\t\t<div class=\"elementor-widget-container\">\n\t\t\t\t\t\t\t\t\t<p><strong>11 Aprile 2026:<\/strong> Aggiunte le statistiche per la lista dei max VR14 di Mario Kart 8 Deluxe.<strong><br \/>25 Dicembre 2024:<\/strong> Aggiunte le statistiche per la lista dei max 8 valori di Mario Kart 7, e max VR13 di Mario Kart 8 Deluxe.<strong><br \/>13 Ottobre 2024:<\/strong> Aggiunte le statistiche per la lista dei max BR4 di Mario Kart 8 Deluxe.<strong><br \/>29 Luglio 2024:<\/strong> Aggiunte le statistiche per la lista dei max VR12 di Mario Kart 8 Deluxe.<strong><br \/>14 Aprile 2024:<\/strong> Added stats for All Max Ratings.<strong><br \/><\/strong><strong>13 Aprile 2024:<\/strong> Replaced Belgian Mario Kart 7 max VR list with Finnish Mario Kart 7 max VR list. Added stats for Mario Kart 7 max VR7 and max VR8.<strong><br \/><\/strong><strong>9 Aprile 2024:<\/strong> Aggiunte le statistiche per la lista dei max VR11 di Mario Kart 8 Deluxe.<strong><br \/><\/strong><strong>30 Gennaio 2024:<\/strong> Aggiunte le statistiche per la lista dei max VR4 di Mario Kart 8.<strong><br \/><\/strong><strong>30 Dicembre 2023:<\/strong> Renamed TS?R to 3\u00d7S?R, QS?R to 4\u00d7S?R and n-way S?R to n\u00d7S?R for 5\u2264n\u226412.<strong><br \/><\/strong><strong>29 Dicembre 2023:<\/strong> Added accounts to all simultaneous lists.<strong><br \/>26 Dicembre 2023:<\/strong> Aggiunte le statistiche per la lista dei max VR6 di Mario Kart 7, e max VR10 di Mario Kart 8 Deluxe.<strong><br \/>25 Dicembre 2023:<\/strong> Added Mario Kart 8 VR speedrun ranking (in terms of playtime).<strong><br \/>24 Dicembre 2023:<\/strong> Added exact times to Mario Kart 8 Deluxe VR speedrun ranking (in terms of playtime).<strong><br \/>29 Ottobre 2023:<\/strong> Aggiunte le statistiche per la lista dei max VR9 di Mario Kart 8 Deluxe.<strong><br \/>12 Agosto 2023:<\/strong> Aggiunte le statistiche per la lista dei max VR8 di Mario Kart 8 Deluxe.<strong><br \/>April 1, 2023:<\/strong> Added Tencent Mario Kart 8 Deluxe max VR list.<br \/><strong>13 Ottobre 2022:<\/strong> Aggiunte le statistiche per la lista dei max VR7 di Mario Kart 8 Deluxe.<strong><br \/><\/strong><strong>24 Settembre 2022:<\/strong> Aggiunte le statistiche per la lista dei max CR3 di Mario Kart 8 Deluxe.<br \/><strong>12 Febbraio 2022:<\/strong> Aggiunte le statistiche per la lista dei max VR6 di Mario Kart 8 Deluxe.<br \/><strong>6 Gennaio 2022:<\/strong> Aggiunte le statistiche per la lista dei max VR3 di Mario Kart 8.<br \/><strong>21 Novembre 2021:<\/strong> Aggiunte le statistiche per la lista dei max BR3 di Mario Kart 8 Deluxe.<br \/><strong>24 Luglio 2021:<\/strong> Aggiunte le statistiche per la lista dei max CR2 di Mario Kart 8 Deluxe.<br \/><strong>14 Maggio 2021:<\/strong> Aggiunta la traduzione francese.<br \/><strong>5 Maggio 2021:<\/strong> Aggiunta la traduzione tedesca.<br \/><strong>1 Maggio 2021:<\/strong> Aggiunta la traduzione spagnola.<br \/><strong>18 Aprile 2021:<\/strong> Aggiunta la classifica delle valutazioni.<br \/><strong>1 Marzo 2021:<\/strong> Aggiunte le prove sulla lista dei max VR di Mario Kart 7. Cambiate alcune date in GMT. Aggiunta la lista brasiliana dei max VR di Mario Kart 7.<br \/><strong>15 Gennaio 2021:<\/strong>\u00a0Aggiunte le statistiche per la lista dei max VR5 di Mario Kart 8 Deluxe.<br \/><strong>7 Gennaio 2021:<\/strong>\u00a0Aggiunte le statistiche per la lista dei max VR5 di Mario Kart 7. <strong><br \/>4 Gennaio 2021:<\/strong> Aggiunte le prove sulla lista dei max VR di Mario Kart 8. Corretti vari NNIDs. Cambiate alcune date in GMT.<br \/><strong>19 Dicembre 2020:<\/strong> Aggiunte le liste nazionali per i max VR di Mario Kart 7.<br \/><strong>24 Ottobre 2020:<\/strong> Aggiunte le prove sulla lista dei max CR di Mario Kart 8. Cambiata la lista degli SCR di Mario Kart 8 Deluxe da avere una sola immagine come prova ad averle entrambe.<br \/><strong>23 Ottobre 2020:<\/strong> Aggiunte le prove sulla lista dei max 4 valori di Mario Kart 7.<br \/><strong>21 Ottobre 2020:<\/strong> Aggiunte le prove sulle liste dei max 8 valori e dei max 5 valori di Mario Kart 7, di tutti i massimi e tutti i massimi del 2014.<br \/><strong>19 Ottobre 2020:<\/strong> I nomi giapponesi ora usano i loro caratteri originali.<br \/><strong>18 Ottobre 2020:<\/strong> Aggiunta la classifica di speedrun per Mario Kart 8. Estesa la classifica di speedrun di Mario Kart 8 Deluxe (in tempo di gioco) da \u2264720 ore a \u2264750 ore.<br \/><strong>10 Ottobre 2020:<\/strong>\u00a0Aggiunte le statistiche per i max VR4 e 4 valori di Mario Kart 7, max CR di Mario Kart 8, max VR3, max VR4, max BR2 e max CR di Mario Kart 8 Deluxe, e max vittorie su Mario Kart DS.<br \/><strong>30 Settembre 2020:<\/strong> Rilascio del nuovo sito.<\/p>\n<p><!-- \/wp:paragraph --><\/p>\t\t\t\t\t\t\t\t<\/div>\n\t\t\t\t<\/div>\n\t\t\t\t<div class=\"elementor-element elementor-element-7500fe3 elementor-widget elementor-widget-heading\" data-id=\"7500fe3\" data-element_type=\"widget\" data-e-type=\"widget\" data-widget_type=\"heading.default\">\n\t\t\t\t<div class=\"elementor-widget-container\">\n\t\t\t\t\t<h2 class=\"elementor-heading-title elementor-size-default\"><u>Preistoria del Sito<\/u><\/h2>\t\t\t\t<\/div>\n\t\t\t\t<\/div>\n\t\t\t\t<div class=\"elementor-element elementor-element-482861ed elementor-widget elementor-widget-text-editor\" data-id=\"482861ed\" data-element_type=\"widget\" data-e-type=\"widget\" data-widget_type=\"text-editor.default\">\n\t\t\t\t<div class=\"elementor-widget-container\">\n\t\t\t\t\t\t\t\t\t<!-- wp:paragraph -->\n<p><strong>7 Agosto 2020:<\/strong> Aggiunta la storia del sito.<br \/><strong>6 Agosto 2020:<\/strong> Aggiunta la lista delle vittorie max di Mario Kart DS. Aggiunto la classificazione di massimi basata sulla difficolt\u00e0. Aggiunti i ranghi alla quantit\u00e0 totale dei ranghi max.<br \/><strong>23 Marzo 2020:<\/strong> Esteso il rango del VR speedrun di Mario Kart 7 tra i 30 3 i 60 giorni.<br \/><strong>31 Dicembre 2019:<\/strong> Aggiunta la lista All Max Ratings.<br \/><strong>30 Dicembre 2019:<\/strong>\u00a0Scelto max CR come nuovo nuovo per max VR + max BR. Prima era conosciuto come WVR.<br \/><strong>3 Agosto 2019:<\/strong>\u00a0Aggiunta la lista CR2+ di Mario Kart 8 Deluxe.<br \/><strong>24 Luglio 2019:<\/strong>\u00a0Aggiunte le prove per la lista dei max BR di Mario Kart 8 Deluxe.<br \/><strong>13 Luglio 2019<\/strong>\u00a0Aggiunte le prove per la lista dei max VR2 di Mario Kart 7.<br \/><strong>17 Aprile 2019:<\/strong> Aggiunti i ranghi per lo speedrun di Mario Kart 7 e Mario Kart 8 Deluxe.<br \/><strong>16 Aprile 2019:<\/strong>\u00a0Riorganizzate e divise Varie in differenti pagine. Cambio del dsiegno del pulsante.<br \/><strong>14 Aprile 2019:<\/strong>\u00a0Aggiunta la lista dei max 4 valori di Mario Kart 7.<br \/><strong>1 Aprile 2019:<\/strong>\u00a0Aggiunta la lista dell'Australia.<br \/><strong>26 Febbraio 2019:<\/strong>\u00a0Proprit\u00e0 del sito trasferita da Eranium a Hern\u00e1n.<br \/><strong>8 Agosto 2018:<\/strong>\u00a0Aggiunto un set 2:3 di bandiere e rimosse le altre.<br \/><strong>4 Agosto 2018:<\/strong>\u00a0Aggiunte le prove per la lista dei max VR3+ di Mario Kart 7.<br \/><strong>23 Maggio 2018:<\/strong>\u00a0Aggiunto Mario Kart 7 agli altri record.<br \/><strong>5 Maggio 2018:<\/strong>\u00a0Aggiunta la lista dei max BR2+ di Mario Kart 8 Deluxe.<br \/><strong>25 Marzo 2018:<\/strong>\u00a0Aggiunte le prove per la lista dei max BR2 di Mario Kart 8.<br \/><strong>21 Marzo 2018:<\/strong>\u00a0Aggiunta la pagina slang.<br \/><strong>5 Marzo 2018:<\/strong>\u00a0Aggiunta la pagina di contatto.<br \/><strong>27 Febbraio 2018:<\/strong>\u00a0Aggiunte 14 liste di Paesi per max VR di Mario Kart 7, max VR e BR di Mario Kart 8, max VR e BR per Mario Kart 8 Deluxe.<br \/><strong>21 Febbraio 2018:<\/strong>\u00a0Sottodominio modificato da\u00a0<em>mk8vrlist<\/em>\u00a0a\u00a0<em>maxvrlist<\/em>. Aggiunte le statistiche per max VR, VR2 e VR3 di Mario Kart 7. Aggiunte il totale dei max ottenuti in Varie.<br \/><strong>20 Febbraio 2018:<\/strong>\u00a0Creato l'account Twitter di Max VR List.<br \/><strong>19 Febbraio 2018<\/strong>\u00a0Aggiunte tutte le liste di Mario Kart 7.<br \/><strong>16 Febbraio 2018:<\/strong> Aggiunti altri record in Varie, inclusi alcuni speedrun record per Mario Kart 8 e Mario Kart 8 Deluxe.<br \/><strong>11 Febbraio 2018:<\/strong>\u00a0Aggiunta la lista dei simultanei di Mario Kart 8 Deluxe.<br \/><strong>4 Gennaio 2018:<\/strong>\u00a0Aggiunta la lista dei max VR3+ di Mario Kart 8 Deluxe.<br \/><strong>26 Dicembre 2017:<\/strong>\u00a0Aggiunta la lista dei max CR di Mario Kart 8 Deluxe.<br \/><strong>19 Dicembre 2017:<\/strong>\u00a0Aggiunte le statistiche per max VR2 e max BR di Mario Kart 8 Deluxe.<br \/><strong>2 Dicembre 2017:<\/strong>\u00a0Aggiunta la lista dei max BR di Mario Kart 8 Deluxe.<br \/><strong>7 Novembre 2017:<\/strong>\u00a0Aggiunte le prove di max VR2 di Mario Kart 8 e la lista dei simultanei.<br \/><strong>6 Novembre 2017:<\/strong>\u00a0Aggiunte le prove della lista VR3+ di Mario Kart 8.<br \/><strong>21 Ottobre 2017:<\/strong>\u00a0Aggiunta la lista dei max VR2 di Mario Kart 8 Deluxe.<br \/><strong>19 Ottobre 2017:<\/strong>\u00a0Aggiunte le prove nelle liste di Mario Kart 8 Deluxe.<br \/><strong>5 Ottobre 2017:<\/strong>\u00a0Aggiunti i profili Twitter nelle liste di Mario Kart 8 Deluxe.<br \/><strong>4 Ottobre 2017:<\/strong>\u00a0Aggiunte le statistiche per max VR2 e max BR di Mario Kart 8.<br \/><strong>26 Giugno 2017:<\/strong>\u00a0Aggiunta la lista dei max VR di Mario Kart 8 Deluxe e statistiche per max VR.<br \/><strong>13 Maggio 2017:<\/strong>\u00a0Creato il server Discord di Max VR List.<br \/><strong>15 Aprile 2016:<\/strong>\u00a0Rilascio del sito web iniziale. Sono state create nel mese successivo tutte le liste di Mario Kart 8, statistiche per max VR e una pagina Varie con tutte le bandiere usate.<\/p>\n<!-- \/wp:paragraph -->\t\t\t\t\t\t\t\t<\/div>\n\t\t\t\t<\/div>\n\t\t\t\t<div class=\"elementor-element elementor-element-4649483 elementor-widget elementor-widget-text-editor\" data-id=\"4649483\" data-element_type=\"widget\" data-e-type=\"widget\" data-widget_type=\"text-editor.default\">\n\t\t\t\t<div class=\"elementor-widget-container\">\n\t\t\t\t\t\t\t\t\t<p><em>Sito creato da Hern\u00e1n.<br>Traduzione italiana di Ais e Riky.<\/em><\/p>\t\t\t\t\t\t\t\t<\/div>\n\t\t\t\t<\/div>\n\t\t\t\t\t<\/div>\n\t\t<\/div>\n\t\t\t\t\t<\/div>\n\t\t<\/section>\n\t\t\t\t<\/div>","protected":false},"excerpt":{"rendered":"<p>Glossary Here&#8217;s a list that explains the slang and terminology that can be found on this site: MKDS: Mario Kart DS. MK7: Mario Kart 7. MK8: Mario Kart 8. MK8DX: Mario Kart 8 Deluxe. VR: Versus Rating\u2014points that can be earned by playing online races (VR can also be earned in battles in MK7). BR: &hellip;<\/p>\n<p class=\"read-more\"> <a class=\"\" href=\"https:\/\/maxvrlist.com\/it\/about\"> <span class=\"screen-reader-text\">Riguardo il Sito<\/span> Leggi altro &raquo;<\/a><\/p>","protected":false},"author":1,"featured_media":0,"parent":0,"menu_order":0,"comment_status":"closed","ping_status":"closed","template":"","meta":{"_monsterinsights_skip_tracking":false,"_monsterinsights_sitenote_active":false,"_monsterinsights_sitenote_note":"","_monsterinsights_sitenote_category":0,"site-sidebar-layout":"no-sidebar","site-content-layout":"page-builder","ast-global-header-display":"","ast-main-header-display":"","ast-hfb-above-header-display":"","ast-hfb-below-header-display":"","ast-hfb-mobile-header-display":"","site-post-title":"disabled","ast-breadcrumbs-content":"","ast-featured-img":"disabled","footer-sml-layout":"","theme-transparent-header-meta":"default","adv-header-id-meta":"","stick-header-meta":"","header-above-stick-meta":"","header-main-stick-meta":"","header-below-stick-meta":"","footnotes":""},"class_list":["post-859","page","type-page","status-publish","hentry"],"_links":{"self":[{"href":"https:\/\/maxvrlist.com\/it\/wp-json\/wp\/v2\/pages\/859","targetHints":{"allow":["GET"]}}],"collection":[{"href":"https:\/\/maxvrlist.com\/it\/wp-json\/wp\/v2\/pages"}],"about":[{"href":"https:\/\/maxvrlist.com\/it\/wp-json\/wp\/v2\/types\/page"}],"author":[{"embeddable":true,"href":"https:\/\/maxvrlist.com\/it\/wp-json\/wp\/v2\/users\/1"}],"replies":[{"embeddable":true,"href":"https:\/\/maxvrlist.com\/it\/wp-json\/wp\/v2\/comments?post=859"}],"version-history":[{"count":129,"href":"https:\/\/maxvrlist.com\/it\/wp-json\/wp\/v2\/pages\/859\/revisions"}],"predecessor-version":[{"id":25481,"href":"https:\/\/maxvrlist.com\/it\/wp-json\/wp\/v2\/pages\/859\/revisions\/25481"}],"wp:attachment":[{"href":"https:\/\/maxvrlist.com\/it\/wp-json\/wp\/v2\/media?parent=859"}],"curies":[{"name":"wp","href":"https:\/\/api.w.org\/{rel}","templated":true}]}}