{"id":23049,"date":"2024-04-14T16:57:54","date_gmt":"2024-04-14T16:57:54","guid":{"rendered":"https:\/\/maxvrlist.com\/?page_id=23049"},"modified":"2024-04-14T17:10:09","modified_gmt":"2024-04-14T17:10:09","slug":"12samr","status":"publish","type":"page","link":"https:\/\/maxvrlist.com\/ja\/12samr","title":{"rendered":"12\u00d7SAMR"},"content":{"rendered":"<div data-elementor-type=\"wp-page\" data-elementor-id=\"23049\" class=\"elementor elementor-23049\">\n\t\t\t\t\t\t<section class=\"elementor-section elementor-top-section elementor-element elementor-element-1fe41521 elementor-section-full_width elementor-section-height-default elementor-section-height-default\" data-id=\"1fe41521\" data-element_type=\"section\" data-e-type=\"section\" data-settings=\"{&quot;background_background&quot;:&quot;classic&quot;}\">\n\t\t\t\t\t\t<div class=\"elementor-container elementor-column-gap-default\">\n\t\t\t\t\t<div class=\"elementor-column elementor-col-100 elementor-top-column elementor-element elementor-element-e42f210\" data-id=\"e42f210\" data-element_type=\"column\" data-e-type=\"column\">\n\t\t\t<div class=\"elementor-widget-wrap elementor-element-populated\">\n\t\t\t\t\t\t<div class=\"elementor-element elementor-element-6eb9572 elementor-align-center elementor-widget__width-auto elementor-widget elementor-widget-button\" data-id=\"6eb9572\" data-element_type=\"widget\" data-e-type=\"widget\" data-widget_type=\"button.default\">\n\t\t\t\t<div class=\"elementor-widget-container\">\n\t\t\t\t\t\t\t\t\t<div class=\"elementor-button-wrapper\">\n\t\t\t\t\t<a class=\"elementor-button elementor-button-link elementor-size-xs\" href=\"https:\/\/maxvrlist.com\/ja\/8samr\/\">\n\t\t\t\t\t\t<span class=\"elementor-button-content-wrapper\">\n\t\t\t\t\t\t\t\t\t<span class=\"elementor-button-text\">8\u00d7SAMR<\/span>\n\t\t\t\t\t<\/span>\n\t\t\t\t\t<\/a>\n\t\t\t\t<\/div>\n\t\t\t\t\t\t\t\t<\/div>\n\t\t\t\t<\/div>\n\t\t\t\t<div class=\"elementor-element elementor-element-0cd2663 elementor-align-center elementor-widget__width-auto elementor-widget elementor-widget-button\" data-id=\"0cd2663\" data-element_type=\"widget\" data-e-type=\"widget\" data-widget_type=\"button.default\">\n\t\t\t\t<div class=\"elementor-widget-container\">\n\t\t\t\t\t\t\t\t\t<div class=\"elementor-button-wrapper\">\n\t\t\t\t\t<a class=\"elementor-button elementor-size-xs\" role=\"button\">\n\t\t\t\t\t\t<span class=\"elementor-button-content-wrapper\">\n\t\t\t\t\t\t\t\t\t<span class=\"elementor-button-text\">12\u00d7SAMR<\/span>\n\t\t\t\t\t<\/span>\n\t\t\t\t\t<\/a>\n\t\t\t\t<\/div>\n\t\t\t\t\t\t\t\t<\/div>\n\t\t\t\t<\/div>\n\t\t\t\t\t<\/div>\n\t\t<\/div>\n\t\t\t\t\t<\/div>\n\t\t<\/section>\n\t\t\t\t<section class=\"elementor-section elementor-top-section elementor-element elementor-element-6176052d elementor-section-full_width elementor-section-content-middle elementor-section-height-default elementor-section-height-default\" data-id=\"6176052d\" data-element_type=\"section\" data-e-type=\"section\" data-settings=\"{&quot;background_background&quot;:&quot;classic&quot;}\">\n\t\t\t\t\t\t<div class=\"elementor-container elementor-column-gap-default\">\n\t\t\t\t\t<div class=\"elementor-column elementor-col-100 elementor-top-column elementor-element elementor-element-a6eec67\" data-id=\"a6eec67\" data-element_type=\"column\" data-e-type=\"column\">\n\t\t\t<div class=\"elementor-widget-wrap elementor-element-populated\">\n\t\t\t\t\t\t<div class=\"elementor-element elementor-element-39345218 elementor-widget elementor-widget-heading\" data-id=\"39345218\" data-element_type=\"widget\" data-e-type=\"widget\" data-widget_type=\"heading.default\">\n\t\t\t\t<div class=\"elementor-widget-container\">\n\t\t\t\t\t<h2 class=\"elementor-heading-title elementor-size-default\">12\u00d7SAMR list<\/h2>\t\t\t\t<\/div>\n\t\t\t\t<\/div>\n\t\t\t\t<div class=\"elementor-element elementor-element-32b4ae6c elementor-widget elementor-widget-text-editor\" data-id=\"32b4ae6c\" data-element_type=\"widget\" data-e-type=\"widget\" data-widget_type=\"text-editor.default\">\n\t\t\t\t<div class=\"elementor-widget-container\">\n\t\t\t\t\t\t\t\t\t12\u00d7SAMR = 12\u56de\u540c\u6642\u306aAMR = \u540c\u6642\u306b\u9054\u6210\u3055\u308c\u305f12\u3064\u306e\u30ab\u30f3\u30b9\u30c8<br>\n\u592a\u5b57 = \u56fd\u304b\u3089\u306e\u6700\u521d\u306e\u4eba<br>\n\u4e0b\u7dda = \u5927\u9678\u304b\u3089\u306e\u6700\u521d\u306e\u4eba<br>\n<br>\n<em>This list is discontinued since April 9, 2024, when Mario Kart 7 and Mario Kart 8 servers were closed.<\/em>\t\t\t\t\t\t\t\t<\/div>\n\t\t\t\t<\/div>\n\t\t\t\t\t<\/div>\n\t\t<\/div>\n\t\t\t\t\t<\/div>\n\t\t<\/section>\n\t\t\t\t<section class=\"elementor-section elementor-top-section elementor-element elementor-element-7de648a0 elementor-section-full_width elementor-section-content-middle elementor-section-height-default elementor-section-height-default\" data-id=\"7de648a0\" data-element_type=\"section\" data-e-type=\"section\" data-settings=\"{&quot;background_background&quot;:&quot;classic&quot;}\">\n\t\t\t\t\t\t<div class=\"elementor-container elementor-column-gap-default\">\n\t\t\t\t\t<div class=\"elementor-column elementor-col-100 elementor-top-column elementor-element elementor-element-63d3f3a1\" data-id=\"63d3f3a1\" data-element_type=\"column\" data-e-type=\"column\">\n\t\t\t<div class=\"elementor-widget-wrap elementor-element-populated\">\n\t\t\t\t\t\t<div class=\"elementor-element elementor-element-6765ee08 elementor-widget elementor-widget-text-editor\" data-id=\"6765ee08\" data-element_type=\"widget\" data-e-type=\"widget\" data-widget_type=\"text-editor.default\">\n\t\t\t\t<div class=\"elementor-widget-container\">\n\t\t\t\t\t\t\t\t\t<p><div id=\"tablepress-12samr-scroll-wrapper\" class=\"tablepress-scroll-wrapper\">\n\n<table id=\"tablepress-12samr\" class=\"tablepress tablepress-id-12samr tablepress-responsive\">\n<thead>\n<tr class=\"row-1\">\n\t<th class=\"column-1\">\u30e9\u30f3\u30af<\/th><th class=\"column-2\">\u65e5\u6708\u5e74<\/th><th class=\"column-3\">Players<\/th><th class=\"column-4\">Accounts<\/th><th class=\"column-5\">\u56fd\u5bb6<\/th><th class=\"column-6\">\u753b\u50cf\u8a3c\u660e<\/th>\n<\/tr>\n<\/thead>\n<tbody>\n<tr class=\"row-2\">\n\t<td rowspan=\"12\" class=\"column-1\">1.<\/td><td rowspan=\"12\" class=\"column-2\">24\/03\/2024<\/td><td class=\"column-3\"><b><u>Hern\u00e1n<\/u><\/b><\/td><td class=\"column-4\">AMR3<\/td><td class=\"column-5\"><img decoding=\"async\" src=\"https:\/\/maxvrlist.com\/images\/flags\/es.png\" alt=\"\" width=\"30\" height=\"20\" \/><\/td><td class=\"column-6\"><a href=\"https:\/\/maxvrlist.com\/images\/mk8dx\/vr3\/1_Hernan.jpg\"><img decoding=\"async\" src=\"https:\/\/maxvrlist.com\/images\/icons\/image.png\" alt=\"\" width=\"20\" height=\"20\"><\/a><a href=\"https:\/\/maxvrlist.com\/images\/mk7\/vr3\/22_Hernan.png\"><img decoding=\"async\" src=\"https:\/\/maxvrlist.com\/images\/icons\/image.png\" alt=\"\" width=\"20\" height=\"20\"><\/a><a href=\"https:\/\/maxvrlist.com\/images\/mk8dx\/br3\/4_Hernan.jpg\"><img decoding=\"async\" src=\"https:\/\/maxvrlist.com\/images\/icons\/image.png\" alt=\"\" width=\"20\" height=\"20\"><\/a><a href=\"https:\/\/maxvrlist.com\/images\/mk8\/vr3\/11_Hernan.jpg\"><img decoding=\"async\" src=\"https:\/\/maxvrlist.com\/images\/icons\/image.png\" alt=\"\" width=\"20\" height=\"20\"><\/a><a href=\"https:\/\/maxvrlist.com\/images\/mk8\/br3\/2_Hernan.png\"><img decoding=\"async\" src=\"https:\/\/maxvrlist.com\/images\/icons\/image.png\" alt=\"\" width=\"20\" height=\"20\"><\/a><\/td>\n<\/tr>\n<tr class=\"row-3\">\n\t<td class=\"column-3\"><b><u>Hern\u00e1n<\/u><\/b><\/td><td class=\"column-4\">AMR4<\/td><td class=\"column-5\"><img decoding=\"async\" src=\"https:\/\/maxvrlist.com\/images\/flags\/es.png\" alt=\"\" width=\"30\" height=\"20\" \/><\/td><td class=\"column-6\"><a href=\"https:\/\/maxvrlist.com\/images\/mk8dx\/vr4\/1_Hernan.jpg\"><img decoding=\"async\" src=\"https:\/\/maxvrlist.com\/images\/icons\/image.png\" alt=\"\" width=\"20\" height=\"20\"><\/a><a href=\"https:\/\/maxvrlist.com\/images\/mk7\/vr4\/12_Hernan.png\"><img decoding=\"async\" src=\"https:\/\/maxvrlist.com\/images\/icons\/image.png\" alt=\"\" width=\"20\" height=\"20\"><\/a><a href=\"https:\/\/maxvrlist.com\/images\/mk8dx\/br4\/3_Hernan.jpg\"><img decoding=\"async\" src=\"https:\/\/maxvrlist.com\/images\/icons\/image.png\" alt=\"\" width=\"20\" height=\"20\"><\/a><a href=\"https:\/\/maxvrlist.com\/images\/mk8\/vr4\/8_Hernan.jpg\"><img decoding=\"async\" src=\"https:\/\/maxvrlist.com\/images\/icons\/image.png\" alt=\"\" width=\"20\" height=\"20\"><\/a><a href=\"https:\/\/maxvrlist.com\/images\/mk8\/br4\/2_Hernan.png\"><img decoding=\"async\" src=\"https:\/\/maxvrlist.com\/images\/icons\/image.png\" alt=\"\" width=\"20\" height=\"20\"><\/a><\/td>\n<\/tr>\n<tr class=\"row-4\">\n\t<td class=\"column-3\"><b><u>Dani \/ Dencoil<\/u><\/b><\/td><td class=\"column-4\">AMR<\/td><td class=\"column-5\"><img decoding=\"async\" src=\"https:\/\/maxvrlist.com\/images\/flags\/es.png\" alt=\"\" width=\"30\" height=\"20\"  \/><\/td><td class=\"column-6\"><a href=\"https:\/\/maxvrlist.com\/images\/mk8\/vr\/16_Dani.png\"><img loading=\"lazy\" decoding=\"async\" src=\"https:\/\/maxvrlist.com\/images\/icons\/image.png\" width=\"20\" height=\"20\" \/><\/a><a href=\"https:\/\/maxvrlist.com\/images\/mk8dx\/vr\/716_Dani.jpg\"><img loading=\"lazy\" decoding=\"async\" src=\"https:\/\/maxvrlist.com\/images\/icons\/image.png\" alt=\"\" width=\"20\" height=\"20\" \/><\/a><a href=\"https:\/\/maxvrlist.com\/images\/mk7\/vr\/551_Dani.jpeg\"><img decoding=\"async\" src=\"https:\/\/maxvrlist.com\/images\/icons\/image.png\" alt=\"\" width=\"20\" height=\"20\"><\/a><a href=\"https:\/\/maxvrlist.com\/images\/mk8dx\/br\/142_Dani.jpg\"><img loading=\"lazy\" decoding=\"async\" src=\"https:\/\/maxvrlist.com\/images\/icons\/image.png\" alt=\"\" width=\"20\" height=\"20\" \/><\/a><a href=\"https:\/\/maxvrlist.com\/images\/mk8\/br\/40_Dani.jpg\"><img decoding=\"async\" src=\"https:\/\/maxvrlist.com\/images\/icons\/image.png\" alt=\"\"width=\"20\" height=\"20\" \/><\/a><\/td>\n<\/tr>\n<tr class=\"row-5\">\n\t<td class=\"column-3\"><b><u>Quento<\/u><\/b><\/td><td class=\"column-4\">AMR<\/td><td class=\"column-5\"><img loading=\"lazy\" decoding=\"async\" src=\"https:\/\/maxvrlist.com\/images\/flags\/fr.png\" alt=\"\" width=\"30\" height=\"20\"  \/><\/td><td class=\"column-6\"><a href=\"https:\/\/maxvrlist.com\/images\/mk8\/vr\/143_Quento.jpg\"><img loading=\"lazy\" decoding=\"async\" src=\"https:\/\/maxvrlist.com\/images\/icons\/image.png\" alt=\"\" width=\"20\" height=\"20\" \/><\/a><a href=\"https:\/\/maxvrlist.com\/images\/mk8dx\/vr\/183_Quento.jpg\"><img loading=\"lazy\" decoding=\"async\" src=\"https:\/\/maxvrlist.com\/images\/icons\/image.png\" alt=\"\" width=\"20\" height=\"20\" \/><\/a><a href=\"https:\/\/maxvrlist.com\/images\/mk7\/vr\/416_Quento.jpg\"><img decoding=\"async\" src=\"https:\/\/maxvrlist.com\/images\/icons\/image.png\" alt=\"\" width=\"20\" height=\"20\"><\/a><a href=\"https:\/\/maxvrlist.com\/images\/mk8dx\/br\/132_Quento.jpg\"><img loading=\"lazy\" decoding=\"async\" src=\"https:\/\/maxvrlist.com\/images\/icons\/image.png\" alt=\"\" width=\"20\" height=\"20\" \/><\/a><a href=\"https:\/\/maxvrlist.com\/images\/mk8\/br\/40_Quento.jpg\"><img decoding=\"async\" src=\"https:\/\/maxvrlist.com\/images\/icons\/image.png\" alt=\"\"width=\"20\" height=\"20\" \/><\/a><\/td>\n<\/tr>\n<tr class=\"row-6\">\n\t<td class=\"column-3\"><b><u>4444<\/u><\/b><\/td><td class=\"column-4\">AMR7<\/td><td class=\"column-5\"><img loading=\"lazy\" decoding=\"async\" src=\"https:\/\/maxvrlist.com\/images\/flags\/fi.png\" alt=\"\" width=\"30\" height=\"20\" \/><\/td><td class=\"column-6\"><a href=\"https:\/\/maxvrlist.com\/images\/mk8dx\/vr7\/8_4444.jpg\"><img loading=\"lazy\" decoding=\"async\" src=\"https:\/\/maxvrlist.com\/images\/icons\/image.png\" alt=\"\" width=\"20\" height=\"20\" \/><\/a><a href=\"https:\/\/maxvrlist.com\/images\/mk8dx\/br7\/3_4444.jpg\"><img loading=\"lazy\" decoding=\"async\" src=\"https:\/\/maxvrlist.com\/images\/icons\/image.png\" alt=\"\" width=\"20\" height=\"20\" \/><\/a><a href=\"https:\/\/maxvrlist.com\/images\/mk7\/vr7\/8_4444.png\"><img decoding=\"async\" src=\"https:\/\/maxvrlist.com\/images\/icons\/image.png\" alt=\"\" width=\"20\" height=\"20\"><\/a><a href=\"https:\/\/maxvrlist.com\/images\/mk8\/vr7\/2_4444.png\"><img loading=\"lazy\" decoding=\"async\" src=\"https:\/\/maxvrlist.com\/images\/icons\/image.png\" alt=\"\" width=\"20\" height=\"20\" \/><\/a><a href=\"https:\/\/maxvrlist.com\/images\/mk8\/br7\/1_4444.png\"><img loading=\"lazy\" decoding=\"async\" src=\"https:\/\/maxvrlist.com\/images\/icons\/image.png\" alt=\"\" width=\"20\" height=\"20\" \/><\/a><\/td>\n<\/tr>\n<tr class=\"row-7\">\n\t<td class=\"column-3\"><b><u>En<\/u><\/b><\/td><td class=\"column-4\">AMR<\/td><td class=\"column-5\"><img loading=\"lazy\" decoding=\"async\" src=\"https:\/\/maxvrlist.com\/images\/flags\/ca.png\" alt=\"\" width=\"30\" height=\"20\"  \/><\/td><td class=\"column-6\"><a href=\"https:\/\/maxvrlist.com\/images\/mk8dx\/vr\/614_En.jpg\"><img loading=\"lazy\" decoding=\"async\" src=\"https:\/\/maxvrlist.com\/images\/icons\/image.png\" alt=\"\" width=\"20\" height=\"20\" \/><\/a><a href=\"https:\/\/maxvrlist.com\/images\/mk7\/vr\/538_En.jpeg\"><img decoding=\"async\" src=\"https:\/\/maxvrlist.com\/images\/icons\/image.png\" alt=\"\" width=\"20\" height=\"20\"><\/a><a href=\"https:\/\/maxvrlist.com\/images\/mk8\/vr\/354_En.jpg\"><img loading=\"lazy\" decoding=\"async\" src=\"https:\/\/maxvrlist.com\/images\/icons\/image.png\" alt=\"\" width=\"20\" height=\"20\" \/><\/a><a href=\"https:\/\/maxvrlist.com\/images\/mk8dx\/br\/165_En.png\"><img loading=\"lazy\" decoding=\"async\" src=\"https:\/\/maxvrlist.com\/images\/icons\/image.png\" alt=\"\" width=\"20\" height=\"20\" \/><\/a><a href=\"https:\/\/maxvrlist.com\/images\/mk8\/br\/40_En.jpg\"><img decoding=\"async\" src=\"https:\/\/maxvrlist.com\/images\/icons\/image.png\" alt=\"\"width=\"20\" height=\"20\" \/><\/a><\/td>\n<\/tr>\n<tr class=\"row-8\">\n\t<td class=\"column-3\"><b><u>Adon<\/u><\/b><\/td><td class=\"column-4\">AMR<\/td><td class=\"column-5\"><img loading=\"lazy\" decoding=\"async\" src=\"https:\/\/maxvrlist.com\/images\/flags\/us.png\" alt=\"\" width=\"30\" height=\"20\"  \/><\/td><td class=\"column-6\"><a href=\"https:\/\/maxvrlist.com\/images\/mk7\/vr\/360_Adon.jpg\"><img decoding=\"async\" src=\"https:\/\/maxvrlist.com\/images\/icons\/image.png\" alt=\"\" width=\"20\" height=\"20\"><\/a><a href=\"https:\/\/maxvrlist.com\/images\/mk8dx\/vr\/667_Adon.jpg\"><img loading=\"lazy\" decoding=\"async\" src=\"https:\/\/maxvrlist.com\/images\/icons\/image.png\" alt=\"\" width=\"20\" height=\"20\" \/><\/a><a href=\"https:\/\/maxvrlist.com\/images\/mk8dx\/br\/121_Adon.jpg\"><img loading=\"lazy\" decoding=\"async\" src=\"https:\/\/maxvrlist.com\/images\/icons\/image.png\" alt=\"\" width=\"20\" height=\"20\" \/><\/a><a href=\"https:\/\/maxvrlist.com\/images\/mk8\/vr\/349_Adon.jpg\"><img loading=\"lazy\" decoding=\"async\" src=\"https:\/\/maxvrlist.com\/images\/icons\/image.png\" alt=\"\" width=\"20\" height=\"20\" \/><\/a><a href=\"https:\/\/maxvrlist.com\/images\/mk8\/br\/40_Adon.jpg\"><img decoding=\"async\" src=\"https:\/\/maxvrlist.com\/images\/icons\/image.png\" alt=\"\"width=\"20\" height=\"20\" \/><\/a><\/td>\n<\/tr>\n<tr class=\"row-9\">\n\t<td class=\"column-3\"><b><u>\u3058\u3089\u3074\u3053<\/u><\/b><\/td><td class=\"column-4\">AMR2<\/td><td class=\"column-5\"><img loading=\"lazy\" decoding=\"async\" src=\"https:\/\/maxvrlist.com\/images\/flags\/jp.png\" alt=\"\" width=\"30\" height=\"20\" \/><\/td><td class=\"column-6\"><a href=\"https:\/\/maxvrlist.com\/images\/mk7\/vr2\/3_\u3058\u3089\u3074\u3053.jpg\"><img decoding=\"async\" src=\"https:\/\/maxvrlist.com\/images\/icons\/image.png\" alt=\"\" width=\"20\" height=\"20\"><\/a><a href=\"https:\/\/maxvrlist.com\/images\/mk8\/vr2\/5_\u3058\u3089\u3074\u3053.png \"><img loading=\"lazy\" decoding=\"async\" src=\"https:\/\/maxvrlist.com\/images\/icons\/image.png\" alt=\"\" width=\"20\" height=\"20\" \/><\/a><a href=\"https:\/\/maxvrlist.com\/images\/mk8dx\/vr2\/9_\u3058\u3089\u3074\u3053.jpg\"><img loading=\"lazy\" decoding=\"async\" src=\"https:\/\/maxvrlist.com\/images\/icons\/image.png\" alt=\"\" width=\"20\" height=\"20\" \/><\/a><a href=\"https:\/\/maxvrlist.com\/images\/mk8dx\/br2\/37_\u3058\u3089\u3074\u3053.jpg\"><img loading=\"lazy\" decoding=\"async\" src=\"https:\/\/maxvrlist.com\/images\/icons\/image.png\" alt=\"\" width=\"20\" height=\"20\" \/><\/a><a href=\"https:\/\/maxvrlist.com\/images\/mk8\/br2\/7_\u3058\u3089\u3074\u3053.jpg\"><img loading=\"lazy\" decoding=\"async\" src=\"https:\/\/maxvrlist.com\/images\/icons\/image.png\" alt=\"\" width=\"20\" height=\"20\" \/><\/a><\/td>\n<\/tr>\n<tr class=\"row-10\">\n\t<td class=\"column-3\"><b><u>\u3058\u3089\u3074\u3053<\/u><\/b><\/td><td class=\"column-4\">AMR3<\/td><td class=\"column-5\"><img loading=\"lazy\" decoding=\"async\" src=\"https:\/\/maxvrlist.com\/images\/flags\/jp.png\" alt=\"\" width=\"30\" height=\"20\" \/><\/td><td class=\"column-6\"><a href=\"https:\/\/maxvrlist.com\/images\/mk7\/vr3\/2_\u3058\u3089\u3074\u3053.jpg\"><img decoding=\"async\" src=\"https:\/\/maxvrlist.com\/images\/icons\/image.png\" alt=\"\" width=\"20\" height=\"20\"><\/a><a href=\"https:\/\/maxvrlist.com\/images\/mk8dx\/vr3\/4_\u3058\u3089\u3074\u3053.jpg\"><img loading=\"lazy\" decoding=\"async\" src=\"https:\/\/maxvrlist.com\/images\/icons\/image.png\" alt=\"\" width=\"20\" height=\"20\" \/><\/a><a href=\"https:\/\/maxvrlist.com\/images\/mk8\/vr3\/14_\u3058\u3089\u3074\u3053.jpg \"><img loading=\"lazy\" decoding=\"async\" src=\"https:\/\/maxvrlist.com\/images\/icons\/image.png\" alt=\"\" width=\"20\" height=\"20\" \/><\/a><a href=\"https:\/\/maxvrlist.com\/images\/mk8dx\/br3\/16_\u3058\u3089\u3074\u3053.jpg\"><img loading=\"lazy\" decoding=\"async\" src=\"https:\/\/maxvrlist.com\/images\/icons\/image.png\" alt=\"\" width=\"20\" height=\"20\" \/><\/a><a href=\"https:\/\/maxvrlist.com\/images\/mk8\/br3\/2_\u3058\u3089\u3074\u3053.jpg\"><img loading=\"lazy\" decoding=\"async\" src=\"https:\/\/maxvrlist.com\/images\/icons\/image.png\" alt=\"\" width=\"20\" height=\"20\" \/><\/a><\/td>\n<\/tr>\n<tr class=\"row-11\">\n\t<td class=\"column-3\"><b><u>Vision<\/u><\/b><\/td><td class=\"column-4\">AMR<\/td><td class=\"column-5\"><img loading=\"lazy\" decoding=\"async\" src=\"https:\/\/maxvrlist.com\/images\/flags\/de.png\" alt=\"\" width=\"30\" height=\"20\"  \/><\/td><td class=\"column-6\"><a href=\"https:\/\/maxvrlist.com\/images\/mk8dx\/vr\/888_Vision.jpg\"><img loading=\"lazy\" decoding=\"async\" src=\"https:\/\/maxvrlist.com\/images\/icons\/image.png\" alt=\"\" width=\"20\" height=\"20\" \/><\/a><a href=\"https:\/\/maxvrlist.com\/images\/mk8\/vr\/354_Vision.jpg\"><img loading=\"lazy\" decoding=\"async\" src=\"https:\/\/maxvrlist.com\/images\/icons\/image.png\" alt=\"\" width=\"20\" height=\"20\" \/><\/a><a href=\"https:\/\/maxvrlist.com\/images\/mk7\/vr\/590_Vision.png\"><img decoding=\"async\" src=\"https:\/\/maxvrlist.com\/images\/icons\/image.png\" alt=\"\" width=\"20\" height=\"20\"><\/a><a href=\"https:\/\/maxvrlist.com\/images\/mk8dx\/br\/157_Vision.jpg\"><img loading=\"lazy\" decoding=\"async\" src=\"https:\/\/maxvrlist.com\/images\/icons\/image.png\" alt=\"\" width=\"20\" height=\"20\" \/><\/a><a href=\"https:\/\/maxvrlist.com\/images\/mk8\/br\/40_Vision.png\"><img decoding=\"async\" src=\"https:\/\/maxvrlist.com\/images\/icons\/image.png\" alt=\"\"width=\"20\" height=\"20\" \/><\/a><\/td>\n<\/tr>\n<tr class=\"row-12\">\n\t<td class=\"column-3\"><b><u>Neo evans<\/u><\/b><\/td><td class=\"column-4\">AMR<\/td><td class=\"column-5\"><img loading=\"lazy\" decoding=\"async\" src=\"https:\/\/maxvrlist.com\/images\/flags\/gb.png\" alt=\"\" width=\"30\" height=\"20\"  \/><\/td><td class=\"column-6\"><a href=\"https:\/\/maxvrlist.com\/images\/mk8dx\/vr\/485_Neo_evans.jpg\"><img loading=\"lazy\" decoding=\"async\" src=\"https:\/\/maxvrlist.com\/images\/icons\/image.png\" alt=\"\" width=\"20\" height=\"20\" \/><\/a><a href=\"https:\/\/maxvrlist.com\/images\/mk8dx\/br\/117_Neo_evans.jpg\"><img loading=\"lazy\" decoding=\"async\" src=\"https:\/\/maxvrlist.com\/images\/icons\/image.png\" alt=\"\" width=\"20\" height=\"20\" \/><\/a><a href=\"https:\/\/maxvrlist.com\/images\/mk7\/vr\/551_Neo-evans.jpg\"><img decoding=\"async\" src=\"https:\/\/maxvrlist.com\/images\/icons\/image.png\" alt=\"\" width=\"20\" height=\"20\"><\/a><a href=\"https:\/\/maxvrlist.com\/images\/mk8\/vr\/351_Neo_evans.png\"><img loading=\"lazy\" decoding=\"async\" src=\"https:\/\/maxvrlist.com\/images\/icons\/image.png\" alt=\"\" width=\"20\" height=\"20\" \/><\/a><a href=\"https:\/\/maxvrlist.com\/images\/mk8\/br\/40_Neo_evans.png\"><img decoding=\"async\" src=\"https:\/\/maxvrlist.com\/images\/icons\/image.png\" alt=\"\"width=\"20\" height=\"20\" \/><\/a><\/td>\n<\/tr>\n<tr class=\"row-13\">\n\t<td class=\"column-3\"><b><u>\u3058\u3089\u3074\u3053<\/u><\/b><\/td><td class=\"column-4\">AMR4<\/td><td class=\"column-5\"><img loading=\"lazy\" decoding=\"async\" src=\"https:\/\/maxvrlist.com\/images\/flags\/jp.png\" alt=\"\" width=\"30\" height=\"20\" \/><\/td><td class=\"column-6\"><a href=\"https:\/\/maxvrlist.com\/images\/mk8dx\/vr4\/30_\u3058\u3089\u3074\u3053.jpg\"><img loading=\"lazy\" decoding=\"async\" src=\"https:\/\/maxvrlist.com\/images\/icons\/image.png\" alt=\"\" width=\"20\" height=\"20\" \/><a href=\"https:\/\/maxvrlist.com\/images\/mk7\/vr4\/25_\u3058\u3089\u3074\u3053.jpg\"><img decoding=\"async\" src=\"https:\/\/maxvrlist.com\/images\/icons\/image.png\" alt=\"\" width=\"20\" height=\"20\"><\/a><\/a><a href=\"https:\/\/maxvrlist.com\/images\/mk8\/vr4\/8_\u3058\u3089\u3074\u3053.jpg \"><img loading=\"lazy\" decoding=\"async\" src=\"https:\/\/maxvrlist.com\/images\/icons\/image.png\" alt=\"\" width=\"20\" height=\"20\" \/><\/a><a href=\"https:\/\/maxvrlist.com\/images\/mk8dx\/br4\/9_\u3058\u3089\u3074\u3053.jpg\"><img loading=\"lazy\" decoding=\"async\" src=\"https:\/\/maxvrlist.com\/images\/icons\/image.png\" alt=\"\" width=\"20\" height=\"20\" \/><\/a><a href=\"https:\/\/maxvrlist.com\/images\/mk8\/br4\/2_\u3058\u3089\u3074\u3053.jpg\"><img loading=\"lazy\" decoding=\"async\" src=\"https:\/\/maxvrlist.com\/images\/icons\/image.png\" alt=\"\" width=\"20\" height=\"20\" \/><\/a><\/td>\n<\/tr>\n<\/tbody>\n<\/table>\n\n<\/div><!-- #tablepress-12samr from cache --><\/p>\t\t\t\t\t\t\t\t<\/div>\n\t\t\t\t<\/div>\n\t\t\t\t\t<\/div>\n\t\t<\/div>\n\t\t\t\t\t<\/div>\n\t\t<\/section>\n\t\t\t\t<\/div>","protected":false},"excerpt":{"rendered":"<p>8\u00d7SAMR 12\u00d7SAMR 12\u00d7SAMR list 12\u00d7SAMR = Twelvefold Simultaneous AMR = Twelve AMR reached simultaneously Bold = A country&#8217;s first player Underline = A continent&#8217;s first player This list is discontinued since April 9, 2024, when Mario Kart 7 and Mario Kart 8 servers were closed.<\/p>","protected":false},"author":1,"featured_media":0,"parent":0,"menu_order":0,"comment_status":"closed","ping_status":"closed","template":"elementor_header_footer","meta":{"_monsterinsights_skip_tracking":false,"_monsterinsights_sitenote_active":false,"_monsterinsights_sitenote_note":"","_monsterinsights_sitenote_category":0,"site-sidebar-layout":"no-sidebar","site-content-layout":"page-builder","ast-global-header-display":"","ast-main-header-display":"","ast-hfb-above-header-display":"","ast-hfb-below-header-display":"","ast-hfb-mobile-header-display":"","site-post-title":"disabled","ast-breadcrumbs-content":"","ast-featured-img":"disabled","footer-sml-layout":"","theme-transparent-header-meta":"default","adv-header-id-meta":"","stick-header-meta":"","header-above-stick-meta":"","header-main-stick-meta":"","header-below-stick-meta":"","footnotes":""},"class_list":["post-23049","page","type-page","status-publish","hentry"],"_links":{"self":[{"href":"https:\/\/maxvrlist.com\/ja\/wp-json\/wp\/v2\/pages\/23049","targetHints":{"allow":["GET"]}}],"collection":[{"href":"https:\/\/maxvrlist.com\/ja\/wp-json\/wp\/v2\/pages"}],"about":[{"href":"https:\/\/maxvrlist.com\/ja\/wp-json\/wp\/v2\/types\/page"}],"author":[{"embeddable":true,"href":"https:\/\/maxvrlist.com\/ja\/wp-json\/wp\/v2\/users\/1"}],"replies":[{"embeddable":true,"href":"https:\/\/maxvrlist.com\/ja\/wp-json\/wp\/v2\/comments?post=23049"}],"version-history":[{"count":10,"href":"https:\/\/maxvrlist.com\/ja\/wp-json\/wp\/v2\/pages\/23049\/revisions"}],"predecessor-version":[{"id":23065,"href":"https:\/\/maxvrlist.com\/ja\/wp-json\/wp\/v2\/pages\/23049\/revisions\/23065"}],"wp:attachment":[{"href":"https:\/\/maxvrlist.com\/ja\/wp-json\/wp\/v2\/media?parent=23049"}],"curies":[{"name":"wp","href":"https:\/\/api.w.org\/{rel}","templated":true}]}}