{"id":859,"date":"2020-08-21T01:10:27","date_gmt":"2020-08-21T01:10:27","guid":{"rendered":"https:\/\/maxvrlist.com\/?page_id=859"},"modified":"2026-04-11T19:50:53","modified_gmt":"2026-04-11T19:50:53","slug":"about","status":"publish","type":"page","link":"https:\/\/maxvrlist.com\/ja\/about","title":{"rendered":"\u30b5\u30a4\u30c8\u60c5\u5831"},"content":{"rendered":"<div data-elementor-type=\"wp-page\" data-elementor-id=\"859\" class=\"elementor elementor-859\">\n\t\t\t\t\t\t<section class=\"elementor-section elementor-top-section elementor-element elementor-element-2b19635c elementor-section-full_width elementor-section-height-default elementor-section-height-default\" data-id=\"2b19635c\" data-element_type=\"section\" data-e-type=\"section\" data-settings=\"{&quot;background_background&quot;:&quot;classic&quot;}\">\n\t\t\t\t\t\t<div class=\"elementor-container elementor-column-gap-default\">\n\t\t\t\t\t<div class=\"elementor-column elementor-col-100 elementor-top-column elementor-element elementor-element-5947700b\" data-id=\"5947700b\" data-element_type=\"column\" data-e-type=\"column\">\n\t\t\t<div class=\"elementor-widget-wrap elementor-element-populated\">\n\t\t\t\t\t\t<div class=\"elementor-element elementor-element-a0f954d elementor-widget elementor-widget-heading\" data-id=\"a0f954d\" data-element_type=\"widget\" data-e-type=\"widget\" data-widget_type=\"heading.default\">\n\t\t\t\t<div class=\"elementor-widget-container\">\n\t\t\t\t\t<h2 class=\"elementor-heading-title elementor-size-default\"><u>Glossary<\/u><\/h2>\t\t\t\t<\/div>\n\t\t\t\t<\/div>\n\t\t\t\t<div class=\"elementor-element elementor-element-21853b7 elementor-widget elementor-widget-text-editor\" data-id=\"21853b7\" data-element_type=\"widget\" data-e-type=\"widget\" data-widget_type=\"text-editor.default\">\n\t\t\t\t<div class=\"elementor-widget-container\">\n\t\t\t\t\t\t\t\t\t<p>Here&#8217;s a list that explains the slang and terminology that can be found on this site:<\/p>\n<ul>\n<li><strong>MKDS:<\/strong> Mario Kart DS.<\/li>\n<li><strong>MK7:<\/strong> Mario Kart 7.<\/li>\n<li><strong>MK8:<\/strong> Mario Kart 8.<\/li>\n<li><strong>MK8DX:<\/strong> Mario Kart 8 Deluxe.<\/li>\n<li><strong>VR: <\/strong>Versus Rating<span class=\"nounderlines\">\u2014<\/span>points that can be earned by playing online races (VR can also be earned in battles in MK7).<\/li>\n<li><strong>BR:<\/strong> Battle Rating<span class=\"nounderlines\">\u2014<\/span>points that can be earned by playing online battles.<\/li>\n<li><strong>Max VR:<\/strong> The highest possible obtainable amount of VR. This value is set on\u00a0<strong>99999<\/strong>\u00a0in MK7, MK8 and MK8DX.<\/li>\n<li><strong>Max BR:<\/strong> The highest possible obtainable amount of BR. This value is set on\u00a0<strong>99999<\/strong> in MK8 and MK8DX.<\/li>\n<li><strong>Max CR:<\/strong> Max Combined Rating<span class=\"nounderlines\">\u2014<\/span>having max VR and max BR in the same game. It was known as WVR until December 29, 2019.<\/li>\n<li><strong>AMR:<\/strong> All Max Ratings\u200e<span class=\"nounderlines\">\u2014<\/span>currently having MK7 max VR, MK8 max VR, MK8 max BR, MK8DX max VR and MK8DX max BR.<\/li>\n<li><strong>VR2, VR3, VR4, etc.:<\/strong> Max VR reached twice or more on different accounts by the same player.<\/li>\n<li><strong>BR2, BR3, BR4, etc.:<\/strong> Max BR reached twice or more on different accounts by the same player.<\/li>\n<li><strong>CR2, CR3, CR4, etc.:<\/strong> Max CR reached twice or more on different accounts by the same player.<\/li>\n<li><strong>AMR2, AMR3, AMR4, etc.:<\/strong> AMR reached twice or more on different accounts by the same player.<\/li>\n<li><strong>SVR:<\/strong> Simultaneous VR<span class=\"nounderlines\">\u2014<\/span>two max VR reached in the exact same race or battle.<\/li>\n<li><strong>SBR:<\/strong> Simultaneous BR<span class=\"nounderlines\">\u2014<\/span>two max BR reached in the exact same battle.<\/li>\n<li><strong>SCR:<\/strong> Simultaneous CR<span class=\"nounderlines\">\u2014<\/span>two max CR reached in the exact same race or battle.<\/li>\n<li><strong>SAMR:<\/strong> Simultaneous AMR<span class=\"nounderlines\">\u2014<\/span>two AMR reached in the exact same race or battle.<\/li>\n<li><strong>3\u00d7SVR, 4\u00d7SVR, 5\u00d7SVR, etc.:<\/strong> Triple, Quadruple, Fivefold&#8230; SVR<span class=\"nounderlines\">\u2014<\/span>three or more max VR reached in the exact same race or battle. The highest SVR is <strong>7\u00d7SVR<\/strong> in MK7 and <strong>6\u00d7SVR<\/strong> in MK8 and MK8DX. It was known as TSVR, QSVR, and n-way SVR for 5\u2264n\u22647 until December 29, 2023.<\/li>\n<li><strong>3\u00d7SBR, 4\u00d7SBR, 5\u00d7SBR, etc.:<\/strong> Triple, Quadruple, Fivefold&#8230; SBR<span class=\"nounderlines\">\u2014<\/span>three or more max BR reached in the exact same battle. The highest SBR is <strong>12\u00d7SBR<\/strong> in MK8 and MK8DX. It was known as TSBR, QSBR, and n-way SBR for 5\u2264n\u226412 until December 29, 2023.<\/li>\n<li><strong>3\u00d7SCR, 4\u00d7SCR, 5\u00d7SCR, etc.:<\/strong> Triple, Quadruple, Fivefold&#8230; SCR<span class=\"nounderlines\">\u2014<\/span>three or more max CR reached in the exact same race or battle. The highest SCR is <strong>12\u00d7SCR<\/strong> in MK8 and MK8DX. It was known as TSCR, QSCR, and n-way SCR for 5\u2264n\u226412 until December 29, 2023.<\/li>\n<li><strong>3\u00d7SAMR, 4\u00d7SAMR, 5\u00d7SAMR, etc.:<\/strong> Triple, Quadruple, Fivefold&#8230; SAMR<span class=\"nounderlines\">\u2014<\/span>three or more AMR reached in the exact same race or battle. The highest SAMR is <strong>12\u00d7SAMR.<\/strong><\/li>\n<\/ul>\t\t\t\t\t\t\t\t<\/div>\n\t\t\t\t<\/div>\n\t\t\t\t<div class=\"elementor-element elementor-element-f137a8e elementor-widget elementor-widget-heading\" data-id=\"f137a8e\" data-element_type=\"widget\" data-e-type=\"widget\" data-widget_type=\"heading.default\">\n\t\t\t\t<div class=\"elementor-widget-container\">\n\t\t\t\t\t<h2 class=\"elementor-heading-title elementor-size-default\"><u>Site History<\/u><\/h2>\t\t\t\t<\/div>\n\t\t\t\t<\/div>\n\t\t\t\t<div class=\"elementor-element elementor-element-6672f93 elementor-widget elementor-widget-text-editor\" data-id=\"6672f93\" data-element_type=\"widget\" data-e-type=\"widget\" data-widget_type=\"text-editor.default\">\n\t\t\t\t<div class=\"elementor-widget-container\">\n\t\t\t\t\t\t\t\t\t<p><strong>April 11, 2026:<\/strong> Added stats for Mario Kart 8 Deluxe max VR14.<strong><br \/>December 25, 2024:<\/strong> Added stats for Mario Kart 7 max 8 value and Mario Kart 8 Deluxe max VR13.<strong><br \/>October 13, 2024:<\/strong> Added stats for Mario Kart 8 Deluxe max BR4.<strong><br \/>July 29, 2024:<\/strong> Added stats for Mario Kart 8 Deluxe max VR12.<strong><br \/>April 14, 2024:<\/strong> Added stats for All Max Ratings.<strong><br \/><\/strong><strong>April 13, 2024:<\/strong> Replaced Belgian Mario Kart 7 max VR list with Finnish Mario Kart 7 max VR list. Added stats for Mario Kart 7 max VR7 and max VR8.<strong><br \/><\/strong><strong>April 9, 2024:<\/strong> Added stats for Mario Kart 8 Deluxe max VR11.<strong><br \/><\/strong><strong>January 30, 2024:<\/strong> Added stats for Mario Kart 8 max VR4.<strong><br \/><\/strong><strong>December 30, 2023:<\/strong> Renamed TS?R to 3\u00d7S?R, QS?R to 4\u00d7S?R and n-way S?R to n\u00d7S?R for 5\u2264n\u226412.<strong><br \/><\/strong><strong>December 29, 2023:<\/strong> Added accounts to all simultaneous lists.<strong><br \/>December 26, 2023:<\/strong> Added stats for Mario Kart 7 max VR6 and Mario Kart 8 Deluxe max VR10.<strong><br \/>December 25, 2023:<\/strong> Added Mario Kart 8 VR speedrun ranking (in terms of playtime).<strong><br \/>December 24, 2023:<\/strong> Added exact times to Mario Kart 8 Deluxe VR speedrun ranking (in terms of playtime).<strong><br \/>October 29, 2023:<\/strong> Added stats for Mario Kart 8 Deluxe max VR9.<strong><br \/>August 12, 2023:<\/strong> Added stats for Mario Kart 8 Deluxe max VR8.<strong><br \/>April 1, 2023:<\/strong> Added Tencent Mario Kart 8 Deluxe max VR list.<br \/><strong>October 13, 2022:<\/strong> Added stats for Mario Kart 8 Deluxe max VR7.<strong><br \/><\/strong><strong>September 24, 2022:<\/strong> Added stats for Mario Kart 8 Deluxe max CR3.<br \/><strong>February 12, 2022:<\/strong> Added stats for Mario Kart 8 Deluxe max VR6.<br \/><strong>January 6, 2022:<\/strong> Added stats for Mario Kart 8 max VR3.<br \/><strong>November 21, 2021:<\/strong> Added stats for Mario Kart 8 Deluxe max BR3.<br \/><strong>July 24, 2021:<\/strong> Added stats for Mario Kart 8 Deluxe max CR2.<br \/><strong>May 14, 2021:<\/strong> Added French translation.<br \/><strong>May 5, 2021:<\/strong> Added German translation.<br \/><strong>May 1, 2021:<\/strong> Added Spanish translation.<br \/><strong>April 18, 2021:<\/strong> Added rating leaderboards.<br \/><strong>March 1, 2021:<\/strong> Added proofs on Mario Kart 7 max VR list. Changed some dates to follow GMT. Added Brazilian Mario Kart 7 max VR list.<br \/><strong>January 15, 2021:<\/strong>\u00a0Added stats for Mario Kart 8 Deluxe max VR5.<br \/><strong>January 7, 2021:<\/strong>\u00a0Added stats for Mario Kart 7 max VR5. <strong><br \/>January 4, 2021:<\/strong> Added proofs on Mario Kart 8 max VR list. Corrected multiple NNIDs. Changed some dates to follow GMT.<br \/><strong>December 19, 2020:<\/strong> Added national lists for Mario Kart 7 max VR.<br \/><strong>October 24, 2020:<\/strong> Added proofs on Mario Kart 8 max CR list. Changed Mario Kart 8 Deluxe SCR list from just having the proof that proves simultaneousness to having both CR proof images.<br \/><strong>October 23, 2020:<\/strong> Added proofs on Mario Kart 7 max 4 value list.<br \/><strong>October 21, 2020:<\/strong> Added proofs on Mario Kart 7 max 8 value, max 5 value, All Max Ratings and All Max Ratings (2014) lists.<br \/><strong>October 19, 2020:<\/strong> Japanese names now use their original characters.<br \/><strong>October 18, 2020:<\/strong> Added speedrun rankings for Mario Kart 8. Extended Mario Kart 8 Deluxe BR speedrun ranking (in terms of playtime) from \u2264720 hours to \u2264750 hours.<br \/><strong>October 10, 2020:<\/strong>\u00a0Added stats for Mario Kart 7 max VR4 and max 4 value, Mario Kart 8 max CR, Mario Kart 8 Deluxe max VR3, max VR4, max BR2 and max CR, and Mario Kart DS max wins.<br \/><strong>September 30, 2020:<\/strong> New site release.<\/p>\n<p><!-- \/wp:paragraph --><\/p>\t\t\t\t\t\t\t\t<\/div>\n\t\t\t\t<\/div>\n\t\t\t\t<div class=\"elementor-element elementor-element-7500fe3 elementor-widget elementor-widget-heading\" data-id=\"7500fe3\" data-element_type=\"widget\" data-e-type=\"widget\" data-widget_type=\"heading.default\">\n\t\t\t\t<div class=\"elementor-widget-container\">\n\t\t\t\t\t<h2 class=\"elementor-heading-title elementor-size-default\"><u>Site Prehistory<\/u><\/h2>\t\t\t\t<\/div>\n\t\t\t\t<\/div>\n\t\t\t\t<div class=\"elementor-element elementor-element-482861ed elementor-widget elementor-widget-text-editor\" data-id=\"482861ed\" data-element_type=\"widget\" data-e-type=\"widget\" data-widget_type=\"text-editor.default\">\n\t\t\t\t<div class=\"elementor-widget-container\">\n\t\t\t\t\t\t\t\t\t<!-- wp:paragraph -->\n<p><strong>August 7, 2020:<\/strong> Added site history.<br \/><strong>August 6, 2020:<\/strong> Added Mario Kart DS max wins list. Added difficulty-based max count ranking. Added ranks to total amount of maxes ranking.<br \/><strong>March 23, 2020:<\/strong> Extended Mario Kart 7 VR speedrun ranking from \u226430 days to \u226460 days.<br \/><strong>December 31, 2019:<\/strong> Added All Max Ratings list.<br \/><strong>December 30, 2019:<\/strong>\u00a0Chose max CR as new name for max VR + max BR. It was previously known as WVR.<br \/><strong>August 3, 2019:<\/strong>\u00a0Added Mario Kart 8 Deluxe CR2+ list.<br \/><strong>July 24, 2019:<\/strong>\u00a0Added proofs on Mario Kart 8 max BR list.<br \/><strong>July 13, 2019:<\/strong>\u00a0Added proofs on Mario Kart 7 max VR2 list.<br \/><strong>April 17, 2019:<\/strong> Added speedrun rankings for Mario Kart 7 and Mario Kart 8 Deluxe.<br \/><strong>April 16, 2019:<\/strong>\u00a0Reorganized and divided miscellaneous into different pages. Changed button design.<br \/><strong>April 14, 2019:<\/strong>\u00a0Added Mario Kart 7 max 4 value list.<br \/><strong>April 1, 2019:<\/strong>\u00a0Added Australia country list.<br \/><strong>February 26, 2019:<\/strong>\u00a0Transferred ownership from Eranium to Hern\u00e1n.<br \/><strong>August 8, 2018:<\/strong>\u00a0Added a 2:3 flag set and removed all the previous flags.<br \/><strong>August 4, 2018:<\/strong>\u00a0Added proofs on Mario Kart 7 max VR3+ list.<br \/><strong>May 23, 2018:<\/strong>\u00a0Added Mario Kart 7 to other records.<br \/><strong>May 5, 2018:<\/strong>\u00a0Added Mario Kart 8 Deluxe max BR2+ list.<br \/><strong>March 25, 2018:<\/strong>\u00a0Added proofs on Mario Kart 8 max BR2 list.<br \/><strong>March 21, 2018:<\/strong>\u00a0Added slang page.<br \/><strong>March 5, 2018:<\/strong>\u00a0Added contact page.<br \/><strong>February 27, 2018:<\/strong>\u00a0Added 14 country lists for Mario Kart 7 max VR, Mario Kart 8 max VR and max BR, and Mario Kart 8 Deluxe max VR and max BR.<br \/><strong>February 21, 2018:<\/strong>\u00a0Changed subdomain from\u00a0<em>mk8vrlist<\/em>\u00a0to\u00a0<em>maxvrlist<\/em>. Added stats for Mario Kart 7 max VR, max VR2 and max VR3. Added total amount of maxes to miscellaneous.<br \/><strong>February 20, 2018:<\/strong>\u00a0Created the Max VR List Twitter account.<br \/><strong>February 19, 2018:<\/strong>\u00a0Added all Mario Kart 7 lists.<br \/><strong>February 16, 2018:<\/strong> Added other records to miscellaneous, including some speedrun records for Mario Kart 8 and Mario Kart 8 Deluxe.<br \/><strong>February 11, 2018:<\/strong>\u00a0Added Mario Kart 8 Deluxe simultaneous list.<br \/><strong>January 4, 2018:<\/strong>\u00a0Added Mario Kart 8 Deluxe max VR3+ list.<br \/><strong>December 26, 2017:<\/strong>\u00a0Added Mario Kart 8 Deluxe max CR list.<br \/><strong>December 19, 2017:<\/strong>\u00a0Added stats for Mario Kart 8 Deluxe max VR2 and max BR.<br \/><strong>December 2, 2017:<\/strong>\u00a0Added Mario Kart 8 Deluxe max BR list.<br \/><strong>November 7, 2017:<\/strong>\u00a0Added proofs on Mario Kart 8 max VR2 and simultaneous lists.<br \/><strong>November 6, 2017:<\/strong>\u00a0Added proofs on Mario Kart 8 max VR3+ list.<br \/><strong>October 21, 2017:<\/strong>\u00a0Added Mario Kart 8 Deluxe max VR2 list.<br \/><strong>October 19, 2017:<\/strong>\u00a0Added proofs on Mario Kart 8 Deluxe lists.<br \/><strong>October 5, 2017:<\/strong>\u00a0Added Twitter profiles on Mario Kart 8 Deluxe lists.<br \/><strong>October 4, 2017:<\/strong>\u00a0Added stats for Mario Kart 8 max VR2 and max BR.<br \/><strong>June 26, 2017:<\/strong>\u00a0Added Mario Kart 8 Deluxe max VR list and stats for max VR.<br \/><strong>May 13, 2017:<\/strong>\u00a0Created the Max VR List Discord server.<br \/><strong>April 15, 2016:<\/strong>\u00a0Initial website release. All Mario Kart 8 lists, stats for max VR and a miscellaneous page with all the flags used were created during the following month.<\/p>\n<!-- \/wp:paragraph -->\t\t\t\t\t\t\t\t<\/div>\n\t\t\t\t<\/div>\n\t\t\t\t<div class=\"elementor-element elementor-element-4649483 elementor-widget elementor-widget-text-editor\" data-id=\"4649483\" data-element_type=\"widget\" data-e-type=\"widget\" data-widget_type=\"text-editor.default\">\n\t\t\t\t<div class=\"elementor-widget-container\">\n\t\t\t\t\t\t\t\t\t<p><em>Website created by Hern\u00e1n.<br>Japanese translation by \u30df\u30c3\u30c1\u30fc.<\/em><\/p>\t\t\t\t\t\t\t\t<\/div>\n\t\t\t\t<\/div>\n\t\t\t\t\t<\/div>\n\t\t<\/div>\n\t\t\t\t\t<\/div>\n\t\t<\/section>\n\t\t\t\t<\/div>","protected":false},"excerpt":{"rendered":"<p>Glossary Here&#8217;s a list that explains the slang and terminology that can be found on this site: MKDS: Mario Kart DS. MK7: Mario Kart 7. MK8: Mario Kart 8. MK8DX: Mario Kart 8 Deluxe. VR: Versus Rating\u2014points that can be earned by playing online races (VR can also be earned in battles in MK7). BR: Battle Rating\u2014points that can be earned by playing online battles. Max VR: The highest possible obtainable amount of VR. This value is set on\u00a099999\u00a0in MK7, MK8 and MK8DX. Max BR: The highest possible obtainable amount of BR. This value is set on\u00a099999 in MK8 and MK8DX. Max CR: Max Combined Rating\u2014having max VR and max &hellip;<\/p>\n<p class=\"read-more\"> <a class=\"\" href=\"https:\/\/maxvrlist.com\/ja\/about\"> <span class=\"screen-reader-text\">\u30b5\u30a4\u30c8\u60c5\u5831<\/span> \u3082\u3063\u3068\u8aad\u3080 &raquo;<\/a><\/p>","protected":false},"author":1,"featured_media":0,"parent":0,"menu_order":0,"comment_status":"closed","ping_status":"closed","template":"","meta":{"_monsterinsights_skip_tracking":false,"_monsterinsights_sitenote_active":false,"_monsterinsights_sitenote_note":"","_monsterinsights_sitenote_category":0,"site-sidebar-layout":"no-sidebar","site-content-layout":"page-builder","ast-global-header-display":"","ast-main-header-display":"","ast-hfb-above-header-display":"","ast-hfb-below-header-display":"","ast-hfb-mobile-header-display":"","site-post-title":"disabled","ast-breadcrumbs-content":"","ast-featured-img":"disabled","footer-sml-layout":"","theme-transparent-header-meta":"default","adv-header-id-meta":"","stick-header-meta":"","header-above-stick-meta":"","header-main-stick-meta":"","header-below-stick-meta":"","footnotes":""},"class_list":["post-859","page","type-page","status-publish","hentry"],"_links":{"self":[{"href":"https:\/\/maxvrlist.com\/ja\/wp-json\/wp\/v2\/pages\/859","targetHints":{"allow":["GET"]}}],"collection":[{"href":"https:\/\/maxvrlist.com\/ja\/wp-json\/wp\/v2\/pages"}],"about":[{"href":"https:\/\/maxvrlist.com\/ja\/wp-json\/wp\/v2\/types\/page"}],"author":[{"embeddable":true,"href":"https:\/\/maxvrlist.com\/ja\/wp-json\/wp\/v2\/users\/1"}],"replies":[{"embeddable":true,"href":"https:\/\/maxvrlist.com\/ja\/wp-json\/wp\/v2\/comments?post=859"}],"version-history":[{"count":129,"href":"https:\/\/maxvrlist.com\/ja\/wp-json\/wp\/v2\/pages\/859\/revisions"}],"predecessor-version":[{"id":25481,"href":"https:\/\/maxvrlist.com\/ja\/wp-json\/wp\/v2\/pages\/859\/revisions\/25481"}],"wp:attachment":[{"href":"https:\/\/maxvrlist.com\/ja\/wp-json\/wp\/v2\/media?parent=859"}],"curies":[{"name":"wp","href":"https:\/\/api.w.org\/{rel}","templated":true}]}}